{"id":68349946,"date":"2025-09-21T18:15:43","date_gmt":"2025-09-21T16:15:43","guid":{"rendered":"https:\/\/kraftwerk-shop.cc\/?post_type=product&#038;p=68349946"},"modified":"2026-02-15T01:24:01","modified_gmt":"2026-02-15T00:24:01","slug":"tesneni-hlavy-valcu-mopar-ram-5045476ab-5045477ab","status":"publish","type":"product","link":"https:\/\/kraftwerk-shop.cc\/cs\/produkt\/mopar-zylinderkopfdichtung-ram-5045476ab-5045477ab\/","title":{"rendered":"T\u011bsn\u011bn\u00ed hlavy v\u00e1lc\u016f Mopar RAM 6.4 (5045476AB \/ 5045477AB)"},"content":{"rendered":"<h1>Origin\u00e1ln\u00ed t\u011bsn\u011bn\u00ed hlavy v\u00e1lc\u016f Mopar pro RAM 2500 &amp; 3500 6.4<\/h1>\n<p>&nbsp;<\/p>\n<p><span lang=\"DE\"><strong>\u010c\u00edsla d\u00edl\u016f Mopar:<\/strong> 5045476AB, 5045477AB<br \/>\n<strong>Nahrazeno: <\/strong><span class=\"list-value\">\u2014<\/span><\/span><\/p>\n<p>&nbsp;<\/p>\n<p><strong>Vhodn\u00e9 pro:<\/strong><\/p>\n<table width=\"880\">\n<tbody>\n<tr>\n<td width=\"81\"><strong>Rok v\u00fdstavby<\/strong><\/td>\n<td width=\"81\"><strong>Zna\u010dka<\/strong><\/td>\n<td width=\"192\"><strong>Model<\/strong><\/td>\n<td width=\"312\"><strong>Verze<\/strong><\/td>\n<td width=\"214\"><strong>Motor<\/strong><\/td>\n<\/tr>\n<tr>\n<td width=\"81\">2025<\/td>\n<td width=\"81\">Ram<\/td>\n<td width=\"192\">2500<\/td>\n<td width=\"312\">Big Horn, Laramie, Limited, Limited Longhorn, Lone Star, Power Wagon, Rebel, Tradesman<\/td>\n<td width=\"214\">6.4L<\/td>\n<\/tr>\n<tr>\n<td width=\"81\">2025<\/td>\n<td width=\"81\">Ram<\/td>\n<td width=\"192\">3500<\/td>\n<td width=\"312\">Big Horn, Laramie, Limited, Limited Longhorn, Tradesman<\/td>\n<td width=\"214\">6.4L<\/td>\n<\/tr>\n<tr>\n<td width=\"81\">2024<\/td>\n<td width=\"81\">Ram<\/td>\n<td width=\"192\">2500<\/td>\n<td width=\"312\">Big Horn, Laramie, Limited, Limited Longhorn, Lone Star, Power Wagon, Rebel, Tradesman<\/td>\n<td width=\"214\">6.4L<\/td>\n<\/tr>\n<tr>\n<td width=\"81\">2024<\/td>\n<td width=\"81\">Ram<\/td>\n<td width=\"192\">3500<\/td>\n<td width=\"312\">Big Horn, Laramie, Limited, Limited Longhorn, SLT, Tradesman<\/td>\n<td width=\"214\">6.4L<\/td>\n<\/tr>\n<tr>\n<td width=\"81\">2023<\/td>\n<td width=\"81\">Ram<\/td>\n<td width=\"192\">2500<\/td>\n<td width=\"312\">Big Horn, Laramie, Limited, Limited Longhorn, Lone Star, Power Wagon, Rebel, Tradesman<\/td>\n<td width=\"214\">6.4L<\/td>\n<\/tr>\n<tr>\n<td width=\"81\">2023<\/td>\n<td width=\"81\">Ram<\/td>\n<td width=\"192\">3500<\/td>\n<td width=\"312\">Big Horn, Laramie, Limited, Limited Longhorn, SLT, Tradesman<\/td>\n<td width=\"214\">6.4L<\/td>\n<\/tr>\n<tr>\n<td width=\"81\">2022<\/td>\n<td width=\"81\">Ram<\/td>\n<td width=\"192\">2500<\/td>\n<td width=\"312\">Big Horn, Laramie, Limited, Limited Longhorn, Lone Star, Power Wagon, Tradesman<\/td>\n<td width=\"214\">6.4L<\/td>\n<\/tr>\n<tr>\n<td width=\"81\">2022<\/td>\n<td width=\"81\">Ram<\/td>\n<td width=\"192\">3500<\/td>\n<td width=\"312\">Big Horn, Laramie, Limited, Limited Longhorn, Lone Star, SLT, Tradesman<\/td>\n<td width=\"214\">6.4L<\/td>\n<\/tr>\n<tr>\n<td width=\"81\">2021<\/td>\n<td width=\"81\">Ram<\/td>\n<td width=\"192\">2500<\/td>\n<td width=\"312\">Big Horn, Laramie, Limited, Limited Longhorn, Lone Star, Power Wagon, Tradesman<\/td>\n<td width=\"214\">6.4L<\/td>\n<\/tr>\n<tr>\n<td width=\"81\">2021<\/td>\n<td width=\"81\">Ram<\/td>\n<td width=\"192\">3500<\/td>\n<td width=\"312\">Big Horn, Laramie, Limited, Limited Longhorn, Lone Star, SLT, Tradesman<\/td>\n<td width=\"214\">6.4L<\/td>\n<\/tr>\n<tr>\n<td width=\"81\">2020<\/td>\n<td width=\"81\">Ram<\/td>\n<td width=\"192\">2500<\/td>\n<td width=\"312\">Big Horn, Laramie, Laramie Longhorn, Limited, Lone Star, Power Wagon, Tradesman<\/td>\n<td width=\"214\">6.4L<\/td>\n<\/tr>\n<tr>\n<td width=\"81\">2020<\/td>\n<td width=\"81\">Ram<\/td>\n<td width=\"192\">3500<\/td>\n<td width=\"312\">Laramie, Laramie Longhorn, Limited, SLT, Tradesman<\/td>\n<td width=\"214\">6.4L<\/td>\n<\/tr>\n<tr>\n<td width=\"81\">2019<\/td>\n<td width=\"81\">Ram<\/td>\n<td width=\"192\">2500<\/td>\n<td width=\"312\">Big Horn, Laramie, Laramie Longhorn, Limited, Lone Star, Power Wagon, Tradesman<\/td>\n<td width=\"214\">6.4L<\/td>\n<\/tr>\n<tr>\n<td width=\"81\">2019<\/td>\n<td width=\"81\">Ram<\/td>\n<td width=\"192\">3500<\/td>\n<td width=\"312\">Big Horn, Laramie, Laramie Longhorn, Limited, Lone Star, SLT, Tradesman<\/td>\n<td width=\"214\">6.4L<\/td>\n<\/tr>\n<tr>\n<td width=\"81\">2018<\/td>\n<td width=\"81\">Ram<\/td>\n<td width=\"192\">2500<\/td>\n<td width=\"312\">Big Horn, Laramie, Laramie Longhorn, Limited, Power Wagon, SLT, Tradesman<\/td>\n<td width=\"214\">6.4L<\/td>\n<\/tr>\n<tr>\n<td width=\"81\">2018<\/td>\n<td width=\"81\">Ram<\/td>\n<td width=\"192\">3500<\/td>\n<td width=\"312\">Big Horn, Laramie, Laramie Longhorn, Limited, SLT, Tradesman<\/td>\n<td width=\"214\">6.4L<\/td>\n<\/tr>\n<tr>\n<td width=\"81\">2017<\/td>\n<td width=\"81\">Ram<\/td>\n<td width=\"192\">2500<\/td>\n<td width=\"312\">Big Horn, Laramie, Laramie Longhorn, Limited, Power Wagon, SLT, Tradesman<\/td>\n<td width=\"214\">6.4L<\/td>\n<\/tr>\n<tr>\n<td width=\"81\">2017<\/td>\n<td width=\"81\">Ram<\/td>\n<td width=\"192\">3500<\/td>\n<td width=\"312\">Big Horn, Laramie, Laramie Longhorn, Limited, Lone Star, SLT, Tradesman<\/td>\n<td width=\"214\">6.4L<\/td>\n<\/tr>\n<tr>\n<td width=\"81\">2016<\/td>\n<td width=\"81\">Ram<\/td>\n<td width=\"192\">2500<\/td>\n<td width=\"312\">Big Horn, Laramie, Laramie Longhorn, Limited, Outdoorsman, Power Wagon, SLT, Tradesman<\/td>\n<td width=\"214\">6.4L<\/td>\n<\/tr>\n<tr>\n<td width=\"81\">2016<\/td>\n<td width=\"81\">Ram<\/td>\n<td width=\"192\">3500<\/td>\n<td width=\"312\">Big Horn, Laramie, Laramie Longhorn, Limited, SLT, Tradesman<\/td>\n<td width=\"214\">6.4L<\/td>\n<\/tr>\n<tr>\n<td width=\"81\">2015<\/td>\n<td width=\"81\">Ram<\/td>\n<td width=\"192\">2500<\/td>\n<td width=\"312\">Big Horn, Laramie, Laramie Limited, Laramie Longhorn, Lone Star, Outdoorsman, Power Wagon, SLT, Tradesman<\/td>\n<td width=\"214\">6.4L<\/td>\n<\/tr>\n<tr>\n<td width=\"81\">2015<\/td>\n<td width=\"81\">Ram<\/td>\n<td width=\"192\">3500<\/td>\n<td width=\"312\">Big Horn, Laramie, Laramie Longhorn, Lone Star, SLT, Tradesman<\/td>\n<td width=\"214\">6.4L<\/td>\n<\/tr>\n<tr>\n<td width=\"81\">2014<\/td>\n<td width=\"81\">Ram<\/td>\n<td width=\"192\">2500<\/td>\n<td width=\"312\">Big Horn, Laramie, Laramie Limited, Laramie Longhorn, Lone Star, Outdoorsman, Power Wagon, SLT, Tradesman<\/td>\n<td width=\"214\">6.4L<\/td>\n<\/tr>\n<tr>\n<td width=\"81\">2014<\/td>\n<td width=\"81\">Ram<\/td>\n<td width=\"192\">3500<\/td>\n<td width=\"312\">Big Horn, Laramie, Laramie Longhorn, Lone Star, SLT, Tradesman<\/td>\n<td width=\"214\">6.4L<\/td>\n<\/tr>\n<\/tbody>\n<\/table>\n<p>&nbsp;<\/p>\n<p>&nbsp;<\/p>\n<h4>Vsa\u010fte na origin\u00e1ln\u00ed d\u00edly Mopar<\/h4>\n<p><strong>P\u0159esn\u00e9 uchycen\u00ed a testovan\u00e1 kvalita v\u00fdrobce:<\/strong> Spole\u010dnost Mopar v\u00e1m dod\u00e1v\u00e1 origin\u00e1ln\u00ed d\u00edly, kter\u00e9 byly vyvinuty speci\u00e1ln\u011b pro va\u0161e vozidlo - ne upraven\u00e9, ale origin\u00e1ln\u00ed. Ka\u017ed\u00fd d\u00edl p\u0159esn\u011b odpov\u00edd\u00e1 tov\u00e1rn\u00edm norm\u00e1m, a proto zaru\u010duje bezprobl\u00e9movou mont\u00e1\u017e, plnou funk\u010dnost a maxim\u00e1ln\u00ed bezpe\u010dnost.<\/p>\n<p><strong>Dlouh\u00e1 \u017eivotnost, na kterou se m\u016f\u017eete spolehnout:<\/strong> Origin\u00e1ln\u00ed d\u00edly Mopar jsou vyr\u00e1b\u011bny z odoln\u00fdch materi\u00e1l\u016f a podl\u00e9haj\u00ed p\u0159\u00edsn\u00fdm test\u016fm kvality. V\u00fdsledek: maxim\u00e1ln\u00ed spolehlivost i p\u0159i n\u00e1ro\u010dn\u00e9m pou\u017e\u00edv\u00e1n\u00ed - pro dlouhodob\u00e9 zachov\u00e1n\u00ed hodnoty a st\u00e1l\u00fd v\u00fdkon vozidla.<\/p>\n<p>&nbsp;<\/p>","protected":false},"excerpt":{"rendered":"<p>Origin\u00e1ln\u00ed d\u00edl Mopar<\/p>","protected":false},"featured_media":68349953,"comment_status":"open","ping_status":"closed","template":"","meta":{"_acf_changed":false},"product_brand":[16270],"product_cat":[10262,19351,19355],"product_tag":[19108,19109,19106,19107,31,8813,9424,16271,16273,16275,16272,16274,7221],"class_list":{"0":"post-68349946","1":"product","2":"type-product","3":"status-publish","4":"has-post-thumbnail","6":"product_brand-mopar","7":"product_cat-alle-produkte","8":"product_cat-2500-3500-64-dichtungen-hardware","9":"product_cat-2500-3500-64-zylinderkopf","10":"product_tag-05045476ab","11":"product_tag-05045477ab","12":"product_tag-5045476ab","13":"product_tag-5045477ab","14":"product_tag-mopar","15":"product_tag-mopar-autoteile","16":"product_tag-mopar-ersatzteile","17":"product_tag-mopar-ersatzteile-kaufen","18":"product_tag-mopar-performance-teile","19":"product_tag-mopar-teile-katalog","20":"product_tag-mopar-teile-online","21":"product_tag-mopar-tuningteile","22":"product_tag-mopar10","24":"first","25":"instock","26":"taxable","27":"shipping-taxable","28":"purchasable","29":"product-type-variable"},"bundled_by":[],"bundle_stock_status":"instock","bundle_stock_quantity":2,"bundle_virtual":false,"bundle_layout":"","bundle_add_to_cart_form_location":"","bundle_editable_in_cart":false,"bundle_sold_individually_context":"","bundle_item_grouping":"","bundle_min_size":"","bundle_max_size":"","bundle_price":[],"bundled_items":[],"bundle_sell_ids":[],"exclude_global_add_ons":[],"addons":[],"acf":[],"_links":{"self":[{"href":"https:\/\/kraftwerk-shop.cc\/cs\/wp-json\/wp\/v2\/product\/68349946","targetHints":{"allow":["GET"]}}],"collection":[{"href":"https:\/\/kraftwerk-shop.cc\/cs\/wp-json\/wp\/v2\/product"}],"about":[{"href":"https:\/\/kraftwerk-shop.cc\/cs\/wp-json\/wp\/v2\/types\/product"}],"replies":[{"embeddable":true,"href":"https:\/\/kraftwerk-shop.cc\/cs\/wp-json\/wp\/v2\/comments?post=68349946"}],"version-history":[{"count":0,"href":"https:\/\/kraftwerk-shop.cc\/cs\/wp-json\/wp\/v2\/product\/68349946\/revisions"}],"wp:featuredmedia":[{"embeddable":true,"href":"https:\/\/kraftwerk-shop.cc\/cs\/wp-json\/wp\/v2\/media\/68349953"}],"wp:attachment":[{"href":"https:\/\/kraftwerk-shop.cc\/cs\/wp-json\/wp\/v2\/media?parent=68349946"}],"wp:term":[{"taxonomy":"product_brand","embeddable":true,"href":"https:\/\/kraftwerk-shop.cc\/cs\/wp-json\/wp\/v2\/product_brand?post=68349946"},{"taxonomy":"product_cat","embeddable":true,"href":"https:\/\/kraftwerk-shop.cc\/cs\/wp-json\/wp\/v2\/product_cat?post=68349946"},{"taxonomy":"product_tag","embeddable":true,"href":"https:\/\/kraftwerk-shop.cc\/cs\/wp-json\/wp\/v2\/product_tag?post=68349946"}],"curies":[{"name":"wp","href":"https:\/\/api.w.org\/{rel}","templated":true}]}}