{"id":68350142,"date":"2025-09-26T23:52:36","date_gmt":"2025-09-26T21:52:36","guid":{"rendered":"https:\/\/kraftwerk-shop.cc\/?post_type=product&#038;p=68350142"},"modified":"2026-02-15T01:24:17","modified_gmt":"2026-02-15T00:24:17","slug":"vyfukovy-system-borla-touring-gladiator-36","status":"publish","type":"product","link":"https:\/\/kraftwerk-shop.cc\/cs\/produkt\/borla-touring-auspuffanlage-gladiator-36\/","title":{"rendered":"V\u00fdfukov\u00fd syst\u00e9m BORLA Touring Jeep Gladiator 3.6"},"content":{"rendered":"<h1><strong>V\u00fdfukov\u00fd syst\u00e9m BORLA Touring High Performance <\/strong><span class=\"base\" data-ui-id=\"page-title-wrapper\">140808 <\/span><strong>pro Jeep Gladiator 3.6 od roku 2020 do roku 2025<\/strong><\/h1>\n<p>&nbsp;<\/p>\n<p>Hlubok\u00fd, hrdeln\u00ed zvuk je jen o m\u00e1lo hlasit\u011bj\u0161\u00ed ne\u017e standardn\u00ed a podtrhuje charakter motoru bez nep\u0159\u00edjemn\u00e9ho dun\u011bn\u00ed, kter\u00e9 se vyskytuje u mnoha dodate\u010dn\u011b dod\u00e1van\u00fdch syst\u00e9m\u016f. Ide\u00e1ln\u011b se hod\u00ed pro ka\u017edodenn\u00ed pou\u017e\u00edv\u00e1n\u00ed motoru Jeep Gladiator 3.6 a jeho zvuk ocen\u00ed i citliv\u00ed cestuj\u00edc\u00ed.<\/p>\n<p><strong>Model Touring, vyvinut\u00fd speci\u00e1ln\u011b pro n\u00e1ro\u010dn\u00e9 jezdce na dlouh\u00e9 vzd\u00e1lenosti, je nejti\u0161\u0161\u00ed ze t\u0159\u00ed zvukov\u00fdch variant Borla.<\/strong><\/p>\n<p>P\u0159i v\u00fdvoji tohoto v\u00fdfukov\u00e9ho syst\u00e9mu byl na prvn\u00edm m\u00edst\u011b plynodynamick\u00fd a aerodynamick\u00fd design, n\u00e1sledovan\u00fd zvukovou technikou.<br \/>\nD\u00edky tomuto propracovan\u00e9mu p\u0159\u00edstupu, kter\u00fd se v pr\u016fmyslu uplat\u0148uje jen z\u0159\u00eddka, nejsou v\u00fdkon a to\u010div\u00fd moment ob\u011btov\u00e1ny zvuku, ale jsou vz\u00e1jemn\u011b slad\u011bny.<\/p>\n<p>To je zvl\u00e1\u0161tn\u00ed \u00fasp\u011bch spole\u010dnosti Borla. Ne v\u017edy je na prvn\u00ed pohled rozpoznateln\u00fd - ale pr\u00e1v\u011b to je velk\u00fd rozd\u00edl mezi pr\u016fm\u011brnost\u00ed a technickou brilantnost\u00ed.<\/p>\n<p>U mnoha jin\u00fdch v\u00fdfukov\u00fdch syst\u00e9m\u016f jsou n\u00e1klady na v\u00fdvoj n\u00edzk\u00e9 a pozornost je v\u011bnov\u00e1na pouze zvuku. V\u00fdsledkem je, \u017ee tyto syst\u00e9my \u010dasto zn\u011bj\u00ed dob\u0159e, ale maj\u00ed za n\u00e1sledek ztr\u00e1tu v\u00fdkonu, a proto si ve skute\u010dnosti nezaslou\u017e\u00ed ozna\u010den\u00ed \"sportovn\u00ed v\u00fdfuk\".<\/p>\n<p>Toho byste si m\u011bli b\u00fdt v\u011bdomi. S t\u011bmito znalostmi se m\u016f\u017eete informovan\u011b rozhodnout pro nebo proti konkr\u00e9tn\u00edmu sportovn\u00edmu v\u00fdfukov\u00e9mu syst\u00e9mu.<\/p>\n<p>Sportovn\u00ed v\u00fdfukov\u00e9 syst\u00e9my Borla jsou vyr\u00e1b\u011bny z vysoce legovan\u00e9 nerezov\u00e9 oceli \u0159ady T304 podle americk\u00e9 normy AISI.<\/p>\n<p>&nbsp;<\/p>\n<table border=\"0\" width=\"513\" cellspacing=\"0\" cellpadding=\"0\">\n<colgroup>\n<col \/>\n<col \/> <\/colgroup>\n<tbody>\n<tr>\n<td style=\"height: 21px; width: 223px;\" height=\"21\">Typ v\u00fdfuku<\/td>\n<td style=\"width: 291px;\">Cat-Back<\/td>\n<\/tr>\n<tr>\n<td style=\"height: 21px; width: 223px;\" height=\"21\">Pr\u016fm\u011br potrub\u00ed<\/td>\n<td style=\"width: 291px;\">2,75 palce<\/td>\n<\/tr>\n<tr>\n<td style=\"height: 21px; width: 223px;\" height=\"21\">V\u00fdfukov\u00e9 potrub\u00ed<\/td>\n<td>N\u00e1kladn\u00ed automobil s jedn\u00edm lev\u00fdm zadn\u00edm v\u00fdjezdem<\/td>\n<\/tr>\n<\/tbody>\n<\/table>\n<p>Horolezeck\u00e1 st\u011bna s vysokou sv\u011btlou v\u00fd\u0161kou \/ horolezeck\u00fd design<\/p>","protected":false},"excerpt":{"rendered":"<p>2020\u20132025<\/p>","protected":false},"featured_media":68350145,"comment_status":"open","ping_status":"closed","template":"","meta":{"_acf_changed":false},"product_brand":[17170],"product_cat":[3009,3024],"product_tag":[19131,169,1046,1035,1036,546,1037,1032,2443,1047,429,1043,1039,1042,2217,50,532,529,441,20273,1040,1044,1045,1041,547,1034,1038,1057,233],"class_list":{"0":"post-68350142","1":"product","2":"type-product","3":"status-publish","4":"has-post-thumbnail","6":"product_brand-borla","7":"product_cat-gladiator-36-abgasanlage","8":"product_cat-nicht-nach-eu","9":"product_tag-19131","10":"product_tag-3-6","11":"product_tag-abe","12":"product_tag-abgasanlage","13":"product_tag-abgassystem","14":"product_tag-auspuff","15":"product_tag-auspuffsystem","16":"product_tag-borla","17":"product_tag-borla-exhaust","18":"product_tag-cat-back","19":"product_tag-deutschland","20":"product_tag-endrohr","21":"product_tag-endschalldaempfer","22":"product_tag-endtopf","23":"product_tag-gladiator","24":"product_tag-jeep","25":"product_tag-kat","26":"product_tag-katalysator","27":"product_tag-kaufen","28":"product_tag-keintuev","29":"product_tag-laut","30":"product_tag-mittelschalldaempfer","31":"product_tag-sound","32":"product_tag-sport","33":"product_tag-sportauspuff","34":"product_tag-sportauspuffanlage","35":"product_tag-sportendschalldaempfer","36":"product_tag-touring","37":"product_tag-tuning","38":"product_shipping_class-paket-xl","40":"first","41":"onbackorder","42":"taxable","43":"shipping-taxable","44":"purchasable","45":"product-type-simple"},"bundled_by":[],"bundle_stock_status":"onbackorder","bundle_stock_quantity":0,"bundle_virtual":false,"bundle_layout":"","bundle_add_to_cart_form_location":"","bundle_editable_in_cart":false,"bundle_sold_individually_context":"","bundle_item_grouping":"","bundle_min_size":"","bundle_max_size":"","bundle_price":[],"bundled_items":[],"bundle_sell_ids":[],"exclude_global_add_ons":[],"addons":[],"acf":[],"_links":{"self":[{"href":"https:\/\/kraftwerk-shop.cc\/cs\/wp-json\/wp\/v2\/product\/68350142","targetHints":{"allow":["GET"]}}],"collection":[{"href":"https:\/\/kraftwerk-shop.cc\/cs\/wp-json\/wp\/v2\/product"}],"about":[{"href":"https:\/\/kraftwerk-shop.cc\/cs\/wp-json\/wp\/v2\/types\/product"}],"replies":[{"embeddable":true,"href":"https:\/\/kraftwerk-shop.cc\/cs\/wp-json\/wp\/v2\/comments?post=68350142"}],"version-history":[{"count":0,"href":"https:\/\/kraftwerk-shop.cc\/cs\/wp-json\/wp\/v2\/product\/68350142\/revisions"}],"wp:featuredmedia":[{"embeddable":true,"href":"https:\/\/kraftwerk-shop.cc\/cs\/wp-json\/wp\/v2\/media\/68350145"}],"wp:attachment":[{"href":"https:\/\/kraftwerk-shop.cc\/cs\/wp-json\/wp\/v2\/media?parent=68350142"}],"wp:term":[{"taxonomy":"product_brand","embeddable":true,"href":"https:\/\/kraftwerk-shop.cc\/cs\/wp-json\/wp\/v2\/product_brand?post=68350142"},{"taxonomy":"product_cat","embeddable":true,"href":"https:\/\/kraftwerk-shop.cc\/cs\/wp-json\/wp\/v2\/product_cat?post=68350142"},{"taxonomy":"product_tag","embeddable":true,"href":"https:\/\/kraftwerk-shop.cc\/cs\/wp-json\/wp\/v2\/product_tag?post=68350142"}],"curies":[{"name":"wp","href":"https:\/\/api.w.org\/{rel}","templated":true}]}}