{"id":68350157,"date":"2025-09-28T00:55:57","date_gmt":"2025-09-27T22:55:57","guid":{"rendered":"https:\/\/kraftwerk-shop.cc\/?post_type=product&#038;p=68350157"},"modified":"2026-02-15T01:24:19","modified_gmt":"2026-02-15T00:24:19","slug":"afe-momentum-intake-wagoneer-30","status":"publish","type":"product","link":"https:\/\/kraftwerk-shop.cc\/cs\/produkt\/afe-momentum-intake-wagoneer-30\/","title":{"rendered":"S\u00e1n\u00ed studen\u00e9ho vzduchu aFe Momentum GT Wagoneer 3.0"},"content":{"rendered":"<h1>aFe POWER 50-70120R Syst\u00e9m s\u00e1n\u00ed studen\u00e9ho vzduchu Momentum GT pro Jeep Wagoneer 3.0<\/h1>\n<p>&nbsp;<\/p>\n<p><strong>Unik\u00e1tn\u00ed bydlen\u00ed<\/strong><br \/>\nPouzdro z tepeln\u011b odoln\u00e9ho materi\u00e1lu navr\u017een\u00e9 v syst\u00e9mu CAD zaji\u0161\u0165uje nejni\u017e\u0161\u00ed mo\u017enou teplotu s\u00e1n\u00ed.<br \/>\nRota\u010dn\u011b tvarovan\u00e9 pouzdro je vyrobeno z \u010dern\u00e9ho zes\u00ed\u0165ovan\u00e9ho polyethylenu.<\/p>\n<p><strong>Sac\u00ed potrub\u00ed<\/strong><br \/>\nTento syst\u00e9m vyu\u017e\u00edv\u00e1 sac\u00ed potrub\u00ed navr\u017een\u00e9 v syst\u00e9mu CAD, kter\u00e9 bylo vyvinuto na zku\u0161ebn\u00ed stolici a vyrobeno rota\u010dn\u00edm procesem, aby bylo zaru\u010deno co nejv\u011bt\u0161\u00ed zv\u00fd\u0161en\u00ed v\u00fdkonu a dokonal\u00e9 p\u0159izp\u016fsoben\u00ed.<\/p>\n<p><strong>Velk\u00fd 5vrstv\u00fd v\u00fdkonn\u00fd vzduchov\u00fd filtr<\/strong><br \/>\nSac\u00ed syst\u00e9m Momentum GT byl navr\u017een na z\u00e1klad\u011b nejv\u011bt\u0161\u00edho mo\u017en\u00e9ho vzduchov\u00e9ho filtru, aby se maximalizovala filtrace a v\u00fdkon.<br \/>\nKu\u017eelov\u00fd filtr o v\u00fd\u0161ce 8 palc\u016f m\u00e1 pevnou p\u0159\u00edrubu o pr\u016fm\u011bru 5,5 palce.<br \/>\nVzduchov\u00fd filtr Pro 5R Performance se skl\u00e1d\u00e1 z 5 vrstev postupn\u011b se zu\u017euj\u00edc\u00edho bavln\u011bn\u00e9ho filtra\u010dn\u00edho materi\u00e1lu, kter\u00fd je sm\u00e1\u010den speci\u00e1ln\u00edm filtra\u010dn\u00edm olejem a lze jej vym\u00fdvat.<\/p>\n<p><strong>Vysoce kvalitn\u00ed instala\u010dn\u00ed materi\u00e1l<\/strong><br \/>\n\u0160nekov\u00e9 svorky z nerezov\u00e9 oceli a zes\u00edlen\u00e1 silikonov\u00e1 hadice zaji\u0161\u0165uj\u00ed stabilitu a trvanlivost a tak\u00e9 bezpe\u010dnou a snadnou instalaci. Sac\u00ed syst\u00e9my Momentum jsou navr\u017eeny s co nejmen\u0161\u00edm po\u010dtem jednotliv\u00fdch d\u00edl\u016f, aby byla zaji\u0161t\u011bna rychl\u00e1 a snadn\u00e1 instalace.<\/p>\n<p>&nbsp;<\/p>\n<p><strong>podrobnosti<\/strong><\/p>\n<p>- + 23 PS, + 58 NM maxim\u00e1ln\u00ed zv\u00fd\u0161en\u00ed v\u00fdkonu<br \/>\n- 36% v\u011bt\u0161\u00ed pr\u016ftok ne\u017e standardn\u00ed vzduchov\u00fd filtr<br \/>\n- Sac\u00ed potrub\u00ed vyvinut\u00e9 v syst\u00e9mu CAD<br \/>\n- Jednod\u00edln\u00e9 pouzdro uzav\u0159en\u00e9 v horn\u00ed \u010d\u00e1sti se zabudovan\u00fdm pr\u016fzorem<br \/>\n- P\u0159edem promazan\u00fd, omyvateln\u00fd a opakovan\u011b pou\u017eiteln\u00fd vzduchov\u00fd filtr Pro 10R pro maxim\u00e1ln\u00ed v\u00fdkon<br \/>\n- Jedine\u010dn\u00e1 konstrukce pouzdra filtru<br \/>\n- Perfektn\u00ed uchycen\u00ed, nen\u00ed nutn\u00e9 vrt\u00e1n\u00ed ani \u0159ez\u00e1n\u00ed p\u016fvodn\u00edch d\u00edl\u016f<\/p>\n<p>&nbsp;<\/p>\n<p><strong>Vhodn\u00e9 pro:<\/strong><\/p>\n<table width=\"725\">\n<tbody>\n<tr>\n<td width=\"105\"><strong>Rok v\u00fdstavby<\/strong><\/td>\n<td width=\"199\"><strong>Zna\u010dka<\/strong><\/td>\n<td width=\"199\"><strong>Model<\/strong><\/td>\n<td width=\"222\"><strong>Motor<\/strong><\/td>\n<\/tr>\n<tr>\n<td width=\"105\">2022-2025<\/td>\n<td width=\"199\">Jeep<\/td>\n<td width=\"199\">Grand Wagoneer<\/td>\n<td width=\"222\">3.0L TT Hurricane<\/td>\n<\/tr>\n<tr>\n<td width=\"105\">2023-2025<\/td>\n<td width=\"199\">Jeep<\/td>\n<td width=\"199\">Grand Wagoneer L<\/td>\n<td width=\"222\">3.0L TT Hurricane<\/td>\n<\/tr>\n<tr>\n<td width=\"105\">2023-2025<\/td>\n<td width=\"199\">Jeep<\/td>\n<td width=\"199\">Wagoneer<\/td>\n<td width=\"222\">3.0L TT Hurricane<\/td>\n<\/tr>\n<tr>\n<td width=\"105\">2023-2025<\/td>\n<td width=\"199\">Jeep<\/td>\n<td width=\"199\">Wagoneer L<\/td>\n<td width=\"222\">3.0L TT Hurricane<\/td>\n<\/tr>\n<\/tbody>\n<\/table>\n<p><strong><br \/>\nPozn\u00e1mka:<\/strong><\/p>\n<p>Tento syst\u00e9m s\u00e1n\u00ed vzduchu Momentum GT je vhodn\u00fd jak pro motory se standardn\u00edm v\u00fdkonem (SO), tak pro motory s vysok\u00fdm v\u00fdkonem (HO).<\/p>","protected":false},"excerpt":{"rendered":"<p>aFe POWER 50-70120R Momentum GT Syst\u00e9m s\u00e1n\u00ed studen\u00e9ho vzduchu pro Jeep Wagoneer 3.0 Unik\u00e1tn\u00ed pouzdro D\u00edky syst\u00e9mu s\u00e1n\u00ed studen\u00e9ho vzduchu navr\u017een\u00e9mu v CAD.<\/p>","protected":false},"featured_media":68350160,"comment_status":"open","ping_status":"closed","template":"","meta":{"_acf_changed":false},"product_brand":[16879],"product_cat":[17003],"product_tag":[89,19132,16880,498,2441,826,824,825,6545,19134,15667,50,20273,57,822,500,5276,19133],"class_list":{"0":"post-68350157","1":"product","2":"type-product","3":"status-publish","4":"has-post-thumbnail","6":"product_brand-afe-power","7":"product_cat-wagoneer-30-ansaugung","8":"product_tag-3-0","9":"product_tag-50-70120r","10":"product_tag-advanced-flow-engineering","11":"product_tag-afe","12":"product_tag-afe-power","13":"product_tag-ansaugung","14":"product_tag-cai","15":"product_tag-cold-air-intake","16":"product_tag-grand-wagoneer","17":"product_tag-grand-wagoneer-l","18":"product_tag-hurricane","19":"product_tag-jeep","20":"product_tag-keintuev","21":"product_tag-luftfilter","22":"product_tag-momentum","23":"product_tag-sportluftfilter","24":"product_tag-wagoneer","25":"product_tag-wagoneer-l","27":"first","28":"instock","29":"taxable","30":"shipping-taxable","31":"purchasable","32":"product-type-simple"},"bundled_by":[],"bundle_stock_status":"instock","bundle_stock_quantity":1,"bundle_virtual":false,"bundle_layout":"","bundle_add_to_cart_form_location":"","bundle_editable_in_cart":false,"bundle_sold_individually_context":"","bundle_item_grouping":"","bundle_min_size":"","bundle_max_size":"","bundle_price":[],"bundled_items":[],"bundle_sell_ids":[],"exclude_global_add_ons":[],"addons":[],"acf":[],"_links":{"self":[{"href":"https:\/\/kraftwerk-shop.cc\/cs\/wp-json\/wp\/v2\/product\/68350157","targetHints":{"allow":["GET"]}}],"collection":[{"href":"https:\/\/kraftwerk-shop.cc\/cs\/wp-json\/wp\/v2\/product"}],"about":[{"href":"https:\/\/kraftwerk-shop.cc\/cs\/wp-json\/wp\/v2\/types\/product"}],"replies":[{"embeddable":true,"href":"https:\/\/kraftwerk-shop.cc\/cs\/wp-json\/wp\/v2\/comments?post=68350157"}],"version-history":[{"count":0,"href":"https:\/\/kraftwerk-shop.cc\/cs\/wp-json\/wp\/v2\/product\/68350157\/revisions"}],"wp:featuredmedia":[{"embeddable":true,"href":"https:\/\/kraftwerk-shop.cc\/cs\/wp-json\/wp\/v2\/media\/68350160"}],"wp:attachment":[{"href":"https:\/\/kraftwerk-shop.cc\/cs\/wp-json\/wp\/v2\/media?parent=68350157"}],"wp:term":[{"taxonomy":"product_brand","embeddable":true,"href":"https:\/\/kraftwerk-shop.cc\/cs\/wp-json\/wp\/v2\/product_brand?post=68350157"},{"taxonomy":"product_cat","embeddable":true,"href":"https:\/\/kraftwerk-shop.cc\/cs\/wp-json\/wp\/v2\/product_cat?post=68350157"},{"taxonomy":"product_tag","embeddable":true,"href":"https:\/\/kraftwerk-shop.cc\/cs\/wp-json\/wp\/v2\/product_tag?post=68350157"}],"curies":[{"name":"wp","href":"https:\/\/api.w.org\/{rel}","templated":true}]}}