{"id":68350181,"date":"2025-09-28T01:51:50","date_gmt":"2025-09-27T23:51:50","guid":{"rendered":"https:\/\/kraftwerk-shop.cc\/?post_type=product&#038;p=68350181"},"modified":"2026-02-15T01:24:18","modified_gmt":"2026-02-15T00:24:18","slug":"afe-carbon-intake-ram-1500-30-rho","status":"publish","type":"product","link":"https:\/\/kraftwerk-shop.cc\/cs\/produkt\/afe-carbon-intake-ram-1500-30-rho\/","title":{"rendered":"aFe Track Series Carbon Cold Air Intake System RAM 1500 3.0 RHO"},"content":{"rendered":"<h1>aFe POWER 57-10032K Track Series Carbon Cold Air Intake System pro RAM 1500 3.0 RHO s \u010dern\u00fdm vzduchov\u00fdm filtrem<\/h1>\n<h4>Syst\u00e9m s\u00e1n\u00ed vzduchu aFe POWER Track Series, kter\u00fd byl od z\u00e1kladu navr\u017een pro model 2025 RAM 1500 RHO, nab\u00edz\u00ed nekompromisn\u00ed v\u00fdkon, nejmodern\u011bj\u0161\u00ed materi\u00e1ly a mont\u00e1\u017e na \u00farovni tov\u00e1rny. Tento syst\u00e9m s\u00e1n\u00ed je speci\u00e1ln\u011b navr\u017een tak, aby pln\u011b vyu\u017eil potenci\u00e1l va\u0161eho vysoce v\u00fdkonn\u00e9ho motoru Hurricane d\u00edky zv\u00fd\u0161en\u00e9mu pr\u016ftoku vzduchu, lep\u0161\u00edmu estetick\u00e9mu vzhledu pod kapotou a sn\u00ed\u017een\u00ed hmotnosti.<\/h4>\n<p>&nbsp;<\/p>\n<p><strong>Pouzdro XLPE<\/strong><br \/>\nVzduchov\u00fd filtr je chr\u00e1n\u011bn speci\u00e1ln\u011b tvarovan\u00fdm krytem ze zes\u00edt\u011bn\u00e9ho polyethylenu (XLPE), kter\u00fd zaji\u0161\u0165uje vynikaj\u00edc\u00ed tepelnou odolnost a dlouhou \u017eivotnost.<br \/>\nKryt chr\u00e1n\u00ed filtr p\u0159ed hork\u00fdm vzduchem v motorov\u00e9m prostoru a zaji\u0161\u0165uje, \u017ee chladn\u00fd, hust\u00fd vzduch je veden p\u0159\u00edmo do sac\u00edho syst\u00e9mu, co\u017e zlep\u0161uje reakci na plyn a celkov\u00fd v\u00fdkon.<br \/>\nLze jej elegantn\u011b nainstalovat do tov\u00e1rn\u00ed polohy bez nutnosti \u00faprav. Tov\u00e1rn\u00ed t\u011bsnic\u00ed li\u0161ta je bezprobl\u00e9mov\u011b p\u0159enesena na kryt aFe POWER, \u010d\u00edm\u017e je dosa\u017eeno \u010dist\u00e9ho tov\u00e1rn\u00edho vzhledu.<\/p>\n<p><strong>Lehk\u00e9 sac\u00ed potrub\u00ed z uhl\u00edkov\u00fdch vl\u00e1ken<\/strong><br \/>\nS\u00e1n\u00ed studen\u00e9ho vzduchu \u0159ady Track je vybaveno sb\u011brn\u00fdm potrub\u00edm z uhl\u00edkov\u00fdch vl\u00e1ken 100 %, kter\u00e9 je lehk\u00e9 a pevn\u00e9, optimalizuje proud\u011bn\u00ed vzduchu k motoru a z\u00e1rove\u0148 sni\u017euje zah\u0159\u00edv\u00e1n\u00ed.<br \/>\nToto s\u00e1n\u00ed v\u00e1\u017e\u00ed o 2,5 KG m\u00e9n\u011b ne\u017e tov\u00e1rn\u00ed syst\u00e9m, co\u017e p\u0159edstavuje sn\u00ed\u017een\u00ed hmotnosti o 38 %, a nejen\u017ee zvy\u0161uje v\u00fdkon, ale tak\u00e9 p\u0159isp\u00edv\u00e1 ke sn\u00ed\u017een\u00ed hmotnosti cel\u00e9ho vozidla.<br \/>\nP\u0159esn\u00e1 geometrie trubky je p\u0159izp\u016fsobena motorov\u00e9mu prostoru RHO a lze ji bez probl\u00e9m\u016f integrovat. Je vyrobena z keprov\u011b tkan\u00fdch uhl\u00edkov\u00fdch vl\u00e1ken a m\u00e1 elegantn\u00ed matn\u00fd povrch. D\u00edky tomu dokonale lad\u00ed se standardn\u00edm oblo\u017een\u00edm pod kapotou a dod\u00e1v\u00e1 motorov\u00e9mu prostoru va\u0161eho RHO vysoce kvalitn\u00ed n\u00e1dech inspirovan\u00fd motorsportem.<\/p>\n<p><strong>Velk\u00fd 5vrstv\u00fd v\u00fdkonn\u00fd vzduchov\u00fd filtr<\/strong><br \/>\nSrdcem tohoto syst\u00e9mu je speci\u00e1ln\u011b navr\u017een\u00fd ku\u017eelov\u00fd vzduchov\u00fd filtr s vysok\u00fdm pr\u016ftokem vyvinut\u00fd v\u00fdhradn\u011b pro platformu RHO. Tento filtr s velk\u00fdm 360stup\u0148ov\u00fdm radi\u00e1ln\u00edm pr\u016ftokem a hlubok\u00fdmi z\u00e1hyby poskytuje maxim\u00e1ln\u00ed plochu pro zachycen\u00ed ne\u010distot a z\u00e1rove\u0148 zaji\u0161\u0165uje neru\u0161en\u00e9 proud\u011bn\u00ed vzduchu. Je vyroben z p\u0159edolejovan\u00e9ho m\u00e9dia aFe POWER Black Pro 5R s p\u011bti vrstvami postupn\u011b jemn\u011bj\u0161\u00ed bavln\u011bn\u00e9 g\u00e1zy pro maxim\u00e1ln\u00ed v\u00fdkon. Poskytuje va\u0161emu motoru nejv\u011bt\u0161\u00ed mno\u017estv\u00ed vzduchu s vysok\u00fdm pr\u016ftokem a ve v\u011bt\u0161in\u011b p\u0159\u00edpad\u016f p\u0159in\u00e1\u0161\u00ed nejvy\u0161\u0161\u00ed n\u00e1r\u016fst v\u00fdkonu. Toto m\u00e9dium je ide\u00e1ln\u00ed pro pou\u017eit\u00ed na ulici a\/nebo na okruhu.<\/p>\n<p><strong>Vysoce kvalitn\u00ed instala\u010dn\u00ed materi\u00e1l<\/strong><br \/>\n\u010cern\u00e9 \u0161nekov\u00e9 svorky z nerezov\u00e9 oceli a zes\u00edlen\u00e1 silikonov\u00e1 hadice zaji\u0161\u0165uj\u00ed stabilitu a trvanlivost i bezpe\u010dnou a snadnou instalaci. Sac\u00ed syst\u00e9my Momentum jsou navr\u017eeny s co nejmen\u0161\u00edm po\u010dtem jednotliv\u00fdch d\u00edl\u016f, aby byla zaji\u0161t\u011bna rychl\u00e1 a snadn\u00e1 instalace.<\/p>\n<p>&nbsp;<\/p>\n<p><strong>podrobnosti<\/strong><\/p>\n<p>- + 19 PS, + 42 NM maxim\u00e1ln\u00ed zv\u00fd\u0161en\u00ed v\u00fdkonu<br \/>\n- 43% v\u011bt\u0161\u00ed pr\u016ftok ne\u017e standardn\u00ed vzduchov\u00fd filtr<br \/>\n- Karbonov\u00e9 sac\u00ed potrub\u00ed vyvinut\u00e9 v syst\u00e9mu CAD<br \/>\n- Otev\u0159en\u00e1 konstrukce zd\u016fraz\u0148uje vzduchov\u00fd filtr a zaji\u0161\u0165uje agresivn\u00ed hluk p\u0159i s\u00e1n\u00ed.<br \/>\n- P\u0159edem naolejovan\u00fd, omyvateln\u00fd a opakovan\u011b pou\u017eiteln\u00fd vzduchov\u00fd filtr Black Pro 5R pro maxim\u00e1ln\u00ed v\u00fdkon.<br \/>\n- Perfektn\u00ed uchycen\u00ed, nen\u00ed nutn\u00e9 vrt\u00e1n\u00ed ani \u0159ez\u00e1n\u00ed p\u016fvodn\u00edch d\u00edl\u016f<\/p>\n<p>&nbsp;<\/p>\n<p><strong>Vhodn\u00e9 pro:<\/strong><\/p>\n<table style=\"height: 48px;\" width=\"806\">\n<tbody>\n<tr style=\"height: 24px;\">\n<td style=\"height: 24px; width: 103px;\"><strong>Rok v\u00fdstavby<\/strong><\/td>\n<td style=\"height: 24px; width: 188.1px;\"><strong>Zna\u010dka<\/strong><\/td>\n<td style=\"height: 24px; width: 188.383px;\"><strong>Model<\/strong><\/td>\n<td style=\"height: 24px; width: 210.8px;\"><strong>Motor<\/strong><\/td>\n<td style=\"height: 24px; width: 80.3167px;\"><strong>Varianta<\/strong><\/td>\n<\/tr>\n<tr style=\"height: 24px;\">\n<td style=\"height: 24px; width: 103px;\">2025-2025<\/td>\n<td style=\"height: 24px; width: 188.1px;\">RAM<\/td>\n<td style=\"height: 24px; width: 188.383px;\">1500<\/td>\n<td style=\"height: 24px; width: 210.8px;\">3.0L TT Hurricane<\/td>\n<td style=\"height: 24px; width: 80.3167px;\">RHO<\/td>\n<\/tr>\n<\/tbody>\n<\/table>\n<p><strong><br \/>\nPozn\u00e1mka:<\/strong><\/p>\n<p>Tento syst\u00e9m je vhodn\u00fd pouze pro RAM 1500 RHO.<\/p>","protected":false},"excerpt":{"rendered":"<p>High Output<\/p>","protected":false},"featured_media":68350187,"comment_status":"open","ping_status":"closed","template":"","meta":{"_acf_changed":false},"product_brand":[16879],"product_cat":[19390],"product_tag":[475,89,10815,19135,16880,498,2441,826,824,825,476,19137,15667,20273,57,822,86,19136,500],"class_list":{"0":"post-68350181","1":"product","2":"type-product","3":"status-publish","4":"has-post-thumbnail","6":"product_brand-afe-power","7":"product_cat-1500-30-ansaugung","8":"product_tag-475","9":"product_tag-3-0","10":"product_tag-30-tt-hurricane","11":"product_tag-57-10032k","12":"product_tag-advanced-flow-engineering","13":"product_tag-afe","14":"product_tag-afe-power","15":"product_tag-ansaugung","16":"product_tag-cai","17":"product_tag-cold-air-intake","18":"product_tag-dt","19":"product_tag-hurri","20":"product_tag-hurricane","21":"product_tag-keintuev","22":"product_tag-luftfilter","23":"product_tag-momentum","24":"product_tag-ram","25":"product_tag-rho","26":"product_tag-sportluftfilter","28":"first","29":"instock","30":"taxable","31":"shipping-taxable","32":"purchasable","33":"product-type-simple"},"bundled_by":[],"bundle_stock_status":"instock","bundle_stock_quantity":1,"bundle_virtual":false,"bundle_layout":"","bundle_add_to_cart_form_location":"","bundle_editable_in_cart":false,"bundle_sold_individually_context":"","bundle_item_grouping":"","bundle_min_size":"","bundle_max_size":"","bundle_price":[],"bundled_items":[],"bundle_sell_ids":[],"exclude_global_add_ons":[],"addons":[],"acf":[],"_links":{"self":[{"href":"https:\/\/kraftwerk-shop.cc\/cs\/wp-json\/wp\/v2\/product\/68350181","targetHints":{"allow":["GET"]}}],"collection":[{"href":"https:\/\/kraftwerk-shop.cc\/cs\/wp-json\/wp\/v2\/product"}],"about":[{"href":"https:\/\/kraftwerk-shop.cc\/cs\/wp-json\/wp\/v2\/types\/product"}],"replies":[{"embeddable":true,"href":"https:\/\/kraftwerk-shop.cc\/cs\/wp-json\/wp\/v2\/comments?post=68350181"}],"version-history":[{"count":0,"href":"https:\/\/kraftwerk-shop.cc\/cs\/wp-json\/wp\/v2\/product\/68350181\/revisions"}],"wp:featuredmedia":[{"embeddable":true,"href":"https:\/\/kraftwerk-shop.cc\/cs\/wp-json\/wp\/v2\/media\/68350187"}],"wp:attachment":[{"href":"https:\/\/kraftwerk-shop.cc\/cs\/wp-json\/wp\/v2\/media?parent=68350181"}],"wp:term":[{"taxonomy":"product_brand","embeddable":true,"href":"https:\/\/kraftwerk-shop.cc\/cs\/wp-json\/wp\/v2\/product_brand?post=68350181"},{"taxonomy":"product_cat","embeddable":true,"href":"https:\/\/kraftwerk-shop.cc\/cs\/wp-json\/wp\/v2\/product_cat?post=68350181"},{"taxonomy":"product_tag","embeddable":true,"href":"https:\/\/kraftwerk-shop.cc\/cs\/wp-json\/wp\/v2\/product_tag?post=68350181"}],"curies":[{"name":"wp","href":"https:\/\/api.w.org\/{rel}","templated":true}]}}