{"id":68350470,"date":"2025-10-04T17:44:21","date_gmt":"2025-10-04T15:44:21","guid":{"rendered":"https:\/\/kraftwerk-shop.cc\/?post_type=product&#038;p=68350470"},"modified":"2026-02-15T01:24:31","modified_gmt":"2026-02-15T00:24:31","slug":"vzduchovy-filtr-afe-magnum-flow-24-91040","status":"publish","type":"product","link":"https:\/\/kraftwerk-shop.cc\/cs\/produkt\/afe-magnum-flow-luftfilter-24-91040\/","title":{"rendered":"aFe Magnum FLOW N\u00e1hradn\u00ed vzduchov\u00fd filtr 24-91040"},"content":{"rendered":"<div class=\"description std\">\n<h1>aFe Magnum FLOW Pro 5R N\u00e1hradn\u00ed vzduchov\u00fd filtr 24-91040 vhodn\u00fd pro aFe 54-12402<\/h1>\n<\/div>\n<p>&nbsp;<\/p>\n<p>D\u00edky p\u011bti vrstv\u00e1m postupn\u011b jemn\u011bj\u0161\u00ed bavln\u011bn\u00e9 tkaniny mezi horn\u00edm povrchem a spodn\u00edm povrchem z polyuretanu 100 % zaji\u0161\u0165uje tento \"naolejovan\u00fd\" obr\u00e1cen\u00fd ku\u017eelov\u00fd vysoce v\u00fdkonn\u00fd filtr vynikaj\u00edc\u00ed pr\u016ftok vzduchu pro maxim\u00e1ln\u00ed v\u00fdkon a to\u010div\u00fd moment.<br \/>\nVysok\u00e9, otev\u0159en\u00e9 a rovnom\u011brn\u011b rozm\u00edst\u011bn\u00e9 z\u00e1hyby jsou omyvateln\u00e9 a opakovan\u011b pou\u017eiteln\u00e9 a nab\u00edzej\u00ed vynikaj\u00edc\u00ed schopnost zadr\u017eovat prach pro del\u0161\u00ed intervaly \u00fadr\u017eby mezi \u010di\u0161t\u011bn\u00edm.<br \/>\nPru\u017en\u00e1 polyuretanov\u00e1 p\u0159\u00edruba s integrovan\u00fdmi \u010depy zaji\u0161\u0165uje t\u011bsnost a t\u011bsnost po celou dobu \u017eivotnosti filtru.<\/p>\n<p>&nbsp;<\/p>\n<p><strong>Vlastnosti:<\/strong><\/p>\n<ul>\n<li>5 1\/2\u2033, z\u00e1kladna - 7\u2033 x 10\u2033, horn\u00ed \u010d\u00e1st - 6 3\/4\u2033 x 5 1\/2\u2033 a v\u00fd\u0161ka - 5 3\/4\u2033.<\/li>\n<\/ul>\n<p>&nbsp;<\/p>\n<p><strong>Rozsah dod\u00e1vky:<\/strong><\/p>\n<ul>\n<li>1 vzduchov\u00fd filtr aFe 24-91040<\/li>\n<\/ul>\n<p>&nbsp;<\/p>","protected":false},"excerpt":{"rendered":"<p>aFe Magnum FLOW Pro 5R Ersatz-Luftfilter 24-91040 passend f\u00fcr aFe 54-12402 &nbsp; Mit f\u00fcnf Schichten aus zunehmend feinerem Baumwollgewebe zwischen<\/p>","protected":false},"featured_media":68350472,"comment_status":"open","ping_status":"closed","template":"","meta":{"_acf_changed":false},"product_brand":[16879],"product_cat":[1512],"product_tag":[19177,4054,16880,498,9538,2441,9542,8515,502,2393,36,57,8665,9567,8653,9548,9558,503,55,9539,2394,9540,500,501,698],"class_list":{"0":"post-68350470","1":"product","2":"type-product","3":"status-publish","4":"has-post-thumbnail","6":"product_brand-afe-power","7":"product_cat-1500-57-2009-2018-classic-ansaugung","8":"product_tag-24-91040","9":"product_tag-54-12402","10":"product_tag-advanced-flow-engineering","11":"product_tag-afe","12":"product_tag-afe-luftfilter","13":"product_tag-afe-power","14":"product_tag-baumwollgewebe","15":"product_tag-ersatzfilter","16":"product_tag-filtereinsatz","17":"product_tag-flow","18":"product_tag-kraftwerk","19":"product_tag-luftfilter","20":"product_tag-luftfilter-ersatz","21":"product_tag-luftfilter-ersatzteile","22":"product_tag-luftfilter-kaufen","23":"product_tag-luftfilter-upgrade","24":"product_tag-luftfilter-zubehoer","25":"product_tag-luftfiltereinsatz","26":"product_tag-magnum","27":"product_tag-magnum-flow","28":"product_tag-pro","29":"product_tag-pro-5r","30":"product_tag-sportluftfilter","31":"product_tag-tauschfilter","32":"product_tag-wiederverwendbar","34":"first","35":"instock","36":"taxable","37":"shipping-taxable","38":"purchasable","39":"product-type-simple"},"bundled_by":[],"bundle_stock_status":"instock","bundle_stock_quantity":1,"bundle_virtual":false,"bundle_layout":"","bundle_add_to_cart_form_location":"","bundle_editable_in_cart":false,"bundle_sold_individually_context":"","bundle_item_grouping":"","bundle_min_size":"","bundle_max_size":"","bundle_price":[],"bundled_items":[],"bundle_sell_ids":[],"exclude_global_add_ons":[],"addons":[],"acf":[],"_links":{"self":[{"href":"https:\/\/kraftwerk-shop.cc\/cs\/wp-json\/wp\/v2\/product\/68350470","targetHints":{"allow":["GET"]}}],"collection":[{"href":"https:\/\/kraftwerk-shop.cc\/cs\/wp-json\/wp\/v2\/product"}],"about":[{"href":"https:\/\/kraftwerk-shop.cc\/cs\/wp-json\/wp\/v2\/types\/product"}],"replies":[{"embeddable":true,"href":"https:\/\/kraftwerk-shop.cc\/cs\/wp-json\/wp\/v2\/comments?post=68350470"}],"version-history":[{"count":0,"href":"https:\/\/kraftwerk-shop.cc\/cs\/wp-json\/wp\/v2\/product\/68350470\/revisions"}],"wp:featuredmedia":[{"embeddable":true,"href":"https:\/\/kraftwerk-shop.cc\/cs\/wp-json\/wp\/v2\/media\/68350472"}],"wp:attachment":[{"href":"https:\/\/kraftwerk-shop.cc\/cs\/wp-json\/wp\/v2\/media?parent=68350470"}],"wp:term":[{"taxonomy":"product_brand","embeddable":true,"href":"https:\/\/kraftwerk-shop.cc\/cs\/wp-json\/wp\/v2\/product_brand?post=68350470"},{"taxonomy":"product_cat","embeddable":true,"href":"https:\/\/kraftwerk-shop.cc\/cs\/wp-json\/wp\/v2\/product_cat?post=68350470"},{"taxonomy":"product_tag","embeddable":true,"href":"https:\/\/kraftwerk-shop.cc\/cs\/wp-json\/wp\/v2\/product_tag?post=68350470"}],"curies":[{"name":"wp","href":"https:\/\/api.w.org\/{rel}","templated":true}]}}