{"id":68350530,"date":"2025-10-04T18:24:20","date_gmt":"2025-10-04T16:24:20","guid":{"rendered":"https:\/\/kraftwerk-shop.cc\/?post_type=product&#038;p=68350530"},"modified":"2026-02-23T14:53:26","modified_gmt":"2026-02-23T13:53:26","slug":"afe-magnum-flow-vzduchovy-filtr-24-91092","status":"publish","type":"product","link":"https:\/\/kraftwerk-shop.cc\/cs\/produkt\/afe-magnum-flow-luftfilter-24-91092\/","title":{"rendered":"aFe Magnum FLOW N\u00e1hradn\u00ed vzduchov\u00fd filtr 24-91092"},"content":{"rendered":"<div class=\"description std\">\n<h1>aFe Magnum FLOW Pro 5R n\u00e1hradn\u00ed vzduchov\u00fd filtr 24-91092 vhodn\u00fd pro aFe 50-70013R, 54-72202, 54-74210, 54-72201, 54-72203 a 50-70111R<\/h1>\n<\/div>\n<p>&nbsp;<\/p>\n<p>D\u00edky p\u011bti vrstv\u00e1m postupn\u011b jemn\u011bj\u0161\u00ed bavln\u011bn\u00e9 tkaniny mezi horn\u00edm povrchem a spodn\u00edm povrchem z polyuretanu 100 % zaji\u0161\u0165uje tento \"naolejovan\u00fd\" obr\u00e1cen\u00fd ku\u017eelov\u00fd vysoce v\u00fdkonn\u00fd filtr vynikaj\u00edc\u00ed pr\u016ftok vzduchu pro maxim\u00e1ln\u00ed v\u00fdkon a to\u010div\u00fd moment.<br \/>\nVysok\u00e9, otev\u0159en\u00e9 a rovnom\u011brn\u011b rozm\u00edst\u011bn\u00e9 z\u00e1hyby jsou omyvateln\u00e9 a opakovan\u011b pou\u017eiteln\u00e9 a nab\u00edzej\u00ed vynikaj\u00edc\u00ed schopnost zadr\u017eovat prach pro del\u0161\u00ed intervaly \u00fadr\u017eby mezi \u010di\u0161t\u011bn\u00edm.<br \/>\nPru\u017en\u00e1 polyuretanov\u00e1 p\u0159\u00edruba s integrovan\u00fdmi \u010depy zaji\u0161\u0165uje t\u011bsnost a t\u011bsnost po celou dobu \u017eivotnosti filtru.<\/p>\n<p>&nbsp;<\/p>\n<p><strong>Vlastnosti:<\/strong><\/p>\n<ul>\n<li>(6-3\/4\u00d74-3\/4) Flg, (8-1\/4\u00d76-1\/4) Z\u00e1kladna (mtm) x (7-1\/4\u00d75) Horn\u00ed \u010d\u00e1st (Inv), 9H in<\/li>\n<\/ul>\n<p>&nbsp;<\/p>\n<p><strong>Rozsah dod\u00e1vky:<\/strong><\/p>\n<ul>\n<li>1 vzduchov\u00fd filtr aFe 24-91092<\/li>\n<\/ul>\n<p>&nbsp;<\/p>","protected":false},"excerpt":{"rendered":"<p>aFe Magnum FLOW Pro 5R Ersatz-Luftfilter 24-91092 passend f\u00fcr aFe 50-70013R, 54-72202, 54-74210, 54-72201, 54-72203 &amp; 50-70111R &nbsp; Mit f\u00fcnf<\/p>","protected":false},"featured_media":68350532,"comment_status":"open","ping_status":"closed","template":"","meta":{"_acf_changed":false},"product_brand":[16879],"product_cat":[3074,2522,4973,2517,2523,2501,2512,2524,5151,2516,6784,5009],"product_tag":[19189,19223,827,19143,888,4056,890,897,16880,498,9538,2441,9542,8515,502,2393,36,57,8665,9567,8653,9548,9558,503,55,9539,2394,9540,500,501,698],"class_list":{"0":"post-68350530","1":"product","2":"type-product","3":"status-publish","4":"has-post-thumbnail","6":"product_brand-afe-power","7":"product_cat-camaro-62-2016-ansaugung","8":"product_cat-300c-36-ansaugung","9":"product_cat-300c-57-2011-2023-ansaugung","10":"product_cat-300c-64-ansaugung","11":"product_cat-challenger-36-ansaugung","12":"product_cat-challenger-57-ansaugung","13":"product_cat-challenger-64-ansaugung","14":"product_cat-charger-36-ansaugung","15":"product_cat-charger-57-2011-2023-ansaugung","16":"product_cat-charger-64-ansaugung","17":"product_cat-wagoneer-64-ansaugung","18":"product_cat-1500-57-dt-ansaugung","19":"product_tag-24-91092","20":"product_tag-28-10283","21":"product_tag-50-70013r","22":"product_tag-50-70111r","23":"product_tag-54-72201","24":"product_tag-54-72202","25":"product_tag-54-72203","26":"product_tag-54-74210","27":"product_tag-advanced-flow-engineering","28":"product_tag-afe","29":"product_tag-afe-luftfilter","30":"product_tag-afe-power","31":"product_tag-baumwollgewebe","32":"product_tag-ersatzfilter","33":"product_tag-filtereinsatz","34":"product_tag-flow","35":"product_tag-kraftwerk","36":"product_tag-luftfilter","37":"product_tag-luftfilter-ersatz","38":"product_tag-luftfilter-ersatzteile","39":"product_tag-luftfilter-kaufen","40":"product_tag-luftfilter-upgrade","41":"product_tag-luftfilter-zubehoer","42":"product_tag-luftfiltereinsatz","43":"product_tag-magnum","44":"product_tag-magnum-flow","45":"product_tag-pro","46":"product_tag-pro-5r","47":"product_tag-sportluftfilter","48":"product_tag-tauschfilter","49":"product_tag-wiederverwendbar","51":"first","52":"instock","53":"taxable","54":"shipping-taxable","55":"purchasable","56":"product-type-simple"},"bundled_by":[],"bundle_stock_status":"instock","bundle_stock_quantity":2,"bundle_virtual":false,"bundle_layout":"","bundle_add_to_cart_form_location":"","bundle_editable_in_cart":false,"bundle_sold_individually_context":"","bundle_item_grouping":"","bundle_min_size":"","bundle_max_size":"","bundle_price":[],"bundled_items":[],"bundle_sell_ids":[],"exclude_global_add_ons":[],"addons":[],"acf":[],"_links":{"self":[{"href":"https:\/\/kraftwerk-shop.cc\/cs\/wp-json\/wp\/v2\/product\/68350530","targetHints":{"allow":["GET"]}}],"collection":[{"href":"https:\/\/kraftwerk-shop.cc\/cs\/wp-json\/wp\/v2\/product"}],"about":[{"href":"https:\/\/kraftwerk-shop.cc\/cs\/wp-json\/wp\/v2\/types\/product"}],"replies":[{"embeddable":true,"href":"https:\/\/kraftwerk-shop.cc\/cs\/wp-json\/wp\/v2\/comments?post=68350530"}],"version-history":[{"count":0,"href":"https:\/\/kraftwerk-shop.cc\/cs\/wp-json\/wp\/v2\/product\/68350530\/revisions"}],"wp:featuredmedia":[{"embeddable":true,"href":"https:\/\/kraftwerk-shop.cc\/cs\/wp-json\/wp\/v2\/media\/68350532"}],"wp:attachment":[{"href":"https:\/\/kraftwerk-shop.cc\/cs\/wp-json\/wp\/v2\/media?parent=68350530"}],"wp:term":[{"taxonomy":"product_brand","embeddable":true,"href":"https:\/\/kraftwerk-shop.cc\/cs\/wp-json\/wp\/v2\/product_brand?post=68350530"},{"taxonomy":"product_cat","embeddable":true,"href":"https:\/\/kraftwerk-shop.cc\/cs\/wp-json\/wp\/v2\/product_cat?post=68350530"},{"taxonomy":"product_tag","embeddable":true,"href":"https:\/\/kraftwerk-shop.cc\/cs\/wp-json\/wp\/v2\/product_tag?post=68350530"}],"curies":[{"name":"wp","href":"https:\/\/api.w.org\/{rel}","templated":true}]}}