{"id":68350600,"date":"2025-10-04T19:23:46","date_gmt":"2025-10-04T17:23:46","guid":{"rendered":"https:\/\/kraftwerk-shop.cc\/?post_type=product&#038;p=68350600"},"modified":"2026-02-15T01:24:50","modified_gmt":"2026-02-15T00:24:50","slug":"afe-magnum-flow-vzduchovy-filtr-24-91136-ma","status":"publish","type":"product","link":"https:\/\/kraftwerk-shop.cc\/cs\/produkt\/afe-magnum-flow-luftfilter-24-91136-ma\/","title":{"rendered":"aFe Magnum FLOW N\u00e1hradn\u00ed vzduchov\u00fd filtr 24-91136-MA"},"content":{"rendered":"<div class=\"description std\">\n<h1>aFe Magnum FLOW Pro 5R N\u00e1hradn\u00ed vzduchov\u00fd filtr 24-91136-MA vhodn\u00fd pro aFe 50-70075R<\/h1>\n<\/div>\n<p>&nbsp;<\/p>\n<p>D\u00edky p\u011bti vrstv\u00e1m postupn\u011b jemn\u011bj\u0161\u00ed bavln\u011bn\u00e9 tkaniny mezi horn\u00edm povrchem a spodn\u00edm povrchem z polyuretanu 100 % zaji\u0161\u0165uje tento \"naolejovan\u00fd\" obr\u00e1cen\u00fd ku\u017eelov\u00fd vysoce v\u00fdkonn\u00fd filtr vynikaj\u00edc\u00ed pr\u016ftok vzduchu pro maxim\u00e1ln\u00ed v\u00fdkon a to\u010div\u00fd moment.<br \/>\nVysok\u00e9, otev\u0159en\u00e9 a rovnom\u011brn\u011b rozm\u00edst\u011bn\u00e9 z\u00e1hyby jsou omyvateln\u00e9 a opakovan\u011b pou\u017eiteln\u00e9 a nab\u00edzej\u00ed vynikaj\u00edc\u00ed schopnost zadr\u017eovat prach pro del\u0161\u00ed intervaly \u00fadr\u017eby mezi \u010di\u0161t\u011bn\u00edm.<br \/>\nPru\u017en\u00e1 polyuretanov\u00e1 p\u0159\u00edruba s integrovan\u00fdmi \u010depy zaji\u0161\u0165uje t\u011bsnost a t\u011bsnost po celou dobu \u017eivotnosti filtru.<\/p>\n<p>&nbsp;<\/p>\n<p><strong>Vlastnosti:<\/strong><\/p>\n<ul>\n<li class=\"value\">(6\u00d74) IN F x (8-1\/4\u00d76-1\/4) IN W x (7-1\/4\u00d75) IN D x 10 IN H<\/li>\n<\/ul>\n<p>&nbsp;<\/p>\n<p><strong>Rozsah dod\u00e1vky:<\/strong><\/p>\n<ul>\n<li>1 p\u00e1r vzduchov\u00fdch filtr\u016f aFe 24-91136-MA<\/li>\n<\/ul>\n<p>&nbsp;<\/p>","protected":false},"excerpt":{"rendered":"<p>aFe Magnum FLOW Pro 5R N\u00e1hradn\u00ed vzduchov\u00fd filtr 24-91136-MA vhodn\u00fd pro aFe 50-70075R S p\u011bti vrstvami st\u00e1le jemn\u011bj\u0161\u00ed bavln\u011bn\u00e9 tkaniny mezi nimi<\/p>","protected":false},"featured_media":68350602,"comment_status":"open","ping_status":"closed","template":"","meta":{"_acf_changed":false},"product_brand":[16879],"product_cat":[2700],"product_tag":[19199,16880,498,9538,2441,9542,8515,502,2393,36,57,8665,9567,8653,9548,9558,503,55,9539,2394,9540,500,501,698],"class_list":{"0":"post-68350600","1":"product","2":"type-product","3":"status-publish","4":"has-post-thumbnail","6":"product_brand-afe-power","7":"product_cat-trx-ansaugung","8":"product_tag-24-91136-ma","9":"product_tag-advanced-flow-engineering","10":"product_tag-afe","11":"product_tag-afe-luftfilter","12":"product_tag-afe-power","13":"product_tag-baumwollgewebe","14":"product_tag-ersatzfilter","15":"product_tag-filtereinsatz","16":"product_tag-flow","17":"product_tag-kraftwerk","18":"product_tag-luftfilter","19":"product_tag-luftfilter-ersatz","20":"product_tag-luftfilter-ersatzteile","21":"product_tag-luftfilter-kaufen","22":"product_tag-luftfilter-upgrade","23":"product_tag-luftfilter-zubehoer","24":"product_tag-luftfiltereinsatz","25":"product_tag-magnum","26":"product_tag-magnum-flow","27":"product_tag-pro","28":"product_tag-pro-5r","29":"product_tag-sportluftfilter","30":"product_tag-tauschfilter","31":"product_tag-wiederverwendbar","33":"first","34":"instock","35":"taxable","36":"shipping-taxable","37":"purchasable","38":"product-type-simple"},"bundled_by":[],"bundle_stock_status":"instock","bundle_stock_quantity":1,"bundle_virtual":false,"bundle_layout":"","bundle_add_to_cart_form_location":"","bundle_editable_in_cart":false,"bundle_sold_individually_context":"","bundle_item_grouping":"","bundle_min_size":"","bundle_max_size":"","bundle_price":[],"bundled_items":[],"bundle_sell_ids":[],"exclude_global_add_ons":[],"addons":[],"acf":[],"_links":{"self":[{"href":"https:\/\/kraftwerk-shop.cc\/cs\/wp-json\/wp\/v2\/product\/68350600","targetHints":{"allow":["GET"]}}],"collection":[{"href":"https:\/\/kraftwerk-shop.cc\/cs\/wp-json\/wp\/v2\/product"}],"about":[{"href":"https:\/\/kraftwerk-shop.cc\/cs\/wp-json\/wp\/v2\/types\/product"}],"replies":[{"embeddable":true,"href":"https:\/\/kraftwerk-shop.cc\/cs\/wp-json\/wp\/v2\/comments?post=68350600"}],"version-history":[{"count":0,"href":"https:\/\/kraftwerk-shop.cc\/cs\/wp-json\/wp\/v2\/product\/68350600\/revisions"}],"wp:featuredmedia":[{"embeddable":true,"href":"https:\/\/kraftwerk-shop.cc\/cs\/wp-json\/wp\/v2\/media\/68350602"}],"wp:attachment":[{"href":"https:\/\/kraftwerk-shop.cc\/cs\/wp-json\/wp\/v2\/media?parent=68350600"}],"wp:term":[{"taxonomy":"product_brand","embeddable":true,"href":"https:\/\/kraftwerk-shop.cc\/cs\/wp-json\/wp\/v2\/product_brand?post=68350600"},{"taxonomy":"product_cat","embeddable":true,"href":"https:\/\/kraftwerk-shop.cc\/cs\/wp-json\/wp\/v2\/product_cat?post=68350600"},{"taxonomy":"product_tag","embeddable":true,"href":"https:\/\/kraftwerk-shop.cc\/cs\/wp-json\/wp\/v2\/product_tag?post=68350600"}],"curies":[{"name":"wp","href":"https:\/\/api.w.org\/{rel}","templated":true}]}}