{"id":68350791,"date":"2025-10-05T18:03:51","date_gmt":"2025-10-05T16:03:51","guid":{"rendered":"https:\/\/kraftwerk-shop.cc\/?post_type=product&#038;p=68350791"},"modified":"2026-02-23T14:42:30","modified_gmt":"2026-02-23T13:42:30","slug":"afe-ochrana-vykonoveho-filtru-28-10153","status":"publish","type":"product","link":"https:\/\/kraftwerk-shop.cc\/cs\/produkt\/afe-power-filter-guard-28-10153\/","title":{"rendered":"aFe POWER Filter GUARD P\u0159edfiltr 28-10153"},"content":{"rendered":"<div class=\"description std\">\n<h1>aFe Magnum SHIELD p\u0159edfiltr 28-10153 vhodn\u00fd pro aFe 54-10712<\/h1>\n<\/div>\n<p>&nbsp;<\/p>\n<p>P\u0159edfiltr aFe Magnum SHIELD optim\u00e1ln\u011b chr\u00e1n\u00ed v\u00e1\u0161 vysoce v\u00fdkonn\u00fd vzduchov\u00fd filtr t\u00edm, \u017ee zachycuje hrub\u00e9 \u010d\u00e1stice, jako je list\u00ed, hmyz a prach v proudu vzduchu. T\u00edm se prodlu\u017euj\u00ed intervaly \u010di\u0161t\u011bn\u00ed hlavn\u00edho filtru a dlouhodob\u011b se udr\u017euje v\u00fdkon va\u0161eho syst\u00e9mu s\u00e1n\u00ed vzduchu.<\/p>\n<p>&nbsp;<\/p>\n<p><strong>Ochrana a dlouh\u00e1 \u017eivotnost<\/strong><br \/>\nP\u0159edfiltr zachyt\u00ed hrub\u00e9 ciz\u00ed \u010d\u00e1stice p\u0159ed hlavn\u00edm filtrem a odleh\u010d\u00ed mu. T\u00edm se prodlu\u017euj\u00ed intervaly \u010di\u0161t\u011bn\u00ed a filtr z\u016fst\u00e1v\u00e1 d\u00e9le \u00fa\u010dinn\u00fd.<\/p>\n<p><strong>Vysoce kvalitn\u00ed materi\u00e1l<\/strong><br \/>\nVyrobeno z polyesteru tkan\u00e9ho za sucha (such\u00e1 vazba), kter\u00fd snadno nep\u0159itahuje vodu ani ne\u010distoty. Tkanina m\u00e1 vodoodpudiv\u00fd \u00fa\u010dinek a omezuje usazov\u00e1n\u00ed n\u00e1nos\u016f.<\/p>\n<p><strong>Snadn\u00e9 \u010di\u0161t\u011bn\u00ed<\/strong><br \/>\nP\u0159edfiltr lze snadno \u010distit vodou a m\u00fddlem - nejsou nutn\u00e9 \u017e\u00e1dn\u00e9 speci\u00e1ln\u00ed \u010distic\u00ed prost\u0159edky.<\/p>\n<p><strong>Rychl\u00e1 mont\u00e1\u017e<\/strong><br \/>\nD\u00edky praktick\u00fdm stahovac\u00edm v\u00fdstupk\u016fm lze p\u0159edfiltr snadno nasadit na p\u016fvodn\u00ed filtr. Je vyroben tak, aby p\u0159esn\u011b pasoval k p\u0159\u00edslu\u0161n\u00e9mu filtra\u010dn\u00edmu syst\u00e9mu, tak\u017ee jej lze p\u0159esn\u011b p\u0159ipevnit.<\/p>\n<p><strong>Neutr\u00e1ln\u00ed v\u00fdkon<\/strong><br \/>\nP\u0159edfiltr t\u00e9m\u011b\u0159 neovliv\u0148uje proud\u011bn\u00ed vzduchu - tj. bez v\u00fdrazn\u00e9 ztr\u00e1ty v\u00fdkonu.<\/p>\n<p>&nbsp;<\/p>\n<p><strong>Rozsah dod\u00e1vky:<\/strong><\/p>\n<ul>\n<li>1 p\u0159edfiltr aFe 28-10153<\/li>\n<\/ul>\n<p>&nbsp;<\/p>","protected":false},"excerpt":{"rendered":"<p>aFe Magnum SHIELD Vorfilter 28-10153 passend f\u00fcr aFe 54-10712 &nbsp; Der aFe Magnum SHIELD Vorfilter sch\u00fctzt Ihren Hochleistungs-Luftfilter optimal, indem<\/p>","protected":false},"featured_media":68350793,"comment_status":"open","ping_status":"closed","template":"","meta":{"_acf_changed":false},"product_brand":[16879],"product_cat":[2506,2507,2501,2514,2502,2504,2503,2505],"product_tag":[19220,858,16880,498,9538,2441,19210,9542,8515,19211,502,2393,36,57,8665,9567,8653,19209,9548,9558,503,55,9539,19207,19208,2394,9540,500,7637,501,7823,698,673],"class_list":{"0":"post-68350791","1":"product","2":"type-product","3":"status-publish","4":"has-post-thumbnail","6":"product_brand-afe-power","7":"product_cat-300c-57-2005-2010-ansaugung","8":"product_cat-300c-61-ansaugung","9":"product_cat-challenger-57-ansaugung","10":"product_cat-challenger-61-ansaugung","11":"product_cat-charger-57-ansaugung","12":"product_cat-charger-61-ansaugung","13":"product_cat-magnum-57-ansaugung","14":"product_cat-magnum-61-ansaugung","15":"product_tag-28-10153","16":"product_tag-54-10712","17":"product_tag-advanced-flow-engineering","18":"product_tag-afe","19":"product_tag-afe-luftfilter","20":"product_tag-afe-power","21":"product_tag-ansaugsystem-zubehoer","22":"product_tag-baumwollgewebe","23":"product_tag-ersatzfilter","24":"product_tag-filterabdeckung-trockenvorfilter","25":"product_tag-filtereinsatz","26":"product_tag-flow","27":"product_tag-kraftwerk","28":"product_tag-luftfilter","29":"product_tag-luftfilter-ersatz","30":"product_tag-luftfilter-ersatzteile","31":"product_tag-luftfilter-kaufen","32":"product_tag-luftfilter-schmutzschutz","33":"product_tag-luftfilter-upgrade","34":"product_tag-luftfilter-zubehoer","35":"product_tag-luftfiltereinsatz","36":"product_tag-magnum","37":"product_tag-magnum-flow","38":"product_tag-magnum-shield","39":"product_tag-pre-filter","40":"product_tag-pro","41":"product_tag-pro-5r","42":"product_tag-sportluftfilter","43":"product_tag-staubschutz","44":"product_tag-tauschfilter","45":"product_tag-vorfilter","46":"product_tag-wiederverwendbar","47":"product_tag-zubehoer","49":"first","50":"instock","51":"taxable","52":"shipping-taxable","53":"purchasable","54":"product-type-simple"},"bundled_by":[],"bundle_stock_status":"instock","bundle_stock_quantity":2,"bundle_virtual":false,"bundle_layout":"","bundle_add_to_cart_form_location":"","bundle_editable_in_cart":false,"bundle_sold_individually_context":"","bundle_item_grouping":"","bundle_min_size":"","bundle_max_size":"","bundle_price":[],"bundled_items":[],"bundle_sell_ids":[],"exclude_global_add_ons":[],"addons":[],"acf":[],"_links":{"self":[{"href":"https:\/\/kraftwerk-shop.cc\/cs\/wp-json\/wp\/v2\/product\/68350791","targetHints":{"allow":["GET"]}}],"collection":[{"href":"https:\/\/kraftwerk-shop.cc\/cs\/wp-json\/wp\/v2\/product"}],"about":[{"href":"https:\/\/kraftwerk-shop.cc\/cs\/wp-json\/wp\/v2\/types\/product"}],"replies":[{"embeddable":true,"href":"https:\/\/kraftwerk-shop.cc\/cs\/wp-json\/wp\/v2\/comments?post=68350791"}],"version-history":[{"count":0,"href":"https:\/\/kraftwerk-shop.cc\/cs\/wp-json\/wp\/v2\/product\/68350791\/revisions"}],"wp:featuredmedia":[{"embeddable":true,"href":"https:\/\/kraftwerk-shop.cc\/cs\/wp-json\/wp\/v2\/media\/68350793"}],"wp:attachment":[{"href":"https:\/\/kraftwerk-shop.cc\/cs\/wp-json\/wp\/v2\/media?parent=68350791"}],"wp:term":[{"taxonomy":"product_brand","embeddable":true,"href":"https:\/\/kraftwerk-shop.cc\/cs\/wp-json\/wp\/v2\/product_brand?post=68350791"},{"taxonomy":"product_cat","embeddable":true,"href":"https:\/\/kraftwerk-shop.cc\/cs\/wp-json\/wp\/v2\/product_cat?post=68350791"},{"taxonomy":"product_tag","embeddable":true,"href":"https:\/\/kraftwerk-shop.cc\/cs\/wp-json\/wp\/v2\/product_tag?post=68350791"}],"curies":[{"name":"wp","href":"https:\/\/api.w.org\/{rel}","templated":true}]}}