{"id":68351040,"date":"2025-10-11T13:59:41","date_gmt":"2025-10-11T11:59:41","guid":{"rendered":"https:\/\/kraftwerk-shop.cc\/?post_type=product&#038;p=68351040"},"modified":"2026-02-15T01:25:27","modified_gmt":"2026-02-15T00:25:27","slug":"bbk-tesneni-vyfukoveho-potrubi-1412","status":"publish","type":"product","link":"https:\/\/kraftwerk-shop.cc\/cs\/produkt\/bbk-abgaskruemmerdichtungen-1412\/","title":{"rendered":"T\u011bsn\u011bn\u00ed v\u00fdfukov\u00e9ho potrub\u00ed BBK RAM 5.7"},"content":{"rendered":"<h1>BBK t\u011bsn\u011bn\u00ed v\u00fdfukov\u00e9ho potrub\u00ed 1412 pro Shorty manifold 4015 pro RAM 1500 5.7 Hemi DT od 2019<\/h1>\n<p>&nbsp;<\/p>\n<ul>\n<li>Vysoce kvalitn\u00ed grafitov\u00fd materi\u00e1l vyztu\u017een\u00fd ocel\u00ed je odoln\u00fd proti vyfouknut\u00ed.<\/li>\n<li>Vysokoteplotn\u00ed kluzn\u00fd materi\u00e1l pota\u017een\u00fd grafitem<\/li>\n<li>K dispozici v p\u00e1rech Pro v\u00fdfukov\u00e9 potrub\u00ed BBK<\/li>\n<\/ul>\n<p>&nbsp;<\/p>\n<p>T\u011bsn\u011bn\u00ed rozvod\u016f BBK jsou navr\u017eena tak, aby p\u0159esn\u011b pasovala do rozvod\u016f BBK.<\/p>\n<p>&nbsp;<\/p>\n<p><strong>Vhodn\u00e9 pro:<\/strong><\/p>\n<table width=\"538\">\n<tbody>\n<tr>\n<td width=\"82\"><strong>Zna\u010dka<\/strong><\/td>\n<td width=\"82\"><strong>Model<\/strong><\/td>\n<td width=\"154\"><strong>Motor<\/strong><\/td>\n<td width=\"220\"><strong>Rok v\u00fdstavby<\/strong><\/td>\n<\/tr>\n<tr>\n<td width=\"82\">RAM<\/td>\n<td width=\"82\">1500<\/td>\n<td width=\"154\">5.7<\/td>\n<td width=\"220\">2019\u20132024<\/td>\n<\/tr>\n<\/tbody>\n<\/table>\n<p>&nbsp;<\/p>","protected":false},"excerpt":{"rendered":"<p>2019 - 2024, pouze pro v\u00fdfukov\u00e9 potrub\u00ed BBK<\/p>","protected":false},"featured_media":68351042,"comment_status":"open","ping_status":"closed","template":"","meta":{"_acf_changed":false},"product_brand":[17174],"product_cat":[6625],"product_tag":[19243,475,3372,91,1035,5124,546,1388,7224,3367,571,740,49,477,476,692,543,549,126,532,550,5123,34,186,86,3369,3368,3340,3055,547],"class_list":{"0":"post-68351040","1":"product","2":"type-product","3":"status-publish","4":"has-post-thumbnail","6":"product_brand-bbk","7":"product_cat-1500-57-dt-abgasanlage-dichtungen-hardware","8":"product_tag-19243","9":"product_tag-475","10":"product_tag-3372","11":"product_tag-5-7","12":"product_tag-abgasanlage","13":"product_tag-abgaskruemmerdichtung","14":"product_tag-auspuff","15":"product_tag-bbk","16":"product_tag-bbk-exhaust","17":"product_tag-bbk-performance","18":"product_tag-dichtung","19":"product_tag-dichtungen","20":"product_tag-dodge","21":"product_tag-ds","22":"product_tag-dt","23":"product_tag-ersatzteil","24":"product_tag-faecherkruemmer","25":"product_tag-header","26":"product_tag-hemi","27":"product_tag-kat","28":"product_tag-kruemmer","29":"product_tag-kruemmerdichtung","30":"product_tag-original","31":"product_tag-performance","32":"product_tag-ram","33":"product_tag-short-tube","34":"product_tag-shorties","35":"product_tag-shorty","36":"product_tag-sportabgasanlage","37":"product_tag-sportauspuff","38":"product_shipping_class-paket-l","40":"first","41":"onbackorder","42":"taxable","43":"shipping-taxable","44":"purchasable","45":"product-type-simple"},"bundled_by":[],"bundle_stock_status":"onbackorder","bundle_stock_quantity":0,"bundle_virtual":false,"bundle_layout":"","bundle_add_to_cart_form_location":"","bundle_editable_in_cart":false,"bundle_sold_individually_context":"","bundle_item_grouping":"","bundle_min_size":"","bundle_max_size":"","bundle_price":[],"bundled_items":[],"bundle_sell_ids":[],"exclude_global_add_ons":[],"addons":[],"acf":[],"_links":{"self":[{"href":"https:\/\/kraftwerk-shop.cc\/cs\/wp-json\/wp\/v2\/product\/68351040","targetHints":{"allow":["GET"]}}],"collection":[{"href":"https:\/\/kraftwerk-shop.cc\/cs\/wp-json\/wp\/v2\/product"}],"about":[{"href":"https:\/\/kraftwerk-shop.cc\/cs\/wp-json\/wp\/v2\/types\/product"}],"replies":[{"embeddable":true,"href":"https:\/\/kraftwerk-shop.cc\/cs\/wp-json\/wp\/v2\/comments?post=68351040"}],"version-history":[{"count":0,"href":"https:\/\/kraftwerk-shop.cc\/cs\/wp-json\/wp\/v2\/product\/68351040\/revisions"}],"wp:featuredmedia":[{"embeddable":true,"href":"https:\/\/kraftwerk-shop.cc\/cs\/wp-json\/wp\/v2\/media\/68351042"}],"wp:attachment":[{"href":"https:\/\/kraftwerk-shop.cc\/cs\/wp-json\/wp\/v2\/media?parent=68351040"}],"wp:term":[{"taxonomy":"product_brand","embeddable":true,"href":"https:\/\/kraftwerk-shop.cc\/cs\/wp-json\/wp\/v2\/product_brand?post=68351040"},{"taxonomy":"product_cat","embeddable":true,"href":"https:\/\/kraftwerk-shop.cc\/cs\/wp-json\/wp\/v2\/product_cat?post=68351040"},{"taxonomy":"product_tag","embeddable":true,"href":"https:\/\/kraftwerk-shop.cc\/cs\/wp-json\/wp\/v2\/product_tag?post=68351040"}],"curies":[{"name":"wp","href":"https:\/\/api.w.org\/{rel}","templated":true}]}}