{"id":68351680,"date":"2025-10-18T16:22:51","date_gmt":"2025-10-18T14:22:51","guid":{"rendered":"https:\/\/kraftwerk-shop.cc\/?post_type=product&#038;p=68351680"},"modified":"2026-04-02T13:06:06","modified_gmt":"2026-04-02T11:06:06","slug":"sberne-potrubi-vyfukovych-plynu-mopar-wagoneer-68591572acb-68591573ac","status":"publish","type":"product","link":"https:\/\/kraftwerk-shop.cc\/cs\/produkt\/mopar-abgaskruemmer-wagoneer-68591572acb-68591573ac\/","title":{"rendered":"Sada v\u00fdfukov\u00e9ho potrub\u00ed Mopar Wagoneer 5.7 (68591572AC \/ 68591573AC)"},"content":{"rendered":"<h1>Origin\u00e1ln\u00ed sada v\u00fdfukov\u00e9ho potrub\u00ed Mopar pro 5.7 Jeep Wagoneer z let 2022 a\u017e 2023<\/h1>\n<p>&nbsp;<\/p>\n<p><span lang=\"DE\"><strong>\u010c\u00edslo d\u00edlu Mopar:<\/strong> 68591572AC, 68591573AC<br \/>\n<strong>Nahrazeno:<\/strong> 68365738AA, 68591572AA, 68591572AB, 68591573AA, 68591573AB<\/span><\/p>\n<p>&nbsp;<\/p>\n<p><strong>Vhodn\u00e9 pro:<\/strong><\/p>\n<table width=\"1214\">\n<tbody>\n<tr>\n<td width=\"138\"><strong>Rok v\u00fdstavby<\/strong><\/td>\n<td width=\"168\"><strong>Zna\u010dka<\/strong><\/td>\n<td width=\"144\"><strong>Model<\/strong><\/td>\n<td width=\"538\"><strong>Verze<\/strong><\/td>\n<td width=\"226\"><strong>Motor<\/strong><\/td>\n<\/tr>\n<tr>\n<td width=\"138\">2023<\/td>\n<td width=\"168\">Jeep<\/td>\n<td width=\"144\">Wagoneer<\/td>\n<td width=\"538\">Base<\/td>\n<td width=\"226\">5.7L<\/td>\n<\/tr>\n<tr>\n<td width=\"138\">2022<\/td>\n<td width=\"168\">Jeep<\/td>\n<td width=\"144\">Wagoneer<\/td>\n<td width=\"538\">Series II, Series III<\/td>\n<td width=\"226\">5.7L<\/td>\n<\/tr>\n<\/tbody>\n<\/table>\n<p>&nbsp;<\/p>\n<p>&nbsp;<\/p>\n<h4>Pro\u010d si vybrat origin\u00e1ln\u00ed n\u00e1hradn\u00ed d\u00edly Mopar?<\/h4>\n<p><strong>Perfektn\u011b padnouc\u00ed a \u0161pi\u010dkov\u00e9 kvality:<\/strong> Origin\u00e1ln\u00ed n\u00e1hradn\u00ed d\u00edly Mopar jsou vyr\u00e1b\u011bny podle p\u0159\u00edsn\u00fdch specifikac\u00ed v\u00fdrobce, co\u017e znamen\u00e1, \u017ee do va\u0161eho vozidla dokonale pasuj\u00ed. T\u00edm je zaji\u0161t\u011bna nejen snadn\u00e1 instalace, ale tak\u00e9 optim\u00e1ln\u00ed funkce a bezpe\u010dnost.<\/p>\n<p><strong>Spolehlivost a trvanlivost:<\/strong> D\u00edky pou\u017eit\u00ed vysoce kvalitn\u00edch materi\u00e1l\u016f a p\u0159\u00edsn\u00e9 kontrole kvality zaji\u0161\u0165uj\u00ed n\u00e1hradn\u00ed d\u00edly Mopar spolehlivou funkci va\u0161eho vozidla i v extr\u00e9mn\u00edch podm\u00ednk\u00e1ch. Jsou navr\u017eeny tak, aby vydr\u017eely a maximalizovaly v\u00fdkon va\u0161eho vozidla.<\/p>\n<p>&nbsp;<\/p>","protected":false},"excerpt":{"rendered":"<p>Origin\u00e1ln\u00ed d\u00edl Mopar<\/p>\n<p>2022 \u2013 2023<\/p>","protected":false},"featured_media":68357929,"comment_status":"open","ping_status":"closed","template":"","meta":{"_acf_changed":false},"product_brand":[16270],"product_cat":[19794],"product_tag":[2373,4526,91,11855,11857,11856,19335,19336,9403,21023,19337,9404,21024,11805,11806,11804,11849,11808,11809,11807,50,31,11790,11791,11792,11793,7221,5276,19338],"class_list":{"0":"post-68351680","1":"product","2":"type-product","3":"status-publish","4":"has-post-thumbnail","6":"product_brand-mopar","7":"product_cat-wagoneer-57-abgaskruemmer-katalysatoren","8":"product_tag-2373","9":"product_tag-4526","10":"product_tag-5-7","11":"product_tag-5-7-v8-abgaskruemmer","12":"product_tag-5-7-v8-hemi-kruemmer","13":"product_tag-5-7-v8-kruemmer","14":"product_tag-68365738aa","15":"product_tag-68591572aa","16":"product_tag-68591572ab","17":"product_tag-68591572ac","18":"product_tag-68591573aa","19":"product_tag-68591573ab","20":"product_tag-68591573ac","21":"product_tag-hemi-abgaskruemmer","22":"product_tag-hemi-auspuffkruemmer","23":"product_tag-hemi-kruemmer","24":"product_tag-hemi-kruemmer-ram","25":"product_tag-hemi-v8-abgaskruemmer","26":"product_tag-hemi-v8-auspuffkruemmer","27":"product_tag-hemi-v8-kruemmer","28":"product_tag-jeep","29":"product_tag-mopar","30":"product_tag-mopar-abgaskruemmer","31":"product_tag-mopar-auspuffkruemmer","32":"product_tag-mopar-kruemmer","33":"product_tag-mopar-kruemmer-hemi","34":"product_tag-mopar10","35":"product_tag-wagoneer","36":"product_tag-ws","38":"first","39":"instock","40":"taxable","41":"shipping-taxable","42":"purchasable","43":"product-type-variable"},"bundled_by":[],"bundle_stock_status":"instock","bundle_stock_quantity":12,"bundle_virtual":false,"bundle_layout":"","bundle_add_to_cart_form_location":"","bundle_editable_in_cart":false,"bundle_sold_individually_context":"","bundle_item_grouping":"","bundle_min_size":"","bundle_max_size":"","bundle_price":[],"bundled_items":[],"bundle_sell_ids":[],"exclude_global_add_ons":[],"addons":[],"acf":[],"_links":{"self":[{"href":"https:\/\/kraftwerk-shop.cc\/cs\/wp-json\/wp\/v2\/product\/68351680","targetHints":{"allow":["GET"]}}],"collection":[{"href":"https:\/\/kraftwerk-shop.cc\/cs\/wp-json\/wp\/v2\/product"}],"about":[{"href":"https:\/\/kraftwerk-shop.cc\/cs\/wp-json\/wp\/v2\/types\/product"}],"replies":[{"embeddable":true,"href":"https:\/\/kraftwerk-shop.cc\/cs\/wp-json\/wp\/v2\/comments?post=68351680"}],"version-history":[{"count":0,"href":"https:\/\/kraftwerk-shop.cc\/cs\/wp-json\/wp\/v2\/product\/68351680\/revisions"}],"wp:featuredmedia":[{"embeddable":true,"href":"https:\/\/kraftwerk-shop.cc\/cs\/wp-json\/wp\/v2\/media\/68357929"}],"wp:attachment":[{"href":"https:\/\/kraftwerk-shop.cc\/cs\/wp-json\/wp\/v2\/media?parent=68351680"}],"wp:term":[{"taxonomy":"product_brand","embeddable":true,"href":"https:\/\/kraftwerk-shop.cc\/cs\/wp-json\/wp\/v2\/product_brand?post=68351680"},{"taxonomy":"product_cat","embeddable":true,"href":"https:\/\/kraftwerk-shop.cc\/cs\/wp-json\/wp\/v2\/product_cat?post=68351680"},{"taxonomy":"product_tag","embeddable":true,"href":"https:\/\/kraftwerk-shop.cc\/cs\/wp-json\/wp\/v2\/product_tag?post=68351680"}],"curies":[{"name":"wp","href":"https:\/\/api.w.org\/{rel}","templated":true}]}}