{"id":68352160,"date":"2025-10-26T11:12:14","date_gmt":"2025-10-26T10:12:14","guid":{"rendered":"https:\/\/kraftwerk-shop.cc\/?post_type=product&#038;p=68352160"},"modified":"2026-02-15T01:26:07","modified_gmt":"2026-02-15T00:26:07","slug":"afe-sani-studeneho-vzduchu-challenger-57-shaker","status":"publish","type":"product","link":"https:\/\/kraftwerk-shop.cc\/cs\/produkt\/afe-cold-air-intake-challenger-57-shaker\/","title":{"rendered":"S\u00e1n\u00ed studen\u00e9ho vzduchu aFe Momentum GT Challenger 5.7 Shaker"},"content":{"rendered":"<h1>aFe POWER 50-70126R Momentum GT Pro 5R Syst\u00e9m s\u00e1n\u00ed studen\u00e9ho vzduchu pro Dodge Challenger 5.7 Shaker<\/h1>\n<p>&nbsp;<\/p>\n<p><strong>Unik\u00e1tn\u00ed bydlen\u00ed<\/strong><br \/>\nPouzdro z tepeln\u011b odoln\u00e9ho materi\u00e1lu navr\u017een\u00e9 v syst\u00e9mu CAD zaji\u0161\u0165uje nejni\u017e\u0161\u00ed mo\u017enou teplotu s\u00e1n\u00ed.<br \/>\nRota\u010dn\u011b tvarovan\u00e9 pouzdro je vyrobeno z \u010dern\u00e9ho zes\u00ed\u0165ovan\u00e9ho polyethylenu.<\/p>\n<p><strong>Sac\u00ed potrub\u00ed<\/strong><br \/>\nTento syst\u00e9m vyu\u017e\u00edv\u00e1 sac\u00ed potrub\u00ed navr\u017een\u00e9 v syst\u00e9mu CAD, kter\u00e9 bylo vyvinuto na zku\u0161ebn\u00ed stolici a vyrobeno rota\u010dn\u00edm procesem, aby bylo zaru\u010deno co nejv\u011bt\u0161\u00ed zv\u00fd\u0161en\u00ed v\u00fdkonu a dokonal\u00e9 p\u0159izp\u016fsoben\u00ed.<\/p>\n<p><strong>Velk\u00fd 5vrstv\u00fd v\u00fdkonn\u00fd vzduchov\u00fd filtr<\/strong><br \/>\nInovativn\u00ed rozhran\u00ed filtru a krytu je navr\u017eeno tak, aby poskytovalo co nejv\u011bt\u0161\u00ed \u010disti\u010d vzduchu. Tento 10palcov\u00fd \u010disti\u010d vzduchu s 360stup\u0148ov\u00fdm radi\u00e1ln\u00edm pr\u016ftokem m\u00e1 ov\u00e1lnou p\u0159\u00edrubu o rozm\u011brech 6 x 4 palce a p\u0159edolejovan\u00e9 m\u00e9dium Pro 5R s p\u011bti vrstvami postupn\u011b jemn\u011bj\u0161\u00ed bavln\u011bn\u00e9 g\u00e1zy pro maxim\u00e1ln\u00ed v\u00fdkon. Poskytuje va\u0161emu motoru nejv\u011bt\u0161\u00ed mno\u017estv\u00ed vysoce proud\u00edc\u00edho vzduchu a ve v\u011bt\u0161in\u011b p\u0159\u00edpad\u016f p\u0159in\u00e1\u0161\u00ed nejvy\u0161\u0161\u00ed n\u00e1r\u016fst v\u00fdkonu. Toto m\u00e9dium je ide\u00e1ln\u00ed pro pou\u017eit\u00ed na ulici a\/nebo na okruhu. Jeho obr\u00e1cen\u00e1 horn\u00ed \u010d\u00e1st poskytuje v\u011bt\u0161\u00ed plochu filtru, co\u017e vede k del\u0161\u00edm servisn\u00edm interval\u016fm.<\/p>\n<p><strong>Vysoce kvalitn\u00ed instala\u010dn\u00ed materi\u00e1l<\/strong><br \/>\n\u0160nekov\u00e9 svorky z nerezov\u00e9 oceli a zes\u00edlen\u00e1 silikonov\u00e1 hadice zaji\u0161\u0165uj\u00ed stabilitu a trvanlivost a tak\u00e9 bezpe\u010dnou a snadnou instalaci. Sac\u00ed syst\u00e9my Momentum jsou navr\u017eeny s co nejmen\u0161\u00edm po\u010dtem jednotliv\u00fdch d\u00edl\u016f, aby byla zaji\u0161t\u011bna rychl\u00e1 a snadn\u00e1 instalace.<\/p>\n<p>&nbsp;<\/p>\n<p><strong>podrobnosti<\/strong><\/p>\n<p>- + 17 PS, + 27 NM maxim\u00e1ln\u00ed zv\u00fd\u0161en\u00ed v\u00fdkonu<br \/>\n- 12% v\u011bt\u0161\u00ed pr\u016ftok ne\u017e standardn\u00ed vzduchov\u00fd filtr<br \/>\n- Sac\u00ed potrub\u00ed vyvinut\u00e9 v syst\u00e9mu CAD<br \/>\n- P\u0159edem promazan\u00fd, omyvateln\u00fd a opakovan\u011b pou\u017eiteln\u00fd vzduchov\u00fd filtr Pro 10R pro maxim\u00e1ln\u00ed v\u00fdkon<br \/>\n- Ut\u011bsn\u011bn\u00e1 sk\u0159\u00ed\u0148 sni\u017euje teplotu nas\u00e1van\u00e9ho vzduchu a optimalizuje v\u00fdkon, zat\u00edmco<br \/>\n- P\u0159\u00edvod vzduchu na kapot\u011b a p\u0159\u00edvod vzduchu do sv\u011btlomet\u016f z\u016fstaly zachov\u00e1ny (pouze u model\u016f od roku 2015).<br \/>\n- Dokonal\u00e1 p\u0159esnost ulo\u017een\u00ed<\/p>\n<p>&nbsp;<\/p>\n<p><strong>Vhodn\u00e9 pro:<\/strong><\/p>\n<table width=\"904\">\n<tbody>\n<tr>\n<td width=\"81\"><strong>Rok v\u00fdstavby<\/strong><\/td>\n<td width=\"199\"><strong>Zna\u010dka<\/strong><\/td>\n<td width=\"174\"><strong>Model<\/strong><\/td>\n<td width=\"369\"><strong>Varianta<\/strong><\/td>\n<td width=\"81\"><strong>Motor<\/strong><\/td>\n<\/tr>\n<tr>\n<td width=\"81\">2015-2023<\/td>\n<td width=\"199\">Dodge<\/td>\n<td width=\"174\">Challenger<\/td>\n<td width=\"369\">Shaker<\/td>\n<td width=\"81\">V8-5,7 L<\/td>\n<\/tr>\n<\/tbody>\n<\/table>\n<p>&nbsp;<\/p>\n<p>Tento syst\u00e9m s\u00e1n\u00ed vzduchu je vhodn\u00fd pouze pro modely s <strong>Kapota Mopar Shaker<\/strong>.<\/p>\n<p>Tento sac\u00ed syst\u00e9m je <strong>ne<\/strong> kompatibiln\u00ed s aFe POWER Silver Buller Throttle Body Spacer 46-32007.<\/p>\n<p>&nbsp;<\/p>","protected":false},"excerpt":{"rendered":"<p>2015 - 2023, pouze pro Shaker<\/p>","protected":false},"featured_media":68352167,"comment_status":"open","ping_status":"closed","template":"","meta":{"_acf_changed":false},"product_brand":[16879],"product_cat":[10262,2501],"product_tag":[176,177,165,248,249,250,251,252,419,420,2066,2373,4526,52,91,19356,16880,498,2441,826,824,54,825,49,3853,126,20273,57,822,10786,500],"class_list":{"0":"post-68352160","1":"product","2":"type-product","3":"status-publish","4":"has-post-thumbnail","6":"product_brand-afe-power","7":"product_cat-alle-produkte","8":"product_cat-challenger-57-ansaugung","9":"product_tag-176","10":"product_tag-177","11":"product_tag-165","12":"product_tag-248","13":"product_tag-249","14":"product_tag-250","15":"product_tag-251","16":"product_tag-252","17":"product_tag-419","18":"product_tag-420","19":"product_tag-2066","20":"product_tag-2373","21":"product_tag-4526","22":"product_tag-300c","23":"product_tag-5-7","24":"product_tag-50-70126r","25":"product_tag-advanced-flow-engineering","26":"product_tag-afe","27":"product_tag-afe-power","28":"product_tag-ansaugung","29":"product_tag-cai","30":"product_tag-challenger","31":"product_tag-cold-air-intake","32":"product_tag-dodge","33":"product_tag-dodge-challenger","34":"product_tag-hemi","35":"product_tag-keintuev","36":"product_tag-luftfilter","37":"product_tag-momentum","38":"product_tag-shaker","39":"product_tag-sportluftfilter","40":"product_shipping_class-deutschlandohne","42":"first","43":"instock","44":"taxable","45":"shipping-taxable","46":"purchasable","47":"product-type-simple"},"bundled_by":[],"bundle_stock_status":"instock","bundle_stock_quantity":2,"bundle_virtual":false,"bundle_layout":"","bundle_add_to_cart_form_location":"","bundle_editable_in_cart":false,"bundle_sold_individually_context":"","bundle_item_grouping":"","bundle_min_size":"","bundle_max_size":"","bundle_price":[],"bundled_items":[],"bundle_sell_ids":[],"exclude_global_add_ons":[],"addons":[],"acf":[],"_links":{"self":[{"href":"https:\/\/kraftwerk-shop.cc\/cs\/wp-json\/wp\/v2\/product\/68352160","targetHints":{"allow":["GET"]}}],"collection":[{"href":"https:\/\/kraftwerk-shop.cc\/cs\/wp-json\/wp\/v2\/product"}],"about":[{"href":"https:\/\/kraftwerk-shop.cc\/cs\/wp-json\/wp\/v2\/types\/product"}],"replies":[{"embeddable":true,"href":"https:\/\/kraftwerk-shop.cc\/cs\/wp-json\/wp\/v2\/comments?post=68352160"}],"version-history":[{"count":0,"href":"https:\/\/kraftwerk-shop.cc\/cs\/wp-json\/wp\/v2\/product\/68352160\/revisions"}],"wp:featuredmedia":[{"embeddable":true,"href":"https:\/\/kraftwerk-shop.cc\/cs\/wp-json\/wp\/v2\/media\/68352167"}],"wp:attachment":[{"href":"https:\/\/kraftwerk-shop.cc\/cs\/wp-json\/wp\/v2\/media?parent=68352160"}],"wp:term":[{"taxonomy":"product_brand","embeddable":true,"href":"https:\/\/kraftwerk-shop.cc\/cs\/wp-json\/wp\/v2\/product_brand?post=68352160"},{"taxonomy":"product_cat","embeddable":true,"href":"https:\/\/kraftwerk-shop.cc\/cs\/wp-json\/wp\/v2\/product_cat?post=68352160"},{"taxonomy":"product_tag","embeddable":true,"href":"https:\/\/kraftwerk-shop.cc\/cs\/wp-json\/wp\/v2\/product_tag?post=68352160"}],"curies":[{"name":"wp","href":"https:\/\/api.w.org\/{rel}","templated":true}]}}