{"id":68352193,"date":"2025-10-26T13:42:06","date_gmt":"2025-10-26T12:42:06","guid":{"rendered":"https:\/\/kraftwerk-shop.cc\/?post_type=product&#038;p=68352193"},"modified":"2026-04-07T18:04:26","modified_gmt":"2026-04-07T16:04:26","slug":"vysokoprutokovy-vzduchovy-filtr-afe-challenger-shaker","status":"publish","type":"product","link":"https:\/\/kraftwerk-shop.cc\/cs\/produkt\/afe-high-flow-luftfilter-challenger-shaker\/","title":{"rendered":"aFe Magnum FLOW Pro 5R sportovn\u00ed vzduchov\u00fd filtr Challenger shaker"},"content":{"rendered":"<h1>sportovn\u00ed vzduchov\u00fd filtr aFe Magnum FLOW Pro 5R 10-10404R pro t\u0159epa\u010dky Dodge Challenger 5.7 a 6.4<\/h1>\n<h2>N\u00e1hradn\u00ed filtr, kter\u00fd nahrazuje p\u016fvodn\u00ed vzduchov\u00fd filtr<\/h2>\n<p><strong>Srovn\u00e1vac\u00ed \u010d\u00edslo Mopar: <\/strong>68256672AA<\/p>\n<p>&nbsp;<\/p>\n<p><strong>Filtra\u010dn\u00ed m\u00e9dium Pro 5R:<\/strong><br \/>\n5 vrstev postupn\u011b jemn\u011bj\u0161\u00edch, olejovan\u00fdch bavln\u011bn\u00fdch filtra\u010dn\u00edch m\u00e9di\u00ed pro maxim\u00e1ln\u00ed v\u00fdkon. Jedine\u010dn\u00e1 struktura 5 vrstev zaji\u0161\u0165uje vysok\u00fd pr\u016ftok vzduchu i p\u0159i zne\u010di\u0161t\u011bn\u00ed.<br \/>\nPr\u016ftok vzduchu je a\u017e o 16% vy\u0161\u0161\u00ed ne\u017e u standardn\u00edho vzduchov\u00e9ho filtru.<br \/>\nVzduchov\u00fd filtr lze n\u011bkolikr\u00e1t vyprat a znovu pou\u017e\u00edt.<\/p>\n<div class=\"description std\">\n<p><b>Zaoblen\u00e9 z\u00e1hyby:<\/b><br \/>\nVysoce v\u00fdkonn\u00e9 vzduchov\u00e9 filtry aFe POWER maj\u00ed zaoblenou, rovnom\u011brn\u011b rozm\u00edst\u011bnou konstrukci z\u00e1hyb\u016f, kter\u00e1 umo\u017e\u0148uje v\u011bt\u0161\u00ed vyu\u017eitelnou plochu filtru, a t\u00edm zaji\u0161\u0165uje vy\u0161\u0161\u00ed pr\u016ftok a v\u011bt\u0161\u00ed kapacitu zadr\u017eov\u00e1n\u00ed prachu.<\/p>\n<p><b>Progresivn\u00ed n\u00e1razov\u00e9 t\u011bsn\u011bn\u00ed:<\/b><br \/>\nHladk\u00fd t\u011bsnic\u00ed povrch se p\u0159izp\u016fsob\u00ed i nerovn\u00e9mu t\u011blesu filtru a zaru\u010duje dokonal\u00e9 uchycen\u00ed vzduchov\u00e9ho filtru.<\/p>\n<p><strong>100 % Polyuretanov\u00fd podstavec a horn\u00ed \u010d\u00e1st:<\/strong><br \/>\nTento vysoce v\u00fdkonn\u00fd vzduchov\u00fd filtr od spole\u010dnosti aFe POWER se skl\u00e1d\u00e1 z polyuretanov\u00e9 z\u00e1kladny a polyuretanov\u00e9 horn\u00ed \u010d\u00e1sti. Na rozd\u00edl od jin\u00fdch materi\u00e1l\u016f, kter\u00e9 po opakovan\u00fdch tepeln\u00fdch cyklech v motorov\u00e9m prostoru degraduj\u00ed, si polyuretan zachov\u00e1v\u00e1 sv\u016fj p\u016fvodn\u00ed tvar.<\/p>\n<p>&nbsp;<\/p>\n<\/div>\n<p><strong>Vhodn\u00e9 pro:<\/strong><\/p>\n<table width=\"904\">\n<tbody>\n<tr>\n<td width=\"81\"><strong>Rok v\u00fdstavby<\/strong><\/td>\n<td width=\"199\"><strong>Zna\u010dka<\/strong><\/td>\n<td width=\"174\"><strong>Model<\/strong><\/td>\n<td width=\"369\"><strong>Varianta<\/strong><\/td>\n<td width=\"81\"><strong>Motor<\/strong><\/td>\n<\/tr>\n<tr>\n<td width=\"81\">2015-2023<\/td>\n<td width=\"199\">Dodge<\/td>\n<td width=\"174\">Challenger<\/td>\n<td width=\"369\">Shaker<\/td>\n<td width=\"81\">V8-5,7 L<\/td>\n<\/tr>\n<tr>\n<td width=\"81\">2015-2023<\/td>\n<td width=\"199\">Dodge<\/td>\n<td width=\"174\">Challenger<\/td>\n<td width=\"369\">Shaker<\/td>\n<td width=\"81\">V8 6,4 L<\/td>\n<\/tr>\n<\/tbody>\n<\/table>\n<p>&nbsp;<\/p>","protected":false},"excerpt":{"rendered":"<p>2015 - 2023, pouze pro Shaker<\/p>","protected":false},"featured_media":68352197,"comment_status":"open","ping_status":"closed","template":"","meta":{"_acf_changed":false},"product_brand":[16879],"product_cat":[2501,1679,2512,1703],"product_tag":[19358,249,250,251,252,419,420,2066,2373,4526,91,93,19359,16880,498,2441,54,49,3853,502,36,57,503,10786,500,501],"class_list":{"0":"post-68352193","1":"product","2":"type-product","3":"status-publish","4":"has-post-thumbnail","6":"product_brand-afe-power","7":"product_cat-challenger-57-ansaugung","8":"product_cat-challenger-57-wartung","9":"product_cat-challenger-64-ansaugung","10":"product_cat-challenger-64-wartung","11":"product_tag-10-10404r","12":"product_tag-249","13":"product_tag-250","14":"product_tag-251","15":"product_tag-252","16":"product_tag-419","17":"product_tag-420","18":"product_tag-2066","19":"product_tag-2373","20":"product_tag-4526","21":"product_tag-5-7","22":"product_tag-6-4","23":"product_tag-68256672aa","24":"product_tag-advanced-flow-engineering","25":"product_tag-afe","26":"product_tag-afe-power","27":"product_tag-challenger","28":"product_tag-dodge","29":"product_tag-dodge-challenger","30":"product_tag-filtereinsatz","31":"product_tag-kraftwerk","32":"product_tag-luftfilter","33":"product_tag-luftfiltereinsatz","34":"product_tag-shaker","35":"product_tag-sportluftfilter","36":"product_tag-tauschfilter","37":"product_shipping_class-deutschlandohne","39":"first","40":"instock","41":"taxable","42":"shipping-taxable","43":"purchasable","44":"product-type-simple"},"bundled_by":[],"bundle_stock_status":"instock","bundle_stock_quantity":2,"bundle_virtual":false,"bundle_layout":"","bundle_add_to_cart_form_location":"","bundle_editable_in_cart":false,"bundle_sold_individually_context":"","bundle_item_grouping":"","bundle_min_size":"","bundle_max_size":"","bundle_price":[],"bundled_items":[],"bundle_sell_ids":[],"exclude_global_add_ons":[],"addons":[],"acf":[],"_links":{"self":[{"href":"https:\/\/kraftwerk-shop.cc\/cs\/wp-json\/wp\/v2\/product\/68352193","targetHints":{"allow":["GET"]}}],"collection":[{"href":"https:\/\/kraftwerk-shop.cc\/cs\/wp-json\/wp\/v2\/product"}],"about":[{"href":"https:\/\/kraftwerk-shop.cc\/cs\/wp-json\/wp\/v2\/types\/product"}],"replies":[{"embeddable":true,"href":"https:\/\/kraftwerk-shop.cc\/cs\/wp-json\/wp\/v2\/comments?post=68352193"}],"version-history":[{"count":0,"href":"https:\/\/kraftwerk-shop.cc\/cs\/wp-json\/wp\/v2\/product\/68352193\/revisions"}],"wp:featuredmedia":[{"embeddable":true,"href":"https:\/\/kraftwerk-shop.cc\/cs\/wp-json\/wp\/v2\/media\/68352197"}],"wp:attachment":[{"href":"https:\/\/kraftwerk-shop.cc\/cs\/wp-json\/wp\/v2\/media?parent=68352193"}],"wp:term":[{"taxonomy":"product_brand","embeddable":true,"href":"https:\/\/kraftwerk-shop.cc\/cs\/wp-json\/wp\/v2\/product_brand?post=68352193"},{"taxonomy":"product_cat","embeddable":true,"href":"https:\/\/kraftwerk-shop.cc\/cs\/wp-json\/wp\/v2\/product_cat?post=68352193"},{"taxonomy":"product_tag","embeddable":true,"href":"https:\/\/kraftwerk-shop.cc\/cs\/wp-json\/wp\/v2\/product_tag?post=68352193"}],"curies":[{"name":"wp","href":"https:\/\/api.w.org\/{rel}","templated":true}]}}