{"id":68352231,"date":"2025-10-26T22:04:56","date_gmt":"2025-10-26T21:04:56","guid":{"rendered":"https:\/\/kraftwerk-shop.cc\/?post_type=product&#038;p=68352231"},"modified":"2026-02-15T01:26:05","modified_gmt":"2026-02-15T00:26:05","slug":"ngk-platinove-svicky-7781","status":"publish","type":"product","link":"https:\/\/kraftwerk-shop.cc\/cs\/produkt\/ngk-platinum-zuendkerzen-7781\/","title":{"rendered":"Zapalovac\u00ed sv\u00ed\u010dky NGK Laser Platinum 7781 (6 kus\u016f)"},"content":{"rendered":"<h1>NGK Laser Platinum zapalovac\u00ed sv\u00ed\u010dky 7781 (6 kus\u016f) pro Chrysler 300C, Dodge Challenger, Charger a Magnum 3,5<\/h1>\n<p>&nbsp;<\/p>\n<p><span lang=\"DE\"><strong>Srovn\u00e1vac\u00ed \u010d\u00edslo Mopar:<\/strong>\u00a0SZFR5LP13G<\/span><\/p>\n<p>&nbsp;<\/p>\n<p><strong>Vhodn\u00e9 pro:<\/strong><\/p>\n<table width=\"1042\">\n<tbody>\n<tr>\n<td width=\"138\"><strong>Rok v\u00fdstavby<\/strong><\/td>\n<td width=\"168\"><strong>Zna\u010dka<\/strong><\/td>\n<td width=\"144\"><strong>Model<\/strong><\/td>\n<td width=\"366\"><strong>Verze<\/strong><\/td>\n<td width=\"226\"><strong>Motor<\/strong><\/td>\n<\/tr>\n<tr>\n<td width=\"138\">2011<\/td>\n<td width=\"168\">Dodge<\/td>\n<td width=\"144\">Nitro<\/td>\n<td width=\"366\">Detonator, Heat, SXT, Shock<\/td>\n<td width=\"226\">4.0L<\/td>\n<\/tr>\n<tr>\n<td width=\"138\">2010<\/td>\n<td width=\"168\">Chrysler<\/td>\n<td width=\"144\">300<\/td>\n<td width=\"366\">Limited, S, Touring<\/td>\n<td width=\"226\">3.5L<\/td>\n<\/tr>\n<tr>\n<td width=\"138\">2010<\/td>\n<td width=\"168\">Chrysler<\/td>\n<td width=\"144\">Sebring<\/td>\n<td width=\"366\">Limited<\/td>\n<td width=\"226\">3.5L<\/td>\n<\/tr>\n<tr>\n<td width=\"138\">2010<\/td>\n<td width=\"168\">Chrysler<\/td>\n<td width=\"144\">Town &amp; Country<\/td>\n<td width=\"366\">Limited, Touring, Touring Plus<\/td>\n<td width=\"226\">4.0L<\/td>\n<\/tr>\n<tr>\n<td width=\"138\">2010<\/td>\n<td width=\"168\">Dodge<\/td>\n<td width=\"144\">Avenger<\/td>\n<td width=\"366\">R\/T<\/td>\n<td width=\"226\">3.5L<\/td>\n<\/tr>\n<tr>\n<td width=\"138\">2010<\/td>\n<td width=\"168\">Dodge<\/td>\n<td width=\"144\">Challenger<\/td>\n<td width=\"366\">SE<\/td>\n<td width=\"226\">3.5L<\/td>\n<\/tr>\n<tr>\n<td width=\"138\">2010<\/td>\n<td width=\"168\">Dodge<\/td>\n<td width=\"144\">Charger<\/td>\n<td width=\"366\">Pursuit, SE, SXT<\/td>\n<td width=\"226\">3.5L<\/td>\n<\/tr>\n<tr>\n<td width=\"138\">2010<\/td>\n<td width=\"168\">Dodge<\/td>\n<td width=\"144\">Grand Caravan<\/td>\n<td width=\"366\">SXT<\/td>\n<td width=\"226\">4.0L<\/td>\n<\/tr>\n<tr>\n<td width=\"138\">2010<\/td>\n<td width=\"168\">Dodge<\/td>\n<td width=\"144\">Journey<\/td>\n<td width=\"366\">Pos\u00e1dka, R\/T, SXT<\/td>\n<td width=\"226\">3.5L<\/td>\n<\/tr>\n<tr>\n<td width=\"138\">2010<\/td>\n<td width=\"168\">Dodge<\/td>\n<td width=\"144\">Nitro<\/td>\n<td width=\"366\">Detonator, Heat, SXT, Shock<\/td>\n<td width=\"226\">4.0L<\/td>\n<\/tr>\n<tr>\n<td width=\"138\">2009<\/td>\n<td width=\"168\">Chrysler<\/td>\n<td width=\"144\">300<\/td>\n<td width=\"366\">Limited, Signature Series, Touring<\/td>\n<td width=\"226\">3.5L<\/td>\n<\/tr>\n<tr>\n<td width=\"138\">2009<\/td>\n<td width=\"168\">Chrysler<\/td>\n<td width=\"144\">Sebring<\/td>\n<td width=\"366\">Limited<\/td>\n<td width=\"226\">3.5L<\/td>\n<\/tr>\n<tr>\n<td width=\"138\">2009<\/td>\n<td width=\"168\">Chrysler<\/td>\n<td width=\"144\">Town &amp; Country<\/td>\n<td width=\"366\">Limited, Touring<\/td>\n<td width=\"226\">4.0L<\/td>\n<\/tr>\n<tr>\n<td width=\"138\">2009<\/td>\n<td width=\"168\">Dodge<\/td>\n<td width=\"144\">Avenger<\/td>\n<td width=\"366\">R\/T<\/td>\n<td width=\"226\">3.5L<\/td>\n<\/tr>\n<tr>\n<td width=\"138\">2009<\/td>\n<td width=\"168\">Dodge<\/td>\n<td width=\"144\">Challenger<\/td>\n<td width=\"366\">SE<\/td>\n<td width=\"226\">3.5L<\/td>\n<\/tr>\n<tr>\n<td width=\"138\">2009<\/td>\n<td width=\"168\">Dodge<\/td>\n<td width=\"144\">Charger<\/td>\n<td width=\"366\">Pursuit, SE, SXT<\/td>\n<td width=\"226\">3.5L<\/td>\n<\/tr>\n<tr>\n<td width=\"138\">2009<\/td>\n<td width=\"168\">Dodge<\/td>\n<td width=\"144\">Grand Caravan<\/td>\n<td width=\"366\">SXT<\/td>\n<td width=\"226\">4.0L<\/td>\n<\/tr>\n<tr>\n<td width=\"138\">2009<\/td>\n<td width=\"168\">Dodge<\/td>\n<td width=\"144\">Journey<\/td>\n<td width=\"366\">R\/T, SXT<\/td>\n<td width=\"226\">3.5L<\/td>\n<\/tr>\n<tr>\n<td width=\"138\">2009<\/td>\n<td width=\"168\">Dodge<\/td>\n<td width=\"144\">Nitro<\/td>\n<td width=\"366\">R\/T<\/td>\n<td width=\"226\">4.0L<\/td>\n<\/tr>\n<tr>\n<td width=\"138\">2008<\/td>\n<td width=\"168\">Chrysler<\/td>\n<td width=\"144\">300<\/td>\n<td width=\"366\">LX, Limited, Touring<\/td>\n<td width=\"226\">2,7 L, 3,5 L<\/td>\n<\/tr>\n<tr>\n<td width=\"138\">2008<\/td>\n<td width=\"168\">Chrysler<\/td>\n<td width=\"144\">Pacifica<\/td>\n<td width=\"366\">LX, Limited, Touring<\/td>\n<td width=\"226\">4.0L<\/td>\n<\/tr>\n<tr>\n<td width=\"138\">2008<\/td>\n<td width=\"168\">Chrysler<\/td>\n<td width=\"144\">Sebring<\/td>\n<td width=\"366\">Limited<\/td>\n<td width=\"226\">3.5L<\/td>\n<\/tr>\n<tr>\n<td width=\"138\">2008<\/td>\n<td width=\"168\">Chrysler<\/td>\n<td width=\"144\">Town &amp; Country<\/td>\n<td width=\"366\">Limited<\/td>\n<td width=\"226\">4.0L<\/td>\n<\/tr>\n<tr>\n<td width=\"138\">2008<\/td>\n<td width=\"168\">Dodge<\/td>\n<td width=\"144\">Avenger<\/td>\n<td width=\"366\">R\/T<\/td>\n<td width=\"226\">3.5L<\/td>\n<\/tr>\n<tr>\n<td width=\"138\">2008<\/td>\n<td width=\"168\">Dodge<\/td>\n<td width=\"144\">Charger<\/td>\n<td width=\"366\">Pursuit, SE, SXT<\/td>\n<td width=\"226\">2,7 L, 3,5 L<\/td>\n<\/tr>\n<tr>\n<td width=\"138\">2008<\/td>\n<td width=\"168\">Dodge<\/td>\n<td width=\"144\">Grand Caravan<\/td>\n<td width=\"366\">SXT<\/td>\n<td width=\"226\">4.0L<\/td>\n<\/tr>\n<tr>\n<td width=\"138\">2008<\/td>\n<td width=\"168\">Dodge<\/td>\n<td width=\"144\">Magnum<\/td>\n<td width=\"366\">SE, SXT<\/td>\n<td width=\"226\">2,7 L, 3,5 L<\/td>\n<\/tr>\n<tr>\n<td width=\"138\">2008<\/td>\n<td width=\"168\">Dodge<\/td>\n<td width=\"144\">Nitro<\/td>\n<td width=\"366\">R\/T<\/td>\n<td width=\"226\">4.0L<\/td>\n<\/tr>\n<tr>\n<td width=\"138\">2007<\/td>\n<td width=\"168\">Chrysler<\/td>\n<td width=\"144\">300<\/td>\n<td width=\"366\">Z\u00e1kladn\u00ed verze, Limited, Touring<\/td>\n<td width=\"226\">2,7 L, 3,5 L<\/td>\n<\/tr>\n<tr>\n<td width=\"138\">2007<\/td>\n<td width=\"168\">Chrysler<\/td>\n<td width=\"144\">Pacifica<\/td>\n<td width=\"366\">Z\u00e1kladn\u00ed verze, Limited, Touring<\/td>\n<td width=\"226\">4.0L<\/td>\n<\/tr>\n<tr>\n<td width=\"138\">2007<\/td>\n<td width=\"168\">Chrysler<\/td>\n<td width=\"144\">Sebring<\/td>\n<td width=\"366\">Limited<\/td>\n<td width=\"226\">3.5L<\/td>\n<\/tr>\n<tr>\n<td width=\"138\">2007<\/td>\n<td width=\"168\">Dodge<\/td>\n<td width=\"144\">Charger<\/td>\n<td width=\"366\">Pursuit, SE, SXT<\/td>\n<td width=\"226\">2,7 L, 3,5 L<\/td>\n<\/tr>\n<tr>\n<td width=\"138\">2007<\/td>\n<td width=\"168\">Dodge<\/td>\n<td width=\"144\">Magnum<\/td>\n<td width=\"366\">SE, SXT<\/td>\n<td width=\"226\">2,7 L, 3,5 L<\/td>\n<\/tr>\n<tr>\n<td width=\"138\">2007<\/td>\n<td width=\"168\">Dodge<\/td>\n<td width=\"144\">Nitro<\/td>\n<td width=\"366\">R\/T<\/td>\n<td width=\"226\">4.0L<\/td>\n<\/tr>\n<tr>\n<td width=\"138\">2006<\/td>\n<td width=\"168\">Chrysler<\/td>\n<td width=\"144\">300<\/td>\n<td width=\"366\">Base, Touring<\/td>\n<td width=\"226\">2,7 L, 3,5 L<\/td>\n<\/tr>\n<tr>\n<td width=\"138\">2006<\/td>\n<td width=\"168\">Chrysler<\/td>\n<td width=\"144\">Pacifica<\/td>\n<td width=\"366\">Z\u00e1kladn\u00ed verze, Limited, Touring<\/td>\n<td width=\"226\">3.5L<\/td>\n<\/tr>\n<tr>\n<td width=\"138\">2006<\/td>\n<td width=\"168\">Dodge<\/td>\n<td width=\"144\">Charger<\/td>\n<td width=\"366\">SE<\/td>\n<td width=\"226\">3.5L<\/td>\n<\/tr>\n<tr>\n<td width=\"138\">2006<\/td>\n<td width=\"168\">Dodge<\/td>\n<td width=\"144\">Magnum<\/td>\n<td width=\"366\">SE, SXT<\/td>\n<td width=\"226\">2,7 L, 3,5 L<\/td>\n<\/tr>\n<tr>\n<td width=\"138\">2005<\/td>\n<td width=\"168\">Chrysler<\/td>\n<td width=\"144\">300<\/td>\n<td width=\"366\">Base, Touring<\/td>\n<td width=\"226\">2,7 L, 3,5 L<\/td>\n<\/tr>\n<tr>\n<td width=\"138\">2005<\/td>\n<td width=\"168\">Chrysler<\/td>\n<td width=\"144\">Pacifica<\/td>\n<td width=\"366\">Z\u00e1kladn\u00ed verze, Limited, Touring<\/td>\n<td width=\"226\">3.5L<\/td>\n<\/tr>\n<tr>\n<td width=\"138\">2005<\/td>\n<td width=\"168\">Dodge<\/td>\n<td width=\"144\">Magnum<\/td>\n<td width=\"366\">SE, SXT<\/td>\n<td width=\"226\">2,7 L, 3,5 L<\/td>\n<\/tr>\n<tr>\n<td width=\"138\">2004<\/td>\n<td width=\"168\">Chrysler<\/td>\n<td width=\"144\">300M<\/td>\n<td width=\"366\">Base, Special<\/td>\n<td width=\"226\">3.5L<\/td>\n<\/tr>\n<tr>\n<td width=\"138\">2004<\/td>\n<td width=\"168\">Chrysler<\/td>\n<td width=\"144\">Concorde<\/td>\n<td width=\"366\">LX, LXi, Limited<\/td>\n<td width=\"226\">2,7 L, 3,5 L<\/td>\n<\/tr>\n<tr>\n<td width=\"138\">2004<\/td>\n<td width=\"168\">Chrysler<\/td>\n<td width=\"144\">Pacifica<\/td>\n<td width=\"366\">Base<\/td>\n<td width=\"226\">3.5L<\/td>\n<\/tr>\n<tr>\n<td width=\"138\">2004<\/td>\n<td width=\"168\">Dodge<\/td>\n<td width=\"144\">Intrepid<\/td>\n<td width=\"366\">ES, SE<\/td>\n<td width=\"226\">2,7 L, 3,5 L<\/td>\n<\/tr>\n<tr>\n<td width=\"138\">2003<\/td>\n<td width=\"168\">Chrysler<\/td>\n<td width=\"144\">300M<\/td>\n<td width=\"366\">Base, Special<\/td>\n<td width=\"226\">3.5L<\/td>\n<\/tr>\n<tr>\n<td width=\"138\">2003<\/td>\n<td width=\"168\">Chrysler<\/td>\n<td width=\"144\">Concorde<\/td>\n<td width=\"366\">LX, LXi, Limited<\/td>\n<td width=\"226\">2,7 L, 3,5 L<\/td>\n<\/tr>\n<tr>\n<td width=\"138\">2003<\/td>\n<td width=\"168\">Dodge<\/td>\n<td width=\"144\">Intrepid<\/td>\n<td width=\"366\">ES, SE<\/td>\n<td width=\"226\">2,7 L, 3,5 L<\/td>\n<\/tr>\n<tr>\n<td width=\"138\">2002<\/td>\n<td width=\"168\">Chrysler<\/td>\n<td width=\"144\">300M<\/td>\n<td width=\"366\">Base, Special<\/td>\n<td width=\"226\">3.5L<\/td>\n<\/tr>\n<tr>\n<td width=\"138\">2002<\/td>\n<td width=\"168\">Chrysler<\/td>\n<td width=\"144\">Concorde<\/td>\n<td width=\"366\">LXi, Limited<\/td>\n<td width=\"226\">3.5L<\/td>\n<\/tr>\n<tr>\n<td width=\"138\">2002<\/td>\n<td width=\"168\">Dodge<\/td>\n<td width=\"144\">Intrepid<\/td>\n<td width=\"366\">ES, R\/T, SE<\/td>\n<td width=\"226\">3.5L<\/td>\n<\/tr>\n<\/tbody>\n<\/table>\n<p>&nbsp;<\/p>\n<p>Spole\u010dnost NGK je jedn\u00edm z p\u0159edn\u00edch v\u00fdrobc\u016f zapalovac\u00edch sv\u00ed\u010dek a celosv\u011btov\u011b p\u0159edstavuje nejvy\u0161\u0161\u00ed kvalitu, spolehlivost a nejmodern\u011bj\u0161\u00ed technologii zapalov\u00e1n\u00ed. Ve spolupr\u00e1ci se spole\u010dnost\u00ed Mopar nab\u00edz\u00ed NGK zapalovac\u00ed sv\u00ed\u010dky v kvalit\u011b origin\u00e1ln\u00edho vybaven\u00ed pro optim\u00e1ln\u00ed v\u00fdkon motoru, n\u00edzkou spot\u0159ebu paliva a sn\u00ed\u017een\u00ed emis\u00ed.<\/p>\n<p>A\u0165 u\u017e jde o \u00fadr\u017ebu nebo v\u00fdm\u011bnu - zapalovac\u00ed sv\u00ed\u010dky NGK zaji\u0161\u0165uj\u00ed p\u0159esnou jiskru a maxim\u00e1ln\u00ed \u00fa\u010dinnost p\u0159i ka\u017edodenn\u00edm pou\u017e\u00edv\u00e1n\u00ed vozidla.<\/p>","protected":false},"excerpt":{"rendered":"<p>NGK Laser Platinum Z\u00fcndkerzen 7781 (6 St\u00fcck) f\u00fcr Chrysler 300C, Dodge Challenger, Charger und Magnum 3.5 &nbsp; Mopar Vergleichsnummer:\u00a0SZFR5LP13G &nbsp;<\/p>","protected":false},"featured_media":68352233,"comment_status":"open","ping_status":"closed","template":"","meta":{"_acf_changed":false},"product_brand":[19384],"product_cat":[10262,7267,19668,7281,7306,19825,7358],"product_tag":[19380,88,52,19383,19377,19381,19382,54,53,48,49,19379,55,7221,1117,19378,198,19376,3574,1073],"class_list":{"0":"post-68352231","1":"product","2":"type-product","3":"status-publish","4":"has-post-thumbnail","6":"product_brand-ngk","7":"product_cat-alle-produkte","8":"product_cat-300c-35-zuendung","9":"product_cat-pacifica-zuendung","10":"product_cat-challenger-35-zuendung","11":"product_cat-charger-35-zuendung","12":"product_cat-journey-wartung","13":"product_cat-magnum-35-zuendung","14":"product_tag-04606591ab","15":"product_tag-3-5","16":"product_tag-300c","17":"product_tag-4606591ab","18":"product_tag-19377","19":"product_tag-ap5405","20":"product_tag-app5405","21":"product_tag-challenger","22":"product_tag-charger","23":"product_tag-chrysler","24":"product_tag-dodge","25":"product_tag-laser-platinum","26":"product_tag-magnum","27":"product_tag-mopar10","28":"product_tag-ngk","29":"product_tag-szfr5lp13g","30":"product_tag-v6","31":"product_tag-zfr5lp13g","32":"product_tag-zuendkerze","33":"product_tag-zuendkerzen","35":"first","36":"instock","37":"taxable","38":"shipping-taxable","39":"purchasable","40":"product-type-simple"},"bundled_by":[],"bundle_stock_status":"instock","bundle_stock_quantity":1,"bundle_virtual":false,"bundle_layout":"","bundle_add_to_cart_form_location":"","bundle_editable_in_cart":false,"bundle_sold_individually_context":"","bundle_item_grouping":"","bundle_min_size":"","bundle_max_size":"","bundle_price":[],"bundled_items":[],"bundle_sell_ids":[],"exclude_global_add_ons":[],"addons":[],"acf":[],"_links":{"self":[{"href":"https:\/\/kraftwerk-shop.cc\/cs\/wp-json\/wp\/v2\/product\/68352231","targetHints":{"allow":["GET"]}}],"collection":[{"href":"https:\/\/kraftwerk-shop.cc\/cs\/wp-json\/wp\/v2\/product"}],"about":[{"href":"https:\/\/kraftwerk-shop.cc\/cs\/wp-json\/wp\/v2\/types\/product"}],"replies":[{"embeddable":true,"href":"https:\/\/kraftwerk-shop.cc\/cs\/wp-json\/wp\/v2\/comments?post=68352231"}],"version-history":[{"count":0,"href":"https:\/\/kraftwerk-shop.cc\/cs\/wp-json\/wp\/v2\/product\/68352231\/revisions"}],"wp:featuredmedia":[{"embeddable":true,"href":"https:\/\/kraftwerk-shop.cc\/cs\/wp-json\/wp\/v2\/media\/68352233"}],"wp:attachment":[{"href":"https:\/\/kraftwerk-shop.cc\/cs\/wp-json\/wp\/v2\/media?parent=68352231"}],"wp:term":[{"taxonomy":"product_brand","embeddable":true,"href":"https:\/\/kraftwerk-shop.cc\/cs\/wp-json\/wp\/v2\/product_brand?post=68352231"},{"taxonomy":"product_cat","embeddable":true,"href":"https:\/\/kraftwerk-shop.cc\/cs\/wp-json\/wp\/v2\/product_cat?post=68352231"},{"taxonomy":"product_tag","embeddable":true,"href":"https:\/\/kraftwerk-shop.cc\/cs\/wp-json\/wp\/v2\/product_tag?post=68352231"}],"curies":[{"name":"wp","href":"https:\/\/api.w.org\/{rel}","templated":true}]}}