{"id":68352249,"date":"2025-10-26T23:42:54","date_gmt":"2025-10-26T22:42:54","guid":{"rendered":"https:\/\/kraftwerk-shop.cc\/?post_type=product&#038;p=68352249"},"modified":"2026-02-15T01:26:14","modified_gmt":"2026-02-15T00:26:14","slug":"borla-x-pipe-60607-camaro","status":"publish","type":"product","link":"https:\/\/kraftwerk-shop.cc\/cs\/produkt\/borla-x-pipe-60607-camaro\/","title":{"rendered":"Potrub\u00ed Borla X-Pipe Camaro SS"},"content":{"rendered":"<h1>Borla X-Pipe 60607 pro Chevrolet Camaro SS od 2016 do 2024<\/h1>\n<p>&nbsp;<\/p>\n<p>Tato trubka BORLA\u00ae X-pipe s pr\u016fm\u011brem 2,75 palce a st\u0159edov\u00fdmi trubkami je. <strong>POUZE<\/strong> ur\u010den\u00e9 pro pou\u017eit\u00ed se syst\u00e9my BORLA\u00ae Axle-Back.<br \/>\nV kombinaci se syst\u00e9mem Axle-Back vznik\u00e1 syst\u00e9m Cat-Back\u2122. Sou\u010d\u00e1st\u00ed modelu 60607 je trubka Merge X-Pipe, kter\u00e1 uvol\u0148uje dal\u0161\u00ed v\u00fdkon motoru a umo\u017e\u0148uje dos\u00e1hnout individu\u00e1ln\u00edho zvuku.<br \/>\nModel 60607 zp\u016fsobuje, \u017ee ventily AFM jsou ne\u00fa\u010dinn\u00e9. Je ur\u010den pro vozidla s manu\u00e1ln\u00ed p\u0159evodovkou, kter\u00e1 nejsou vybavena ventily AFM, ale lze jej pou\u017e\u00edt i k odstran\u011bn\u00ed ventil\u016f AFM u vozidel s automatickou p\u0159evodovkou.<br \/>\nVyjmut\u00ed ventil\u016f AFM zp\u016fsob\u00ed rozsv\u00edcen\u00ed kontrolky motoru. U vozidel s ventily AFM pou\u017eijte potrub\u00ed X-Pipe se st\u0159edov\u00fdmi trubkami 60610.<br \/>\nPokud chcete utlumit zvuk syst\u00e9mu s reproduktorem 60607, m\u016f\u017eete st\u0159edov\u00e9 trubky nahradit rezon\u00e1torem 60608.<br \/>\nVyrobeno z vysoce kvalitn\u00ed nerezov\u00e9 oceli T-304, kter\u00e1 je lep\u0161\u00ed ne\u017e \u0159ada T-400 (nap\u0159. 409), aby v\u00e1m poskytla absolutn\u011b nejlep\u0161\u00ed v\u00fdkon a trvanlivost.<br \/>\nVelmi hladk\u00e9 ohyby trn\u016f maximalizuj\u00ed pr\u016ftok a v\u00fdkon a p\u0159esn\u00e1 v\u00fdroba \u0159\u00edzen\u00e1 po\u010d\u00edta\u010dem (CNC) zaji\u0161\u0165uje p\u0159esn\u00e9 uchycen\u00ed.<\/p>\n<p>&nbsp;<\/p>\n<p><strong>Vhodn\u00e9 pro:<\/strong><\/p>\n<table width=\"1042\">\n<tbody>\n<tr>\n<td width=\"138\"><strong>Rok v\u00fdstavby<\/strong><\/td>\n<td width=\"168\"><strong>Zna\u010dka<\/strong><\/td>\n<td width=\"144\"><strong>Model<\/strong><\/td>\n<td width=\"366\"><strong>Verze<\/strong><\/td>\n<td width=\"226\"><strong>Motor<\/strong><\/td>\n<\/tr>\n<tr>\n<td width=\"138\">2016\u20132024<\/td>\n<td width=\"168\">Chevrolet<\/td>\n<td width=\"144\">Camaro<\/td>\n<td width=\"366\">Kup\u00e9<\/td>\n<td width=\"226\">6.2L<\/td>\n<\/tr>\n<\/tbody>\n<\/table>\n<p><strong>Ne<\/strong> vhodn\u00e9 pro kabriolet!<\/p>","protected":false},"excerpt":{"rendered":"<p>2016\u20132024<\/p>","protected":false},"featured_media":68352251,"comment_status":"open","ping_status":"closed","template":"","meta":{"_acf_changed":false},"product_brand":[17170],"product_cat":[3073],"product_tag":[101,19385,1032,191,189,20273,4784],"class_list":{"0":"post-68352249","1":"product","2":"type-product","3":"status-publish","4":"has-post-thumbnail","6":"product_brand-borla","7":"product_cat-camaro-62-2016-abgasanlage","8":"product_tag-6-2","9":"product_tag-19385","10":"product_tag-borla","11":"product_tag-camaro","12":"product_tag-chevrolet","13":"product_tag-keintuev","14":"product_tag-x-pipe","15":"product_shipping_class-speditionsversand-1","17":"first","18":"onbackorder","19":"taxable","20":"shipping-taxable","21":"purchasable","22":"product-type-simple"},"bundled_by":[],"bundle_stock_status":"onbackorder","bundle_stock_quantity":0,"bundle_virtual":false,"bundle_layout":"","bundle_add_to_cart_form_location":"","bundle_editable_in_cart":false,"bundle_sold_individually_context":"","bundle_item_grouping":"","bundle_min_size":"","bundle_max_size":"","bundle_price":[],"bundled_items":[],"bundle_sell_ids":[],"exclude_global_add_ons":[],"addons":[],"acf":[],"_links":{"self":[{"href":"https:\/\/kraftwerk-shop.cc\/cs\/wp-json\/wp\/v2\/product\/68352249","targetHints":{"allow":["GET"]}}],"collection":[{"href":"https:\/\/kraftwerk-shop.cc\/cs\/wp-json\/wp\/v2\/product"}],"about":[{"href":"https:\/\/kraftwerk-shop.cc\/cs\/wp-json\/wp\/v2\/types\/product"}],"replies":[{"embeddable":true,"href":"https:\/\/kraftwerk-shop.cc\/cs\/wp-json\/wp\/v2\/comments?post=68352249"}],"version-history":[{"count":0,"href":"https:\/\/kraftwerk-shop.cc\/cs\/wp-json\/wp\/v2\/product\/68352249\/revisions"}],"wp:featuredmedia":[{"embeddable":true,"href":"https:\/\/kraftwerk-shop.cc\/cs\/wp-json\/wp\/v2\/media\/68352251"}],"wp:attachment":[{"href":"https:\/\/kraftwerk-shop.cc\/cs\/wp-json\/wp\/v2\/media?parent=68352249"}],"wp:term":[{"taxonomy":"product_brand","embeddable":true,"href":"https:\/\/kraftwerk-shop.cc\/cs\/wp-json\/wp\/v2\/product_brand?post=68352249"},{"taxonomy":"product_cat","embeddable":true,"href":"https:\/\/kraftwerk-shop.cc\/cs\/wp-json\/wp\/v2\/product_cat?post=68352249"},{"taxonomy":"product_tag","embeddable":true,"href":"https:\/\/kraftwerk-shop.cc\/cs\/wp-json\/wp\/v2\/product_tag?post=68352249"}],"curies":[{"name":"wp","href":"https:\/\/api.w.org\/{rel}","templated":true}]}}