{"id":68352435,"date":"2025-11-01T13:37:04","date_gmt":"2025-11-01T12:37:04","guid":{"rendered":"https:\/\/kraftwerk-shop.cc\/?post_type=product&#038;p=68352435"},"modified":"2026-04-01T16:39:43","modified_gmt":"2026-04-01T14:39:43","slug":"olejovy-filtr-mopar-68466307ab","status":"publish","type":"product","link":"https:\/\/kraftwerk-shop.cc\/cs\/produkt\/mopar-oelfilter-68466307ab\/","title":{"rendered":"Olejov\u00fd filtr Mopar (68466307AB)"},"content":{"rendered":"<h1>Olejov\u00fd filtr Mopar 68466307AB - <span lang=\"DE\" style=\"display: inline;\">Origin\u00e1ln\u00ed n\u00e1hradn\u00ed d\u00edl<\/span><\/h1>\n<p>&nbsp;<\/p>\n<p><span lang=\"DE\"><strong>\u010c\u00edslo d\u00edlu Mopar:<\/strong>\u00a068466307AB<br \/>\n<strong>Nahrazeno:<\/strong>\u00a0\u00a068466307AA<\/span><\/p>\n<p>&nbsp;<\/p>\n<p>Aby v\u00e1\u0161 motor spr\u00e1vn\u011b fungoval, mus\u00ed pracovat na \u010dist\u00fd motorov\u00fd olej. Probl\u00e9m je, \u017ee i nov\u00fd motorov\u00fd olej m\u016f\u017ee obsahovat ne\u010distoty. Ty se p\u0159i pr\u016fchodu motorem hromad\u00ed na r\u016fzn\u00fdch \u010d\u00e1stech a ovliv\u0148uj\u00ed efektivn\u00ed pohyb.<br \/>\nSpolu s dal\u0161\u00edmi ne\u010distotami, kter\u00e9 motorov\u00fd olej na sv\u00e9 cest\u011b motorem zachyt\u00ed, mohou v\u00e9st k po\u0161kozen\u00ed motoru.<br \/>\nZde p\u0159ich\u00e1z\u00ed ke slovu origin\u00e1ln\u00ed olejov\u00fd filtr Mopar.<br \/>\nZachycuje tyto mikroskopick\u00e9 pot\u00ed\u017ee na cest\u011b oleje, tak\u017ee do motoru proud\u00ed pouze \u010dist\u00fd olej, kter\u00fd ma\u017ee r\u016fzn\u00e9 d\u00edly. \u010casem se v\u0161ak i kvalitn\u00ed olejov\u00fd filtr porouch\u00e1 nebo ucpe.<\/p>\n<p>P\u0159i v\u00fdm\u011bn\u011b olejov\u00e9ho filtru se ujist\u011bte, \u017ee pou\u017e\u00edv\u00e1te origin\u00e1ln\u00ed olejov\u00fd filtr Mopar. Jedn\u00e1 se o jedin\u00e9 filtry, u nich\u017e je zaru\u010dena kompatibilita s motorem va\u0161eho modelu, tak\u017ee se m\u016f\u017eete spolehnout na jejich vhodnost a v\u00fdkon.<br \/>\nOlejov\u00fd filtr od jin\u00e9ho dodavatele nemus\u00ed b\u00fdt 100% dokonale padnouc\u00ed, co\u017e m\u016f\u017ee v\u00e9st k net\u011bsnostem nebo je\u0161t\u011b z\u00e1va\u017en\u011bj\u0161\u00edm probl\u00e9m\u016fm s motorem.<br \/>\nOrigin\u00e1ln\u00ed olejov\u00e9 filtry Mopar vhodn\u00e9 pro va\u0161e vozidlo najdete v na\u0161\u00ed online nab\u00eddce.<\/p>\n<p>Tento origin\u00e1ln\u00ed d\u00edl Mopar spl\u0148uje v\u0161echny po\u017eadavky tov\u00e1rn\u00ed z\u00e1ruky.<\/p>\n<p>&nbsp;<\/p>\n<p><strong>Vhodn\u00e9 pro:<\/strong><\/p>\n<table width=\"910\">\n<tbody>\n<tr>\n<td width=\"138\"><strong>Rok v\u00fdstavby<\/strong><\/td>\n<td width=\"168\"><strong>Zna\u010dka<\/strong><\/td>\n<td width=\"144\"><strong>Model<\/strong><\/td>\n<td width=\"234\"><strong>Verze<\/strong><\/td>\n<td width=\"226\"><strong>Motor<\/strong><\/td>\n<\/tr>\n<tr>\n<td width=\"138\">2026<\/td>\n<td width=\"168\">Ram<\/td>\n<td width=\"144\">1500<\/td>\n<td width=\"234\">Big Horn, Express, Laramie, Limited, Limited Longhorn, Lone Star, RHO, Rebel, Tradesman, Tungsten, Warlock<\/td>\n<td width=\"226\">3.0L<\/td>\n<\/tr>\n<tr>\n<td width=\"138\">2025<\/td>\n<td width=\"168\">Ram<\/td>\n<td width=\"144\">1500<\/td>\n<td width=\"234\">Big Horn, Laramie, Limited, Limited Longhorn, Lone Star, RHO, Rebel, Tradesman, Tradesman HFE, Tungsten, Warlock<\/td>\n<td width=\"226\">3.0L<\/td>\n<\/tr>\n<tr>\n<td width=\"138\">2024<\/td>\n<td width=\"168\">Jeep<\/td>\n<td width=\"144\">Grand Wagoneer<\/td>\n<td width=\"234\">Base, Obsidian, Series II, Series III, Series III Obsidian<\/td>\n<td width=\"226\">3.0L<\/td>\n<\/tr>\n<tr>\n<td width=\"138\">2024<\/td>\n<td width=\"168\">Jeep<\/td>\n<td width=\"144\">Grand Wagoneer L<\/td>\n<td width=\"234\">Z\u00e1kladna, Obsidi\u00e1n, S\u00e9rie III, S\u00e9rie III Obsidi\u00e1n<\/td>\n<td width=\"226\">3.0L<\/td>\n<\/tr>\n<tr>\n<td width=\"138\">2024<\/td>\n<td width=\"168\">Jeep<\/td>\n<td width=\"144\">Wagoneer<\/td>\n<td width=\"234\">Base, Carbide, Series II, Series III<\/td>\n<td width=\"226\">3.0L<\/td>\n<\/tr>\n<tr>\n<td width=\"138\">2024<\/td>\n<td width=\"168\">Jeep<\/td>\n<td width=\"144\">Wagoneer L<\/td>\n<td width=\"234\">Base, Carbide, Series II, Series III<\/td>\n<td width=\"226\">3.0L<\/td>\n<\/tr>\n<tr>\n<td width=\"138\">2023<\/td>\n<td width=\"168\">Jeep<\/td>\n<td width=\"144\">Grand Wagoneer<\/td>\n<td width=\"234\">Base, Obsidian, Series II, Series III, Series III Obsidian<\/td>\n<td width=\"226\">3.0L<\/td>\n<\/tr>\n<tr>\n<td width=\"138\">2023<\/td>\n<td width=\"168\">Jeep<\/td>\n<td width=\"144\">Grand Wagoneer L<\/td>\n<td width=\"234\">Base, Obsidian, Series II, Series III, Series III Obsidian<\/td>\n<td width=\"226\">3.0L<\/td>\n<\/tr>\n<tr>\n<td width=\"138\">2023<\/td>\n<td width=\"168\">Jeep<\/td>\n<td width=\"144\">Wagoneer<\/td>\n<td width=\"234\">Base, Carbide, Series II, Series III<\/td>\n<td width=\"226\">3.0L<\/td>\n<\/tr>\n<tr>\n<td width=\"138\">2023<\/td>\n<td width=\"168\">Jeep<\/td>\n<td width=\"144\">Wagoneer L<\/td>\n<td width=\"234\">Base, Carbide, Series II, Series III<\/td>\n<td width=\"226\">3.0L<\/td>\n<\/tr>\n<tr>\n<td width=\"138\">2022<\/td>\n<td width=\"168\">Jeep<\/td>\n<td width=\"144\">Grand Wagoneer<\/td>\n<td width=\"234\">Obsidian, Series I, Series II, Series III<\/td>\n<td width=\"226\">3.0L<\/td>\n<\/tr>\n<\/tbody>\n<\/table>\n<p>&nbsp;<\/p>","protected":false},"excerpt":{"rendered":"<p>Origin\u00e1ln\u00ed d\u00edl Mopar<\/p>","protected":false},"featured_media":68352654,"comment_status":"open","ping_status":"closed","template":"","meta":{"_acf_changed":false},"product_brand":[16270],"product_cat":[10262,17019,19391],"product_tag":[475,89,10815,19138,19395,19393,49,648,19394,15667,675,36,31,8813,9424,16271,16273,16275,16272,16274,7221,404,2320,647,2453,655,34,35,86,3507,6831,19136,674,19139,38,37,673],"class_list":{"0":"post-68352435","1":"product","2":"type-product","3":"status-publish","4":"has-post-thumbnail","6":"product_brand-mopar","7":"product_cat-alle-produkte","8":"product_cat-wagoneer-30-wartung","9":"product_cat-1500-30-wartung","10":"product_tag-475","11":"product_tag-3-0","12":"product_tag-30-tt-hurricane","13":"product_tag-3-0l-tt-hurricane","14":"product_tag-68466307aa","15":"product_tag-68466307ab","16":"product_tag-dodge","17":"product_tag-filter","18":"product_tag-ho","19":"product_tag-hurricane","20":"product_tag-inspektion","21":"product_tag-kraftwerk","22":"product_tag-mopar","23":"product_tag-mopar-autoteile","24":"product_tag-mopar-ersatzteile","25":"product_tag-mopar-ersatzteile-kaufen","26":"product_tag-mopar-performance-teile","27":"product_tag-mopar-teile-katalog","28":"product_tag-mopar-teile-online","29":"product_tag-mopar-tuningteile","30":"product_tag-mopar10","31":"product_tag-motoroel","32":"product_tag-motoroelfilter","33":"product_tag-oelfilter","34":"product_tag-oelfilter10","35":"product_tag-oelwechsel","36":"product_tag-original","37":"product_tag-originalersatzteil","38":"product_tag-ram","39":"product_tag-ram1500","40":"product_tag-ram-dt","41":"product_tag-rho","42":"product_tag-service","43":"product_tag-so","44":"product_tag-teile","45":"product_tag-wartung","46":"product_tag-zubehoer","48":"first","49":"instock","50":"taxable","51":"shipping-taxable","52":"purchasable","53":"product-type-simple"},"bundled_by":[],"bundle_stock_status":"instock","bundle_stock_quantity":12,"bundle_virtual":false,"bundle_layout":"","bundle_add_to_cart_form_location":"","bundle_editable_in_cart":false,"bundle_sold_individually_context":"","bundle_item_grouping":"","bundle_min_size":"","bundle_max_size":"","bundle_price":[],"bundled_items":[],"bundle_sell_ids":[],"exclude_global_add_ons":[],"addons":[],"acf":[],"_links":{"self":[{"href":"https:\/\/kraftwerk-shop.cc\/cs\/wp-json\/wp\/v2\/product\/68352435","targetHints":{"allow":["GET"]}}],"collection":[{"href":"https:\/\/kraftwerk-shop.cc\/cs\/wp-json\/wp\/v2\/product"}],"about":[{"href":"https:\/\/kraftwerk-shop.cc\/cs\/wp-json\/wp\/v2\/types\/product"}],"replies":[{"embeddable":true,"href":"https:\/\/kraftwerk-shop.cc\/cs\/wp-json\/wp\/v2\/comments?post=68352435"}],"version-history":[{"count":0,"href":"https:\/\/kraftwerk-shop.cc\/cs\/wp-json\/wp\/v2\/product\/68352435\/revisions"}],"wp:featuredmedia":[{"embeddable":true,"href":"https:\/\/kraftwerk-shop.cc\/cs\/wp-json\/wp\/v2\/media\/68352654"}],"wp:attachment":[{"href":"https:\/\/kraftwerk-shop.cc\/cs\/wp-json\/wp\/v2\/media?parent=68352435"}],"wp:term":[{"taxonomy":"product_brand","embeddable":true,"href":"https:\/\/kraftwerk-shop.cc\/cs\/wp-json\/wp\/v2\/product_brand?post=68352435"},{"taxonomy":"product_cat","embeddable":true,"href":"https:\/\/kraftwerk-shop.cc\/cs\/wp-json\/wp\/v2\/product_cat?post=68352435"},{"taxonomy":"product_tag","embeddable":true,"href":"https:\/\/kraftwerk-shop.cc\/cs\/wp-json\/wp\/v2\/product_tag?post=68352435"}],"curies":[{"name":"wp","href":"https:\/\/api.w.org\/{rel}","templated":true}]}}