{"id":68352441,"date":"2025-11-01T14:52:34","date_gmt":"2025-11-01T13:52:34","guid":{"rendered":"https:\/\/kraftwerk-shop.cc\/?post_type=product&#038;p=68352441"},"modified":"2026-02-15T01:26:20","modified_gmt":"2026-02-15T00:26:20","slug":"zapalovaci-svicky-mopar-68265438ab","status":"publish","type":"product","link":"https:\/\/kraftwerk-shop.cc\/cs\/produkt\/mopar-zuendkerzen-68265438ab\/","title":{"rendered":"Zapalovac\u00ed sv\u00ed\u010dky Mopar 68265438AB (6 kus\u016f)"},"content":{"rendered":"<h1>Origin\u00e1ln\u00ed zapalovac\u00ed sv\u00ed\u010dky Mopar 68265438AB (6 kus\u016f) pro Jeep Wagoneer, Grand Wagoneer a RAM 3.0<\/h1>\n<p>&nbsp;<\/p>\n<p><span lang=\"DE\"><strong>\u010c\u00edslo d\u00edlu Mopar:<\/strong>\u00a068265438AB<br \/>\n<strong>Nahrazeno: <\/strong>68265438AA<\/span><\/p>\n<p>&nbsp;<\/p>\n<p><strong>Vhodn\u00e9 pro:<\/strong><\/p>\n<table style=\"height: 739px;\" width=\"1035\">\n<tbody>\n<tr>\n<td style=\"width: 151.683px;\"><strong>Rok v\u00fdstavby<\/strong><\/td>\n<td style=\"width: 184.567px;\"><strong>Zna\u010dka<\/strong><\/td>\n<td style=\"width: 158.267px;\"><strong>Model<\/strong><\/td>\n<td style=\"width: 256.933px;\"><strong>Verze<\/strong><\/td>\n<td style=\"width: 248.15px;\"><strong>Motor<\/strong><\/td>\n<\/tr>\n<tr>\n<td style=\"width: 151.683px;\">2026<\/td>\n<td style=\"width: 184.567px;\">Ram<\/td>\n<td style=\"width: 158.267px;\">1500<\/td>\n<td style=\"width: 256.933px;\">Big Horn, Express, Laramie, Limited, Limited Longhorn, Lone Star, RHO, Rebel, Tradesman, Tungsten, Warlock<\/td>\n<td style=\"width: 248.15px;\">3.0L<\/td>\n<\/tr>\n<tr>\n<td style=\"width: 151.683px;\">2025<\/td>\n<td style=\"width: 184.567px;\">Ram<\/td>\n<td style=\"width: 158.267px;\">1500<\/td>\n<td style=\"width: 256.933px;\">Big Horn, Laramie, Limited, Limited Longhorn, Lone Star, RHO, Rebel, Tradesman, Tradesman HFE, Tungsten, Warlock<\/td>\n<td style=\"width: 248.15px;\">3.0L<\/td>\n<\/tr>\n<tr>\n<td style=\"width: 151.683px;\">2024<\/td>\n<td style=\"width: 184.567px;\">Jeep<\/td>\n<td style=\"width: 158.267px;\">Grand Wagoneer<\/td>\n<td style=\"width: 256.933px;\">Base, Obsidian, Series II, Series III, Series III Obsidian<\/td>\n<td style=\"width: 248.15px;\">3.0L<\/td>\n<\/tr>\n<tr>\n<td style=\"width: 151.683px;\">2024<\/td>\n<td style=\"width: 184.567px;\">Jeep<\/td>\n<td style=\"width: 158.267px;\">Grand Wagoneer L<\/td>\n<td style=\"width: 256.933px;\">Z\u00e1kladna, Obsidi\u00e1n, S\u00e9rie III, S\u00e9rie III Obsidi\u00e1n<\/td>\n<td style=\"width: 248.15px;\">3.0L<\/td>\n<\/tr>\n<tr>\n<td style=\"width: 151.683px;\">2024<\/td>\n<td style=\"width: 184.567px;\">Jeep<\/td>\n<td style=\"width: 158.267px;\">Wagoneer<\/td>\n<td style=\"width: 256.933px;\">Base, Carbide, Series II, Series III<\/td>\n<td style=\"width: 248.15px;\">3.0L<\/td>\n<\/tr>\n<tr>\n<td style=\"width: 151.683px;\">2024<\/td>\n<td style=\"width: 184.567px;\">Jeep<\/td>\n<td style=\"width: 158.267px;\">Wagoneer L<\/td>\n<td style=\"width: 256.933px;\">Base, Carbide, Series II, Series III<\/td>\n<td style=\"width: 248.15px;\">3.0L<\/td>\n<\/tr>\n<tr>\n<td style=\"width: 151.683px;\">2023<\/td>\n<td style=\"width: 184.567px;\">Jeep<\/td>\n<td style=\"width: 158.267px;\">Grand Wagoneer<\/td>\n<td style=\"width: 256.933px;\">Base, Obsidian, Series II, Series III, Series III Obsidian<\/td>\n<td style=\"width: 248.15px;\">3.0L<\/td>\n<\/tr>\n<tr>\n<td style=\"width: 151.683px;\">2023<\/td>\n<td style=\"width: 184.567px;\">Jeep<\/td>\n<td style=\"width: 158.267px;\">Grand Wagoneer L<\/td>\n<td style=\"width: 256.933px;\">Base, Obsidian, Series II, Series III, Series III Obsidian<\/td>\n<td style=\"width: 248.15px;\">3.0L<\/td>\n<\/tr>\n<tr>\n<td style=\"width: 151.683px;\">2023<\/td>\n<td style=\"width: 184.567px;\">Jeep<\/td>\n<td style=\"width: 158.267px;\">Wagoneer<\/td>\n<td style=\"width: 256.933px;\">Base, Carbide, Series II, Series III<\/td>\n<td style=\"width: 248.15px;\">3.0L<\/td>\n<\/tr>\n<tr>\n<td style=\"width: 151.683px;\">2023<\/td>\n<td style=\"width: 184.567px;\">Jeep<\/td>\n<td style=\"width: 158.267px;\">Wagoneer L<\/td>\n<td style=\"width: 256.933px;\">Base, Carbide, Series II, Series III<\/td>\n<td style=\"width: 248.15px;\">3.0L<\/td>\n<\/tr>\n<tr>\n<td style=\"width: 151.683px;\">2022<\/td>\n<td style=\"width: 184.567px;\">Jeep<\/td>\n<td style=\"width: 158.267px;\">Grand Wagoneer<\/td>\n<td style=\"width: 256.933px;\">Obsidian, Series I, Series II, Series III<\/td>\n<td style=\"width: 248.15px;\">3.0L<\/td>\n<\/tr>\n<\/tbody>\n<\/table>\n<p>&nbsp;<\/p>\n<h4>Pro\u010d si vybrat origin\u00e1ln\u00ed n\u00e1hradn\u00ed d\u00edly Mopar?<\/h4>\n<p><strong>Perfektn\u011b padnouc\u00ed a \u0161pi\u010dkov\u00e9 kvality:<\/strong> Origin\u00e1ln\u00ed n\u00e1hradn\u00ed d\u00edly Mopar jsou vyr\u00e1b\u011bny podle p\u0159\u00edsn\u00fdch specifikac\u00ed v\u00fdrobce, co\u017e znamen\u00e1, \u017ee do va\u0161eho vozidla dokonale pasuj\u00ed. T\u00edm je zaji\u0161t\u011bna nejen snadn\u00e1 instalace, ale tak\u00e9 optim\u00e1ln\u00ed funkce a bezpe\u010dnost.<\/p>\n<p><strong>Spolehlivost a trvanlivost:<\/strong> D\u00edky pou\u017eit\u00ed vysoce kvalitn\u00edch materi\u00e1l\u016f a p\u0159\u00edsn\u00e9 kontrole kvality zaji\u0161\u0165uj\u00ed n\u00e1hradn\u00ed d\u00edly Mopar spolehlivou funkci va\u0161eho vozidla i v extr\u00e9mn\u00edch podm\u00ednk\u00e1ch. Jsou navr\u017eeny tak, aby vydr\u017eely a maximalizovaly v\u00fdkon va\u0161eho vozidla.<\/p>\n<p>&nbsp;<\/p>","protected":false},"excerpt":{"rendered":"<p>Origin\u00e1ln\u00ed d\u00edl Mopar<\/p>","protected":false},"featured_media":68353246,"comment_status":"open","ping_status":"closed","template":"","meta":{"_acf_changed":false},"product_brand":[16270],"product_cat":[10262,17019,17012,19391,19962],"product_tag":[475,89,10815,19138,19397,19396,49,476,6545,19394,15667,50,31,8813,9424,16271,16273,16275,16272,16274,7221,86,19136,19139,198,5276,3574,1073],"class_list":{"0":"post-68352441","1":"product","2":"type-product","3":"status-publish","4":"has-post-thumbnail","6":"product_brand-mopar","7":"product_cat-alle-produkte","8":"product_cat-wagoneer-30-wartung","9":"product_cat-wagoneer-30-zuendung","10":"product_cat-1500-30-wartung","11":"product_cat-1500-30-zuendung","12":"product_tag-475","13":"product_tag-3-0","14":"product_tag-30-tt-hurricane","15":"product_tag-3-0l-tt-hurricane","16":"product_tag-68265438aa","17":"product_tag-68265438ab","18":"product_tag-dodge","19":"product_tag-dt","20":"product_tag-grand-wagoneer","21":"product_tag-ho","22":"product_tag-hurricane","23":"product_tag-jeep","24":"product_tag-mopar","25":"product_tag-mopar-autoteile","26":"product_tag-mopar-ersatzteile","27":"product_tag-mopar-ersatzteile-kaufen","28":"product_tag-mopar-performance-teile","29":"product_tag-mopar-teile-katalog","30":"product_tag-mopar-teile-online","31":"product_tag-mopar-tuningteile","32":"product_tag-mopar10","33":"product_tag-ram","34":"product_tag-rho","35":"product_tag-so","36":"product_tag-v6","37":"product_tag-wagoneer","38":"product_tag-zuendkerze","39":"product_tag-zuendkerzen","40":"product_shipping_class-deutschlandohne","42":"first","43":"instock","44":"taxable","45":"shipping-taxable","46":"purchasable","47":"product-type-simple"},"bundled_by":[],"bundle_stock_status":"instock","bundle_stock_quantity":2,"bundle_virtual":false,"bundle_layout":"","bundle_add_to_cart_form_location":"","bundle_editable_in_cart":false,"bundle_sold_individually_context":"","bundle_item_grouping":"","bundle_min_size":"","bundle_max_size":"","bundle_price":[],"bundled_items":[],"bundle_sell_ids":[],"exclude_global_add_ons":[],"addons":[],"acf":[],"_links":{"self":[{"href":"https:\/\/kraftwerk-shop.cc\/cs\/wp-json\/wp\/v2\/product\/68352441","targetHints":{"allow":["GET"]}}],"collection":[{"href":"https:\/\/kraftwerk-shop.cc\/cs\/wp-json\/wp\/v2\/product"}],"about":[{"href":"https:\/\/kraftwerk-shop.cc\/cs\/wp-json\/wp\/v2\/types\/product"}],"replies":[{"embeddable":true,"href":"https:\/\/kraftwerk-shop.cc\/cs\/wp-json\/wp\/v2\/comments?post=68352441"}],"version-history":[{"count":0,"href":"https:\/\/kraftwerk-shop.cc\/cs\/wp-json\/wp\/v2\/product\/68352441\/revisions"}],"wp:featuredmedia":[{"embeddable":true,"href":"https:\/\/kraftwerk-shop.cc\/cs\/wp-json\/wp\/v2\/media\/68353246"}],"wp:attachment":[{"href":"https:\/\/kraftwerk-shop.cc\/cs\/wp-json\/wp\/v2\/media?parent=68352441"}],"wp:term":[{"taxonomy":"product_brand","embeddable":true,"href":"https:\/\/kraftwerk-shop.cc\/cs\/wp-json\/wp\/v2\/product_brand?post=68352441"},{"taxonomy":"product_cat","embeddable":true,"href":"https:\/\/kraftwerk-shop.cc\/cs\/wp-json\/wp\/v2\/product_cat?post=68352441"},{"taxonomy":"product_tag","embeddable":true,"href":"https:\/\/kraftwerk-shop.cc\/cs\/wp-json\/wp\/v2\/product_tag?post=68352441"}],"curies":[{"name":"wp","href":"https:\/\/api.w.org\/{rel}","templated":true}]}}