{"id":68352445,"date":"2025-11-01T15:09:06","date_gmt":"2025-11-01T14:09:06","guid":{"rendered":"https:\/\/kraftwerk-shop.cc\/?post_type=product&#038;p=68352445"},"modified":"2026-02-15T01:26:17","modified_gmt":"2026-02-15T00:26:17","slug":"vzduchovy-filtr-mopar-68575644ab","status":"publish","type":"product","link":"https:\/\/kraftwerk-shop.cc\/cs\/produkt\/mopar-luftfilter-68575644ab\/","title":{"rendered":"Vzduchov\u00fd filtr Mopar (68575644AB)"},"content":{"rendered":"<h1>Origin\u00e1ln\u00ed vzduchov\u00fd filtr Mopar (68575644AB) pro Jeep Wagoneer 3.0, 5.7, Grand Wagoneer 3.0, 6.4 a RAM 3.0<\/h1>\n<p>&nbsp;<\/p>\n<p><span lang=\"DE\"><strong>\u010c\u00edslo d\u00edlu Mopar:<\/strong>\u00a068575644AB<br \/>\n<strong>Nahrazeno: <\/strong>68422284AA, 68422284AB, 68518924AA, 68518924AB, 68575644AA<\/span><\/p>\n<p>&nbsp;<\/p>\n<p><strong>Vhodn\u00e9 pro:<\/strong><\/p>\n<table width=\"910\">\n<tbody>\n<tr>\n<td width=\"138\"><strong>Rok v\u00fdstavby<\/strong><\/td>\n<td width=\"168\"><strong>Zna\u010dka<\/strong><\/td>\n<td width=\"144\"><strong>Model<\/strong><\/td>\n<td width=\"234\"><strong>Verze<\/strong><\/td>\n<td width=\"226\"><strong>Motor<\/strong><\/td>\n<\/tr>\n<tr>\n<td width=\"138\">2026<\/td>\n<td width=\"168\">Ram<\/td>\n<td width=\"144\">1500<\/td>\n<td width=\"234\">Big Horn, Express, Laramie, Limited, Limited Longhorn, Lone Star, RHO, Rebel, Tradesman, Tungsten, Warlock<\/td>\n<td width=\"226\">3.0L<\/td>\n<\/tr>\n<tr>\n<td width=\"138\">2025<\/td>\n<td width=\"168\">Ram<\/td>\n<td width=\"144\">1500<\/td>\n<td width=\"234\">Big Horn, Laramie, Limited, Limited Longhorn, Lone Star, RHO, Rebel, Tradesman, Tradesman HFE, Tungsten, Warlock<\/td>\n<td width=\"226\">3.0L<\/td>\n<\/tr>\n<tr>\n<td width=\"138\">2024<\/td>\n<td width=\"168\">Jeep<\/td>\n<td width=\"144\">Grand Wagoneer<\/td>\n<td width=\"234\">Base, Obsidian, Series II, Series III, Series III Obsidian<\/td>\n<td width=\"226\">3.0L<\/td>\n<\/tr>\n<tr>\n<td width=\"138\">2024<\/td>\n<td width=\"168\">Jeep<\/td>\n<td width=\"144\">Grand Wagoneer L<\/td>\n<td width=\"234\">Z\u00e1kladna, Obsidi\u00e1n, S\u00e9rie III, S\u00e9rie III Obsidi\u00e1n<\/td>\n<td width=\"226\">3.0L<\/td>\n<\/tr>\n<tr>\n<td width=\"138\">2024<\/td>\n<td width=\"168\">Jeep<\/td>\n<td width=\"144\">Wagoneer<\/td>\n<td width=\"234\">Base, Carbide, Series II, Series III<\/td>\n<td width=\"226\">3.0L<\/td>\n<\/tr>\n<tr>\n<td width=\"138\">2023<\/td>\n<td width=\"168\">Jeep<\/td>\n<td width=\"144\">Grand Wagoneer<\/td>\n<td width=\"234\">Base, Obsidian, Series II, Series III, Series III Obsidian<\/td>\n<td width=\"226\">6.4L<\/td>\n<\/tr>\n<tr>\n<td width=\"138\">2023<\/td>\n<td width=\"168\">Jeep<\/td>\n<td width=\"144\">Wagoneer<\/td>\n<td width=\"234\">Base<\/td>\n<td width=\"226\">5.7L<\/td>\n<\/tr>\n<tr>\n<td width=\"138\">2024<\/td>\n<td width=\"168\">Jeep<\/td>\n<td width=\"144\">Wagoneer L<\/td>\n<td width=\"234\">Base, Carbide, Series II, Series III<\/td>\n<td width=\"226\">3.0L<\/td>\n<\/tr>\n<tr>\n<td width=\"138\">2023<\/td>\n<td width=\"168\">Jeep<\/td>\n<td width=\"144\">Grand Wagoneer<\/td>\n<td width=\"234\">Base, Obsidian, Series II, Series III, Series III Obsidian<\/td>\n<td width=\"226\">3.0L<\/td>\n<\/tr>\n<tr>\n<td width=\"138\">2023<\/td>\n<td width=\"168\">Jeep<\/td>\n<td width=\"144\">Grand Wagoneer L<\/td>\n<td width=\"234\">Base, Obsidian, Series II, Series III, Series III Obsidian<\/td>\n<td width=\"226\">3.0L<\/td>\n<\/tr>\n<tr>\n<td width=\"138\">2023<\/td>\n<td width=\"168\">Jeep<\/td>\n<td width=\"144\">Wagoneer<\/td>\n<td width=\"234\">Base, Carbide, Series II, Series III<\/td>\n<td width=\"226\">3.0L<\/td>\n<\/tr>\n<tr>\n<td width=\"138\">2023<\/td>\n<td width=\"168\">Jeep<\/td>\n<td width=\"144\">Wagoneer L<\/td>\n<td width=\"234\">Base, Carbide, Series II, Series III<\/td>\n<td width=\"226\">3.0L<\/td>\n<\/tr>\n<tr>\n<td width=\"138\">2022<\/td>\n<td width=\"168\">Jeep<\/td>\n<td width=\"144\">Grand Wagoneer<\/td>\n<td width=\"234\">Obsidian, Series I, Series II, Series III<\/td>\n<td width=\"226\">6.4L<\/td>\n<\/tr>\n<tr>\n<td width=\"138\">2022<\/td>\n<td width=\"168\">Jeep<\/td>\n<td width=\"144\">Wagoneer<\/td>\n<td width=\"234\">Series II, Series III<\/td>\n<td width=\"226\">5.7L<\/td>\n<\/tr>\n<tr>\n<td width=\"138\">2022<\/td>\n<td width=\"168\">Jeep<\/td>\n<td width=\"144\">Grand Wagoneer<\/td>\n<td width=\"234\">Obsidian, Series I, Series II, Series III<\/td>\n<td width=\"226\">3.0L<\/td>\n<\/tr>\n<\/tbody>\n<\/table>\n<p>&nbsp;<\/p>\n<p>&nbsp;<\/p>\n<h4>Va\u0161e prvn\u00ed volba: origin\u00e1ln\u00ed d\u00edly Mopar<\/h4>\n<p><strong>Origin\u00e1ln\u00ed kvalita od v\u00fdrobce:<\/strong> Spole\u010dnost Mopar zn\u00e1 va\u0161e vozidlo do nejmen\u0161\u00edho detailu - v\u017edy\u0165 ka\u017ed\u00fd origin\u00e1ln\u00ed d\u00edl poch\u00e1z\u00ed p\u0159\u00edmo od v\u00fdrobce. Komponenty jsou p\u0159esn\u011b p\u0159izp\u016fsobeny va\u0161emu modelu a spl\u0148uj\u00ed v\u0161echny tov\u00e1rn\u00ed specifikace. To znamen\u00e1: p\u0159esn\u00e1 mont\u00e1\u017e, optim\u00e1ln\u00ed funkce a maxim\u00e1ln\u00ed bezpe\u010dnost.<\/p>\n<p><strong>Osv\u011bd\u010den\u00e1 odolnost a spolehlivost<\/strong>Origin\u00e1ln\u00ed d\u00edly Mopar jsou z\u00e1rukou ov\u011b\u0159en\u00e9 kvality a robustn\u00edch materi\u00e1l\u016f. Byly testov\u00e1ny a vyv\u00edjeny v re\u00e1ln\u00fdch podm\u00ednk\u00e1ch, aby dlouhodob\u011b poskytovaly vysok\u00fd v\u00fdkon - bez ohledu na to, jak n\u00e1ro\u010dn\u00e9 jsou provozn\u00ed podm\u00ednky.<\/p>\n<p>&nbsp;<\/p>","protected":false},"excerpt":{"rendered":"<p>Origin\u00e1ln\u00ed d\u00edl Mopar<\/p>","protected":false},"featured_media":68352447,"comment_status":"open","ping_status":"closed","template":"","meta":{"_acf_changed":false},"product_brand":[16270],"product_cat":[10262,17003,17019,6784,6793,19390,19391],"product_tag":[19146,19145,19147,19148,19149,19398,31,8813,9424,16271,16273,16275,16272,16274,7221],"class_list":{"0":"post-68352445","1":"product","2":"type-product","3":"status-publish","4":"has-post-thumbnail","6":"product_brand-mopar","7":"product_cat-alle-produkte","8":"product_cat-wagoneer-30-ansaugung","9":"product_cat-wagoneer-30-wartung","10":"product_cat-wagoneer-64-ansaugung","11":"product_cat-wagoneer-64-wartung","12":"product_cat-1500-30-ansaugung","13":"product_cat-1500-30-wartung","14":"product_tag-68422284aa","15":"product_tag-68422284ab","16":"product_tag-68518924aa","17":"product_tag-68518924ab","18":"product_tag-68575644aa","19":"product_tag-68575644ab","20":"product_tag-mopar","21":"product_tag-mopar-autoteile","22":"product_tag-mopar-ersatzteile","23":"product_tag-mopar-ersatzteile-kaufen","24":"product_tag-mopar-performance-teile","25":"product_tag-mopar-teile-katalog","26":"product_tag-mopar-teile-online","27":"product_tag-mopar-tuningteile","28":"product_tag-mopar10","30":"first","31":"instock","32":"taxable","33":"shipping-taxable","34":"purchasable","35":"product-type-simple"},"bundled_by":[],"bundle_stock_status":"instock","bundle_stock_quantity":5,"bundle_virtual":false,"bundle_layout":"","bundle_add_to_cart_form_location":"","bundle_editable_in_cart":false,"bundle_sold_individually_context":"","bundle_item_grouping":"","bundle_min_size":"","bundle_max_size":"","bundle_price":[],"bundled_items":[],"bundle_sell_ids":[],"exclude_global_add_ons":[],"addons":[],"acf":[],"_links":{"self":[{"href":"https:\/\/kraftwerk-shop.cc\/cs\/wp-json\/wp\/v2\/product\/68352445","targetHints":{"allow":["GET"]}}],"collection":[{"href":"https:\/\/kraftwerk-shop.cc\/cs\/wp-json\/wp\/v2\/product"}],"about":[{"href":"https:\/\/kraftwerk-shop.cc\/cs\/wp-json\/wp\/v2\/types\/product"}],"replies":[{"embeddable":true,"href":"https:\/\/kraftwerk-shop.cc\/cs\/wp-json\/wp\/v2\/comments?post=68352445"}],"version-history":[{"count":0,"href":"https:\/\/kraftwerk-shop.cc\/cs\/wp-json\/wp\/v2\/product\/68352445\/revisions"}],"wp:featuredmedia":[{"embeddable":true,"href":"https:\/\/kraftwerk-shop.cc\/cs\/wp-json\/wp\/v2\/media\/68352447"}],"wp:attachment":[{"href":"https:\/\/kraftwerk-shop.cc\/cs\/wp-json\/wp\/v2\/media?parent=68352445"}],"wp:term":[{"taxonomy":"product_brand","embeddable":true,"href":"https:\/\/kraftwerk-shop.cc\/cs\/wp-json\/wp\/v2\/product_brand?post=68352445"},{"taxonomy":"product_cat","embeddable":true,"href":"https:\/\/kraftwerk-shop.cc\/cs\/wp-json\/wp\/v2\/product_cat?post=68352445"},{"taxonomy":"product_tag","embeddable":true,"href":"https:\/\/kraftwerk-shop.cc\/cs\/wp-json\/wp\/v2\/product_tag?post=68352445"}],"curies":[{"name":"wp","href":"https:\/\/api.w.org\/{rel}","templated":true}]}}