{"id":68352680,"date":"2025-11-06T14:09:48","date_gmt":"2025-11-06T13:09:48","guid":{"rendered":"https:\/\/kraftwerk-shop.cc\/?post_type=product&#038;p=68352680"},"modified":"2026-02-15T01:26:40","modified_gmt":"2026-02-15T00:26:40","slug":"mbrp-s51573cf-vyfukovy-system-ram-1500-rho","status":"publish","type":"product","link":"https:\/\/kraftwerk-shop.cc\/cs\/produkt\/mbrp-s51573cf-abgasanlage-ram-1500-rho\/","title":{"rendered":"V\u00fdfukov\u00fd syst\u00e9m MBRP Race Profile Cat-Back RAM 1500 3.0 RHO"},"content":{"rendered":"<h1>MBRP Race Profile Cat-Back Abgasanlage f\u00fcr RAM 1500 3.0 RHO<\/h1>\n<p>&nbsp;<\/p>\n<p>Wer seinem Ram\u202f1500 mit dem 3.0L HO\u2011Motor eine echte Performance\u2011 und Optik\u2011Aufwertung g\u00f6nnen m\u00f6chte, ist mit der MBRP Cat\u2011Back\u2011Auspuffanlage S51573CF bestens beraten. Hochwertige Materialien, aggressiver Sound und sportliches Erscheinungsbild machen dieses System zur idealen Wahl f\u00fcr anspruchsvolle Fahrer.<\/p>\n<p>&nbsp;<\/p>\n<p><strong>Merkmale:<\/strong><\/p>\n<ul>\n<li>Rohrdurchmesser: 3\u202fZoll \u2013 sorgt f\u00fcr freien Abgas\u00adstrom und reduziert R\u00fcckstau.<\/li>\n<li>Material: T304 Edelstahl \u2013 widerstandsf\u00e4hig gegen Korrosion und f\u00fcr hohe Beanspruchung ausgelegt.<\/li>\n<li>Klangprofil: Race Profile \u2013 sportlicher, markanter Auspuffsound, der Aufmerksamkeit erzeugt.<\/li>\n<li>Austrittsstil: Dual Rear Exit \u2013 zwei Endrohre hinten sorgen f\u00fcr aggressives Erscheinungsbild und Performance \u201eLook\u201c.<\/li>\n<li>Endrohre: Carbon\u2011Fibre \/ Dual Wall, 5\u2011Zoll\u2011Austritt \u2013 au\u00dfen Carbon\u2011Faser, innen polierter Edelstahl, f\u00fcr ein sportlich\u2011racing\u2011inspiriertes Erscheinungsbild.<\/li>\n<\/ul>\n<p>&nbsp;<\/p>\n<p><strong>Vorteile:<\/strong><\/p>\n<ul>\n<li>Verbesserter Abgasdurchfluss durch gro\u00dfvolumigen 3\u2033\u2011Rohrdurchmesser.<\/li>\n<li>Sportlicher, satter Klang \u2013 ideal f\u00fcr Fahrer, die auffallen m\u00f6chten.<\/li>\n<li>Hochwertige Verarbeitung mit langlebigen Materialien \u2013 sowohl optisch als auch funktional.<\/li>\n<li>Plug\u2011and\u2011play\u2011Einbau \u2013 speziell f\u00fcr das Modell Ram\u202f1500 2025 mit 3,0\u202fl RHO Motor entwickelt \u2013 somit optimale Passgenauigkeit.<\/li>\n<li>Sichtbare Aufwertung durch Carbon\u2011Fibre\u2011Endrohre \u2013 unterstreicht die Performance\u2011Ausrichtung.<\/li>\n<\/ul>\n<p>&nbsp;<\/p>\n<p>Die MBRP S51573CF Cat Back Abgasanlage passt f\u00fcr folgende Modelle:<\/p>\n<table width=\"437\">\n<tbody>\n<tr>\n<td width=\"122\"><strong>Marke<\/strong><\/td>\n<td width=\"136\"><strong>Modell<\/strong><\/td>\n<td width=\"96\"><strong>Motor<\/strong><\/td>\n<td width=\"83\"><strong>Baujahr<\/strong><\/td>\n<\/tr>\n<tr>\n<td>RAM<\/td>\n<td>1500 RHO<\/td>\n<td>3.0-Liter-HO-Motor<\/td>\n<td>2025 &#8211;<\/td>\n<\/tr>\n<\/tbody>\n<\/table>\n<p><strong>Achtung: Passt nur <span class=\"relative -mx-px my-[-0.2rem] rounded-sm px-px py-[0.2rem]\">f\u00fcr Fahrzeuge mit HO-Motoren!<\/span><\/strong><\/p>\n<p>&nbsp;<\/p>\n<p><iframe loading=\"lazy\" title=\"MBRP S51573CF Race Profile Abgasanlage f\u00fcr RAM 3.0 RHO\" src=\"https:\/\/www.youtube.com\/embed\/juywqd8rf4g\" width=\"885\" height=\"498\" frameborder=\"0\" allowfullscreen=\"allowfullscreen\"><\/iframe><\/p>\n<p>&nbsp;<\/p>\n<p>&nbsp;<\/p>\n","protected":false},"excerpt":{"rendered":"<p><span class=\"relative -mx-px my-[-0.2rem] rounded-sm px-px py-[0.2rem]\">T304 Edelstahl<\/span><\/p>\n<p><span class=\"relative -mx-px my-[-0.2rem] rounded-sm px-px py-[0.2rem]\">2025 &#8211; 2026<\/span><\/p>\n","protected":false},"featured_media":68352684,"comment_status":"open","ping_status":"closed","template":"","meta":{"_acf_changed":false},"product_brand":[17169],"product_cat":[3024,15815],"product_tag":[10814,19142,19512,19509,19510,19508,19511,19471,19477,19474,19475,19473,19476,19472,19488,19487,19514,19486,1047,19484,19485,19515,19496,19516,19497,19517,19498,2934,20273,19503,19502,19501,19500,15591,18073,15116,15645,19504,19489,19499,6939,3507,19505,16295,19470,19507,19469,15426,16293,16039,15429,15566,15571,19494,19506,19467,14740,19468,19495,19493,19136,19483,19480,19481,19479,19482,19478,19519,19518,19490,19491,19513,19492],"class_list":{"0":"post-68352680","1":"product","2":"type-product","3":"status-publish","4":"has-post-thumbnail","6":"product_brand-mbrp","7":"product_cat-nicht-nach-eu","8":"product_cat-1500-30-abgasanlage-catback","9":"product_tag-10814","10":"product_tag-19142","11":"product_tag-3-inch-carbon","12":"product_tag-3-inch-cat-back","13":"product_tag-3-inch-dual-rear","14":"product_tag-3-inch-exhaust","15":"product_tag-3-inch-race","16":"product_tag-3l","17":"product_tag-3l-carbon-fiber","18":"product_tag-3l-cat-back","19":"product_tag-3l-dual-rear-exit","20":"product_tag-3l-exhaust","21":"product_tag-3l-race-profile","22":"product_tag-3l-ram-1500","23":"product_tag-aftermarket-exhaust","24":"product_tag-armor-pro","25":"product_tag-carbon-fiber-dual-wall","26":"product_tag-carbon-fiber-tip","27":"product_tag-cat-back","28":"product_tag-cat-back-exhaust","29":"product_tag-dual-rear-exit","30":"product_tag-dual-wall-tip","31":"product_tag-exhaust-kit","32":"product_tag-exhaust-kit-ram-1500","33":"product_tag-exhaust-system","34":"product_tag-exhaust-system-ram-1500","35":"product_tag-exhaust-upgrade","36":"product_tag-harder","37":"product_tag-keintuev","38":"product_tag-mbrp-3l","39":"product_tag-mbrp-armor-pro","40":"product_tag-mbrp-carbon-fiber","41":"product_tag-mbrp-cat-back","42":"product_tag-mbrp-dual-rear-exit","43":"product_tag-mbrp-exhaust","44":"product_tag-mbrp-race-profile","45":"product_tag-mbrp-ram-1500","46":"product_tag-mbrp-rho","47":"product_tag-performance-exhaust","48":"product_tag-performance-upgrade","49":"product_tag-race-profile","50":"product_tag-ram1500","51":"product_tag-ram-1500-3l","52":"product_tag-ram-1500-aftermarket-exhaust","53":"product_tag-ram-1500-armor-pro","54":"product_tag-ram-1500-carbon-fiber-exhaust","55":"product_tag-ram-1500-carbon-fiber-tip","56":"product_tag-ram-1500-cat-back","57":"product_tag-ram-1500-cat-back-exhaust","58":"product_tag-ram-1500-dual-exhaust","59":"product_tag-ram-1500-dual-rear-exit","60":"product_tag-ram-1500-exhaust","61":"product_tag-ram-1500-mbrp","62":"product_tag-ram-1500-performance","63":"product_tag-ram-1500-performance-exhaust","64":"product_tag-ram-1500-race-exhaust","65":"product_tag-ram-1500-rho","66":"product_tag-ram-1500-t304-stainless","67":"product_tag-ram-1500-upgrade","68":"product_tag-ram-exhaust","69":"product_tag-rho","70":"product_tag-rho-carbon-fiber","71":"product_tag-rho-cat-back","72":"product_tag-rho-dual-rear-exit","73":"product_tag-rho-exhaust","74":"product_tag-rho-race-profile","75":"product_tag-rho-ram-1500","76":"product_tag-s5157","77":"product_tag-s51573cf","78":"product_tag-stainless-steel-exhaust","79":"product_tag-t304-exhaust","80":"product_tag-t304-stainless-exhaust","81":"product_tag-truck-exhaust","82":"product_shipping_class-spedition-1","84":"first","85":"onbackorder","86":"taxable","87":"shipping-taxable","88":"purchasable","89":"product-type-simple"},"bundled_by":[],"bundle_stock_status":"onbackorder","bundle_stock_quantity":0,"bundle_virtual":false,"bundle_layout":"","bundle_add_to_cart_form_location":"","bundle_editable_in_cart":false,"bundle_sold_individually_context":"","bundle_item_grouping":"","bundle_min_size":"","bundle_max_size":"","bundle_price":[],"bundled_items":[],"bundle_sell_ids":[],"exclude_global_add_ons":[],"addons":[],"acf":[],"_links":{"self":[{"href":"https:\/\/kraftwerk-shop.cc\/cs\/wp-json\/wp\/v2\/product\/68352680","targetHints":{"allow":["GET"]}}],"collection":[{"href":"https:\/\/kraftwerk-shop.cc\/cs\/wp-json\/wp\/v2\/product"}],"about":[{"href":"https:\/\/kraftwerk-shop.cc\/cs\/wp-json\/wp\/v2\/types\/product"}],"replies":[{"embeddable":true,"href":"https:\/\/kraftwerk-shop.cc\/cs\/wp-json\/wp\/v2\/comments?post=68352680"}],"version-history":[{"count":0,"href":"https:\/\/kraftwerk-shop.cc\/cs\/wp-json\/wp\/v2\/product\/68352680\/revisions"}],"wp:featuredmedia":[{"embeddable":true,"href":"https:\/\/kraftwerk-shop.cc\/cs\/wp-json\/wp\/v2\/media\/68352684"}],"wp:attachment":[{"href":"https:\/\/kraftwerk-shop.cc\/cs\/wp-json\/wp\/v2\/media?parent=68352680"}],"wp:term":[{"taxonomy":"product_brand","embeddable":true,"href":"https:\/\/kraftwerk-shop.cc\/cs\/wp-json\/wp\/v2\/product_brand?post=68352680"},{"taxonomy":"product_cat","embeddable":true,"href":"https:\/\/kraftwerk-shop.cc\/cs\/wp-json\/wp\/v2\/product_cat?post=68352680"},{"taxonomy":"product_tag","embeddable":true,"href":"https:\/\/kraftwerk-shop.cc\/cs\/wp-json\/wp\/v2\/product_tag?post=68352680"}],"curies":[{"name":"wp","href":"https:\/\/api.w.org\/{rel}","templated":true}]}}