{"id":68352763,"date":"2025-11-08T17:19:53","date_gmt":"2025-11-08T16:19:53","guid":{"rendered":"https:\/\/kraftwerk-shop.cc\/?post_type=product&#038;p=68352763"},"modified":"2026-02-15T01:26:38","modified_gmt":"2026-02-15T00:26:38","slug":"mopar-vzduchovy-filtr-wrangler-68257791ab","status":"publish","type":"product","link":"https:\/\/kraftwerk-shop.cc\/cs\/produkt\/mopar-luftfilter-wrangler-68257791ab\/","title":{"rendered":"Vzduchov\u00fd filtr Mopar Wrangler 3.6 a 3.8 (68257791AB)"},"content":{"rendered":"<h1>Origin\u00e1ln\u00ed vzduchov\u00fd filtr Mopar (68257791AB) pro Jeep Wrangler 3.6 a 3.8<\/h1>\n<p>&nbsp;<\/p>\n<p><span lang=\"DE\"><strong>\u010c\u00edslo d\u00edlu Mopar:<\/strong>\u00a068257791AB<br \/>\n<strong>Nahrazeno: <\/strong>53034018AD, 53034018AE, 68257791AA<\/span><\/p>\n<p>&nbsp;<\/p>\n<p><strong>Vhodn\u00e9 pro:<\/strong><\/p>\n<table width=\"910\">\n<tbody>\n<tr>\n<td width=\"138\"><strong>Rok v\u00fdstavby<\/strong><\/td>\n<td width=\"168\"><strong>Zna\u010dka<\/strong><\/td>\n<td width=\"144\"><strong>Model<\/strong><\/td>\n<td width=\"234\"><strong>Verze<\/strong><\/td>\n<td width=\"226\"><strong>Motor<\/strong><\/td>\n<\/tr>\n<tr>\n<td width=\"138\">2018<\/td>\n<td width=\"168\">Jeep<\/td>\n<td width=\"144\">Wrangler JK<\/td>\n<td width=\"234\">Rubicon, Sahara, Sport, Sport S, Unlimited Rubicon, Unlimited Sahara, Unlimited Sport, Unlimited Sport S<\/td>\n<td width=\"226\">3.6L<\/td>\n<\/tr>\n<tr>\n<td width=\"138\">2017<\/td>\n<td width=\"168\">Jeep<\/td>\n<td width=\"144\">Wrangler<\/td>\n<td width=\"234\">Rubicon, Sahara, Sport, Unlimited Rubicon, Unlimited Sahara, Unlimited Sport<\/td>\n<td width=\"226\">3.6L<\/td>\n<\/tr>\n<tr>\n<td width=\"138\">2016<\/td>\n<td width=\"168\">Jeep<\/td>\n<td width=\"144\">Wrangler<\/td>\n<td width=\"234\">75. v\u00fdro\u010d\u00ed, Rubicon, Sahara, Sport, Sport S, Unlimited 75th Anniversary, Unlimited Rubicon, Unlimited Sahara, Unlimited Sport, Unlimited Sport S<\/td>\n<td width=\"226\">3.6L<\/td>\n<\/tr>\n<tr>\n<td width=\"138\">2015<\/td>\n<td width=\"168\">Jeep<\/td>\n<td width=\"144\">Wrangler<\/td>\n<td width=\"234\">Rubicon, Sahara, Sport, Unlimited Rubicon, Unlimited Sahara, Unlimited Sport<\/td>\n<td width=\"226\">3.6L<\/td>\n<\/tr>\n<tr>\n<td width=\"138\">2014<\/td>\n<td width=\"168\">Jeep<\/td>\n<td width=\"144\">Wrangler<\/td>\n<td width=\"234\">Rubicon, Sahara, Sport, Unlimited Rubicon, Unlimited Sahara, Unlimited Sport<\/td>\n<td width=\"226\">3.6L<\/td>\n<\/tr>\n<tr>\n<td width=\"138\">2013<\/td>\n<td width=\"168\">Jeep<\/td>\n<td width=\"144\">Wrangler<\/td>\n<td width=\"234\">Rubicon, Sahara, Sport, Unlimited Rubicon, Unlimited Sahara, Unlimited Sport<\/td>\n<td width=\"226\">3.6L<\/td>\n<\/tr>\n<tr>\n<td width=\"138\">2012<\/td>\n<td width=\"168\">Jeep<\/td>\n<td width=\"144\">Wrangler<\/td>\n<td width=\"234\">Rubicon, Sahara, Sport, Unlimited Rubicon, Unlimited Sahara, Unlimited Sport<\/td>\n<td width=\"226\">3.6L<\/td>\n<\/tr>\n<tr>\n<td width=\"138\">2011<\/td>\n<td width=\"168\">Jeep<\/td>\n<td width=\"144\">Wrangler<\/td>\n<td width=\"234\">70th Anniversary, Rubicon, Sahara, Sport, Unlimited 70th Anniversary, Unlimited Rubicon, Unlimited Sahara, Unlimited Sport<\/td>\n<td width=\"226\">3.8L<\/td>\n<\/tr>\n<tr>\n<td width=\"138\">2010<\/td>\n<td width=\"168\">Jeep<\/td>\n<td width=\"144\">Wrangler<\/td>\n<td width=\"234\">Rubicon, Sahara, Sport, Unlimited Rubicon, Unlimited Sahara, Unlimited Sport<\/td>\n<td width=\"226\">3.8L<\/td>\n<\/tr>\n<tr>\n<td width=\"138\">2009<\/td>\n<td width=\"168\">Jeep<\/td>\n<td width=\"144\">Wrangler<\/td>\n<td width=\"234\">Rubicon, Sahara, Unlimited Rubicon, Unlimited Sahara, Unlimited X, X<\/td>\n<td width=\"226\">3.8L<\/td>\n<\/tr>\n<tr>\n<td width=\"138\">2008<\/td>\n<td width=\"168\">Jeep<\/td>\n<td width=\"144\">Wrangler<\/td>\n<td width=\"234\">Rubicon, Sahara, X<\/td>\n<td width=\"226\">3.8L<\/td>\n<\/tr>\n<tr>\n<td width=\"138\">2007<\/td>\n<td width=\"168\">Jeep<\/td>\n<td width=\"144\">Wrangler<\/td>\n<td width=\"234\">Rubicon, Sahara, X<\/td>\n<td width=\"226\">3.8L<\/td>\n<\/tr>\n<\/tbody>\n<\/table>\n<p>&nbsp;<\/p>\n<p>&nbsp;<\/p>\n<h4>Pro\u010d si vybrat origin\u00e1ln\u00ed n\u00e1hradn\u00ed d\u00edly Mopar?<\/h4>\n<p><strong>Perfektn\u011b padnouc\u00ed a \u0161pi\u010dkov\u00e9 kvality:<\/strong> Origin\u00e1ln\u00ed n\u00e1hradn\u00ed d\u00edly Mopar jsou vyr\u00e1b\u011bny podle p\u0159\u00edsn\u00fdch specifikac\u00ed v\u00fdrobce, co\u017e znamen\u00e1, \u017ee do va\u0161eho vozidla dokonale pasuj\u00ed. T\u00edm je zaji\u0161t\u011bna nejen snadn\u00e1 instalace, ale tak\u00e9 optim\u00e1ln\u00ed funkce a bezpe\u010dnost.<\/p>\n<p><strong>Spolehlivost a trvanlivost:<\/strong> D\u00edky pou\u017eit\u00ed vysoce kvalitn\u00edch materi\u00e1l\u016f a p\u0159\u00edsn\u00e9 kontrole kvality zaji\u0161\u0165uj\u00ed n\u00e1hradn\u00ed d\u00edly Mopar spolehlivou funkci va\u0161eho vozidla i v extr\u00e9mn\u00edch podm\u00ednk\u00e1ch. Jsou navr\u017eeny tak, aby vydr\u017eely a maximalizovaly v\u00fdkon va\u0161eho vozidla.<\/p>\n<p>&nbsp;<\/p>","protected":false},"excerpt":{"rendered":"<p>Origin\u00e1ln\u00ed d\u00edl Mopar<\/p>","protected":false},"featured_media":68352766,"comment_status":"open","ping_status":"closed","template":"","meta":{"_acf_changed":false},"product_brand":[16270],"product_cat":[10262,19714,19712,2946,19773,19785],"product_tag":[19537,19538,169,976,19534,19535,19536,19533,50,748,57,31,8813,9424,16271,16273,16275,16272,16274,7221,175],"class_list":{"0":"post-68352763","1":"product","2":"type-product","3":"status-publish","4":"has-post-thumbnail","6":"product_brand-mopar","7":"product_cat-alle-produkte","8":"product_cat-wrangler-36-jk-ansaugung","9":"product_cat-wrangler-36-jk-wartung","10":"product_cat-wrangler-36-ansaugung","11":"product_cat-wrangler-38-ansaugung","12":"product_cat-wrangler-38-wartung","13":"product_tag-053034018ad","14":"product_tag-053034018ae","15":"product_tag-3-6","16":"product_tag-3-8","17":"product_tag-53034018ad","18":"product_tag-53034018ae","19":"product_tag-68257791aa","20":"product_tag-68257791ab","21":"product_tag-jeep","22":"product_tag-jk","23":"product_tag-luftfilter","24":"product_tag-mopar","25":"product_tag-mopar-autoteile","26":"product_tag-mopar-ersatzteile","27":"product_tag-mopar-ersatzteile-kaufen","28":"product_tag-mopar-performance-teile","29":"product_tag-mopar-teile-katalog","30":"product_tag-mopar-teile-online","31":"product_tag-mopar-tuningteile","32":"product_tag-mopar10","33":"product_tag-wrangler","34":"product_shipping_class-deutschlandohne","36":"first","37":"instock","38":"taxable","39":"shipping-taxable","40":"purchasable","41":"product-type-simple"},"bundled_by":[],"bundle_stock_status":"instock","bundle_stock_quantity":3,"bundle_virtual":false,"bundle_layout":"","bundle_add_to_cart_form_location":"","bundle_editable_in_cart":false,"bundle_sold_individually_context":"","bundle_item_grouping":"","bundle_min_size":"","bundle_max_size":"","bundle_price":[],"bundled_items":[],"bundle_sell_ids":[],"exclude_global_add_ons":[],"addons":[],"acf":[],"_links":{"self":[{"href":"https:\/\/kraftwerk-shop.cc\/cs\/wp-json\/wp\/v2\/product\/68352763","targetHints":{"allow":["GET"]}}],"collection":[{"href":"https:\/\/kraftwerk-shop.cc\/cs\/wp-json\/wp\/v2\/product"}],"about":[{"href":"https:\/\/kraftwerk-shop.cc\/cs\/wp-json\/wp\/v2\/types\/product"}],"replies":[{"embeddable":true,"href":"https:\/\/kraftwerk-shop.cc\/cs\/wp-json\/wp\/v2\/comments?post=68352763"}],"version-history":[{"count":0,"href":"https:\/\/kraftwerk-shop.cc\/cs\/wp-json\/wp\/v2\/product\/68352763\/revisions"}],"wp:featuredmedia":[{"embeddable":true,"href":"https:\/\/kraftwerk-shop.cc\/cs\/wp-json\/wp\/v2\/media\/68352766"}],"wp:attachment":[{"href":"https:\/\/kraftwerk-shop.cc\/cs\/wp-json\/wp\/v2\/media?parent=68352763"}],"wp:term":[{"taxonomy":"product_brand","embeddable":true,"href":"https:\/\/kraftwerk-shop.cc\/cs\/wp-json\/wp\/v2\/product_brand?post=68352763"},{"taxonomy":"product_cat","embeddable":true,"href":"https:\/\/kraftwerk-shop.cc\/cs\/wp-json\/wp\/v2\/product_cat?post=68352763"},{"taxonomy":"product_tag","embeddable":true,"href":"https:\/\/kraftwerk-shop.cc\/cs\/wp-json\/wp\/v2\/product_tag?post=68352763"}],"curies":[{"name":"wp","href":"https:\/\/api.w.org\/{rel}","templated":true}]}}