{"id":68352813,"date":"2025-11-09T11:27:03","date_gmt":"2025-11-09T10:27:03","guid":{"rendered":"https:\/\/kraftwerk-shop.cc\/?post_type=product&#038;p=68352813"},"modified":"2026-02-15T01:26:47","modified_gmt":"2026-02-15T00:26:47","slug":"sada-rozdelovace-vyfukovych-plynu-4792778aa-4792779aa","status":"publish","type":"product","link":"https:\/\/kraftwerk-shop.cc\/cs\/produkt\/abgaskruemmer-kit-4792778aa-4792779aa\/","title":{"rendered":"Sada v\u00fdfukov\u00e9ho potrub\u00ed 300C, Challenger, Charger a Magnum 3.5"},"content":{"rendered":"<h1>Sada v\u00fdfukov\u00e9ho potrub\u00ed pro Chrysler 300C, Dodge Challenger, Charger a Magnum 3.5 z let 2005 a\u017e 2010<\/h1>\n<p>&nbsp;<\/p>\n<p><span lang=\"DE\"><strong>Srovn\u00e1vac\u00ed \u010d\u00edsla Mopar:<\/strong>\u00a04792778AA, 4792779AA<\/span><\/p>\n<p>&nbsp;<\/p>\n<p><strong>Vhodn\u00e9 pro:<\/strong><\/p>\n<table width=\"910\">\n<tbody>\n<tr>\n<td width=\"138\"><strong>Rok v\u00fdstavby<\/strong><\/td>\n<td width=\"168\"><strong>Zna\u010dka<\/strong><\/td>\n<td width=\"144\"><strong>Model<\/strong><\/td>\n<td width=\"234\"><strong>Verze<\/strong><\/td>\n<td width=\"226\"><strong>Motor<\/strong><\/td>\n<\/tr>\n<tr>\n<td width=\"138\">2010<\/td>\n<td width=\"168\">Chrysler<\/td>\n<td width=\"144\">300<\/td>\n<td width=\"234\">Limited, S, Touring<\/td>\n<td width=\"226\">2,7 L, 3,5 L<\/td>\n<\/tr>\n<tr>\n<td width=\"138\">2010<\/td>\n<td width=\"168\">Dodge<\/td>\n<td width=\"144\">Challenger<\/td>\n<td width=\"234\">SE<\/td>\n<td width=\"226\">3.5L<\/td>\n<\/tr>\n<tr>\n<td width=\"138\">2010<\/td>\n<td width=\"168\">Dodge<\/td>\n<td width=\"144\">Charger<\/td>\n<td width=\"234\">Pursuit, SE, SXT<\/td>\n<td width=\"226\">2,7 L, 3,5 L<\/td>\n<\/tr>\n<tr>\n<td width=\"138\">2009<\/td>\n<td width=\"168\">Chrysler<\/td>\n<td width=\"144\">300<\/td>\n<td width=\"234\">Limited, Signature Series, Touring<\/td>\n<td width=\"226\">3.5L<\/td>\n<\/tr>\n<tr>\n<td width=\"138\">2009<\/td>\n<td width=\"168\">Dodge<\/td>\n<td width=\"144\">Challenger<\/td>\n<td width=\"234\">SE<\/td>\n<td width=\"226\">3.5L<\/td>\n<\/tr>\n<tr>\n<td width=\"138\">2009<\/td>\n<td width=\"168\">Dodge<\/td>\n<td width=\"144\">Charger<\/td>\n<td width=\"234\">Pursuit, SE, SXT<\/td>\n<td width=\"226\">2,7 L, 3,5 L<\/td>\n<\/tr>\n<tr>\n<td width=\"138\">2008<\/td>\n<td width=\"168\">Chrysler<\/td>\n<td width=\"144\">300<\/td>\n<td width=\"234\">LX, Limited, Touring<\/td>\n<td width=\"226\">2,7 L, 3,5 L<\/td>\n<\/tr>\n<tr>\n<td width=\"138\">2008<\/td>\n<td width=\"168\">Dodge<\/td>\n<td width=\"144\">Charger<\/td>\n<td width=\"234\">Pursuit, SE, SXT<\/td>\n<td width=\"226\">2,7 L, 3,5 L<\/td>\n<\/tr>\n<tr>\n<td width=\"138\">2008<\/td>\n<td width=\"168\">Dodge<\/td>\n<td width=\"144\">Magnum<\/td>\n<td width=\"234\">SE, SXT<\/td>\n<td width=\"226\">2,7 L, 3,5 L<\/td>\n<\/tr>\n<tr>\n<td width=\"138\">2007<\/td>\n<td width=\"168\">Chrysler<\/td>\n<td width=\"144\">300<\/td>\n<td width=\"234\">Z\u00e1kladn\u00ed verze, Limited, Touring<\/td>\n<td width=\"226\">2,7 L, 3,5 L<\/td>\n<\/tr>\n<tr>\n<td width=\"138\">2007<\/td>\n<td width=\"168\">Dodge<\/td>\n<td width=\"144\">Charger<\/td>\n<td width=\"234\">Pursuit, SE, SXT<\/td>\n<td width=\"226\">2,7 L, 3,5 L<\/td>\n<\/tr>\n<tr>\n<td width=\"138\">2007<\/td>\n<td width=\"168\">Dodge<\/td>\n<td width=\"144\">Magnum<\/td>\n<td width=\"234\">SE, SXT<\/td>\n<td width=\"226\">2,7 L, 3,5 L<\/td>\n<\/tr>\n<tr>\n<td width=\"138\">2006<\/td>\n<td width=\"168\">Chrysler<\/td>\n<td width=\"144\">300<\/td>\n<td width=\"234\">Base, Touring<\/td>\n<td width=\"226\">2,7 L, 3,5 L<\/td>\n<\/tr>\n<tr>\n<td width=\"138\">2006<\/td>\n<td width=\"168\">Dodge<\/td>\n<td width=\"144\">Charger<\/td>\n<td width=\"234\">SE<\/td>\n<td width=\"226\">3.5L<\/td>\n<\/tr>\n<tr>\n<td width=\"138\">2006<\/td>\n<td width=\"168\">Dodge<\/td>\n<td width=\"144\">Magnum<\/td>\n<td width=\"234\">SE, SXT<\/td>\n<td width=\"226\">2,7 L, 3,5 L<\/td>\n<\/tr>\n<tr>\n<td width=\"138\">2005<\/td>\n<td width=\"168\">Chrysler<\/td>\n<td width=\"144\">300<\/td>\n<td width=\"234\">Base, Touring<\/td>\n<td width=\"226\">2,7 L, 3,5 L<\/td>\n<\/tr>\n<tr>\n<td width=\"138\">2005<\/td>\n<td width=\"168\">Dodge<\/td>\n<td width=\"144\">Magnum<\/td>\n<td width=\"234\">SE, SXT<\/td>\n<td width=\"226\">2,7 L, 3,5 L<\/td>\n<\/tr>\n<\/tbody>\n<\/table>\n<p>&nbsp;<\/p>\n<p>&nbsp;<\/p>","protected":false},"excerpt":{"rendered":"<p>Abgaskr\u00fcmmer-Kit f\u00fcr Chrysler 300C, Dodge Challenger, Charger &amp; Magnum 3.5 von 2005 bis 2010 &nbsp; Mopar Vergleichsnummern:\u00a04792778AA, 4792779AA &nbsp; Passend<\/p>","protected":false},"featured_media":68352824,"comment_status":"open","ping_status":"closed","template":"","meta":{"_acf_changed":false},"product_brand":[],"product_cat":[10262,2732,2571,2588,2652],"product_tag":[88,52,19550,19551,605,10893,54,19552,48,49,550,7221,198],"class_list":{"0":"post-68352813","1":"product","2":"type-product","3":"status-publish","4":"has-post-thumbnail","6":"product_cat-alle-produkte","7":"product_cat-300c-35-abgasanlage","8":"product_cat-challenger-35-abgasanlage","9":"product_cat-charger-35-abgasanlage","10":"product_cat-magnum-35-abgasanlage","11":"product_tag-3-5","12":"product_tag-300c","13":"product_tag-4792778aa","14":"product_tag-4792779aa","15":"product_tag-abgaskruemmer","16":"product_tag-abgaskruemmer-ersatzteil","17":"product_tag-challenger","18":"product_tag-charger-magnum","19":"product_tag-chrysler","20":"product_tag-dodge","21":"product_tag-kruemmer","22":"product_tag-mopar10","23":"product_tag-v6","25":"first","26":"instock","27":"taxable","28":"shipping-taxable","29":"purchasable","30":"product-type-variable"},"bundled_by":[],"bundle_stock_status":"instock","bundle_stock_quantity":3,"bundle_virtual":false,"bundle_layout":"","bundle_add_to_cart_form_location":"","bundle_editable_in_cart":false,"bundle_sold_individually_context":"","bundle_item_grouping":"","bundle_min_size":"","bundle_max_size":"","bundle_price":[],"bundled_items":[],"bundle_sell_ids":[],"exclude_global_add_ons":[],"addons":[],"acf":[],"_links":{"self":[{"href":"https:\/\/kraftwerk-shop.cc\/cs\/wp-json\/wp\/v2\/product\/68352813","targetHints":{"allow":["GET"]}}],"collection":[{"href":"https:\/\/kraftwerk-shop.cc\/cs\/wp-json\/wp\/v2\/product"}],"about":[{"href":"https:\/\/kraftwerk-shop.cc\/cs\/wp-json\/wp\/v2\/types\/product"}],"replies":[{"embeddable":true,"href":"https:\/\/kraftwerk-shop.cc\/cs\/wp-json\/wp\/v2\/comments?post=68352813"}],"version-history":[{"count":0,"href":"https:\/\/kraftwerk-shop.cc\/cs\/wp-json\/wp\/v2\/product\/68352813\/revisions"}],"wp:featuredmedia":[{"embeddable":true,"href":"https:\/\/kraftwerk-shop.cc\/cs\/wp-json\/wp\/v2\/media\/68352824"}],"wp:attachment":[{"href":"https:\/\/kraftwerk-shop.cc\/cs\/wp-json\/wp\/v2\/media?parent=68352813"}],"wp:term":[{"taxonomy":"product_brand","embeddable":true,"href":"https:\/\/kraftwerk-shop.cc\/cs\/wp-json\/wp\/v2\/product_brand?post=68352813"},{"taxonomy":"product_cat","embeddable":true,"href":"https:\/\/kraftwerk-shop.cc\/cs\/wp-json\/wp\/v2\/product_cat?post=68352813"},{"taxonomy":"product_tag","embeddable":true,"href":"https:\/\/kraftwerk-shop.cc\/cs\/wp-json\/wp\/v2\/product_tag?post=68352813"}],"curies":[{"name":"wp","href":"https:\/\/api.w.org\/{rel}","templated":true}]}}