{"id":68352836,"date":"2025-11-09T13:08:22","date_gmt":"2025-11-09T12:08:22","guid":{"rendered":"https:\/\/kraftwerk-shop.cc\/?post_type=product&#038;p=68352836"},"modified":"2026-02-15T01:26:35","modified_gmt":"2026-02-15T00:26:35","slug":"pouzdro-termostatu-27-35","status":"publish","type":"product","link":"https:\/\/kraftwerk-shop.cc\/cs\/produkt\/thermostatgehaeuse-27-35\/","title":{"rendered":"Pouzdro termostatu 2.7 a 3.5"},"content":{"rendered":"<h1>Pouzdro termostatu a p\u0159ipojen\u00ed pro Chrysler 300C, Dodge Challenger, Charger a Magnum 2.7 &amp; 3.5<\/h1>\n<p>&nbsp;<\/p>\n<p><strong>Srovn\u00e1vac\u00ed \u010d\u00edsla Mopar:<\/strong> 4892312AB, 4892312AC, 68148113AA<\/p>\n<p>&nbsp;<\/p>\n<p><strong>Vhodn\u00e9 pro:<\/strong><\/p>\n<table width=\"970\">\n<tbody>\n<tr>\n<td width=\"82\"><strong>Rok v\u00fdstavby<\/strong><\/td>\n<td width=\"82\"><strong>Zna\u010dka<\/strong><\/td>\n<td width=\"124\"><strong>Model<\/strong><\/td>\n<td width=\"478\"><strong>Verze<\/strong><\/td>\n<td width=\"204\"><strong>Motor<\/strong><\/td>\n<\/tr>\n<tr>\n<td width=\"82\">2010<\/td>\n<td width=\"82\">Chrysler<\/td>\n<td width=\"124\">300<\/td>\n<td width=\"478\">Limited, S, Touring<\/td>\n<td width=\"204\">3.5L<\/td>\n<\/tr>\n<tr>\n<td width=\"82\">2010<\/td>\n<td width=\"82\">Dodge<\/td>\n<td width=\"124\">Challenger<\/td>\n<td width=\"478\">SE<\/td>\n<td width=\"204\">3.5L<\/td>\n<\/tr>\n<tr>\n<td width=\"82\">2010<\/td>\n<td width=\"82\">Dodge<\/td>\n<td width=\"124\">Charger<\/td>\n<td width=\"478\">Pursuit, SE, SXT<\/td>\n<td width=\"204\">3.5L<\/td>\n<\/tr>\n<tr>\n<td width=\"82\">2009<\/td>\n<td width=\"82\">Chrysler<\/td>\n<td width=\"124\">300<\/td>\n<td width=\"478\">Limited, Signature Series, Touring<\/td>\n<td width=\"204\">3.5L<\/td>\n<\/tr>\n<tr>\n<td width=\"82\">2009<\/td>\n<td width=\"82\">Dodge<\/td>\n<td width=\"124\">Challenger<\/td>\n<td width=\"478\">SE<\/td>\n<td width=\"204\">3.5L<\/td>\n<\/tr>\n<tr>\n<td width=\"82\">2009<\/td>\n<td width=\"82\">Dodge<\/td>\n<td width=\"124\">Charger<\/td>\n<td width=\"478\">Pursuit, SE, SXT<\/td>\n<td width=\"204\">3.5L<\/td>\n<\/tr>\n<tr>\n<td width=\"82\">2008<\/td>\n<td width=\"82\">Chrysler<\/td>\n<td width=\"124\">300<\/td>\n<td width=\"478\">LX, Limited, Touring<\/td>\n<td width=\"204\">2,7 L, 3,5 L<\/td>\n<\/tr>\n<tr>\n<td width=\"82\">2008<\/td>\n<td width=\"82\">Dodge<\/td>\n<td width=\"124\">Charger<\/td>\n<td width=\"478\">Pursuit, SE, SXT<\/td>\n<td width=\"204\">2,7 L, 3,5 L<\/td>\n<\/tr>\n<tr>\n<td width=\"82\">2008<\/td>\n<td width=\"82\">Dodge<\/td>\n<td width=\"124\">Magnum<\/td>\n<td width=\"478\">SE, SXT<\/td>\n<td width=\"204\">2,7 L, 3,5 L<\/td>\n<\/tr>\n<tr>\n<td width=\"82\">2007<\/td>\n<td width=\"82\">Chrysler<\/td>\n<td width=\"124\">300<\/td>\n<td width=\"478\">Z\u00e1kladn\u00ed verze, Limited, Touring<\/td>\n<td width=\"204\">2,7 L, 3,5 L<\/td>\n<\/tr>\n<tr>\n<td width=\"82\">2007<\/td>\n<td width=\"82\">Dodge<\/td>\n<td width=\"124\">Charger<\/td>\n<td width=\"478\">Pursuit, SE, SXT<\/td>\n<td width=\"204\">2,7 L, 3,5 L<\/td>\n<\/tr>\n<tr>\n<td width=\"82\">2007<\/td>\n<td width=\"82\">Dodge<\/td>\n<td width=\"124\">Magnum<\/td>\n<td width=\"478\">SE, SXT<\/td>\n<td width=\"204\">2,7 L, 3,5 L<\/td>\n<\/tr>\n<\/tbody>\n<\/table>\n<p>&nbsp;<\/p>","protected":false},"excerpt":{"rendered":"<p>Thermostatgeh\u00e4use und Anschluss f\u00fcr Chrysler 300C, Dodge Challenger, Charger und Magnum 2.7 &amp; 3.5 &nbsp; Mopar Vergleichsnummern: 4892312AB, 4892312AC, 68148113AA<\/p>","protected":false},"featured_media":68352840,"comment_status":"open","ping_status":"closed","template":"","meta":{"_acf_changed":false},"product_brand":[],"product_cat":[10262,2567,2565,2590,2653],"product_tag":[8482,8483,52,8480,8481,8479,19559,54,53,48,571,49,3853,55,31,8813,9424,16271,16273,16275,16272,16274,7221,2425,267,614,8484,5254,47,673],"class_list":{"0":"post-68352836","1":"product","2":"type-product","3":"status-publish","4":"has-post-thumbnail","6":"product_cat-alle-produkte","7":"product_cat-300c-35-kuehlung","8":"product_cat-challenger-35-kuehlung","9":"product_cat-charger-35-kuehlung","10":"product_cat-magnum-35-kuehlung","11":"product_tag-04892312ab","12":"product_tag-04892312ac","13":"product_tag-300c","14":"product_tag-4892312ab","15":"product_tag-4892312ac","16":"product_tag-68148113aa","17":"product_tag-ch4035","18":"product_tag-challenger","19":"product_tag-charger","20":"product_tag-chrysler","21":"product_tag-dichtung","22":"product_tag-dodge","23":"product_tag-dodge-challenger","24":"product_tag-magnum","25":"product_tag-mopar","26":"product_tag-mopar-autoteile","27":"product_tag-mopar-ersatzteile","28":"product_tag-mopar-ersatzteile-kaufen","29":"product_tag-mopar-performance-teile","30":"product_tag-mopar-teile-katalog","31":"product_tag-mopar-teile-online","32":"product_tag-mopar-tuningteile","33":"product_tag-mopar10","34":"product_tag-originalteil","35":"product_tag-thermostat","36":"product_tag-thermostatgehaeuse","37":"product_tag-wasserauslass","38":"product_tag-wasserpumpe","39":"product_tag-wasserpumpendichtung","40":"product_tag-zubehoer","42":"first","43":"instock","44":"taxable","45":"shipping-taxable","46":"purchasable","47":"product-type-simple"},"bundled_by":[],"bundle_stock_status":"instock","bundle_stock_quantity":1,"bundle_virtual":false,"bundle_layout":"","bundle_add_to_cart_form_location":"","bundle_editable_in_cart":false,"bundle_sold_individually_context":"","bundle_item_grouping":"","bundle_min_size":"","bundle_max_size":"","bundle_price":[],"bundled_items":[],"bundle_sell_ids":[],"exclude_global_add_ons":[],"addons":[],"acf":[],"_links":{"self":[{"href":"https:\/\/kraftwerk-shop.cc\/cs\/wp-json\/wp\/v2\/product\/68352836","targetHints":{"allow":["GET"]}}],"collection":[{"href":"https:\/\/kraftwerk-shop.cc\/cs\/wp-json\/wp\/v2\/product"}],"about":[{"href":"https:\/\/kraftwerk-shop.cc\/cs\/wp-json\/wp\/v2\/types\/product"}],"replies":[{"embeddable":true,"href":"https:\/\/kraftwerk-shop.cc\/cs\/wp-json\/wp\/v2\/comments?post=68352836"}],"version-history":[{"count":0,"href":"https:\/\/kraftwerk-shop.cc\/cs\/wp-json\/wp\/v2\/product\/68352836\/revisions"}],"wp:featuredmedia":[{"embeddable":true,"href":"https:\/\/kraftwerk-shop.cc\/cs\/wp-json\/wp\/v2\/media\/68352840"}],"wp:attachment":[{"href":"https:\/\/kraftwerk-shop.cc\/cs\/wp-json\/wp\/v2\/media?parent=68352836"}],"wp:term":[{"taxonomy":"product_brand","embeddable":true,"href":"https:\/\/kraftwerk-shop.cc\/cs\/wp-json\/wp\/v2\/product_brand?post=68352836"},{"taxonomy":"product_cat","embeddable":true,"href":"https:\/\/kraftwerk-shop.cc\/cs\/wp-json\/wp\/v2\/product_cat?post=68352836"},{"taxonomy":"product_tag","embeddable":true,"href":"https:\/\/kraftwerk-shop.cc\/cs\/wp-json\/wp\/v2\/product_tag?post=68352836"}],"curies":[{"name":"wp","href":"https:\/\/api.w.org\/{rel}","templated":true}]}}