{"id":68353014,"date":"2025-11-16T16:54:00","date_gmt":"2025-11-16T15:54:00","guid":{"rendered":"https:\/\/kraftwerk-shop.cc\/?post_type=product&#038;p=68353014"},"modified":"2026-04-02T15:05:40","modified_gmt":"2026-04-02T13:05:40","slug":"sterac-celniho-skla-mopar-68339036ac","status":"publish","type":"product","link":"https:\/\/kraftwerk-shop.cc\/cs\/produkt\/mopar-scheibenwischer-68339036ac\/","title":{"rendered":"St\u011bra\u010d \u010deln\u00edho skla Mopar RAM (68339036AC)"},"content":{"rendered":"<h1>Origin\u00e1ln\u00ed st\u011bra\u010d Mopar (68339036AC) pro RAM 1500 z let 2019 - 2026<\/h1>\n<p>&nbsp;<\/p>\n<p><span lang=\"DE\"><strong>\u010c\u00edslo d\u00edlu Mopar:<\/strong>\u00a068339036AC<br \/>\n<strong>Nahrazeno: <\/strong>68339036AA, 68339036AB<\/span><\/p>\n<p>&nbsp;<\/p>\n<p><strong>Vhodn\u00e9 pro:<\/strong><\/p>\n<table width=\"1100\">\n<tbody>\n<tr>\n<td width=\"138\"><strong>Rok v\u00fdstavby<\/strong><\/td>\n<td width=\"168\"><strong>Zna\u010dka<\/strong><\/td>\n<td width=\"144\"><strong>Model<\/strong><\/td>\n<td width=\"394\"><strong>Verze<\/strong><\/td>\n<td width=\"256\"><strong>Motor<\/strong><\/td>\n<\/tr>\n<tr>\n<td width=\"138\">2026<\/td>\n<td width=\"168\">Ram<\/td>\n<td width=\"144\">1500<\/td>\n<td width=\"394\">Big Horn, Express, Laramie, Limited, Limited Longhorn, Lone Star, RHO, Rebel, Tradesman, Tungsten, Warlock<\/td>\n<td width=\"256\">3.0L, 3.6L, 5.7L<\/td>\n<\/tr>\n<tr>\n<td width=\"138\">2025<\/td>\n<td width=\"168\">Ram<\/td>\n<td width=\"144\">1500<\/td>\n<td width=\"394\">Big Horn, Laramie, Limited, Limited Longhorn, Lone Star, RHO, Rebel, Tradesman, Tradesman HFE, Tungsten, Warlock<\/td>\n<td width=\"256\">3.0L, 3.6L, 5.7L<\/td>\n<\/tr>\n<tr>\n<td width=\"138\">2024<\/td>\n<td width=\"168\">Ram<\/td>\n<td width=\"144\">1500<\/td>\n<td width=\"394\">Big Horn, Laramie, Limited, Limited Longhorn, Lone Star, Rebel, Tradesman<\/td>\n<td width=\"256\">3.6L,, 5.7L, 6.2L<\/td>\n<\/tr>\n<tr>\n<td width=\"138\">2023<\/td>\n<td width=\"168\">Ram<\/td>\n<td width=\"144\">1500<\/td>\n<td width=\"394\">Big Horn, Laramie, Limited, Limited Longhorn, Lone Star, Rebel, Tradesman<\/td>\n<td width=\"256\">3.0L Diesel, 3.6L,, 5.7L, 6.2L<\/td>\n<\/tr>\n<tr>\n<td width=\"138\">2022<\/td>\n<td width=\"168\">Ram<\/td>\n<td width=\"144\">1500<\/td>\n<td width=\"394\">Big Horn, Laramie, Limited, Limited Longhorn, Lone Star, Rebel, Tradesman<\/td>\n<td width=\"256\">3.0L Diesel, 3.6L,, 5.7L, 6.2L<\/td>\n<\/tr>\n<tr>\n<td width=\"138\">2021<\/td>\n<td width=\"168\">Ram<\/td>\n<td width=\"144\">1500<\/td>\n<td width=\"394\">Big Horn, HFE, Laramie, Limited, Limited Longhorn, Lone Star, Rebel, TRX, Tradesman<\/td>\n<td width=\"256\">3.0L Diesel, 3.6L, 5.7L, 6.2L<\/td>\n<\/tr>\n<tr>\n<td width=\"138\">2020<\/td>\n<td width=\"168\">Ram<\/td>\n<td width=\"144\">1500<\/td>\n<td width=\"394\">Big Horn, Laramie, Laramie Longhorn, Limited, Lone Star, Rebel, Tradesman<\/td>\n<td width=\"256\">3.0L Diesel, 3.6L,, 5.7L<\/td>\n<\/tr>\n<tr>\n<td width=\"138\">2019<\/td>\n<td width=\"168\">Ram<\/td>\n<td width=\"144\">1500<\/td>\n<td width=\"394\">Big Horn, Laramie, Laramie Longhorn, Limited, Lone Star, Rebel, Tradesman<\/td>\n<td width=\"256\">3,6 L, 5,7 L<\/td>\n<\/tr>\n<\/tbody>\n<\/table>\n<p>&nbsp;<\/p>\n<p><strong>Rozsah dod\u00e1vky:<\/strong> 1 <span lang=\"DE\">St\u011bra\u010de \u010deln\u00edho skla, jsou pot\u0159eba 2 kusy<br \/>\n<strong>Ne<\/strong> vhodn\u00e9 pro RAM Classic!<\/span><\/p>\n<p>&nbsp;<\/p>\n<h4>Va\u0161e prvn\u00ed volba: origin\u00e1ln\u00ed d\u00edly Mopar<\/h4>\n<p><strong>Origin\u00e1ln\u00ed kvalita od v\u00fdrobce:<\/strong> Spole\u010dnost Mopar zn\u00e1 va\u0161e vozidlo do nejmen\u0161\u00edho detailu - v\u017edy\u0165 ka\u017ed\u00fd origin\u00e1ln\u00ed d\u00edl poch\u00e1z\u00ed p\u0159\u00edmo od v\u00fdrobce. Komponenty jsou p\u0159esn\u011b p\u0159izp\u016fsobeny va\u0161emu modelu a spl\u0148uj\u00ed v\u0161echny tov\u00e1rn\u00ed specifikace. To znamen\u00e1: p\u0159esn\u00e1 mont\u00e1\u017e, optim\u00e1ln\u00ed funkce a maxim\u00e1ln\u00ed bezpe\u010dnost.<\/p>\n<p><strong>Osv\u011bd\u010den\u00e1 odolnost a spolehlivost<\/strong>Origin\u00e1ln\u00ed d\u00edly Mopar jsou z\u00e1rukou ov\u011b\u0159en\u00e9 kvality a robustn\u00edch materi\u00e1l\u016f. Byly testov\u00e1ny a vyv\u00edjeny v re\u00e1ln\u00fdch podm\u00ednk\u00e1ch, aby dlouhodob\u011b poskytovaly vysok\u00fd v\u00fdkon - bez ohledu na to, jak n\u00e1ro\u010dn\u00e9 jsou provozn\u00ed podm\u00ednky.<\/p>","protected":false},"excerpt":{"rendered":"<p>Origin\u00e1ln\u00ed d\u00edl Mopar<\/p>","protected":false},"featured_media":68353357,"comment_status":"open","ping_status":"closed","template":"","meta":{"_acf_changed":false},"product_brand":[16270],"product_cat":[10262,19391,19418,19691,5021,2706],"product_tag":[475,19593,19594,19592,49,31,8813,9424,16271,16273,16275,16272,16274,7221,86,704,19585,19591,19621],"class_list":{"0":"post-68353014","1":"product","2":"type-product","3":"status-publish","4":"has-post-thumbnail","6":"product_brand-mopar","7":"product_cat-alle-produkte","8":"product_cat-1500-30-wartung","9":"product_cat-1500-ecodiesel-2020-2023-wartung","10":"product_cat-1500-36-dt-wartung","11":"product_cat-1500-57-dt-wartung","12":"product_cat-trx-wartung","13":"product_tag-475","14":"product_tag-68339036aa","15":"product_tag-68339036ab","16":"product_tag-68339036ac","17":"product_tag-dodge","18":"product_tag-mopar","19":"product_tag-mopar-autoteile","20":"product_tag-mopar-ersatzteile","21":"product_tag-mopar-ersatzteile-kaufen","22":"product_tag-mopar-performance-teile","23":"product_tag-mopar-teile-katalog","24":"product_tag-mopar-teile-online","25":"product_tag-mopar-tuningteile","26":"product_tag-mopar10","27":"product_tag-ram","28":"product_tag-scheibenwischer","29":"product_tag-scheibenwischerblatt","30":"product_tag-wischer","31":"product_tag-wischerblatt","33":"first","34":"instock","35":"taxable","36":"shipping-taxable","37":"purchasable","38":"product-type-simple"},"bundled_by":[],"bundle_stock_status":"instock","bundle_stock_quantity":4,"bundle_virtual":false,"bundle_layout":"","bundle_add_to_cart_form_location":"","bundle_editable_in_cart":false,"bundle_sold_individually_context":"","bundle_item_grouping":"","bundle_min_size":"","bundle_max_size":"","bundle_price":[],"bundled_items":[],"bundle_sell_ids":[],"exclude_global_add_ons":[],"addons":[],"acf":[],"_links":{"self":[{"href":"https:\/\/kraftwerk-shop.cc\/cs\/wp-json\/wp\/v2\/product\/68353014","targetHints":{"allow":["GET"]}}],"collection":[{"href":"https:\/\/kraftwerk-shop.cc\/cs\/wp-json\/wp\/v2\/product"}],"about":[{"href":"https:\/\/kraftwerk-shop.cc\/cs\/wp-json\/wp\/v2\/types\/product"}],"replies":[{"embeddable":true,"href":"https:\/\/kraftwerk-shop.cc\/cs\/wp-json\/wp\/v2\/comments?post=68353014"}],"version-history":[{"count":0,"href":"https:\/\/kraftwerk-shop.cc\/cs\/wp-json\/wp\/v2\/product\/68353014\/revisions"}],"wp:featuredmedia":[{"embeddable":true,"href":"https:\/\/kraftwerk-shop.cc\/cs\/wp-json\/wp\/v2\/media\/68353357"}],"wp:attachment":[{"href":"https:\/\/kraftwerk-shop.cc\/cs\/wp-json\/wp\/v2\/media?parent=68353014"}],"wp:term":[{"taxonomy":"product_brand","embeddable":true,"href":"https:\/\/kraftwerk-shop.cc\/cs\/wp-json\/wp\/v2\/product_brand?post=68353014"},{"taxonomy":"product_cat","embeddable":true,"href":"https:\/\/kraftwerk-shop.cc\/cs\/wp-json\/wp\/v2\/product_cat?post=68353014"},{"taxonomy":"product_tag","embeddable":true,"href":"https:\/\/kraftwerk-shop.cc\/cs\/wp-json\/wp\/v2\/product_tag?post=68353014"}],"curies":[{"name":"wp","href":"https:\/\/api.w.org\/{rel}","templated":true}]}}