{"id":68353029,"date":"2025-11-16T22:57:09","date_gmt":"2025-11-16T21:57:09","guid":{"rendered":"https:\/\/kraftwerk-shop.cc\/?post_type=product&#038;p=68353029"},"modified":"2026-02-15T01:26:50","modified_gmt":"2026-02-15T00:26:50","slug":"vzduchovy-filtr-mopar-68293164ac","status":"publish","type":"product","link":"https:\/\/kraftwerk-shop.cc\/cs\/produkt\/mopar-luftfilter-68293164ac\/","title":{"rendered":"Vzduchov\u00fd filtr Mopar Wrangler a Gladiator 3.0 Diesel (68293164AC)"},"content":{"rendered":"<h1>Origin\u00e1ln\u00ed vzduchov\u00fd filtr Mopar (68293164AC) pro Jeep Wrangler a Gladiator 3.0 Diesel od roku 2020 do roku 2023<\/h1>\n<p>&nbsp;<\/p>\n<p><span lang=\"DE\"><strong>\u010c\u00edslo d\u00edlu Mopar:<\/strong>\u00a068293164AC<br \/>\n<strong>Nahrazeno: <\/strong>68293164AB<\/span><\/p>\n<p>&nbsp;<\/p>\n<p><strong>Vhodn\u00e9 pro:<\/strong><\/p>\n<table width=\"1100\">\n<tbody>\n<tr>\n<td width=\"138\"><strong>Rok v\u00fdstavby<\/strong><\/td>\n<td width=\"168\"><strong>Zna\u010dka<\/strong><\/td>\n<td width=\"144\"><strong>Model<\/strong><\/td>\n<td width=\"394\"><strong>Verze<\/strong><\/td>\n<td width=\"256\"><strong>Motor<\/strong><\/td>\n<\/tr>\n<tr>\n<td width=\"138\">2023<\/td>\n<td width=\"168\">Jeep<\/td>\n<td width=\"144\">Gladi\u00e1tor<\/td>\n<td width=\"394\">High Altitude, Overland, Rubicon, Sport S, Willys, Willys Sport<\/td>\n<td width=\"256\">Vzn\u011btov\u00fd motor 3,0 l<\/td>\n<\/tr>\n<tr>\n<td width=\"138\">2023<\/td>\n<td width=\"168\">Jeep<\/td>\n<td width=\"144\">Wrangler<\/td>\n<td width=\"394\">High Altitude, Rubicon, Sahara, Sahara Altitude, Sport, Sport Altitude, Sport S, Willys, Willys Sport<\/td>\n<td width=\"256\">Vzn\u011btov\u00fd motor 3,0 l<\/td>\n<\/tr>\n<tr>\n<td width=\"138\">2022<\/td>\n<td width=\"168\">Jeep<\/td>\n<td width=\"144\">Gladi\u00e1tor<\/td>\n<td width=\"394\">Altitude, High Altitude, Overland, Rubicon, Sport, Sport S, Willys, Willys Sport<\/td>\n<td width=\"256\">Vzn\u011btov\u00fd motor 3,0 l<\/td>\n<\/tr>\n<tr>\n<td width=\"138\">2022<\/td>\n<td width=\"168\">Jeep<\/td>\n<td width=\"144\">Wrangler<\/td>\n<td width=\"394\">Unlimited High Altitude, Unlimited Rubicon, Unlimited Sahara, Unlimited Sahara Altitude, Unlimited Sport, Unlimited Sport Altitude, Unlimited Sport S, Unlimited Willys, Unlimited Willys Sport<\/td>\n<td width=\"256\">Vzn\u011btov\u00fd motor 3,0 l<\/td>\n<\/tr>\n<tr>\n<td width=\"138\">2021<\/td>\n<td width=\"168\">Jeep<\/td>\n<td width=\"144\">Gladi\u00e1tor<\/td>\n<td width=\"394\">80. v\u00fdro\u010d\u00ed, High Altitude, Overland, Rubicon, Sport, Sport S, Texas Trail, Willys, Willys Sport<\/td>\n<td width=\"256\">Vzn\u011btov\u00fd motor 3,0 l<\/td>\n<\/tr>\n<tr>\n<td width=\"138\">2021<\/td>\n<td width=\"168\">Jeep<\/td>\n<td width=\"144\">Wrangler<\/td>\n<td width=\"394\">Unlimited 80th Anniversary, Unlimited Freedom, Unlimited High Altitude, Unlimited Islander, Unlimited Rubicon, Unlimited Sahara, Unlimited Sahara Altitude, Unlimited Sport, Unlimited Sport Altitude, Unlimited Sport S, Unlimited Willys, Unlimited Willys Sport<\/td>\n<td width=\"256\">Vzn\u011btov\u00fd motor 3,0 l<\/td>\n<\/tr>\n<tr>\n<td width=\"138\">2020<\/td>\n<td width=\"168\">Jeep<\/td>\n<td width=\"144\">Wrangler<\/td>\n<td width=\"394\">Unlimited Rubicon, Unlimited Sahara, Unlimited Sport, Unlimited Sport S<\/td>\n<td width=\"256\">Vzn\u011btov\u00fd motor 3,0 l<\/td>\n<\/tr>\n<\/tbody>\n<\/table>\n<p>&nbsp;<\/p>\n<p>&nbsp;<\/p>\n<h4>Pro\u010d si vybrat origin\u00e1ln\u00ed n\u00e1hradn\u00ed d\u00edly Mopar?<\/h4>\n<p><strong>Perfektn\u011b padnouc\u00ed a \u0161pi\u010dkov\u00e9 kvality:<\/strong> Origin\u00e1ln\u00ed n\u00e1hradn\u00ed d\u00edly Mopar jsou vyr\u00e1b\u011bny podle p\u0159\u00edsn\u00fdch specifikac\u00ed v\u00fdrobce, co\u017e znamen\u00e1, \u017ee do va\u0161eho vozidla dokonale pasuj\u00ed. T\u00edm je zaji\u0161t\u011bna nejen snadn\u00e1 instalace, ale tak\u00e9 optim\u00e1ln\u00ed funkce a bezpe\u010dnost.<\/p>\n<p><strong>Spolehlivost a trvanlivost:<\/strong> D\u00edky pou\u017eit\u00ed vysoce kvalitn\u00edch materi\u00e1l\u016f a p\u0159\u00edsn\u00e9 kontrole kvality zaji\u0161\u0165uj\u00ed n\u00e1hradn\u00ed d\u00edly Mopar spolehlivou funkci va\u0161eho vozidla i v extr\u00e9mn\u00edch podm\u00ednk\u00e1ch. Jsou navr\u017eeny tak, aby vydr\u017eely a maximalizovaly v\u00fdkon va\u0161eho vozidla.<\/p>","protected":false},"excerpt":{"rendered":"<p>Origin\u00e1ln\u00ed d\u00edl Mopar<\/p>","protected":false},"featured_media":68353603,"comment_status":"open","ping_status":"closed","template":"","meta":{"_acf_changed":false},"product_brand":[16270],"product_cat":[10262,19707,19694,19757,19768],"product_tag":[89,19638,19634,19595,875,504,648,19616,2217,50,57,503,8517,31,8813,9424,16271,16273,16275,16272,16274,7221,877,175],"class_list":{"0":"post-68353029","1":"product","2":"type-product","3":"status-publish","4":"has-post-thumbnail","6":"product_brand-mopar","7":"product_cat-alle-produkte","8":"product_cat-gladiator-ecodiesel-ansaugung","9":"product_cat-gladiator-ecodiesel-wartung","10":"product_cat-wrangler-30-ecodiesel-ansaugung","11":"product_cat-wrangler-30-ecodiesel-wartung","12":"product_tag-3-0","13":"product_tag-3-0-diesel","14":"product_tag-68293164ab","15":"product_tag-68293164ac","16":"product_tag-diesel","17":"product_tag-ecodiesel","18":"product_tag-filter","19":"product_tag-filterelement","20":"product_tag-gladiator","21":"product_tag-jeep","22":"product_tag-luftfilter","23":"product_tag-luftfiltereinsatz","24":"product_tag-luftfilterelement","25":"product_tag-mopar","26":"product_tag-mopar-autoteile","27":"product_tag-mopar-ersatzteile","28":"product_tag-mopar-ersatzteile-kaufen","29":"product_tag-mopar-performance-teile","30":"product_tag-mopar-teile-katalog","31":"product_tag-mopar-teile-online","32":"product_tag-mopar-tuningteile","33":"product_tag-mopar10","34":"product_tag-multijet","35":"product_tag-wrangler","36":"product_shipping_class-deutschlandohne","38":"first","39":"instock","40":"taxable","41":"shipping-taxable","42":"purchasable","43":"product-type-simple"},"bundled_by":[],"bundle_stock_status":"instock","bundle_stock_quantity":1,"bundle_virtual":false,"bundle_layout":"","bundle_add_to_cart_form_location":"","bundle_editable_in_cart":false,"bundle_sold_individually_context":"","bundle_item_grouping":"","bundle_min_size":"","bundle_max_size":"","bundle_price":[],"bundled_items":[],"bundle_sell_ids":[],"exclude_global_add_ons":[],"addons":[],"acf":[],"_links":{"self":[{"href":"https:\/\/kraftwerk-shop.cc\/cs\/wp-json\/wp\/v2\/product\/68353029","targetHints":{"allow":["GET"]}}],"collection":[{"href":"https:\/\/kraftwerk-shop.cc\/cs\/wp-json\/wp\/v2\/product"}],"about":[{"href":"https:\/\/kraftwerk-shop.cc\/cs\/wp-json\/wp\/v2\/types\/product"}],"replies":[{"embeddable":true,"href":"https:\/\/kraftwerk-shop.cc\/cs\/wp-json\/wp\/v2\/comments?post=68353029"}],"version-history":[{"count":0,"href":"https:\/\/kraftwerk-shop.cc\/cs\/wp-json\/wp\/v2\/product\/68353029\/revisions"}],"wp:featuredmedia":[{"embeddable":true,"href":"https:\/\/kraftwerk-shop.cc\/cs\/wp-json\/wp\/v2\/media\/68353603"}],"wp:attachment":[{"href":"https:\/\/kraftwerk-shop.cc\/cs\/wp-json\/wp\/v2\/media?parent=68353029"}],"wp:term":[{"taxonomy":"product_brand","embeddable":true,"href":"https:\/\/kraftwerk-shop.cc\/cs\/wp-json\/wp\/v2\/product_brand?post=68353029"},{"taxonomy":"product_cat","embeddable":true,"href":"https:\/\/kraftwerk-shop.cc\/cs\/wp-json\/wp\/v2\/product_cat?post=68353029"},{"taxonomy":"product_tag","embeddable":true,"href":"https:\/\/kraftwerk-shop.cc\/cs\/wp-json\/wp\/v2\/product_tag?post=68353029"}],"curies":[{"name":"wp","href":"https:\/\/api.w.org\/{rel}","templated":true}]}}