{"id":68353038,"date":"2025-11-16T23:04:10","date_gmt":"2025-11-16T22:04:10","guid":{"rendered":"https:\/\/kraftwerk-shop.cc\/?post_type=product&#038;p=68353038"},"modified":"2026-03-24T14:28:07","modified_gmt":"2026-03-24T13:28:07","slug":"kabinovy-vzduchovy-filtr-mopar-68565698aa","status":"publish","type":"product","link":"https:\/\/kraftwerk-shop.cc\/cs\/produkt\/mopar-innenraumfilter-68565698aa\/","title":{"rendered":"Kabinov\u00fd vzduchov\u00fd filtr Mopar Wrangler a Gladiator (68565698AA)"},"content":{"rendered":"<h1>Origin\u00e1ln\u00ed kabinov\u00fd vzduchov\u00fd filtr \/ pylov\u00fd filtr Mopar (68565698AA) pro Jeep Wrangler a Gladiator z let 2022 a\u017e 2026<\/h1>\n<p>&nbsp;<\/p>\n<p><span lang=\"DE\"><strong>\u010c\u00edslo d\u00edlu Mopar:<\/strong>\u00a068565698AA<br \/>\n<strong>Nahrazeno: <\/strong><span class=\"list-value\">\u2014<\/span><\/span><\/p>\n<p>&nbsp;<\/p>\n<p><strong>Vhodn\u00e9 pro:<\/strong><\/p>\n<table width=\"1100\">\n<tbody>\n<tr>\n<td width=\"138\"><strong>Rok v\u00fdstavby<\/strong><\/td>\n<td width=\"168\"><strong>Zna\u010dka<\/strong><\/td>\n<td width=\"144\"><strong>Model<\/strong><\/td>\n<td width=\"394\"><strong>Verze<\/strong><\/td>\n<td width=\"256\"><strong>Motor<\/strong><\/td>\n<\/tr>\n<tr>\n<td width=\"138\">2026<\/td>\n<td width=\"168\">Jeep<\/td>\n<td width=\"144\">Gladi\u00e1tor<\/td>\n<td width=\"394\">Mojave, Mojave X, Rubicon, Rubicon X, Sport, Sport S, Texas Trail, Willys<\/td>\n<td width=\"256\">3.6L<\/td>\n<\/tr>\n<tr>\n<td width=\"138\">2026<\/td>\n<td width=\"168\">Jeep<\/td>\n<td width=\"144\">Wrangler<\/td>\n<td width=\"394\">Rubicon, Rubicon X, Sahara, Sport, Sport S, Willys<\/td>\n<td width=\"256\">2.0L, 3.6L<\/td>\n<\/tr>\n<tr>\n<td width=\"138\">2025<\/td>\n<td width=\"168\">Jeep<\/td>\n<td width=\"144\">Gladi\u00e1tor<\/td>\n<td width=\"394\">High Tide, Mojave, Mojave X, NightHawk, Rubicon, Rubicon X, Sport, Sport S, Texas Trail, Willys<\/td>\n<td width=\"256\">3.6L<\/td>\n<\/tr>\n<tr>\n<td width=\"138\">2025<\/td>\n<td width=\"168\">Jeep<\/td>\n<td width=\"144\">Wrangler<\/td>\n<td width=\"394\">High Altitude 4xe, Rubicon, Rubicon 4xe, Rubicon X, Rubicon X 4xe, Sahara, Sahara 4xe, Sport, Sport S, Sport S 4xe, Willys, Willys 4xe<\/td>\n<td width=\"256\">\u00a02.0L, 3.6L<\/td>\n<\/tr>\n<tr>\n<td width=\"138\">2024<\/td>\n<td width=\"168\">Jeep<\/td>\n<td width=\"144\">Gladi\u00e1tor<\/td>\n<td width=\"394\">Mojave, Mojave X, Rubicon, Rubicon X, Sport, Sport S, Willys<\/td>\n<td width=\"256\">3.6L<\/td>\n<\/tr>\n<tr>\n<td width=\"138\">2024<\/td>\n<td width=\"168\">Jeep<\/td>\n<td width=\"144\">Wrangler<\/td>\n<td width=\"394\">High Altitude 4xe, Rubicon, Rubicon 392, Rubicon 4xe, Rubicon X, Rubicon X 4xe, Sahara, Sahara 4xe, Sport, Sport S, Sport S 4xe, Willys, Willys 4xe<\/td>\n<td width=\"256\">\u00a02,0 L, 3,6 L , 6,4 L<\/td>\n<\/tr>\n<tr>\n<td width=\"138\">2023<\/td>\n<td width=\"168\">Jeep<\/td>\n<td width=\"144\">Gladi\u00e1tor<\/td>\n<td width=\"394\">Freedom, High Altitude, Mojave, Overland, Rubicon, Sport, Sport S, Texas Trail, Willys, Willys Sport<\/td>\n<td width=\"256\">3.6L<\/td>\n<\/tr>\n<tr>\n<td width=\"138\">2023<\/td>\n<td width=\"168\">Jeep<\/td>\n<td width=\"144\">Wrangler<\/td>\n<td width=\"394\">Freedom, High Altitude, High Altitude 4xe, Rubicon, Rubicon 392, Rubicon 4xe, Sahara, Sahara 4xe, Sahara Altitude, Sport, Sport Altitude, Sport S, Willys, Willys 4xe, Willys Sport<\/td>\n<td width=\"256\">\u00a02,0 L, 3,6 L , 6,4 L<\/td>\n<\/tr>\n<tr>\n<td width=\"138\">2022<\/td>\n<td width=\"168\">Jeep<\/td>\n<td width=\"144\">Gladi\u00e1tor<\/td>\n<td width=\"394\">Altitude, High Altitude, Mojave, Overland, Rubicon, Sport, Sport S, Texas Trail, Willys, Willys Sport<\/td>\n<td width=\"256\">3.6L<\/td>\n<\/tr>\n<tr>\n<td width=\"138\">2022<\/td>\n<td width=\"168\">Jeep<\/td>\n<td width=\"144\">Wrangler<\/td>\n<td width=\"394\">Rubicon, Sport, Sport S, Unlimited High Altitude, Unlimited High Altitude 4xe, Unlimited Rubicon, Unlimited Rubicon 392, Unlimited Rubicon 4xe, Unlimited Sahara, Unlimited Sahara 4xe, Unlimited Sahara Altitude, Unlimited Sport, Unlimited Sport Altitude, Unlimited Sport S, Unlimited Willys, Unlimited Willys Sport, Willys, Willys Sport<\/td>\n<td width=\"256\">\u00a02,0 L, 3,6 L , 6,4 L<\/td>\n<\/tr>\n<\/tbody>\n<\/table>\n<p>&nbsp;<\/p>\n<p>&nbsp;<\/p>\n<p>&nbsp;<\/p>\n<h4>Origin\u00e1ln\u00ed d\u00edly Mopar - kvalita p\u0159\u00edmo od v\u00fdrobce<\/h4>\n<p><strong>P\u0159esnost podle v\u00fdrobce:<\/strong> Jako v\u00fdrobce origin\u00e1ln\u00edch d\u00edl\u016f dod\u00e1v\u00e1 spole\u010dnost Mopar komponenty, kter\u00e9 p\u0159esn\u011b odpov\u00eddaj\u00ed specifikac\u00edm va\u0161eho vozidla. P\u0159esn\u00e1 v\u00fdroba zaji\u0161\u0165uje bezprobl\u00e9movou instalaci a spln\u011bn\u00ed v\u0161ech bezpe\u010dnostn\u00edch po\u017eadavk\u016f.<\/p>\n<p><strong>Odoln\u00e9 a spolehliv\u00e9:<\/strong> Origin\u00e1ln\u00ed d\u00edly Mopar jsou vyr\u00e1b\u011bny z vysoce kvalitn\u00edch materi\u00e1l\u016f a podl\u00e9haj\u00ed p\u0159\u00edsn\u00fdm test\u016fm kvality. Jsou navr\u017eeny pro dlouhou \u017eivotnost a nab\u00edzej\u00ed st\u00e1l\u00fd v\u00fdkon i p\u0159i intenzivn\u00edm pou\u017e\u00edv\u00e1n\u00ed.<\/p>","protected":false},"excerpt":{"rendered":"<p>Origin\u00e1ln\u00ed d\u00edl Mopar<\/p>\n<p>2022 - 2026<\/p>","protected":false},"featured_media":68353618,"comment_status":"open","ping_status":"closed","template":"","meta":{"_acf_changed":false},"product_brand":[16270],"product_cat":[3015,2942,2952,2963],"product_tag":[19602,19637,2217,32,50,31,8813,9424,16271,16273,16275,16272,16274,7221,691,175],"class_list":{"0":"post-68353038","1":"product","2":"type-product","3":"status-publish","4":"has-post-thumbnail","6":"product_brand-mopar","7":"product_cat-gladiator-36-wartung","8":"product_cat-wrangler-20-turbo-wartung","9":"product_cat-wrangler-36-wartung","10":"product_cat-wrangler-64-wartung","11":"product_tag-68565698aa","12":"product_tag-geruchsfilter","13":"product_tag-gladiator","14":"product_tag-innenraumfilter","15":"product_tag-jeep","16":"product_tag-mopar","17":"product_tag-mopar-autoteile","18":"product_tag-mopar-ersatzteile","19":"product_tag-mopar-ersatzteile-kaufen","20":"product_tag-mopar-performance-teile","21":"product_tag-mopar-teile-katalog","22":"product_tag-mopar-teile-online","23":"product_tag-mopar-tuningteile","24":"product_tag-mopar10","25":"product_tag-pollenfilter","26":"product_tag-wrangler","28":"first","29":"instock","30":"taxable","31":"shipping-taxable","32":"purchasable","33":"product-type-simple"},"bundled_by":[],"bundle_stock_status":"instock","bundle_stock_quantity":5,"bundle_virtual":false,"bundle_layout":"","bundle_add_to_cart_form_location":"","bundle_editable_in_cart":false,"bundle_sold_individually_context":"","bundle_item_grouping":"","bundle_min_size":"","bundle_max_size":"","bundle_price":[],"bundled_items":[],"bundle_sell_ids":[],"exclude_global_add_ons":[],"addons":[],"acf":[],"_links":{"self":[{"href":"https:\/\/kraftwerk-shop.cc\/cs\/wp-json\/wp\/v2\/product\/68353038","targetHints":{"allow":["GET"]}}],"collection":[{"href":"https:\/\/kraftwerk-shop.cc\/cs\/wp-json\/wp\/v2\/product"}],"about":[{"href":"https:\/\/kraftwerk-shop.cc\/cs\/wp-json\/wp\/v2\/types\/product"}],"replies":[{"embeddable":true,"href":"https:\/\/kraftwerk-shop.cc\/cs\/wp-json\/wp\/v2\/comments?post=68353038"}],"version-history":[{"count":0,"href":"https:\/\/kraftwerk-shop.cc\/cs\/wp-json\/wp\/v2\/product\/68353038\/revisions"}],"wp:featuredmedia":[{"embeddable":true,"href":"https:\/\/kraftwerk-shop.cc\/cs\/wp-json\/wp\/v2\/media\/68353618"}],"wp:attachment":[{"href":"https:\/\/kraftwerk-shop.cc\/cs\/wp-json\/wp\/v2\/media?parent=68353038"}],"wp:term":[{"taxonomy":"product_brand","embeddable":true,"href":"https:\/\/kraftwerk-shop.cc\/cs\/wp-json\/wp\/v2\/product_brand?post=68353038"},{"taxonomy":"product_cat","embeddable":true,"href":"https:\/\/kraftwerk-shop.cc\/cs\/wp-json\/wp\/v2\/product_cat?post=68353038"},{"taxonomy":"product_tag","embeddable":true,"href":"https:\/\/kraftwerk-shop.cc\/cs\/wp-json\/wp\/v2\/product_tag?post=68353038"}],"curies":[{"name":"wp","href":"https:\/\/api.w.org\/{rel}","templated":true}]}}