{"id":68353065,"date":"2025-11-16T23:23:02","date_gmt":"2025-11-16T22:23:02","guid":{"rendered":"https:\/\/kraftwerk-shop.cc\/?post_type=product&#038;p=68353065"},"modified":"2026-02-15T01:26:57","modified_gmt":"2026-02-15T00:26:57","slug":"mopar-vzduchovy-filtr-05038070aa-viper","status":"publish","type":"product","link":"https:\/\/kraftwerk-shop.cc\/cs\/produkt\/mopar-luftfilter-05038070aa-viper\/","title":{"rendered":"Vzduchov\u00fd filtr Mopar (05038070AA) Viper 8.4"},"content":{"rendered":"<h1>Origin\u00e1ln\u00ed vzduchov\u00fd filtr Mopar (05038070AA) pro Dodge Viper 8.4 z let 2008 a\u017e 2017<\/h1>\n<p>&nbsp;<\/p>\n<p><span lang=\"DE\"><strong>\u010c\u00edslo d\u00edlu Mopar:<\/strong>\u00a005038070AA<br \/>\n<strong>Nahrazeno: <\/strong><span class=\"list-value\">\u2014<\/span><\/span><\/p>\n<p>&nbsp;<\/p>\n<p><strong>Vhodn\u00e9 pro:<\/strong><\/p>\n<table width=\"1100\">\n<tbody>\n<tr>\n<td width=\"138\"><strong>Rok v\u00fdstavby<\/strong><\/td>\n<td width=\"168\"><strong>Zna\u010dka<\/strong><\/td>\n<td width=\"144\"><strong>Model<\/strong><\/td>\n<td width=\"394\"><strong>Verze<\/strong><\/td>\n<td width=\"256\"><strong>Motor<\/strong><\/td>\n<\/tr>\n<tr>\n<td width=\"138\">2017<\/td>\n<td width=\"168\">Dodge<\/td>\n<td width=\"144\">Viper<\/td>\n<td width=\"394\">ACR, GTS, SRT<\/td>\n<td width=\"256\">8.4L<\/td>\n<\/tr>\n<tr>\n<td width=\"138\">2016<\/td>\n<td width=\"168\">Dodge<\/td>\n<td width=\"144\">Viper<\/td>\n<td width=\"394\">ACR, GTC, GTS, SRT<\/td>\n<td width=\"256\">8.4L<\/td>\n<\/tr>\n<tr>\n<td width=\"138\">2015<\/td>\n<td width=\"168\">Dodge<\/td>\n<td width=\"144\">Viper<\/td>\n<td width=\"394\">Z\u00e1kladn\u00ed verze, GT, GTS<\/td>\n<td width=\"256\">8.4L<\/td>\n<\/tr>\n<tr>\n<td width=\"138\">2014<\/td>\n<td width=\"168\">SRT<\/td>\n<td width=\"144\">Viper<\/td>\n<td width=\"394\">Z\u00e1kladn\u00ed verze, GTS<\/td>\n<td width=\"256\">8.4L<\/td>\n<\/tr>\n<tr>\n<td width=\"138\">2013<\/td>\n<td width=\"168\">SRT<\/td>\n<td width=\"144\">Viper<\/td>\n<td width=\"394\">Z\u00e1kladn\u00ed verze, GTS<\/td>\n<td width=\"256\">8.4L<\/td>\n<\/tr>\n<tr>\n<td width=\"138\">2010<\/td>\n<td width=\"168\">Dodge<\/td>\n<td width=\"144\">Viper<\/td>\n<td width=\"394\">SRT-10, SRT-10 ACR<\/td>\n<td width=\"256\">8.4L<\/td>\n<\/tr>\n<tr>\n<td width=\"138\">2009<\/td>\n<td width=\"168\">Dodge<\/td>\n<td width=\"144\">Viper<\/td>\n<td width=\"394\">SRT-10, SRT-10 ACR<\/td>\n<td width=\"256\">8.4L<\/td>\n<\/tr>\n<tr>\n<td width=\"138\">2008<\/td>\n<td width=\"168\">Dodge<\/td>\n<td width=\"144\">Viper<\/td>\n<td width=\"394\">SRT-10<\/td>\n<td width=\"256\">8.4L<\/td>\n<\/tr>\n<\/tbody>\n<\/table>\n<p>&nbsp;<\/p>\n<p>&nbsp;<\/p>\n<p>&nbsp;<\/p>\n<h4>Origin\u00e1ln\u00ed d\u00edly Mopar - kvalita p\u0159\u00edmo od v\u00fdrobce<\/h4>\n<p><strong>P\u0159esnost podle v\u00fdrobce:<\/strong> Jako v\u00fdrobce origin\u00e1ln\u00edch d\u00edl\u016f dod\u00e1v\u00e1 spole\u010dnost Mopar komponenty, kter\u00e9 p\u0159esn\u011b odpov\u00eddaj\u00ed specifikac\u00edm va\u0161eho vozidla. P\u0159esn\u00e1 v\u00fdroba zaji\u0161\u0165uje bezprobl\u00e9movou instalaci a spln\u011bn\u00ed v\u0161ech bezpe\u010dnostn\u00edch po\u017eadavk\u016f.<\/p>\n<p><strong>Odoln\u00e9 a spolehliv\u00e9:<\/strong> Origin\u00e1ln\u00ed d\u00edly Mopar jsou vyr\u00e1b\u011bny z vysoce kvalitn\u00edch materi\u00e1l\u016f a podl\u00e9haj\u00ed p\u0159\u00edsn\u00fdm test\u016fm kvality. Jsou navr\u017eeny pro dlouhou \u017eivotnost a nab\u00edzej\u00ed st\u00e1l\u00fd v\u00fdkon i p\u0159i intenzivn\u00edm pou\u017e\u00edv\u00e1n\u00ed.<\/p>\n<p>&nbsp;<\/p>","protected":false},"excerpt":{"rendered":"<p>Origin\u00e1ln\u00ed d\u00edl Mopar<\/p>","protected":false},"featured_media":68353199,"comment_status":"open","ping_status":"closed","template":"","meta":{"_acf_changed":false},"product_brand":[16270],"product_cat":[19531,8049],"product_tag":[19609,19615,1114,5181,49,648,19616,1111,57,503,8517,31,8813,9424,16271,16273,16272,16274,7221,96,1097,559],"class_list":{"0":"post-68353065","1":"product","2":"type-product","3":"status-publish","4":"has-post-thumbnail","6":"product_brand-mopar","7":"product_cat-viper-84-ansaugung","8":"product_cat-viper-84-wartung","9":"product_tag-05038070aa","10":"product_tag-5038070aa","11":"product_tag-8-4","12":"product_tag-acr","13":"product_tag-dodge","14":"product_tag-filter","15":"product_tag-filterelement","16":"product_tag-gts","17":"product_tag-luftfilter","18":"product_tag-luftfiltereinsatz","19":"product_tag-luftfilterelement","20":"product_tag-mopar","21":"product_tag-mopar-autoteile","22":"product_tag-mopar-ersatzteile","23":"product_tag-mopar-ersatzteile-kaufen","24":"product_tag-mopar-performance-teile","25":"product_tag-mopar-teile-online","26":"product_tag-mopar-tuningteile","27":"product_tag-mopar10","28":"product_tag-srt","29":"product_tag-srt-10","30":"product_tag-viper","32":"first","33":"instock","34":"taxable","35":"shipping-taxable","36":"purchasable","37":"product-type-simple"},"bundled_by":[],"bundle_stock_status":"instock","bundle_stock_quantity":2,"bundle_virtual":false,"bundle_layout":"","bundle_add_to_cart_form_location":"","bundle_editable_in_cart":false,"bundle_sold_individually_context":"","bundle_item_grouping":"","bundle_min_size":"","bundle_max_size":"","bundle_price":[],"bundled_items":[],"bundle_sell_ids":[],"exclude_global_add_ons":[],"addons":[],"acf":[],"_links":{"self":[{"href":"https:\/\/kraftwerk-shop.cc\/cs\/wp-json\/wp\/v2\/product\/68353065","targetHints":{"allow":["GET"]}}],"collection":[{"href":"https:\/\/kraftwerk-shop.cc\/cs\/wp-json\/wp\/v2\/product"}],"about":[{"href":"https:\/\/kraftwerk-shop.cc\/cs\/wp-json\/wp\/v2\/types\/product"}],"replies":[{"embeddable":true,"href":"https:\/\/kraftwerk-shop.cc\/cs\/wp-json\/wp\/v2\/comments?post=68353065"}],"version-history":[{"count":0,"href":"https:\/\/kraftwerk-shop.cc\/cs\/wp-json\/wp\/v2\/product\/68353065\/revisions"}],"wp:featuredmedia":[{"embeddable":true,"href":"https:\/\/kraftwerk-shop.cc\/cs\/wp-json\/wp\/v2\/media\/68353199"}],"wp:attachment":[{"href":"https:\/\/kraftwerk-shop.cc\/cs\/wp-json\/wp\/v2\/media?parent=68353065"}],"wp:term":[{"taxonomy":"product_brand","embeddable":true,"href":"https:\/\/kraftwerk-shop.cc\/cs\/wp-json\/wp\/v2\/product_brand?post=68353065"},{"taxonomy":"product_cat","embeddable":true,"href":"https:\/\/kraftwerk-shop.cc\/cs\/wp-json\/wp\/v2\/product_cat?post=68353065"},{"taxonomy":"product_tag","embeddable":true,"href":"https:\/\/kraftwerk-shop.cc\/cs\/wp-json\/wp\/v2\/product_tag?post=68353065"}],"curies":[{"name":"wp","href":"https:\/\/api.w.org\/{rel}","templated":true}]}}