{"id":68353067,"date":"2025-11-16T23:23:05","date_gmt":"2025-11-16T22:23:05","guid":{"rendered":"https:\/\/kraftwerk-shop.cc\/?post_type=product&#038;p=68353067"},"modified":"2026-02-15T01:27:06","modified_gmt":"2026-02-15T00:27:06","slug":"skrtici-klapka-mopar-68550945ab","status":"publish","type":"product","link":"https:\/\/kraftwerk-shop.cc\/cs\/produkt\/mopar-drosselklappe-68550945ab\/","title":{"rendered":"\u0160krtic\u00ed klapka Mopar RAM 3.0 (68550945AB)"},"content":{"rendered":"<h1>Origin\u00e1ln\u00ed \u0161krtic\u00ed klapka Mopar (68550945AB) pro RAM 1500 3.0 <span class=\"list-value\">High Output<\/span><\/h1>\n<p>&nbsp;<\/p>\n<p><span lang=\"DE\"><strong>\u010c\u00edslo d\u00edlu Mopar:<\/strong>\u00a068550945AB<br \/>\n<strong>Nahrazeno: <\/strong>68550945AA<\/span><\/p>\n<p>&nbsp;<\/p>\n<p><strong>Vhodn\u00e9 pro:<\/strong><\/p>\n<table width=\"1100\">\n<tbody>\n<tr>\n<td width=\"138\"><strong>Rok v\u00fdstavby<\/strong><\/td>\n<td width=\"168\"><strong>Zna\u010dka<\/strong><\/td>\n<td width=\"144\"><strong>Model<\/strong><\/td>\n<td width=\"394\"><strong>Verze<\/strong><\/td>\n<td width=\"256\"><strong>Motor<\/strong><\/td>\n<\/tr>\n<tr>\n<td width=\"138\">2026<\/td>\n<td width=\"168\">Ram<\/td>\n<td width=\"144\">1500<\/td>\n<td width=\"394\">Big Horn, Express, Laramie, Limited, Limited Longhorn, Lone Star, RHO, Rebel, Tradesman, Tungsten, Warlock<\/td>\n<td width=\"256\">3.0L<\/td>\n<\/tr>\n<tr>\n<td width=\"138\">2025<\/td>\n<td width=\"168\">Ram<\/td>\n<td width=\"144\">1500<\/td>\n<td width=\"394\">Big Horn, Laramie, Limited, Limited Longhorn, Lone Star, RHO, Rebel, Tradesman, Tradesman HFE, Tungsten, Warlock<\/td>\n<td width=\"256\">3.0L<\/td>\n<\/tr>\n<\/tbody>\n<\/table>\n<p>&nbsp;<\/p>\n<p>&nbsp;<\/p>\n<h4>Pro\u010d jsou origin\u00e1ln\u00ed d\u00edly Mopar tou nejlep\u0161\u00ed volbou<\/h4>\n<p><strong>P\u0159\u00edmo od v\u00fdrobce - dokonale slad\u011bn\u00e9<\/strong>Jako origin\u00e1ln\u00ed v\u00fdrobce dod\u00e1v\u00e1 spole\u010dnost Mopar p\u0159esn\u011b ty d\u00edly, kter\u00e9 ji\u017e byly do va\u0161eho vozidla namontov\u00e1ny. Ka\u017ed\u00fd d\u00edl je speci\u00e1ln\u011b vyvinut pro v\u00e1\u0161 model a odpov\u00edd\u00e1 100 % technick\u00fdm specifikac\u00edm - pro dokonal\u00e9 uchycen\u00ed, optim\u00e1ln\u00ed v\u00fdkon a maxim\u00e1ln\u00ed bezpe\u010dnost.<\/p>\n<p><strong>Kvalita, kter\u00e9 m\u016f\u017eete d\u016fv\u011b\u0159ovat:<\/strong> Spole\u010dnost Mopar s\u00e1z\u00ed na p\u0159\u00edsn\u011b testovan\u00e9 materi\u00e1ly a nejvy\u0161\u0161\u00ed v\u00fdrobn\u00ed standardy. V\u00fdsledkem jsou odoln\u00e9 a spolehliv\u00e9 komponenty, kter\u00e9 funguj\u00ed i v extr\u00e9mn\u00edch podm\u00ednk\u00e1ch, tak\u017ee va\u0161e vozidlo dlouhodob\u011b funguje tak, jak m\u00e1.<\/p>","protected":false},"excerpt":{"rendered":"<p>Origin\u00e1ln\u00ed d\u00edl Mopar<\/p>\n<p>High Output<\/p>","protected":false},"featured_media":68353385,"comment_status":"open","ping_status":"closed","template":"","meta":{"_acf_changed":false},"product_brand":[16270],"product_cat":[19390],"product_tag":[475,89,10815,19629,19608,158,7897,31,8813,9424,16271,16273,16275,16272,16274,7221,86,258],"class_list":{"0":"post-68353067","1":"product","2":"type-product","3":"status-publish","4":"has-post-thumbnail","6":"product_brand-mopar","7":"product_cat-1500-30-ansaugung","8":"product_tag-475","9":"product_tag-3-0","10":"product_tag-30-tt-hurricane","11":"product_tag-68550945aa","12":"product_tag-68550945ab","13":"product_tag-drosselklappe","14":"product_tag-high-output","15":"product_tag-mopar","16":"product_tag-mopar-autoteile","17":"product_tag-mopar-ersatzteile","18":"product_tag-mopar-ersatzteile-kaufen","19":"product_tag-mopar-performance-teile","20":"product_tag-mopar-teile-katalog","21":"product_tag-mopar-teile-online","22":"product_tag-mopar-tuningteile","23":"product_tag-mopar10","24":"product_tag-ram","25":"product_tag-turbo","27":"first","28":"instock","29":"taxable","30":"shipping-taxable","31":"purchasable","32":"product-type-simple"},"bundled_by":[],"bundle_stock_status":"instock","bundle_stock_quantity":1,"bundle_virtual":false,"bundle_layout":"","bundle_add_to_cart_form_location":"","bundle_editable_in_cart":false,"bundle_sold_individually_context":"","bundle_item_grouping":"","bundle_min_size":"","bundle_max_size":"","bundle_price":[],"bundled_items":[],"bundle_sell_ids":[],"exclude_global_add_ons":[],"addons":[],"acf":[],"_links":{"self":[{"href":"https:\/\/kraftwerk-shop.cc\/cs\/wp-json\/wp\/v2\/product\/68353067","targetHints":{"allow":["GET"]}}],"collection":[{"href":"https:\/\/kraftwerk-shop.cc\/cs\/wp-json\/wp\/v2\/product"}],"about":[{"href":"https:\/\/kraftwerk-shop.cc\/cs\/wp-json\/wp\/v2\/types\/product"}],"replies":[{"embeddable":true,"href":"https:\/\/kraftwerk-shop.cc\/cs\/wp-json\/wp\/v2\/comments?post=68353067"}],"version-history":[{"count":0,"href":"https:\/\/kraftwerk-shop.cc\/cs\/wp-json\/wp\/v2\/product\/68353067\/revisions"}],"wp:featuredmedia":[{"embeddable":true,"href":"https:\/\/kraftwerk-shop.cc\/cs\/wp-json\/wp\/v2\/media\/68353385"}],"wp:attachment":[{"href":"https:\/\/kraftwerk-shop.cc\/cs\/wp-json\/wp\/v2\/media?parent=68353067"}],"wp:term":[{"taxonomy":"product_brand","embeddable":true,"href":"https:\/\/kraftwerk-shop.cc\/cs\/wp-json\/wp\/v2\/product_brand?post=68353067"},{"taxonomy":"product_cat","embeddable":true,"href":"https:\/\/kraftwerk-shop.cc\/cs\/wp-json\/wp\/v2\/product_cat?post=68353067"},{"taxonomy":"product_tag","embeddable":true,"href":"https:\/\/kraftwerk-shop.cc\/cs\/wp-json\/wp\/v2\/product_tag?post=68353067"}],"curies":[{"name":"wp","href":"https:\/\/api.w.org\/{rel}","templated":true}]}}