{"id":68354140,"date":"2025-12-14T13:47:58","date_gmt":"2025-12-14T12:47:58","guid":{"rendered":"https:\/\/kraftwerk-shop.cc\/?post_type=product&#038;p=68354140"},"modified":"2026-02-15T01:27:22","modified_gmt":"2026-02-15T00:27:22","slug":"kabinovy-vzduchovy-filtr-mustang-4r3z19n619aa","status":"publish","type":"product","link":"https:\/\/kraftwerk-shop.cc\/cs\/produkt\/innenraumfilter-mustang-4r3z19n619aa\/","title":{"rendered":"Vzduchov\u00fd filtr v kabin\u011b Mustang 3.7, 4.0, 4.6, 5.0, 5.4 a 5.8"},"content":{"rendered":"<h1>Vzduchov\u00fd filtr do kabiny pro Ford Mustang 3.7, 4.0, 4.6, 5.0, 5.4 a 5.8 z let 2005 a\u017e 2013<\/h1>\n<p>&nbsp;<\/p>\n<p><span lang=\"DE\"><strong>Ford Srovn\u00e1vac\u00ed \u010d\u00edsla:<\/strong> 4R3Z-19N619-AC, 4R3Z-19N619-AA, 4R3Z-19N619-AB, FP-53<br \/>\n<strong>Nahrazeno: <\/strong><span class=\"list-value\">\u2014<\/span><\/span><\/p>\n<p>&nbsp;<\/p>\n<p><strong>Vhodn\u00e9 pro:<\/strong><\/p>\n<table width=\"1125\">\n<tbody>\n<tr>\n<td width=\"80\"><strong>Rok v\u00fdstavby<\/strong><\/td>\n<td width=\"113\"><strong>Zna\u010dka<\/strong><\/td>\n<td width=\"171\"><strong>Model<\/strong><\/td>\n<td width=\"329\"><strong>Verze<\/strong><\/td>\n<td width=\"432\"><strong>Motor<\/strong><\/td>\n<\/tr>\n<tr>\n<td width=\"80\">2013<\/td>\n<td width=\"113\">Ford<\/td>\n<td width=\"171\">Mustang<\/td>\n<td width=\"329\">Base, Boss 302, GT, Shelby GT500<\/td>\n<td width=\"432\">3.7L, 5.0L, 5.8L<\/td>\n<\/tr>\n<tr>\n<td width=\"80\">2012<\/td>\n<td width=\"113\">Ford<\/td>\n<td width=\"171\">Mustang<\/td>\n<td width=\"329\">Base, Boss 302, GT, Shelby GT500<\/td>\n<td width=\"432\">3.7L, 5.0L, 5.4L<\/td>\n<\/tr>\n<tr>\n<td width=\"80\">2011<\/td>\n<td width=\"113\">Ford<\/td>\n<td width=\"171\">Mustang<\/td>\n<td width=\"329\">Z\u00e1kladn\u00ed verze, GT, Shelby GT500<\/td>\n<td width=\"432\">3.7L, 5.0L, 5.4L<\/td>\n<\/tr>\n<tr>\n<td width=\"80\">2010<\/td>\n<td width=\"113\">Ford<\/td>\n<td width=\"171\">Mustang<\/td>\n<td width=\"329\">Z\u00e1kladn\u00ed verze, GT, Shelby GT500<\/td>\n<td width=\"432\">4.0L, 4.6L, 5.4L<\/td>\n<\/tr>\n<tr>\n<td width=\"80\">2009<\/td>\n<td width=\"113\">Ford<\/td>\n<td width=\"171\">Mustang<\/td>\n<td width=\"329\">Z\u00e1kladn\u00ed verze, Bullitt, GT, Shelby GT500, Shelby GT500KR<\/td>\n<td width=\"432\">4.0L, 4.6L, 5.4L<\/td>\n<\/tr>\n<tr>\n<td width=\"80\">2008<\/td>\n<td width=\"113\">Ford<\/td>\n<td width=\"171\">Mustang<\/td>\n<td width=\"329\">Z\u00e1kladn\u00ed verze, Bullitt, GT, Shelby GT, Shelby GT500, Shelby GT500KR<\/td>\n<td width=\"432\">4.0L, 4.6L, 5.4L<\/td>\n<\/tr>\n<tr>\n<td width=\"80\">2007<\/td>\n<td width=\"113\">Ford<\/td>\n<td width=\"171\">Mustang<\/td>\n<td width=\"329\">Z\u00e1kladn\u00ed verze, GT, Shelby GT, Shelby GT500<\/td>\n<td width=\"432\">4.0L, 4.6L, 5.4L<\/td>\n<\/tr>\n<tr>\n<td width=\"80\">2006<\/td>\n<td width=\"113\">Ford<\/td>\n<td width=\"171\">Mustang<\/td>\n<td width=\"329\">Z\u00e1kladna, GT<\/td>\n<td width=\"432\">4.0L, 4.6L<\/td>\n<\/tr>\n<tr>\n<td width=\"80\">2005<\/td>\n<td width=\"113\">Ford<\/td>\n<td width=\"171\">Mustang<\/td>\n<td width=\"329\">Z\u00e1kladna, GT<\/td>\n<td width=\"432\">4.0L, 4.6L<\/td>\n<\/tr>\n<\/tbody>\n<\/table>\n<p>&nbsp;<\/p>","protected":false},"excerpt":{"rendered":"<p>2005 - 2013<\/p>","protected":false},"featured_media":68354142,"comment_status":"open","ping_status":"closed","template":"","meta":{"_acf_changed":false},"product_brand":[],"product_cat":[10262,19936,19937],"product_tag":[19944,19945,19943,19941,19942,917,19917,19919,19920,19946,32,7221,691],"class_list":{"0":"post-68354140","1":"product","2":"type-product","3":"status-publish","4":"has-post-thumbnail","6":"product_cat-alle-produkte","7":"product_cat-mustang-37-wartung","8":"product_cat-mustang-50-gt-wartung","9":"product_tag-4r3z-19n619-aa","10":"product_tag-4r3z-19n619-ab","11":"product_tag-4r3z-19n619-ac","12":"product_tag-4r3z19n619aa","13":"product_tag-f4687","14":"product_tag-ford","15":"product_tag-ford-ersatzteile","16":"product_tag-ford-teile-katalog","17":"product_tag-ford-teile-online","18":"product_tag-fp-53","19":"product_tag-innenraumfilter","20":"product_tag-mopar10","21":"product_tag-pollenfilter","23":"first","24":"instock","25":"taxable","26":"shipping-taxable","27":"purchasable","28":"product-type-simple"},"bundled_by":[],"bundle_stock_status":"instock","bundle_stock_quantity":2,"bundle_virtual":false,"bundle_layout":"","bundle_add_to_cart_form_location":"","bundle_editable_in_cart":false,"bundle_sold_individually_context":"","bundle_item_grouping":"","bundle_min_size":"","bundle_max_size":"","bundle_price":[],"bundled_items":[],"bundle_sell_ids":[],"exclude_global_add_ons":[],"addons":[],"acf":[],"_links":{"self":[{"href":"https:\/\/kraftwerk-shop.cc\/cs\/wp-json\/wp\/v2\/product\/68354140","targetHints":{"allow":["GET"]}}],"collection":[{"href":"https:\/\/kraftwerk-shop.cc\/cs\/wp-json\/wp\/v2\/product"}],"about":[{"href":"https:\/\/kraftwerk-shop.cc\/cs\/wp-json\/wp\/v2\/types\/product"}],"replies":[{"embeddable":true,"href":"https:\/\/kraftwerk-shop.cc\/cs\/wp-json\/wp\/v2\/comments?post=68354140"}],"version-history":[{"count":0,"href":"https:\/\/kraftwerk-shop.cc\/cs\/wp-json\/wp\/v2\/product\/68354140\/revisions"}],"wp:featuredmedia":[{"embeddable":true,"href":"https:\/\/kraftwerk-shop.cc\/cs\/wp-json\/wp\/v2\/media\/68354142"}],"wp:attachment":[{"href":"https:\/\/kraftwerk-shop.cc\/cs\/wp-json\/wp\/v2\/media?parent=68354140"}],"wp:term":[{"taxonomy":"product_brand","embeddable":true,"href":"https:\/\/kraftwerk-shop.cc\/cs\/wp-json\/wp\/v2\/product_brand?post=68354140"},{"taxonomy":"product_cat","embeddable":true,"href":"https:\/\/kraftwerk-shop.cc\/cs\/wp-json\/wp\/v2\/product_cat?post=68354140"},{"taxonomy":"product_tag","embeddable":true,"href":"https:\/\/kraftwerk-shop.cc\/cs\/wp-json\/wp\/v2\/product_tag?post=68354140"}],"curies":[{"name":"wp","href":"https:\/\/api.w.org\/{rel}","templated":true}]}}