{"id":68354148,"date":"2025-12-14T15:39:19","date_gmt":"2025-12-14T14:39:19","guid":{"rendered":"https:\/\/kraftwerk-shop.cc\/?post_type=product&#038;p=68354148"},"modified":"2026-02-15T01:27:19","modified_gmt":"2026-02-15T00:27:19","slug":"starter-gm-12740951","status":"publish","type":"product","link":"https:\/\/kraftwerk-shop.cc\/cs\/produkt\/gm-anlasser-12740951\/","title":{"rendered":"Start\u00e9r GM (12740951)"},"content":{"rendered":"<h1>Origin\u00e1ln\u00ed start\u00e9r GM (12740951) pro motory Cadillac, Chevrolet a GMC 5.3, 6.2 a 6.6 od roku 2016 do roku 2024.<\/h1>\n<p>&nbsp;<\/p>\n<p><span lang=\"DE\"><strong>\u010c\u00edslo d\u00edlu GM:<\/strong>\u00a012740951<br \/>\n<strong>Nahrazeno: <\/strong><span class=\"list-value\">12619241, 12652772, 12691976, 12714470, 12724248<\/span><\/span><\/p>\n<p>&nbsp;<\/p>\n<p><strong>Vhodn\u00e9 pro:<\/strong><\/p>\n<table width=\"1125\">\n<tbody>\n<tr>\n<td width=\"80\"><strong>Rok v\u00fdstavby<\/strong><\/td>\n<td width=\"113\"><strong>Zna\u010dka<\/strong><\/td>\n<td width=\"171\"><strong>Model<\/strong><\/td>\n<td width=\"329\"><strong>Verze<\/strong><\/td>\n<td width=\"432\"><strong>Motor<\/strong><\/td>\n<\/tr>\n<tr>\n<td width=\"80\">2025<\/td>\n<td width=\"113\">Cadillac<\/td>\n<td width=\"171\">CT5<\/td>\n<td width=\"329\">V Blackwing<\/td>\n<td width=\"432\">6.2L<\/td>\n<\/tr>\n<tr>\n<td width=\"80\">2025<\/td>\n<td width=\"113\">Chevrolet<\/td>\n<td width=\"171\">Expres 2500<\/td>\n<td width=\"329\">Base, LS, LT<\/td>\n<td width=\"432\">6.6L<\/td>\n<\/tr>\n<tr>\n<td width=\"80\">2025<\/td>\n<td width=\"113\">GMC<\/td>\n<td width=\"171\">Savana 2500<\/td>\n<td width=\"329\">Base, LS, LT<\/td>\n<td width=\"432\">6.6L<\/td>\n<\/tr>\n<tr>\n<td width=\"80\">2024<\/td>\n<td width=\"113\">Cadillac<\/td>\n<td width=\"171\">CT5<\/td>\n<td width=\"329\">V Blackwing<\/td>\n<td width=\"432\">6.2L<\/td>\n<\/tr>\n<tr>\n<td width=\"80\">2024<\/td>\n<td width=\"113\">Chevrolet<\/td>\n<td width=\"171\">Camaro<\/td>\n<td width=\"329\">LT1, SS, ZL1<\/td>\n<td width=\"432\">6.2L<\/td>\n<\/tr>\n<tr>\n<td width=\"80\">2024<\/td>\n<td width=\"113\">Chevrolet<\/td>\n<td width=\"171\">Expres 2500<\/td>\n<td width=\"329\">Base, LS, LT<\/td>\n<td width=\"432\">6.6L<\/td>\n<\/tr>\n<tr>\n<td width=\"80\">2024<\/td>\n<td width=\"113\">Chevrolet<\/td>\n<td width=\"171\">Express 4500<\/td>\n<td width=\"329\">Base<\/td>\n<td width=\"432\">6.6L<\/td>\n<\/tr>\n<tr>\n<td width=\"80\">2024<\/td>\n<td width=\"113\">GMC<\/td>\n<td width=\"171\">Savana 2500<\/td>\n<td width=\"329\">Base, LS, LT<\/td>\n<td width=\"432\">6.6L<\/td>\n<\/tr>\n<tr>\n<td width=\"80\">2023<\/td>\n<td width=\"113\">Cadillac<\/td>\n<td width=\"171\">CT5<\/td>\n<td width=\"329\">V Blackwing<\/td>\n<td width=\"432\">6.2L<\/td>\n<\/tr>\n<tr>\n<td width=\"80\">2023<\/td>\n<td width=\"113\">Chevrolet<\/td>\n<td width=\"171\">Camaro<\/td>\n<td width=\"329\">LT1, SS, ZL1<\/td>\n<td width=\"432\">6.2L<\/td>\n<\/tr>\n<tr>\n<td width=\"80\">2023<\/td>\n<td width=\"113\">Chevrolet<\/td>\n<td width=\"171\">Expres 2500<\/td>\n<td width=\"329\">Base, LS, LT<\/td>\n<td width=\"432\">6.6L<\/td>\n<\/tr>\n<tr>\n<td width=\"80\">2023<\/td>\n<td width=\"113\">Chevrolet<\/td>\n<td width=\"171\">Express 4500<\/td>\n<td width=\"329\">Base<\/td>\n<td width=\"432\">6.6L<\/td>\n<\/tr>\n<tr>\n<td width=\"80\">2023<\/td>\n<td width=\"113\">Chevrolet<\/td>\n<td width=\"171\">Silverado 2500 HD<\/td>\n<td width=\"329\">Custom, High Country, LT, LTZ, WT<\/td>\n<td width=\"432\">6.6L V8 - Flex, 6.6L<\/td>\n<\/tr>\n<tr>\n<td width=\"80\">2023<\/td>\n<td width=\"113\">Chevrolet<\/td>\n<td width=\"171\">Silverado 3500 HD<\/td>\n<td width=\"329\">High Country, LT, LTZ, WT<\/td>\n<td width=\"432\">6.6L V8 - Flex, 6.6L<\/td>\n<\/tr>\n<tr>\n<td width=\"80\">2023<\/td>\n<td width=\"113\">GMC<\/td>\n<td width=\"171\">Savana 2500<\/td>\n<td width=\"329\">Base, LS, LT<\/td>\n<td width=\"432\">6.6L<\/td>\n<\/tr>\n<tr>\n<td width=\"80\">2023<\/td>\n<td width=\"113\">GMC<\/td>\n<td width=\"171\">Sierra 2500 HD<\/td>\n<td width=\"329\">AT4, Denali, Pro, SLE, SLT<\/td>\n<td width=\"432\">6.6L V8 - Flex, 6.6L<\/td>\n<\/tr>\n<tr>\n<td width=\"80\">2023<\/td>\n<td width=\"113\">GMC<\/td>\n<td width=\"171\">Sierra 3500 HD<\/td>\n<td width=\"329\">AT4, Denali, Pro, SLE, SLT<\/td>\n<td width=\"432\">6.6L V8 - Flex, 6.6L<\/td>\n<\/tr>\n<tr>\n<td width=\"80\">2022<\/td>\n<td width=\"113\">Cadillac<\/td>\n<td width=\"171\">CT5<\/td>\n<td width=\"329\">V Blackwing<\/td>\n<td width=\"432\">6.2L<\/td>\n<\/tr>\n<tr>\n<td width=\"80\">2022<\/td>\n<td width=\"113\">Chevrolet<\/td>\n<td width=\"171\">Camaro<\/td>\n<td width=\"329\">LT1, SS, ZL1<\/td>\n<td width=\"432\">6.2L<\/td>\n<\/tr>\n<tr>\n<td width=\"80\">2022<\/td>\n<td width=\"113\">Chevrolet<\/td>\n<td width=\"171\">Expres 2500<\/td>\n<td width=\"329\">Base, LS, LT<\/td>\n<td width=\"432\">6.6L<\/td>\n<\/tr>\n<tr>\n<td width=\"80\">2022<\/td>\n<td width=\"113\">Chevrolet<\/td>\n<td width=\"171\">Express 3500<\/td>\n<td width=\"329\">Base, LS, LT<\/td>\n<td width=\"432\">6.6L<\/td>\n<\/tr>\n<tr>\n<td width=\"80\">2022<\/td>\n<td width=\"113\">Chevrolet<\/td>\n<td width=\"171\">Express 4500<\/td>\n<td width=\"329\">Base<\/td>\n<td width=\"432\">6.6L<\/td>\n<\/tr>\n<tr>\n<td width=\"80\">2022<\/td>\n<td width=\"113\">Chevrolet<\/td>\n<td width=\"171\">Silverado 1500 LTD<\/td>\n<td width=\"329\">SSV, WT<\/td>\n<td width=\"432\">5.3L V8 - Flex, 5.3L<\/td>\n<\/tr>\n<tr>\n<td width=\"80\">2022<\/td>\n<td width=\"113\">Chevrolet<\/td>\n<td width=\"171\">Silverado 2500 HD<\/td>\n<td width=\"329\">Custom, High Country, LT, LTZ, WT<\/td>\n<td width=\"432\">6.6L V8 - Flex, 6.6L<\/td>\n<\/tr>\n<tr>\n<td width=\"80\">2022<\/td>\n<td width=\"113\">Chevrolet<\/td>\n<td width=\"171\">Silverado 3500 HD<\/td>\n<td width=\"329\">High Country, LT, LTZ, WT<\/td>\n<td width=\"432\">6.6L V8 - Flex, 6.6L<\/td>\n<\/tr>\n<tr>\n<td width=\"80\">2022<\/td>\n<td width=\"113\">GMC<\/td>\n<td width=\"171\">Savana 2500<\/td>\n<td width=\"329\">Base, LS, LT<\/td>\n<td width=\"432\">6.6L<\/td>\n<\/tr>\n<tr>\n<td width=\"80\">2022<\/td>\n<td width=\"113\">GMC<\/td>\n<td width=\"171\">Savana 3500<\/td>\n<td width=\"329\">Base, LS, LT<\/td>\n<td width=\"432\">6.6L<\/td>\n<\/tr>\n<tr>\n<td width=\"80\">2022<\/td>\n<td width=\"113\">GMC<\/td>\n<td width=\"171\">Savana 4500<\/td>\n<td width=\"329\">Base<\/td>\n<td width=\"432\">6.6L<\/td>\n<\/tr>\n<tr>\n<td width=\"80\">2022<\/td>\n<td width=\"113\">GMC<\/td>\n<td width=\"171\">Sierra 1500<\/td>\n<td width=\"329\">AT4, AT4X, Denali, Denali Ultimate, Elevation, Pro, SLE, SLT<\/td>\n<td width=\"432\">5,3 L, 6,2 L<\/td>\n<\/tr>\n<tr>\n<td width=\"80\">2022<\/td>\n<td width=\"113\">GMC<\/td>\n<td width=\"171\">Sierra 1500 Limited<\/td>\n<td width=\"329\">AT4, Denali, Elevation, Pro, SLE, SLT<\/td>\n<td width=\"432\">5.3L V8 - Flex, 5.3L, 6.2L<\/td>\n<\/tr>\n<tr>\n<td width=\"80\">2022<\/td>\n<td width=\"113\">GMC<\/td>\n<td width=\"171\">Sierra 2500 HD<\/td>\n<td width=\"329\">AT4, Denali, Pro, SLE, SLT<\/td>\n<td width=\"432\">6.6L V8 - Flex, 6.6L<\/td>\n<\/tr>\n<tr>\n<td width=\"80\">2022<\/td>\n<td width=\"113\">GMC<\/td>\n<td width=\"171\">Sierra 3500 HD<\/td>\n<td width=\"329\">AT4, Denali, Pro, SLE, SLT<\/td>\n<td width=\"432\">6.6L V8 - Flex, 6.6L<\/td>\n<\/tr>\n<tr>\n<td width=\"80\">2021<\/td>\n<td width=\"113\">Chevrolet<\/td>\n<td width=\"171\">Camaro<\/td>\n<td width=\"329\">LT1, SS, ZL1<\/td>\n<td width=\"432\">6.2L<\/td>\n<\/tr>\n<tr>\n<td width=\"80\">2021<\/td>\n<td width=\"113\">Chevrolet<\/td>\n<td width=\"171\">Expres 2500<\/td>\n<td width=\"329\">Base, LS, LT<\/td>\n<td width=\"432\">6.6L<\/td>\n<\/tr>\n<tr>\n<td width=\"80\">2021<\/td>\n<td width=\"113\">Chevrolet<\/td>\n<td width=\"171\">Express 3500<\/td>\n<td width=\"329\">Base, LS, LT<\/td>\n<td width=\"432\">6.6L<\/td>\n<\/tr>\n<tr>\n<td width=\"80\">2021<\/td>\n<td width=\"113\">Chevrolet<\/td>\n<td width=\"171\">Express 4500<\/td>\n<td width=\"329\">Base<\/td>\n<td width=\"432\">6.6L<\/td>\n<\/tr>\n<tr>\n<td width=\"80\">2021<\/td>\n<td width=\"113\">Chevrolet<\/td>\n<td width=\"171\">Silverado 1500<\/td>\n<td width=\"329\">Custom, Custom Trail Boss, SSV, WT<\/td>\n<td width=\"432\">5.3L V8 - Flex, 5.3L<\/td>\n<\/tr>\n<tr>\n<td width=\"80\">2021<\/td>\n<td width=\"113\">Chevrolet<\/td>\n<td width=\"171\">Silverado 2500 HD<\/td>\n<td width=\"329\">Custom, High Country, LT, LTZ, WT<\/td>\n<td width=\"432\">6.6L V8 - Flex, 6.6L<\/td>\n<\/tr>\n<tr>\n<td width=\"80\">2021<\/td>\n<td width=\"113\">Chevrolet<\/td>\n<td width=\"171\">Silverado 3500 HD<\/td>\n<td width=\"329\">High Country, LT, LTZ, WT<\/td>\n<td width=\"432\">6.6L V8 - Flex, 6.6L<\/td>\n<\/tr>\n<tr>\n<td width=\"80\">2021<\/td>\n<td width=\"113\">GMC<\/td>\n<td width=\"171\">Savana 2500<\/td>\n<td width=\"329\">Base, LS, LT<\/td>\n<td width=\"432\">6.6L<\/td>\n<\/tr>\n<tr>\n<td width=\"80\">2021<\/td>\n<td width=\"113\">GMC<\/td>\n<td width=\"171\">Savana 3500<\/td>\n<td width=\"329\">Base, LS, LT<\/td>\n<td width=\"432\">6.6L<\/td>\n<\/tr>\n<tr>\n<td width=\"80\">2021<\/td>\n<td width=\"113\">GMC<\/td>\n<td width=\"171\">Savana 4500<\/td>\n<td width=\"329\">Base<\/td>\n<td width=\"432\">6.6L<\/td>\n<\/tr>\n<tr>\n<td width=\"80\">2021<\/td>\n<td width=\"113\">GMC<\/td>\n<td width=\"171\">Sierra 1500<\/td>\n<td width=\"329\">AT4, Base, Denali, Elevation, SLE, SLT<\/td>\n<td width=\"432\">5.3L V8 - Flex, 5.3L, 6.2L<\/td>\n<\/tr>\n<tr>\n<td width=\"80\">2021<\/td>\n<td width=\"113\">GMC<\/td>\n<td width=\"171\">Sierra 2500 HD<\/td>\n<td width=\"329\">AT4, Base, Denali, SLE, SLT<\/td>\n<td width=\"432\">6.6L V8 - Flex, 6.6L<\/td>\n<\/tr>\n<tr>\n<td width=\"80\">2021<\/td>\n<td width=\"113\">GMC<\/td>\n<td width=\"171\">Sierra 3500 HD<\/td>\n<td width=\"329\">AT4, Base, Denali, SLE, SLT<\/td>\n<td width=\"432\">6.6L V8 - Flex, 6.6L<\/td>\n<\/tr>\n<tr>\n<td width=\"80\">2020<\/td>\n<td width=\"113\">Chevrolet<\/td>\n<td width=\"171\">Camaro<\/td>\n<td width=\"329\">LT1, SS, ZL1<\/td>\n<td width=\"432\">6.2L<\/td>\n<\/tr>\n<tr>\n<td width=\"80\">2020<\/td>\n<td width=\"113\">Chevrolet<\/td>\n<td width=\"171\">Silverado 1500<\/td>\n<td width=\"329\">Custom, Custom Trail Boss, SSV, WT<\/td>\n<td width=\"432\">5.3L V8 - Flex, 5.3L<\/td>\n<\/tr>\n<tr>\n<td width=\"80\">2020<\/td>\n<td width=\"113\">Chevrolet<\/td>\n<td width=\"171\">Silverado 2500 HD<\/td>\n<td width=\"329\">Custom, High Country, LT, LTZ, WT<\/td>\n<td width=\"432\">6.6L<\/td>\n<\/tr>\n<tr>\n<td width=\"80\">2020<\/td>\n<td width=\"113\">Chevrolet<\/td>\n<td width=\"171\">Silverado 3500 HD<\/td>\n<td width=\"329\">High Country, LT, LTZ, WT<\/td>\n<td width=\"432\">6.6L<\/td>\n<\/tr>\n<tr>\n<td width=\"80\">2020<\/td>\n<td width=\"113\">GMC<\/td>\n<td width=\"171\">Sierra 1500<\/td>\n<td width=\"329\">AT4, Base, Denali, Elevation, SLE, SLT<\/td>\n<td width=\"432\">5.3L V8 - Flex, 5.3L, 6.2L<\/td>\n<\/tr>\n<tr>\n<td width=\"80\">2020<\/td>\n<td width=\"113\">GMC<\/td>\n<td width=\"171\">Sierra 2500 HD<\/td>\n<td width=\"329\">AT4, Base, Denali, SLE, SLT<\/td>\n<td width=\"432\">6.6L<\/td>\n<\/tr>\n<tr>\n<td width=\"80\">2020<\/td>\n<td width=\"113\">GMC<\/td>\n<td width=\"171\">Sierra 3500 HD<\/td>\n<td width=\"329\">AT4, Base, Denali, SLE, SLT<\/td>\n<td width=\"432\">6.6L<\/td>\n<\/tr>\n<tr>\n<td width=\"80\">2019<\/td>\n<td width=\"113\">Cadillac<\/td>\n<td width=\"171\">CTS<\/td>\n<td width=\"329\">V<\/td>\n<td width=\"432\">6.2L<\/td>\n<\/tr>\n<tr>\n<td width=\"80\">2019<\/td>\n<td width=\"113\">Chevrolet<\/td>\n<td width=\"171\">Camaro<\/td>\n<td width=\"329\">SS, ZL1<\/td>\n<td width=\"432\">6.2L<\/td>\n<\/tr>\n<tr>\n<td width=\"80\">2019<\/td>\n<td width=\"113\">Chevrolet<\/td>\n<td width=\"171\">Corvette<\/td>\n<td width=\"329\">Grand Sport, Stingray, Z06, ZR1<\/td>\n<td width=\"432\">6.2L<\/td>\n<\/tr>\n<tr>\n<td width=\"80\">2019<\/td>\n<td width=\"113\">Chevrolet<\/td>\n<td width=\"171\">Silverado 1500<\/td>\n<td width=\"329\">Custom, Custom Trail Boss, SSV, WT<\/td>\n<td width=\"432\">5.3L V8 - Flex, 5.3L<\/td>\n<\/tr>\n<tr>\n<td width=\"80\">2019<\/td>\n<td width=\"113\">GMC<\/td>\n<td width=\"171\">Sierra 1500<\/td>\n<td width=\"329\">AT4, Base, Denali, Elevation, SLE, SLT<\/td>\n<td width=\"432\">5.3L V8 - Flex, 5.3L, 6.2L<\/td>\n<\/tr>\n<tr>\n<td width=\"80\">2018<\/td>\n<td width=\"113\">Cadillac<\/td>\n<td width=\"171\">CTS<\/td>\n<td width=\"329\">V<\/td>\n<td width=\"432\">6.2L<\/td>\n<\/tr>\n<tr>\n<td width=\"80\">2018<\/td>\n<td width=\"113\">Chevrolet<\/td>\n<td width=\"171\">Camaro<\/td>\n<td width=\"329\">SS, ZL1<\/td>\n<td width=\"432\">6.2L<\/td>\n<\/tr>\n<tr>\n<td width=\"80\">2018<\/td>\n<td width=\"113\">Chevrolet<\/td>\n<td width=\"171\">Corvette<\/td>\n<td width=\"329\">Grand Sport, Stingray, Z06<\/td>\n<td width=\"432\">6.2L<\/td>\n<\/tr>\n<tr>\n<td width=\"80\">2017<\/td>\n<td width=\"113\">Cadillac<\/td>\n<td width=\"171\">CTS<\/td>\n<td width=\"329\">V<\/td>\n<td width=\"432\">6.2L<\/td>\n<\/tr>\n<tr>\n<td width=\"80\">2017<\/td>\n<td width=\"113\">Chevrolet<\/td>\n<td width=\"171\">Camaro<\/td>\n<td width=\"329\">SS, ZL1<\/td>\n<td width=\"432\">6.2L<\/td>\n<\/tr>\n<tr>\n<td width=\"80\">2017<\/td>\n<td width=\"113\">Chevrolet<\/td>\n<td width=\"171\">Corvette<\/td>\n<td width=\"329\">Grand Sport, Stingray, Z06<\/td>\n<td width=\"432\">6.2L<\/td>\n<\/tr>\n<tr>\n<td width=\"80\">2016<\/td>\n<td width=\"113\">Cadillac<\/td>\n<td width=\"171\">CTS<\/td>\n<td width=\"329\">V<\/td>\n<td width=\"432\">6.2L<\/td>\n<\/tr>\n<tr>\n<td width=\"80\">2016<\/td>\n<td width=\"113\">Chevrolet<\/td>\n<td width=\"171\">Camaro<\/td>\n<td width=\"329\">SS<\/td>\n<td width=\"432\">6.2L<\/td>\n<\/tr>\n<tr>\n<td width=\"80\">2016<\/td>\n<td width=\"113\">Chevrolet<\/td>\n<td width=\"171\">Corvette<\/td>\n<td width=\"329\">Stingray, Z06<\/td>\n<td width=\"432\">6.2L<\/td>\n<\/tr>\n<\/tbody>\n<\/table>\n<p>&nbsp;<\/p>\n<p>&nbsp;<\/p>\n<h4>Pro\u010d si vybrat origin\u00e1ln\u00ed n\u00e1hradn\u00ed d\u00edly GM?<\/h4>\n<p><strong>Perfektn\u011b padnouc\u00ed a \u0161pi\u010dkov\u00e9 kvality:<\/strong> Origin\u00e1ln\u00ed d\u00edly GM jsou vyr\u00e1b\u011bny podle p\u0159\u00edsn\u00fdch specifikac\u00ed v\u00fdrobce, co\u017e znamen\u00e1, \u017ee do va\u0161eho vozidla dokonale pasuj\u00ed. T\u00edm je zaji\u0161t\u011bna nejen snadn\u00e1 instalace, ale tak\u00e9 optim\u00e1ln\u00ed funkce a bezpe\u010dnost.<\/p>\n<p><strong>Spolehlivost a trvanlivost:<\/strong> D\u00edky pou\u017eit\u00ed vysoce kvalitn\u00edch materi\u00e1l\u016f a p\u0159\u00edsn\u00e9 kontrole kvality zaji\u0161\u0165uj\u00ed n\u00e1hradn\u00ed d\u00edly GM spolehlivou funkci va\u0161eho vozidla i v extr\u00e9mn\u00edch podm\u00ednk\u00e1ch. Jsou navr\u017eeny tak, aby vydr\u017eely a maximalizovaly v\u00fdkon va\u0161eho vozidla.<\/p>\n<p>&nbsp;<\/p>","protected":false},"excerpt":{"rendered":"<p>Origin\u00e1ln\u00ed d\u00edl GM<\/p>","protected":false},"featured_media":68354150,"comment_status":"open","ping_status":"closed","template":"","meta":{"_acf_changed":false},"product_brand":[19840],"product_cat":[19948,19949,1779],"product_tag":[19953,19954,19955,19956,19957,19950,19951,1318,19836,19841,19837,19838,7221,2425,19952],"class_list":{"0":"post-68354148","1":"product","2":"type-product","3":"status-publish","4":"has-post-thumbnail","6":"product_brand-general-motors","7":"product_cat-camaro-62-2016-elektrik","8":"product_cat-corvette-c7-elektrik","9":"product_cat-neue-produkte","10":"product_tag-19953","11":"product_tag-19954","12":"product_tag-19955","13":"product_tag-19956","14":"product_tag-19957","15":"product_tag-19950","16":"product_tag-anlasser","17":"product_tag-gm","18":"product_tag-gm-ersatzteile","19":"product_tag-gm-originalteil","20":"product_tag-gm-teile-katalog","21":"product_tag-gm-teile-online","22":"product_tag-mopar10","23":"product_tag-originalteil","24":"product_tag-starter","26":"first","27":"instock","28":"taxable","29":"shipping-taxable","30":"purchasable","31":"product-type-simple"},"bundled_by":[],"bundle_stock_status":"instock","bundle_stock_quantity":1,"bundle_virtual":false,"bundle_layout":"","bundle_add_to_cart_form_location":"","bundle_editable_in_cart":false,"bundle_sold_individually_context":"","bundle_item_grouping":"","bundle_min_size":"","bundle_max_size":"","bundle_price":[],"bundled_items":[],"bundle_sell_ids":[],"exclude_global_add_ons":[],"addons":[],"acf":[],"_links":{"self":[{"href":"https:\/\/kraftwerk-shop.cc\/cs\/wp-json\/wp\/v2\/product\/68354148","targetHints":{"allow":["GET"]}}],"collection":[{"href":"https:\/\/kraftwerk-shop.cc\/cs\/wp-json\/wp\/v2\/product"}],"about":[{"href":"https:\/\/kraftwerk-shop.cc\/cs\/wp-json\/wp\/v2\/types\/product"}],"replies":[{"embeddable":true,"href":"https:\/\/kraftwerk-shop.cc\/cs\/wp-json\/wp\/v2\/comments?post=68354148"}],"version-history":[{"count":0,"href":"https:\/\/kraftwerk-shop.cc\/cs\/wp-json\/wp\/v2\/product\/68354148\/revisions"}],"wp:featuredmedia":[{"embeddable":true,"href":"https:\/\/kraftwerk-shop.cc\/cs\/wp-json\/wp\/v2\/media\/68354150"}],"wp:attachment":[{"href":"https:\/\/kraftwerk-shop.cc\/cs\/wp-json\/wp\/v2\/media?parent=68354148"}],"wp:term":[{"taxonomy":"product_brand","embeddable":true,"href":"https:\/\/kraftwerk-shop.cc\/cs\/wp-json\/wp\/v2\/product_brand?post=68354148"},{"taxonomy":"product_cat","embeddable":true,"href":"https:\/\/kraftwerk-shop.cc\/cs\/wp-json\/wp\/v2\/product_cat?post=68354148"},{"taxonomy":"product_tag","embeddable":true,"href":"https:\/\/kraftwerk-shop.cc\/cs\/wp-json\/wp\/v2\/product_tag?post=68354148"}],"curies":[{"name":"wp","href":"https:\/\/api.w.org\/{rel}","templated":true}]}}