{"id":68354194,"date":"2025-12-14T22:44:29","date_gmt":"2025-12-14T21:44:29","guid":{"rendered":"https:\/\/kraftwerk-shop.cc\/?post_type=product&#038;p=68354194"},"modified":"2026-02-15T01:27:19","modified_gmt":"2026-02-15T00:27:19","slug":"continental-viper-84-klinovy-remen","status":"publish","type":"product","link":"https:\/\/kraftwerk-shop.cc\/cs\/produkt\/continental-keilriemen-viper-84\/","title":{"rendered":"Continental kl\u00ednov\u00fd \u0159emen Viper 8.4"},"content":{"rendered":"<h1>Kl\u00ednov\u00fd \u0159emen Continental pro Dodge Viper 8.4 od roku 2008 do roku 2017<\/h1>\n<p>&nbsp;<\/p>\n<p><span lang=\"DE\"><strong>Srovn\u00e1vac\u00ed \u010d\u00edsla Mopar:<\/strong> 5037862AC, 5037862AD, 05037862AE<\/span><\/p>\n<p>&nbsp;<\/p>\n<p><strong>Vhodn\u00e9 pro:<\/strong><\/p>\n<table width=\"1100\">\n<tbody>\n<tr>\n<td width=\"138\"><strong>Rok v\u00fdstavby<\/strong><\/td>\n<td width=\"168\"><strong>Zna\u010dka<\/strong><\/td>\n<td width=\"144\"><strong>Model<\/strong><\/td>\n<td width=\"394\"><strong>Verze<\/strong><\/td>\n<td width=\"256\"><strong>Motor<\/strong><\/td>\n<\/tr>\n<tr>\n<td width=\"138\">2017<\/td>\n<td width=\"168\">Dodge<\/td>\n<td width=\"144\">Viper<\/td>\n<td width=\"394\">ACR, GTS, SRT<\/td>\n<td width=\"256\">8.4L<\/td>\n<\/tr>\n<tr>\n<td width=\"138\">2016<\/td>\n<td width=\"168\">Dodge<\/td>\n<td width=\"144\">Viper<\/td>\n<td width=\"394\">ACR, GTC, GTS, SRT<\/td>\n<td width=\"256\">8.4L<\/td>\n<\/tr>\n<tr>\n<td width=\"138\">2015<\/td>\n<td width=\"168\">Dodge<\/td>\n<td width=\"144\">Viper<\/td>\n<td width=\"394\">Z\u00e1kladn\u00ed verze, GT, GTS<\/td>\n<td width=\"256\">8.4L<\/td>\n<\/tr>\n<tr>\n<td width=\"138\">2014<\/td>\n<td width=\"168\">SRT<\/td>\n<td width=\"144\">Viper<\/td>\n<td width=\"394\">Z\u00e1kladn\u00ed verze, GTS<\/td>\n<td width=\"256\">8.4L<\/td>\n<\/tr>\n<tr>\n<td width=\"138\">2013<\/td>\n<td width=\"168\">SRT<\/td>\n<td width=\"144\">Viper<\/td>\n<td width=\"394\">Z\u00e1kladn\u00ed verze, GTS<\/td>\n<td width=\"256\">8.4L<\/td>\n<\/tr>\n<tr>\n<td width=\"138\">2010<\/td>\n<td width=\"168\">Dodge<\/td>\n<td width=\"144\">Viper<\/td>\n<td width=\"394\">SRT-10, SRT-10 ACR<\/td>\n<td width=\"256\">8.4L<\/td>\n<\/tr>\n<tr>\n<td width=\"138\">2009<\/td>\n<td width=\"168\">Dodge<\/td>\n<td width=\"144\">Viper<\/td>\n<td width=\"394\">SRT-10, SRT-10 ACR<\/td>\n<td width=\"256\">8.4L<\/td>\n<\/tr>\n<tr>\n<td width=\"138\">2008<\/td>\n<td width=\"168\">Dodge<\/td>\n<td width=\"144\">Viper<\/td>\n<td width=\"394\">SRT-10<\/td>\n<td width=\"256\">8.4L<\/td>\n<\/tr>\n<\/tbody>\n<\/table>\n<p>&nbsp;<\/p>\n<p>&nbsp;<\/p>\n<h4>Pro\u010d si vybrat origin\u00e1ln\u00ed n\u00e1hradn\u00ed d\u00edly Mopar?<\/h4>\n<p><strong>Perfektn\u011b padnouc\u00ed a \u0161pi\u010dkov\u00e9 kvality:<\/strong> Origin\u00e1ln\u00ed n\u00e1hradn\u00ed d\u00edly Mopar jsou vyr\u00e1b\u011bny podle p\u0159\u00edsn\u00fdch specifikac\u00ed v\u00fdrobce, co\u017e znamen\u00e1, \u017ee do va\u0161eho vozidla dokonale pasuj\u00ed. T\u00edm je zaji\u0161t\u011bna nejen snadn\u00e1 instalace, ale tak\u00e9 optim\u00e1ln\u00ed funkce a bezpe\u010dnost.<\/p>\n<p><strong>Spolehlivost a trvanlivost:<\/strong> D\u00edky pou\u017eit\u00ed vysoce kvalitn\u00edch materi\u00e1l\u016f a p\u0159\u00edsn\u00e9 kontrole kvality zaji\u0161\u0165uj\u00ed n\u00e1hradn\u00ed d\u00edly Mopar spolehlivou funkci va\u0161eho vozidla i v extr\u00e9mn\u00edch podm\u00ednk\u00e1ch. Jsou navr\u017eeny tak, aby vydr\u017eely a maximalizovaly v\u00fdkon va\u0161eho vozidla.<\/p>\n<p>&nbsp;<\/p>","protected":false},"excerpt":{"rendered":"<p>Continental Keilriemen f\u00fcr Dodge Viper 8.4 von 2008 bis 2017 &nbsp; Mopar Vergleichsnummern: 5037862AC, 5037862AD, 05037862AE &nbsp; Passend f\u00fcr: Baujahr<\/p>","protected":false},"featured_media":68354198,"comment_status":"open","ping_status":"closed","template":"","meta":{"_acf_changed":false},"product_brand":[19994],"product_cat":[10262,8045,8049],"product_tag":[19992,19993,19988,19995,19990,19991,19989,1114,4435,49,736,31,8813,9424,16271,16273,16275,16272,16274,7221,1097,1098,559],"class_list":{"0":"post-68354194","1":"product","2":"type-product","3":"status-publish","4":"has-post-thumbnail","6":"product_brand-continental","7":"product_cat-alle-produkte","8":"product_cat-viper-84-riemenantrieb-komponenten","9":"product_cat-viper-84-wartung","10":"product_tag-05037862ac","11":"product_tag-05037862ad","12":"product_tag-05037862ae","13":"product_tag-19995","14":"product_tag-5037862ac","15":"product_tag-5037862ad","16":"product_tag-5037862ae","17":"product_tag-8-4","18":"product_tag-continental","19":"product_tag-dodge","20":"product_tag-keilriemen","21":"product_tag-mopar","22":"product_tag-mopar-autoteile","23":"product_tag-mopar-ersatzteile","24":"product_tag-mopar-ersatzteile-kaufen","25":"product_tag-mopar-performance-teile","26":"product_tag-mopar-teile-katalog","27":"product_tag-mopar-teile-online","28":"product_tag-mopar-tuningteile","29":"product_tag-mopar10","30":"product_tag-srt-10","31":"product_tag-srt10","32":"product_tag-viper","33":"product_shipping_class-deutschlandohne","35":"first","36":"instock","37":"taxable","38":"shipping-taxable","39":"purchasable","40":"product-type-simple"},"bundled_by":[],"bundle_stock_status":"instock","bundle_stock_quantity":1,"bundle_virtual":false,"bundle_layout":"","bundle_add_to_cart_form_location":"","bundle_editable_in_cart":false,"bundle_sold_individually_context":"","bundle_item_grouping":"","bundle_min_size":"","bundle_max_size":"","bundle_price":[],"bundled_items":[],"bundle_sell_ids":[],"exclude_global_add_ons":[],"addons":[],"acf":[],"_links":{"self":[{"href":"https:\/\/kraftwerk-shop.cc\/cs\/wp-json\/wp\/v2\/product\/68354194","targetHints":{"allow":["GET"]}}],"collection":[{"href":"https:\/\/kraftwerk-shop.cc\/cs\/wp-json\/wp\/v2\/product"}],"about":[{"href":"https:\/\/kraftwerk-shop.cc\/cs\/wp-json\/wp\/v2\/types\/product"}],"replies":[{"embeddable":true,"href":"https:\/\/kraftwerk-shop.cc\/cs\/wp-json\/wp\/v2\/comments?post=68354194"}],"version-history":[{"count":0,"href":"https:\/\/kraftwerk-shop.cc\/cs\/wp-json\/wp\/v2\/product\/68354194\/revisions"}],"wp:featuredmedia":[{"embeddable":true,"href":"https:\/\/kraftwerk-shop.cc\/cs\/wp-json\/wp\/v2\/media\/68354198"}],"wp:attachment":[{"href":"https:\/\/kraftwerk-shop.cc\/cs\/wp-json\/wp\/v2\/media?parent=68354194"}],"wp:term":[{"taxonomy":"product_brand","embeddable":true,"href":"https:\/\/kraftwerk-shop.cc\/cs\/wp-json\/wp\/v2\/product_brand?post=68354194"},{"taxonomy":"product_cat","embeddable":true,"href":"https:\/\/kraftwerk-shop.cc\/cs\/wp-json\/wp\/v2\/product_cat?post=68354194"},{"taxonomy":"product_tag","embeddable":true,"href":"https:\/\/kraftwerk-shop.cc\/cs\/wp-json\/wp\/v2\/product_tag?post=68354194"}],"curies":[{"name":"wp","href":"https:\/\/api.w.org\/{rel}","templated":true}]}}