{"id":68354213,"date":"2025-12-14T23:55:10","date_gmt":"2025-12-14T22:55:10","guid":{"rendered":"https:\/\/kraftwerk-shop.cc\/?post_type=product&#038;p=68354213"},"modified":"2026-03-27T14:49:19","modified_gmt":"2026-03-27T13:49:19","slug":"afe-90-51401b-cistici-sada","status":"publish","type":"product","link":"https:\/\/kraftwerk-shop.cc\/cs\/produkt\/afe-90-51401b-reinigungskit\/","title":{"rendered":"aFe POWER 90-51401B \u010cist\u00edc\u00ed sada pro vzduchov\u00e9 filtry aFe"},"content":{"rendered":"<h1>aFe POWER 90-51401B \u010cist\u00edc\u00ed sada \/ sada pro \u00fadr\u017ebu vzduchov\u00fdch filtr\u016f aFe s \u010dern\u00fdm filtra\u010dn\u00edm olejem<\/h1>\n<p>&nbsp;<\/p>\n<p>Sada aFe Power 90-51401B Magnum Flow Restore Kit byla speci\u00e1ln\u011b vyvinuta pro \u00fadr\u017ebu a p\u00e9\u010di o vzduchov\u00e9 filtry aFe Pro 5R a Pro 10R. Obsahuje p\u0159\u00edpravek o objemu 8 oz. (cca 237 ml) stla\u010dovac\u00ed lahvi\u010dku s vysoce kvalitn\u00edm \u010dern\u00fdm filtra\u010dn\u00edm olejem a 12 oz (cca 355 ml) lahvi\u010dku s rozpra\u0161ova\u010dem s \u00fa\u010dinn\u00fdm \u010distic\u00edm prost\u0159edkem POWER CLEANER.<\/p>\n<p>Pravideln\u00e9 \u010di\u0161t\u011bn\u00ed a promaz\u00e1v\u00e1n\u00ed vzduchov\u00e9ho filtru ka\u017ed\u00fdch 20 000 a\u017e 30 000 mil (cca 32 000 a\u017e 48 000 km) zaji\u0161\u0165uje optim\u00e1ln\u00ed v\u00fdkon a \u017eivotnost filtru. Vysoce rafinovan\u00fd filtra\u010dn\u00ed olej je navr\u017een tak, aby \u00fa\u010dinn\u011b v\u00e1zal i ty nejmen\u0161\u00ed \u010d\u00e1ste\u010dky ne\u010distot, ani\u017e by naru\u0161oval pr\u016ftok vzduchu.<\/p>\n<p>P\u0159\u00edpravek POWER CLEANER byl speci\u00e1ln\u011b vyvinut tak, aby rozpou\u0161t\u011bl ne\u010distoty a usazeniny, ani\u017e by po\u0161kodil mikrovl\u00e1kna filtru. T\u00edm je zaji\u0161t\u011bno, \u017ee filtra\u010dn\u00ed \u00fa\u010dinnost vzduchov\u00e9ho filtru z\u016fstane zachov\u00e1na.<\/p>\n<p>Pomoc\u00ed sady aFe Power Restore Kit m\u016f\u017eete ve t\u0159ech jednoduch\u00fdch kroc\u00edch uv\u00e9st sv\u016fj vzduchov\u00fd filtr do stavu jako nov\u00fd: Vy\u010di\u0161t\u011bn\u00ed, vysu\u0161en\u00ed a promaz\u00e1n\u00ed. T\u00edm zachov\u00e1te v\u00fdkon sv\u00e9ho vozidla a z\u00edsk\u00e1te v\u00fdhodu del\u0161\u00ed \u017eivotnosti filtru.<\/p>\n<p>&nbsp;<\/p>\n<p>&nbsp;<\/p>\n<p><strong>Rozsah dod\u00e1vky:<\/strong><\/p>\n<ul>\n<li>237 ml \u010dern\u00e9ho oleje<\/li>\n<li>355 ml Power Cleaner<\/li>\n<\/ul>\n<p>&nbsp;<\/p>","protected":false},"excerpt":{"rendered":"<p>Sada s \u010dern\u00fdm olejov\u00fdm filtrem<\/p>","protected":false},"featured_media":68354222,"comment_status":"open","ping_status":"closed","template":"","meta":{"_acf_changed":false},"product_brand":[16879],"product_cat":[3649,3984,3683,3986,4955,3336,7042,5234,2717,3972,3074,3973,3115,3122,3126,3134,3137,3143,3688,3983,3705,3990,3695,3988,3712,3992,2744,1550,2728,1558,2522,1566,2506,1574,4973,4985,2507,1582,2517,1590,19657,2729,2575,2523,1671,2501,1679,2514,1687,1790,1695,2512,1703,2589,1598,2524,1606,2502,1614,5151,5163,2504,1622,2515,1630,2516,1638,2525,1647,2521,1655,2711,2710,2520,1663,2726,1711,2503,1719,2505,1727,4671,4672,6336,6337,7051,6305,4041,4042,4043,4044,4045,2745,2716,3008,3015,2721,1735,2526,1743,4798,4810,2500,1751,2499,1759,2668,1767,2518,1775,6784,6793,2939,2942,2946,2952,2955,2963,19390,19391,4234,4242,19404,19418,4752,4761,19675,19691,7750,7771,1512,1521,5009,5021,9941,9954,2916,2922,2926,2927,2700,2706],"product_tag":[19997,16880,498,2441,824,825,3853,222,57,406,985,699,700,148,19999,19998,986,500,987],"class_list":{"0":"post-68354213","1":"product","2":"type-product","3":"status-publish","4":"has-post-thumbnail","6":"product_brand-afe-power","7":"product_cat-escalade-ansaugung","8":"product_cat-escalade-wartung","9":"product_cat-avalanche-ansaugung","10":"product_cat-avalanche-wartung","11":"product_cat-camaro-20-2016-2024-ansaugung","12":"product_cat-camaro-36-2010-2015-ansaugung","13":"product_cat-camaro-36-2010-2015-wartung","14":"product_cat-camaro-36-2016-2024-ansaugung","15":"product_cat-camaro-62-2010-2015-ansaugung","16":"product_cat-camaro-62-2010-2015-wartung","17":"product_cat-camaro-62-2016-ansaugung","18":"product_cat-camaro-62-2016-wartung","19":"product_cat-corvette-c6-ansaugung","20":"product_cat-corvette-c6-wartung","21":"product_cat-corvette-c7-ansaugung","22":"product_cat-corvette-c7-wartung","23":"product_cat-corvette-c8-ansaugung","24":"product_cat-corvette-c8-wartung","25":"product_cat-silverado-ansaugung","26":"product_cat-silverado-wartung","27":"product_cat-suburban-ansaugung","28":"product_cat-suburban-wartung","29":"product_cat-tahoe-ansaugung","30":"product_cat-tahoe-wartung","31":"product_cat-trailblazer-ansaugung","32":"product_cat-trailblazer-wartung","33":"product_cat-300c-30-diesel-ansaugung","34":"product_cat-300c-30-diesel-wartung","35":"product_cat-300c-35-ansaugung","36":"product_cat-300c-35-wartung","37":"product_cat-300c-36-ansaugung","38":"product_cat-300c-36-wartung","39":"product_cat-300c-57-2005-2010-ansaugung","40":"product_cat-300c-57-2005-2010-wartung","41":"product_cat-300c-57-2011-2023-ansaugung","42":"product_cat-300c-57-2011-2023-wartung","43":"product_cat-300c-61-ansaugung","44":"product_cat-300c-61-wartung","45":"product_cat-300c-64-ansaugung","46":"product_cat-300c-64-wartung","47":"product_cat-pacifica-wartung","48":"product_cat-challenger-35-ansaugung","49":"product_cat-challenger-35-wartung","50":"product_cat-challenger-36-ansaugung","51":"product_cat-challenger-36-wartung","52":"product_cat-challenger-57-ansaugung","53":"product_cat-challenger-57-wartung","54":"product_cat-challenger-61-ansaugung","55":"product_cat-challenger-61-wartung","56":"product_cat-challenger-hellcat-ansaugung","57":"product_cat-challenger-hellcat-wartung","58":"product_cat-challenger-64-ansaugung","59":"product_cat-challenger-64-wartung","60":"product_cat-charger-35-ansaugung","61":"product_cat-charger-35-wartung","62":"product_cat-charger-36-ansaugung","63":"product_cat-charger-36-wartung","64":"product_cat-charger-57-ansaugung","65":"product_cat-charger-57-wartung","66":"product_cat-charger-57-2011-2023-ansaugung","67":"product_cat-dodge-charger-57-2011-2023-wartung","68":"product_cat-charger-61-ansaugung","69":"product_cat-charger-61-wartung","70":"product_cat-charger-hellcat-ansaugung","71":"product_cat-charger-hellcat-wartung","72":"product_cat-charger-64-ansaugung","73":"product_cat-charger-64-wartung","74":"product_cat-durango-36-ansaugung","75":"product_cat-durango-36-wartung","76":"product_cat-durango-57-ansaugung","77":"product_cat-durango-57-wartung","78":"product_cat-durango-hellcat-ansaugung","79":"product_cat-durango-hellcat-wartung","80":"product_cat-durango-64-ansaugung","81":"product_cat-durango-64-wartung","82":"product_cat-magnum-35-ansaugung","83":"product_cat-magnum-35-wartung","84":"product_cat-magnum-57-ansaugung","85":"product_cat-magnum-57-wartung","86":"product_cat-magnum-61-ansaugung","87":"product_cat-magnum-61-wartung","88":"product_cat-bronco-23-ecoboost-ansaugung","89":"product_cat-bronco-27-ecoboost-ansaugung","90":"product_cat-f-150-27-ecoboost-ansaugung","91":"product_cat-f-150-35-ecoboost-ansaugung","92":"product_cat-f-150-35-ecoboost-raptor-ansaugung","93":"product_cat-f-150-50-2015-ansaugung","94":"product_cat-mustang-23-ecoboost-ansaugung","95":"product_cat-mustang-37-ansaugung","96":"product_cat-mustang-50-gt-ansaugung","97":"product_cat-shelby-gt350-ansaugung","98":"product_cat-shelby-gt500-ansaugung","99":"product_cat-commander-ansaugung","100":"product_cat-commander-wartung","101":"product_cat-gladiator-36-ansaugung","102":"product_cat-gladiator-36-wartung","103":"product_cat-grand-cherokee-30-diesel-ansaugung","104":"product_cat-grand-cherokee-30-diesel-wartung","105":"product_cat-grand-cherokee-36-ansaugung","106":"product_cat-grand-cherokee-36-wartung","107":"product_cat-grand-cherokee-57-2005-2010-ansaugung","108":"product_cat-grand-cherokee-57-2005-2010-wartung","109":"product_cat-grand-cherokee-57-2011-2021-ansaugung","110":"product_cat-grand-cherokee-57-2011-2021-wartung","111":"product_cat-grand-cherokee-61-ansaugung","112":"product_cat-grand-cherokee-61-wartung","113":"product_cat-trackhawk-ansaugung","114":"product_cat-trackhawk-wartung","115":"product_cat-grand-cherokee-64-ansaugung","116":"product_cat-grand-cherokee-64-wartung","117":"product_cat-wagoneer-64-ansaugung","118":"product_cat-wagoneer-64-wartung","119":"product_cat-wrangler-20-turbo-ansaugung","120":"product_cat-wrangler-20-turbo-wartung","121":"product_cat-wrangler-36-ansaugung","122":"product_cat-wrangler-36-wartung","123":"product_cat-wrangler-64-ansaugung","124":"product_cat-wrangler-64-wartung","125":"product_cat-1500-30-ansaugung","126":"product_cat-1500-30-wartung","127":"product_cat-1500-ecodiesel-ansaugung","128":"product_cat-1500-ecodiesel-wartung","129":"product_cat-1500-ecodiesel-2020-2023-ansaugung","130":"product_cat-1500-ecodiesel-2020-2023-wartung","131":"product_cat-1500-36-ansaugung","132":"product_cat-1500-36-wartung","133":"product_cat-1500-36-ansaugung-dt","134":"product_cat-1500-36-dt-wartung","135":"product_cat-1500-57-2003-2008-ansaugung","136":"product_cat-1500-57-2003-2008-wartung","137":"product_cat-1500-57-2009-2018-classic-ansaugung","138":"product_cat-1500-57-2009-2018-classic-wartung","139":"product_cat-1500-57-dt-ansaugung","140":"product_cat-1500-57-dt-wartung","141":"product_cat-2500-3500-57-ansaugung","142":"product_cat-2500-3500-57-wartung","143":"product_cat-2500-3500-64-ansaugung","144":"product_cat-2500-3500-64-wartung","145":"product_cat-67-cummins-ansaugung","146":"product_cat-67-cummins-wartung","147":"product_cat-trx-ansaugung","148":"product_cat-trx-wartung","149":"product_tag-90-51401b","150":"product_tag-advanced-flow-engineering","151":"product_tag-afe","152":"product_tag-afe-power","153":"product_tag-cai","154":"product_tag-cold-air-intake","155":"product_tag-dodge-challenger","156":"product_tag-kit","157":"product_tag-luftfilter","158":"product_tag-oel","159":"product_tag-pflege","160":"product_tag-reiniger","161":"product_tag-reinigung","162":"product_tag-schwarz","163":"product_tag-schwarzes-luftfilteroel","164":"product_tag-schwarzes-oel","165":"product_tag-set","166":"product_tag-sportluftfilter","167":"product_tag-spray","169":"first","170":"instock","171":"taxable","172":"shipping-taxable","173":"purchasable","174":"product-type-simple"},"bundled_by":[],"bundle_stock_status":"instock","bundle_stock_quantity":5,"bundle_virtual":false,"bundle_layout":"","bundle_add_to_cart_form_location":"","bundle_editable_in_cart":false,"bundle_sold_individually_context":"","bundle_item_grouping":"","bundle_min_size":"","bundle_max_size":"","bundle_price":[],"bundled_items":[],"bundle_sell_ids":[],"exclude_global_add_ons":[],"addons":[],"acf":[],"_links":{"self":[{"href":"https:\/\/kraftwerk-shop.cc\/cs\/wp-json\/wp\/v2\/product\/68354213","targetHints":{"allow":["GET"]}}],"collection":[{"href":"https:\/\/kraftwerk-shop.cc\/cs\/wp-json\/wp\/v2\/product"}],"about":[{"href":"https:\/\/kraftwerk-shop.cc\/cs\/wp-json\/wp\/v2\/types\/product"}],"replies":[{"embeddable":true,"href":"https:\/\/kraftwerk-shop.cc\/cs\/wp-json\/wp\/v2\/comments?post=68354213"}],"version-history":[{"count":0,"href":"https:\/\/kraftwerk-shop.cc\/cs\/wp-json\/wp\/v2\/product\/68354213\/revisions"}],"wp:featuredmedia":[{"embeddable":true,"href":"https:\/\/kraftwerk-shop.cc\/cs\/wp-json\/wp\/v2\/media\/68354222"}],"wp:attachment":[{"href":"https:\/\/kraftwerk-shop.cc\/cs\/wp-json\/wp\/v2\/media?parent=68354213"}],"wp:term":[{"taxonomy":"product_brand","embeddable":true,"href":"https:\/\/kraftwerk-shop.cc\/cs\/wp-json\/wp\/v2\/product_brand?post=68354213"},{"taxonomy":"product_cat","embeddable":true,"href":"https:\/\/kraftwerk-shop.cc\/cs\/wp-json\/wp\/v2\/product_cat?post=68354213"},{"taxonomy":"product_tag","embeddable":true,"href":"https:\/\/kraftwerk-shop.cc\/cs\/wp-json\/wp\/v2\/product_tag?post=68354213"}],"curies":[{"name":"wp","href":"https:\/\/api.w.org\/{rel}","templated":true}]}}