{"id":68354245,"date":"2025-12-15T23:16:00","date_gmt":"2025-12-15T22:16:00","guid":{"rendered":"https:\/\/kraftwerk-shop.cc\/?post_type=product&#038;p=68354245"},"modified":"2026-02-18T00:51:21","modified_gmt":"2026-02-17T23:51:21","slug":"afe-bladerunner-vyfukove-potrubi-46-40154","status":"publish","type":"product","link":"https:\/\/kraftwerk-shop.cc\/cs\/produkt\/afe-bladerunner-kruemmer-46-40154\/","title":{"rendered":"v\u00fdfukov\u00e9 potrub\u00ed aFe BladeRunner RAM 5.7"},"content":{"rendered":"<h1>aFe BladeRunner v\u00fdfukov\u00e9 potrub\u00ed 46-40154 z tv\u00e1rn\u00e9 litiny pro RAM 1500 5.7 Hemi DT od 2019 do 2024<\/h1>\n<p>&nbsp;<\/p>\n<p>Standardn\u00ed v\u00fdfukov\u00e9 potrub\u00ed 5.7 RAM p\u00e1t\u00e9 generace je n\u00e1chyln\u00e9 k prask\u00e1n\u00ed. Tato v\u00fdfukov\u00e1 potrub\u00ed Bladerunner maj\u00ed o 25 % siln\u011bj\u0161\u00ed st\u011bny ne\u017e p\u016fvodn\u00ed konstrukce, co\u017e zaji\u0161\u0165uje v\u011bt\u0161\u00ed pevnost a odolnost. Dodate\u010dn\u00fd materi\u00e1l pom\u00e1h\u00e1 odol\u00e1vat vysok\u00fdm teplotn\u00edm zm\u011bn\u00e1m a vibrac\u00edm, ani\u017e by se deformoval nebo praskal.<\/p>\n<p>&nbsp;<\/p>\n<p><strong>Obr\u00e1b\u011bn\u00e9 spojovac\u00ed kusy<br \/>\n<\/strong>U t\u011bchto rozd\u011blova\u010d\u016f jsou vstupn\u00ed i v\u00fdstupn\u00ed \u0161rouben\u00ed opracov\u00e1na tak, aby odpov\u00eddala tov\u00e1rn\u00edm t\u011bsn\u011bn\u00edm. To umo\u017e\u0148uje maxim\u00e1ln\u00ed pr\u016ftok bez naru\u0161en\u00ed funkce t\u011bsn\u011bn\u00ed.<\/p>\n<p><strong>Tv\u00e1rn\u00e1 litina<br \/>\n<\/strong>Tv\u00e1rn\u00e1 litina je obzvl\u00e1\u0161t\u011b odoln\u00fd odl\u00e9vac\u00ed materi\u00e1l. Ve srovn\u00e1n\u00ed s b\u011b\u017enou litinou je m\u00e9n\u011b k\u0159ehk\u00e1 a v\u00fdrazn\u011b pru\u017en\u011bj\u0161\u00ed. D\u00edky tomu l\u00e9pe odol\u00e1v\u00e1 mechanick\u00e9mu zat\u00ed\u017een\u00ed a teplotn\u00edm v\u00fdkyv\u016fm.<\/p>\n<p><strong>V\u011bt\u0161\u00ed tlou\u0161\u0165ka st\u011bny<br \/>\n<\/strong>Tyto rozvody maj\u00ed o 25 % siln\u011bj\u0161\u00ed st\u011bny ne\u017e p\u016fvodn\u00ed rozvody n\u00e1chyln\u00e9 k prask\u00e1n\u00ed. V\u011bt\u0161\u00ed tlou\u0161\u0165ka st\u011bn zvy\u0161uje tuhost rozd\u011blova\u010d\u016f a \u010din\u00ed je v\u00fdrazn\u011b odoln\u011bj\u0161\u00edmi ne\u017e origin\u00e1ln\u00ed rozd\u011blova\u010de.<\/p>\n<p><strong>Snadn\u00e1 instalace<br \/>\n<\/strong>Tyto rozd\u011blova\u010de se \u0161roubuj\u00ed p\u0159\u00edmo na tov\u00e1rn\u00ed Y-trubku, co\u017e usnad\u0148uje instalaci.<\/p>\n<p>&nbsp;<\/p>\n<p>&nbsp;<\/p>\n<p><strong>Vhodn\u00e9 pro:<\/strong><\/p>\n<table width=\"538\">\n<tbody>\n<tr>\n<td width=\"82\"><strong>Zna\u010dka<\/strong><\/td>\n<td width=\"82\"><strong>Model<\/strong><\/td>\n<td width=\"154\"><strong>Motor<\/strong><\/td>\n<td width=\"220\"><strong>Rok v\u00fdstavby<\/strong><\/td>\n<\/tr>\n<tr>\n<td width=\"82\">RAM<\/td>\n<td width=\"82\">1500<\/td>\n<td width=\"154\">5.7<\/td>\n<td width=\"220\">2019\u20132024<\/td>\n<\/tr>\n<\/tbody>\n<\/table>\n<p>Nen\u00ed vhodn\u00e9 pro RAM Classic, 1500 Mega Cab, 2500 nebo 3500 !<\/p>\n<p>&nbsp;<\/p>\n<p>&nbsp;<\/p>\n<p><strong>O spole\u010dnosti aFe Power<\/strong><\/p>\n<p>aFe Power (advanced FLOW engineering) je p\u0159edn\u00ed v\u00fdrobce vysoce v\u00fdkonn\u00fdch produkt\u016f pro automobilov\u00fd pr\u016fmysl. Od sv\u00e9ho zalo\u017een\u00ed se spole\u010dnost v\u011bnuje v\u00fdvoji inovativn\u00edch a v\u00fdkonn\u00fdch \u0159e\u0161en\u00ed, kter\u00e1 v\u00fdrazn\u011b zvy\u0161uj\u00ed \u00fa\u010dinnost a v\u00fdkon vozidel.<\/p>\n<p><strong>Kvalita a inovace<\/strong><\/p>\n<p>Ka\u017ed\u00fd produkt aFe Power je vyv\u00edjen a testov\u00e1n ve vlastn\u00edch \u0161pi\u010dkov\u00fdch za\u0159\u00edzen\u00edch v USA. Spole\u010dnost aFe Power klade velk\u00fd d\u016fraz na v\u00fdzkum a v\u00fdvoj a vyu\u017e\u00edv\u00e1 pokro\u010dil\u00e9 technologie k vytv\u00e1\u0159en\u00ed produkt\u016f, kter\u00e9 spl\u0148uj\u00ed nejvy\u0161\u0161\u00ed standardy kvality. Tyto p\u0159\u00edsn\u00e9 kontroly kvality zaji\u0161\u0165uj\u00ed, \u017ee v\u00fdrobky poskytuj\u00ed vynikaj\u00edc\u00ed v\u00fdkon a spl\u0148uj\u00ed pot\u0159eby nejn\u00e1ro\u010dn\u011bj\u0161\u00edch jezdc\u016f.<\/p>\n<p><strong>Z\u00e1vazek v\u016f\u010di z\u00e1kazn\u00edk\u016fm<\/strong><\/p>\n<p>Spole\u010dnost aFe Power se sna\u017e\u00ed sv\u00fdm z\u00e1kazn\u00edk\u016fm v\u017edy nab\u00edzet ta nejlep\u0161\u00ed \u0159e\u0161en\u00ed. D\u00edky neust\u00e1l\u00fdm inovac\u00edm a zohled\u0148ov\u00e1n\u00ed zp\u011btn\u00e9 vazby od z\u00e1kazn\u00edk\u016f z\u016fst\u00e1v\u00e1 spole\u010dnost na \u0161pici automobilov\u00fdch technologi\u00ed. produkty aFe Power jsou navr\u017eeny tak, aby se snadno instalovaly a nab\u00edzely znateln\u00e9 zlep\u0161en\u00ed v\u00fdkonu vozidla a pot\u011b\u0161en\u00ed z j\u00edzdy.<\/p>\n<p>Spole\u010dnost aFe Power si d\u00edky sv\u00e9mu zam\u011b\u0159en\u00ed na v\u00fdkon, kvalitu a spokojenost z\u00e1kazn\u00edk\u016f vybudovala v automobilov\u00e9m pr\u016fmyslu vynikaj\u00edc\u00ed pov\u011bst. A\u0165 u\u017e na silnici, na z\u00e1vodn\u00ed dr\u00e1ze nebo v ter\u00e9nu, produkty aFe Power jsou prvn\u00ed volbou pro ka\u017ed\u00e9ho, kdo chce ze sv\u00e9ho vozidla dostat to nejlep\u0161\u00ed.<\/p>\n<p>&nbsp;<\/p>","protected":false},"excerpt":{"rendered":"<p>2019\u20132024<\/p>","protected":false},"featured_media":68354251,"comment_status":"open","ping_status":"closed","template":"","meta":{"_acf_changed":false},"product_brand":[16879],"product_cat":[6624],"product_tag":[475,20000,91,1035,16880,498,2441,546,6557,5197,49,476,20001,692,543,549,126,532,20273,550,34,186,86,3369,3368,3340,3055,547,7084],"class_list":{"0":"post-68354245","1":"product","2":"type-product","3":"status-publish","4":"has-post-thumbnail","6":"product_brand-afe-power","7":"product_cat-1500-57-dt-abgaskruemmer-katalysatoren","8":"product_tag-475","9":"product_tag-46-40154","10":"product_tag-5-7","11":"product_tag-abgasanlage","12":"product_tag-advanced-flow-engineering","13":"product_tag-afe","14":"product_tag-afe-power","15":"product_tag-auspuff","16":"product_tag-auspuffkruemmer","17":"product_tag-bladerunner","18":"product_tag-dodge","19":"product_tag-dt","20":"product_tag-duktiles-eisen","21":"product_tag-ersatzteil","22":"product_tag-faecherkruemmer","23":"product_tag-header","24":"product_tag-hemi","25":"product_tag-kat","26":"product_tag-keintuev","27":"product_tag-kruemmer","28":"product_tag-original","29":"product_tag-performance","30":"product_tag-ram","31":"product_tag-short-tube","32":"product_tag-shorties","33":"product_tag-shorty","34":"product_tag-sportabgasanlage","35":"product_tag-sportauspuff","36":"product_tag-twisted-steel","37":"product_shipping_class-paket-l","39":"first","40":"instock","41":"taxable","42":"shipping-taxable","43":"purchasable","44":"product-type-simple"},"bundled_by":[],"bundle_stock_status":"instock","bundle_stock_quantity":1,"bundle_virtual":false,"bundle_layout":"","bundle_add_to_cart_form_location":"","bundle_editable_in_cart":false,"bundle_sold_individually_context":"","bundle_item_grouping":"","bundle_min_size":"","bundle_max_size":"","bundle_price":[],"bundled_items":[],"bundle_sell_ids":[],"exclude_global_add_ons":[],"addons":[],"acf":[],"_links":{"self":[{"href":"https:\/\/kraftwerk-shop.cc\/cs\/wp-json\/wp\/v2\/product\/68354245","targetHints":{"allow":["GET"]}}],"collection":[{"href":"https:\/\/kraftwerk-shop.cc\/cs\/wp-json\/wp\/v2\/product"}],"about":[{"href":"https:\/\/kraftwerk-shop.cc\/cs\/wp-json\/wp\/v2\/types\/product"}],"replies":[{"embeddable":true,"href":"https:\/\/kraftwerk-shop.cc\/cs\/wp-json\/wp\/v2\/comments?post=68354245"}],"version-history":[{"count":0,"href":"https:\/\/kraftwerk-shop.cc\/cs\/wp-json\/wp\/v2\/product\/68354245\/revisions"}],"wp:featuredmedia":[{"embeddable":true,"href":"https:\/\/kraftwerk-shop.cc\/cs\/wp-json\/wp\/v2\/media\/68354251"}],"wp:attachment":[{"href":"https:\/\/kraftwerk-shop.cc\/cs\/wp-json\/wp\/v2\/media?parent=68354245"}],"wp:term":[{"taxonomy":"product_brand","embeddable":true,"href":"https:\/\/kraftwerk-shop.cc\/cs\/wp-json\/wp\/v2\/product_brand?post=68354245"},{"taxonomy":"product_cat","embeddable":true,"href":"https:\/\/kraftwerk-shop.cc\/cs\/wp-json\/wp\/v2\/product_cat?post=68354245"},{"taxonomy":"product_tag","embeddable":true,"href":"https:\/\/kraftwerk-shop.cc\/cs\/wp-json\/wp\/v2\/product_tag?post=68354245"}],"curies":[{"name":"wp","href":"https:\/\/api.w.org\/{rel}","templated":true}]}}