{"id":68354316,"date":"2025-12-17T23:33:54","date_gmt":"2025-12-17T22:33:54","guid":{"rendered":"https:\/\/kraftwerk-shop.cc\/?post_type=product&#038;p=68354316"},"modified":"2026-02-15T01:27:23","modified_gmt":"2026-02-15T00:27:23","slug":"mopar-vzduchovy-filtr-68235291z-pacifica","status":"publish","type":"product","link":"https:\/\/kraftwerk-shop.cc\/cs\/produkt\/mopar-luftfilter-68235291ab-pacifica\/","title":{"rendered":"Vzduchov\u00fd filtr Mopar (68235291AB) Chrysler Pacifica 3.6"},"content":{"rendered":"<h1>Origin\u00e1ln\u00ed vzduchov\u00fd filtr Mopar (68235291AB) pro Chrysler Pacifica 3.6<\/h1>\n<p>&nbsp;<\/p>\n<p><span lang=\"DE\"><strong>\u010c\u00edslo d\u00edlu Mopar:<\/strong>\u00a068235291AB<br \/>\n<strong>Nahrazeno: <\/strong>68235291AA<\/span><\/p>\n<p>&nbsp;<\/p>\n<table width=\"1100\">\n<tbody>\n<tr>\n<td width=\"138\"><strong>Rok v\u00fdstavby<\/strong><\/td>\n<td width=\"168\"><strong>Zna\u010dka<\/strong><\/td>\n<td width=\"144\"><strong>Model<\/strong><\/td>\n<td width=\"394\"><strong>Verze<\/strong><\/td>\n<td width=\"256\"><strong>Motor<\/strong><\/td>\n<\/tr>\n<tr>\n<td width=\"138\">2026<\/td>\n<td width=\"168\">Chrysler<\/td>\n<td width=\"144\">Pacifica<\/td>\n<td width=\"394\">Hybrid Pinnacle, Hybrid Select, Hybrid Select Premium, Limited, Pinnacle, Select<\/td>\n<td width=\"256\">3.6L<\/td>\n<\/tr>\n<tr>\n<td width=\"138\">2025<\/td>\n<td width=\"168\">Chrysler<\/td>\n<td width=\"144\">Pacifica<\/td>\n<td width=\"394\">Hybrid Pinnacle, Hybrid S Appearance, Hybrid Select, Limited, Pinnacle, Select<\/td>\n<td width=\"256\">3.6L<\/td>\n<\/tr>\n<tr>\n<td width=\"138\">2024<\/td>\n<td width=\"168\">Chrysler<\/td>\n<td width=\"144\">Pacifica<\/td>\n<td width=\"394\">Hybrid Pinnacle, Hybrid Premium S Appearance, Hybrid Road Tripper, Hybrid S Appearance, Hybrid Select, Limited, Pinnacle, Touring, Touring L<\/td>\n<td width=\"256\">3.6L<\/td>\n<\/tr>\n<tr>\n<td width=\"138\">2023<\/td>\n<td width=\"168\">Chrysler<\/td>\n<td width=\"144\">Pacifica<\/td>\n<td width=\"394\">Hybrid Limited, Hybrid Pinnacle, Hybrid Touring L, Limited, Pinnacle, Touring, Touring L<\/td>\n<td width=\"256\">3.6L<\/td>\n<\/tr>\n<tr>\n<td width=\"138\">2022<\/td>\n<td width=\"168\">Chrysler<\/td>\n<td width=\"144\">Pacifica<\/td>\n<td width=\"394\">Hybrid Limited, Hybrid Pinnacle, Hybrid Touring L, Limited, Pinnacle, Touring, Touring L<\/td>\n<td width=\"256\">3.6L<\/td>\n<\/tr>\n<tr>\n<td width=\"138\">2021<\/td>\n<td width=\"168\">Chrysler<\/td>\n<td width=\"144\">Pacifica<\/td>\n<td width=\"394\">Hybrid Limited, Hybrid Pinnacle, Hybrid Touring, Hybrid Touring L, Limited, Pinnacle, Touring, Touring L<\/td>\n<td width=\"256\">3.6L<\/td>\n<\/tr>\n<tr>\n<td width=\"138\">2020<\/td>\n<td width=\"168\">Chrysler<\/td>\n<td width=\"144\">Pacifica<\/td>\n<td width=\"394\">Hybrid Limited, Hybrid Touring, Hybrid Touring L, Limited, Touring, Touring L, Touring L Plus<\/td>\n<td width=\"256\">3.6L<\/td>\n<\/tr>\n<tr>\n<td width=\"138\">2019<\/td>\n<td width=\"168\">Chrysler<\/td>\n<td width=\"144\">Pacifica<\/td>\n<td width=\"394\">Hybrid Limited, Hybrid Touring L, Hybrid Touring Plus, L, LX, Limited, Touring, Touring L, Touring L Plus, Touring Plus<\/td>\n<td width=\"256\">3.6L<\/td>\n<\/tr>\n<tr>\n<td width=\"138\">2018<\/td>\n<td width=\"168\">Chrysler<\/td>\n<td width=\"144\">Pacifica<\/td>\n<td width=\"394\">Hybrid Limited, Hybrid Touring L, Hybrid Touring Plus, L, LX, Limited, Touring, Touring L, Touring L Plus, Touring Plus<\/td>\n<td width=\"256\">3.6L<\/td>\n<\/tr>\n<tr>\n<td width=\"138\">2017<\/td>\n<td width=\"168\">Chrysler<\/td>\n<td width=\"144\">Pacifica<\/td>\n<td width=\"394\">Hybrid Platinum, Hybrid Premium, LX, Limited, Touring, Touring L, Touring L Plus<\/td>\n<td width=\"256\">3.6L<\/td>\n<\/tr>\n<\/tbody>\n<\/table>\n<p>&nbsp;<\/p>\n<p>&nbsp;<\/p>\n<h4>Origin\u00e1ln\u00ed d\u00edly Mopar - va\u0161e z\u00e1ruka kvality<\/h4>\n<p>Vyvinuto tak, aby dokonale pasovalo na va\u0161e vozidlo: Origin\u00e1ln\u00ed d\u00edly Mopar jsou navr\u017eeny p\u0159esn\u011b podle specifikac\u00ed v\u00fdrobce. D\u00edky tomu pasuj\u00ed na va\u0161e vozidlo bez jak\u00fdchkoli \u00faprav a umo\u017e\u0148uj\u00ed rychlou a bezpe\u010dnou mont\u00e1\u017e a optim\u00e1ln\u00ed fungov\u00e1n\u00ed v\u0161ech komponent\u016f.<\/p>\n<p>Robustn\u00ed, odoln\u00e9 a spolehliv\u00e9: D\u00edky vysoce kvalitn\u00edm materi\u00e1l\u016fm a p\u0159\u00edsn\u00fdm test\u016fm kvality se d\u00edly Mopar vyzna\u010duj\u00ed dlouhou \u017eivotnost\u00ed a spolehliv\u00fdm v\u00fdkonem. Jsou vyvinuty pro n\u00e1ro\u010dn\u00e9 podm\u00ednky a podporuj\u00ed dlouhodob\u00e9 zachov\u00e1n\u00ed hodnoty va\u0161eho vozidla.<\/p>\n<p>&nbsp;<\/p>","protected":false},"excerpt":{"rendered":"<p>Origin\u00e1ln\u00ed d\u00edl Mopar<\/p>","protected":false},"featured_media":68355419,"comment_status":"open","ping_status":"closed","template":"","meta":{"_acf_changed":false},"product_brand":[16270],"product_cat":[19657],"product_tag":[169,20017,20016,48,57,31,7221,34,35,127,170],"class_list":{"0":"post-68354316","1":"product","2":"type-product","3":"status-publish","4":"has-post-thumbnail","6":"product_brand-mopar","7":"product_cat-pacifica-wartung","8":"product_tag-3-6","9":"product_tag-68235291aa","10":"product_tag-68235291ab","11":"product_tag-chrysler","12":"product_tag-luftfilter","13":"product_tag-mopar","14":"product_tag-mopar10","15":"product_tag-original","16":"product_tag-originalersatzteil","17":"product_tag-pacifica","18":"product_tag-pentastar","19":"product_shipping_class-deutschlandohne","21":"first","22":"instock","23":"taxable","24":"shipping-taxable","25":"purchasable","26":"product-type-simple"},"bundled_by":[],"bundle_stock_status":"instock","bundle_stock_quantity":2,"bundle_virtual":false,"bundle_layout":"","bundle_add_to_cart_form_location":"","bundle_editable_in_cart":false,"bundle_sold_individually_context":"","bundle_item_grouping":"","bundle_min_size":"","bundle_max_size":"","bundle_price":[],"bundled_items":[],"bundle_sell_ids":[],"exclude_global_add_ons":[],"addons":[],"acf":[],"_links":{"self":[{"href":"https:\/\/kraftwerk-shop.cc\/cs\/wp-json\/wp\/v2\/product\/68354316","targetHints":{"allow":["GET"]}}],"collection":[{"href":"https:\/\/kraftwerk-shop.cc\/cs\/wp-json\/wp\/v2\/product"}],"about":[{"href":"https:\/\/kraftwerk-shop.cc\/cs\/wp-json\/wp\/v2\/types\/product"}],"replies":[{"embeddable":true,"href":"https:\/\/kraftwerk-shop.cc\/cs\/wp-json\/wp\/v2\/comments?post=68354316"}],"version-history":[{"count":0,"href":"https:\/\/kraftwerk-shop.cc\/cs\/wp-json\/wp\/v2\/product\/68354316\/revisions"}],"wp:featuredmedia":[{"embeddable":true,"href":"https:\/\/kraftwerk-shop.cc\/cs\/wp-json\/wp\/v2\/media\/68355419"}],"wp:attachment":[{"href":"https:\/\/kraftwerk-shop.cc\/cs\/wp-json\/wp\/v2\/media?parent=68354316"}],"wp:term":[{"taxonomy":"product_brand","embeddable":true,"href":"https:\/\/kraftwerk-shop.cc\/cs\/wp-json\/wp\/v2\/product_brand?post=68354316"},{"taxonomy":"product_cat","embeddable":true,"href":"https:\/\/kraftwerk-shop.cc\/cs\/wp-json\/wp\/v2\/product_cat?post=68354316"},{"taxonomy":"product_tag","embeddable":true,"href":"https:\/\/kraftwerk-shop.cc\/cs\/wp-json\/wp\/v2\/product_tag?post=68354316"}],"curies":[{"name":"wp","href":"https:\/\/api.w.org\/{rel}","templated":true}]}}