{"id":68354355,"date":"2025-12-20T14:13:28","date_gmt":"2025-12-20T13:13:28","guid":{"rendered":"https:\/\/kraftwerk-shop.cc\/?post_type=product&#038;p=68354355"},"modified":"2026-02-15T01:27:31","modified_gmt":"2026-02-15T00:27:31","slug":"bd-vyfukove-potrubi-1046069-cummins","status":"publish","type":"product","link":"https:\/\/kraftwerk-shop.cc\/cs\/produkt\/bd-abgaskruemmer-1046069-cummins\/","title":{"rendered":"Sada v\u00fdfukov\u00e9ho potrub\u00ed BD 1046069 RAM 6.7 Cummins"},"content":{"rendered":"<h1>Sada v\u00fdfukov\u00e9ho potrub\u00ed BD <span class=\"sku\">1046069<\/span> pro RAM 6,7 Cummins od roku 2019 do roku 2024<\/h1>\n<p>&nbsp;<\/p>\n<p><strong>Srovn\u00e1vac\u00ed \u010d\u00edslo Mopar:<\/strong> 68444858AA<\/p>\n<p>Sada v\u00fdfukov\u00e9ho potrub\u00ed BD Diesel pro 6.7L Dodge\/RAM Cummins 2500 \/ 3500 pickup\u016f z let 2019 a\u017e 2024 je speci\u00e1ln\u011b navr\u017eena pro n\u00e1kladn\u00ed vozidla, kter\u00e1 jsou zn\u00e1m\u00e1 prask\u00e1n\u00edm dlouh\u00fdch jednod\u00edln\u00fdch litinov\u00fdch sb\u011brn\u00fdch potrub\u00ed. Probl\u00e9m, kter\u00fd se st\u00e1le t\u00fdk\u00e1 mnoha n\u00e1kladn\u00edch vozidel RAM. V\u00fdfukov\u00e9 potrub\u00ed BD Diesel \u0159e\u0161\u00ed tento probl\u00e9m pomoc\u00ed silnost\u011bnn\u00e9 formy a st\u0159edov\u00e9 \u010d\u00e1sti s kluzn\u00fdm kloubem, kter\u00fd umo\u017e\u0148uje p\u0159irozenou rozta\u017enost a smr\u0161\u0165ov\u00e1n\u00ed, co\u017e v\u00fdrazn\u011b sni\u017euje riziko prask\u00e1n\u00ed.<\/p>\n<p>Jeho rozd\u011blen\u00e1 pulzn\u00ed konstrukce sb\u011brn\u00e9ho potrub\u00ed optimalizuje pr\u016ftok v\u00fdfukov\u00fdch plyn\u016f vyu\u017eit\u00edm p\u0159irozen\u00fdch pulz\u016f v\u00fdfukov\u00fdch plyn\u016f motoru pro plynulej\u0161\u00ed provoz a lep\u0161\u00ed j\u00edzdn\u00ed vlastnosti.<\/p>\n<p>A\u0165 u\u017e je v\u00e1\u0161 motor RAM Cummins standardn\u00ed nebo upraven\u00fd, jedn\u00e1 se o dokonal\u00e9 \u0159e\u0161en\u00ed modernizace pro spolehlivost a dlouhou \u017eivotnost.<\/p>\n<div class=\"relative inline-flex items-center\"><\/div>\n<div><\/div>\n<p><strong>Hlavn\u00ed funkce:<\/strong><\/p>\n<ul>\n<li>Silnost\u011bnn\u00e1 litina odol\u00e1v\u00e1 prasklin\u00e1m zp\u016fsoben\u00fdm vysok\u00fdm \u017e\u00e1rem a zaji\u0161\u0165uje dlouhodobou \u017eivotnost.<\/li>\n<li>Dvoud\u00edln\u00fd posuvn\u00fd spoj sni\u017euje zat\u00ed\u017een\u00ed zp\u016fsoben\u00e9 tepeln\u00fdmi cykly a zabra\u0148uje tak poruch\u00e1m.<\/li>\n<li>D\u011blen\u00e1 pulzn\u00ed konstrukce zlep\u0161uje pr\u016ftok v\u00fdfukov\u00fdch plyn\u016f pro lep\u0161\u00ed v\u00fdkon p\u0159i rozt\u00e1\u010den\u00ed a vy\u0161\u0161\u00ed v\u00fdkon turba.<\/li>\n<li>P\u0159edvrtan\u00fd otvor EGT usnad\u0148uje instalaci dodate\u010dn\u00fdch m\u011b\u0159\u00edc\u00edch za\u0159\u00edzen\u00ed.<\/li>\n<li>P\u0159\u00edm\u00e1 n\u00e1hrada s\u00e9riov\u00fdch komponent s plnou kompatibilitou EGR pro snadnou instalaci<\/li>\n<li>Obsahuje v\u0161echny mont\u00e1\u017en\u00ed d\u00edly pro snadnou instalaci<\/li>\n<\/ul>\n<p>&nbsp;<\/p>\n<p><strong>Dal\u0161\u00ed informace:<\/strong><\/p>\n<ul>\n<li>Doba instalace<strong>:<\/strong> P\u0159ibli\u017en\u011b 8 hodin<\/li>\n<\/ul>\n<p>&nbsp;<\/p>\n<p>&nbsp;<\/p>\n<p><strong>Vhodn\u00e9 pro:<\/strong><\/p>\n<table width=\"1100\">\n<tbody>\n<tr>\n<td width=\"91\"><strong>Rok v\u00fdstavby<\/strong><\/td>\n<td width=\"111\"><strong>Zna\u010dka<\/strong><\/td>\n<td width=\"106\"><strong>Model<\/strong><\/td>\n<td width=\"536\"><strong>Verze<\/strong><\/td>\n<td width=\"256\"><strong>Motor<\/strong><\/td>\n<\/tr>\n<tr>\n<td width=\"91\">2024<\/td>\n<td width=\"111\">Ram<\/td>\n<td width=\"106\">2500<\/td>\n<td width=\"536\">Big Horn, Laramie, Limited, Limited Longhorn, Lone Star, Rebel, Tradesman<\/td>\n<td width=\"256\">6.7L<\/td>\n<\/tr>\n<tr>\n<td width=\"91\">2024<\/td>\n<td width=\"111\">Ram<\/td>\n<td width=\"106\">3500<\/td>\n<td width=\"536\">Big Horn, Laramie, Limited, Limited Longhorn, Tradesman<\/td>\n<td width=\"256\">6.7L<\/td>\n<\/tr>\n<tr>\n<td width=\"91\">2023<\/td>\n<td width=\"111\">Ram<\/td>\n<td width=\"106\">2500<\/td>\n<td width=\"536\">Big Horn, Laramie, Limited, Limited Longhorn, Lone Star, Rebel, Tradesman<\/td>\n<td width=\"256\">6.7L<\/td>\n<\/tr>\n<tr>\n<td width=\"91\">2023<\/td>\n<td width=\"111\">Ram<\/td>\n<td width=\"106\">3500<\/td>\n<td width=\"536\">Big Horn, Laramie, Limited, Limited Longhorn, Tradesman<\/td>\n<td width=\"256\">6.7L<\/td>\n<\/tr>\n<tr>\n<td width=\"91\">2022<\/td>\n<td width=\"111\">Ram<\/td>\n<td width=\"106\">2500<\/td>\n<td width=\"536\">Big Horn, Laramie, Limited, Limited Longhorn, Lone Star, Tradesman<\/td>\n<td width=\"256\">6.7L<\/td>\n<\/tr>\n<tr>\n<td width=\"91\">2022<\/td>\n<td width=\"111\">Ram<\/td>\n<td width=\"106\">3500<\/td>\n<td width=\"536\">Big Horn, Laramie, Limited, Limited Longhorn, Lone Star, Tradesman<\/td>\n<td width=\"256\">6.7L<\/td>\n<\/tr>\n<tr>\n<td width=\"91\">2021<\/td>\n<td width=\"111\">Ram<\/td>\n<td width=\"106\">2500<\/td>\n<td width=\"536\">Big Horn, Laramie, Limited, Limited Longhorn, Lone Star, Tradesman<\/td>\n<td width=\"256\">6.7L<\/td>\n<\/tr>\n<tr>\n<td width=\"91\">2021<\/td>\n<td width=\"111\">Ram<\/td>\n<td width=\"106\">3500<\/td>\n<td width=\"536\">Big Horn, Laramie, Limited, Limited Longhorn, Lone Star, Tradesman<\/td>\n<td width=\"256\">6.7L<\/td>\n<\/tr>\n<tr>\n<td width=\"91\">2020<\/td>\n<td width=\"111\">Ram<\/td>\n<td width=\"106\">2500<\/td>\n<td width=\"536\">Big Horn, Laramie, Laramie Longhorn, Limited, Lone Star, Tradesman<\/td>\n<td width=\"256\">6.7L<\/td>\n<\/tr>\n<tr>\n<td width=\"91\">2020<\/td>\n<td width=\"111\">Ram<\/td>\n<td width=\"106\">3500<\/td>\n<td width=\"536\">Laramie Longhorn<\/td>\n<td width=\"256\">6.7L<\/td>\n<\/tr>\n<tr>\n<td width=\"91\">2019<\/td>\n<td width=\"111\">Ram<\/td>\n<td width=\"106\">2500<\/td>\n<td width=\"536\">Big Horn, Laramie, Laramie Longhorn, Limited, Lone Star, Tradesman<\/td>\n<td width=\"256\">6.7L<\/td>\n<\/tr>\n<tr>\n<td width=\"91\">2019<\/td>\n<td width=\"111\">Ram<\/td>\n<td width=\"106\">3500<\/td>\n<td width=\"536\">Big Horn, Laramie, Laramie Longhorn, Limited, Lone Star, Tradesman<\/td>\n<td width=\"256\">6.7L<\/td>\n<\/tr>\n<\/tbody>\n<\/table>\n<p>&nbsp;<\/p>\n<p>&nbsp;<\/p>\n<p><strong>O v\u00fdrobci<\/strong><\/p>\n<p>Spole\u010dnost BD byla zalo\u017eena v roce 1972 jako Valley Fuel Injection Ltd. a proslavila se v roce 1989, kdy p\u0159edstavila prvn\u00ed v\u00fdfukovou brzdu pro nov\u011b vznikaj\u00edc\u00ed trh s dieselov\u00fdmi pick-upy. Dnes tvo\u0159\u00ed Valley Fuel Injection (nyn\u00ed BD Diesel Truck Service &amp; Performance Centre) a BD Diesel Performance jednu spole\u010dnost se specializovan\u00fdmi divizemi pro komponenty dieselov\u00fdch pohonn\u00fdch jednotek. BD je inovativn\u00ed a glob\u00e1ln\u00ed spole\u010dnost, kter\u00e1 distribuuje produkty pro severoamerick\u00fd trh, a to jak pro vzn\u011btov\u00e9, tak pro z\u00e1\u017eehov\u00e9 motory. Na\u0161e sada v\u00fdfukov\u00e9ho potrub\u00ed pro RAM 5.7 je vysoce kvalitn\u00ed v\u00fdrobek pro v\u00e1\u0161 RAM, kter\u00fd zaji\u0161\u0165uje optim\u00e1ln\u00ed v\u00fdkon a \u00fa\u010dinnost.<\/p>\n<p>&nbsp;<\/p>","protected":false},"excerpt":{"rendered":"<p>2019\u20132024<\/p>","protected":false},"featured_media":68354359,"comment_status":"open","ping_status":"closed","template":"","meta":{"_acf_changed":false},"product_brand":[20019],"product_cat":[10262,2925],"product_tag":[20020,506,507,7200,20018,605,9618,9614,9606,9621,9610,9605,9619,9631,9626,9622,9613,9616,9601,9615,9627,9633,9624,9634,9636,9625,9617,9623,9637,9629,9607,9609,9611,9612,9620,9608,9632,9628,9635,9630,6579,9599,20099,20100,7201,9602,476,9603,9407,9604,550,393,86,216,9406],"class_list":{"0":"post-68354355","1":"product","2":"type-product","3":"status-publish","4":"has-post-thumbnail","6":"product_brand-bd-diesel","7":"product_cat-alle-produkte","8":"product_cat-67-cummins-abgasanlage","9":"product_tag-20020","10":"product_tag-506","11":"product_tag-507","12":"product_tag-6-7","13":"product_tag-68444858aa","14":"product_tag-abgaskruemmer","15":"product_tag-abgaskruemmer-angebote","16":"product_tag-abgaskruemmer-anleitung","17":"product_tag-abgaskruemmer-austausch","18":"product_tag-abgaskruemmer-bewertungen","19":"product_tag-abgaskruemmer-bolzen","20":"product_tag-abgaskruemmer-dichtung","21":"product_tag-abgaskruemmer-erfahrungen","22":"product_tag-abgaskruemmer-ersatzteile","23":"product_tag-abgaskruemmer-garantie","24":"product_tag-abgaskruemmer-hersteller","25":"product_tag-abgaskruemmer-installation","26":"product_tag-abgaskruemmer-kaufen","27":"product_tag-abgaskruemmer-kit","28":"product_tag-abgaskruemmer-kosten","29":"product_tag-abgaskruemmer-lebensdauer","30":"product_tag-abgaskruemmer-lieferzeit","31":"product_tag-abgaskruemmer-material","32":"product_tag-abgaskruemmer-montage","33":"product_tag-abgaskruemmer-online-shop","34":"product_tag-abgaskruemmer-passgenauigkeit","35":"product_tag-abgaskruemmer-preisvergleich","36":"product_tag-abgaskruemmer-qualitaet","37":"product_tag-abgaskruemmer-rabatt","38":"product_tag-abgaskruemmer-reinigung","39":"product_tag-abgaskruemmer-reparatur","40":"product_tag-abgaskruemmer-riss","41":"product_tag-abgaskruemmer-schrauben","42":"product_tag-abgaskruemmer-set","43":"product_tag-abgaskruemmer-testberichte","44":"product_tag-abgaskruemmer-upgrade","45":"product_tag-abgaskruemmer-versand","46":"product_tag-abgaskruemmer-wartung","47":"product_tag-abgaskruemmer-werkstatt","48":"product_tag-abgaskruemmer-zubehoer","49":"product_tag-bd","50":"product_tag-bd-abgaskruemmer","51":"product_tag-bd-diesel","52":"product_tag-bd-diesel-performance","53":"product_tag-cummins","54":"product_tag-dodge-ram-tuning","55":"product_tag-dt","56":"product_tag-edelstahl-abgaskruemmer","57":"product_tag-gerissene-kruemmer-ram","58":"product_tag-hitzeschutzband","59":"product_tag-kruemmer","60":"product_tag-leistungssteigerung","61":"product_tag-ram","62":"product_tag-upgrade","63":"product_tag-upgrade-kruemmer","64":"product_shipping_class-paket-l","66":"first","67":"onbackorder","68":"taxable","69":"shipping-taxable","70":"purchasable","71":"product-type-simple"},"bundled_by":[],"bundle_stock_status":"onbackorder","bundle_stock_quantity":0,"bundle_virtual":false,"bundle_layout":"","bundle_add_to_cart_form_location":"","bundle_editable_in_cart":false,"bundle_sold_individually_context":"","bundle_item_grouping":"","bundle_min_size":"","bundle_max_size":"","bundle_price":[],"bundled_items":[],"bundle_sell_ids":[],"exclude_global_add_ons":[],"addons":[],"acf":[],"_links":{"self":[{"href":"https:\/\/kraftwerk-shop.cc\/cs\/wp-json\/wp\/v2\/product\/68354355","targetHints":{"allow":["GET"]}}],"collection":[{"href":"https:\/\/kraftwerk-shop.cc\/cs\/wp-json\/wp\/v2\/product"}],"about":[{"href":"https:\/\/kraftwerk-shop.cc\/cs\/wp-json\/wp\/v2\/types\/product"}],"replies":[{"embeddable":true,"href":"https:\/\/kraftwerk-shop.cc\/cs\/wp-json\/wp\/v2\/comments?post=68354355"}],"version-history":[{"count":0,"href":"https:\/\/kraftwerk-shop.cc\/cs\/wp-json\/wp\/v2\/product\/68354355\/revisions"}],"wp:featuredmedia":[{"embeddable":true,"href":"https:\/\/kraftwerk-shop.cc\/cs\/wp-json\/wp\/v2\/media\/68354359"}],"wp:attachment":[{"href":"https:\/\/kraftwerk-shop.cc\/cs\/wp-json\/wp\/v2\/media?parent=68354355"}],"wp:term":[{"taxonomy":"product_brand","embeddable":true,"href":"https:\/\/kraftwerk-shop.cc\/cs\/wp-json\/wp\/v2\/product_brand?post=68354355"},{"taxonomy":"product_cat","embeddable":true,"href":"https:\/\/kraftwerk-shop.cc\/cs\/wp-json\/wp\/v2\/product_cat?post=68354355"},{"taxonomy":"product_tag","embeddable":true,"href":"https:\/\/kraftwerk-shop.cc\/cs\/wp-json\/wp\/v2\/product_tag?post=68354355"}],"curies":[{"name":"wp","href":"https:\/\/api.w.org\/{rel}","templated":true}]}}