{"id":68354411,"date":"2025-12-20T20:19:38","date_gmt":"2025-12-20T19:19:38","guid":{"rendered":"https:\/\/kraftwerk-shop.cc\/?post_type=product&#038;p=68354411"},"modified":"2026-02-15T01:27:27","modified_gmt":"2026-02-15T00:27:27","slug":"bd-vyfukove-potrubi-1046087-ram-cummins","status":"publish","type":"product","link":"https:\/\/kraftwerk-shop.cc\/cs\/produkt\/bd-abgaskruemmer-1046087-ram-cummins\/","title":{"rendered":"Sada v\u00fdfukov\u00e9ho potrub\u00ed BD 1046087 RAM 5.9 Cummins"},"content":{"rendered":"<h1>Sada v\u00fdfukov\u00e9ho potrub\u00ed BD 1046087 pro Dodge RAM 5.9 Cummins z let 2003 a\u017e 2007<\/h1>\n<p>&nbsp;<\/p>\n<p><strong>Cummins Srovn\u00e1vac\u00ed \u010d\u00edsla:<\/strong> 3967995, 3943871 &amp; 3943875<\/p>\n<p>Jedn\u00e1 se o dokonal\u00fd n\u00e1hradn\u00ed d\u00edl. Pln\u011b d\u011blen\u00fd pulzn\u00ed rozd\u011blova\u010d z vysoce k\u0159em\u00edkov\u00e9 tv\u00e1rn\u00e9 litiny je navr\u017een pro extr\u00e9mn\u00ed teploty a vibrace. Byl vyvinut pomoc\u00ed pokro\u010dil\u00e9 technologie, kter\u00e1 zaji\u0161\u0165uje optim\u00e1ln\u00ed vnit\u0159n\u00ed geometrii. P\u0159esn\u00e9 kluzn\u00e9 spoje umo\u017e\u0148uj\u00ed rozta\u017een\u00ed a smr\u0161t\u011bn\u00ed rozd\u011blova\u010de, co\u017e sni\u017euje cyklickou tepelnou \u00fanavu a v\u00fdrazn\u011b prodlu\u017euje \u017eivotnost rozd\u011blova\u010de. Tato sada je dod\u00e1v\u00e1na s nov\u00fdmi t\u011bsn\u011bn\u00edmi, \u0161rouby a distan\u010dn\u00edmi podlo\u017ekami, kter\u00e9 poskytuj\u00ed maxim\u00e1ln\u00ed u\u017eitek a hodnotu.<\/p>\n<p>&nbsp;<\/p>\n<div class=\"relative inline-flex items-center\"><\/div>\n<div><\/div>\n<p><strong>Hlavn\u00ed funkce:<\/strong><\/p>\n<ul>\n<li>Odlitek z tv\u00e1rn\u00e9 litiny s vysok\u00fdm obsahem k\u0159em\u00edku, kter\u00fd odol\u00e1v\u00e1 extr\u00e9mn\u00edm teplot\u00e1m a vibrac\u00edm.<\/li>\n<li>Pln\u011b rozd\u011blen\u00e1 konstrukce pulzn\u00edho rozd\u011blova\u010de<\/li>\n<li>Ide\u00e1ln\u00ed pro s\u00e9riov\u00e9 a v\u00fdkonn\u00e9 aplikace<\/li>\n<li>Spoje umo\u017e\u0148uj\u00ed dilataci a kontrakci, aby se zabr\u00e1nilo vzniku trhlin nebo \u00faniku v\u00fdfukov\u00fdch plyn\u016f.<\/li>\n<li>V\u010detn\u011b t\u011bsn\u011bn\u00ed v\u00fdfuku a turba<\/li>\n<li>V\u010detn\u011b \u0161roub\u016f s \u010dern\u00fdm oxidov\u00fdm povlakem t\u0159\u00eddy 10.9 a distan\u010dn\u00edch podlo\u017eek.<\/li>\n<li>Pilotn\u00ed otvory pro pyrometrick\u00e9 sondy<\/li>\n<\/ul>\n<p>&nbsp;<\/p>\n<p><strong>Dal\u0161\u00ed informace:<\/strong><\/p>\n<ul>\n<li>Doba instalace<strong>:<\/strong> cca 3 hodiny<\/li>\n<\/ul>\n<p>&nbsp;<\/p>\n<p>&nbsp;<\/p>\n<p><strong>Vhodn\u00e9 pro:<\/strong><\/p>\n<table width=\"753\">\n<tbody>\n<tr>\n<td style=\"width: 129.767px;\"><strong>Rok v\u00fdstavby<\/strong><\/td>\n<td style=\"width: 110.1px;\"><strong>Zna\u010dka<\/strong><\/td>\n<td style=\"width: 131.2px;\"><strong>Model<\/strong><\/td>\n<td style=\"width: 96.7167px;\"><strong>Varianta<\/strong><\/td>\n<td style=\"width: 249.817px;\"><strong>Motor<\/strong><\/td>\n<\/tr>\n<tr>\n<td style=\"width: 129.767px;\">2003 - 2007<\/td>\n<td style=\"width: 110.1px;\">Dodge<\/td>\n<td style=\"width: 131.2px;\">Ram 2500<\/td>\n<td style=\"width: 96.7167px;\">Cummins<\/td>\n<td style=\"width: 249.817px;\">5.9L<\/td>\n<\/tr>\n<tr>\n<td style=\"width: 129.767px;\">2003 - 2007<\/td>\n<td style=\"width: 110.1px;\">Dodge<\/td>\n<td style=\"width: 131.2px;\">Ram 3500<\/td>\n<td style=\"width: 96.7167px;\">Cummins<\/td>\n<td style=\"width: 249.817px;\">5.9L<\/td>\n<\/tr>\n<\/tbody>\n<\/table>\n<p>&nbsp;<\/p>\n<p>&nbsp;<\/p>\n<p><strong>O v\u00fdrobci<\/strong><\/p>\n<p>Spole\u010dnost BD byla zalo\u017eena v roce 1972 jako Valley Fuel Injection Ltd. a proslavila se v roce 1989, kdy p\u0159edstavila prvn\u00ed v\u00fdfukovou brzdu pro nov\u011b vznikaj\u00edc\u00ed trh s dieselov\u00fdmi pick-upy. Dnes tvo\u0159\u00ed Valley Fuel Injection (nyn\u00ed BD Diesel Truck Service &amp; Performance Centre) a BD Diesel Performance jednu spole\u010dnost se specializovan\u00fdmi divizemi pro komponenty dieselov\u00fdch pohonn\u00fdch jednotek. BD je inovativn\u00ed a glob\u00e1ln\u00ed spole\u010dnost, kter\u00e1 distribuuje produkty pro severoamerick\u00fd trh, a to jak pro vzn\u011btov\u00e9, tak pro z\u00e1\u017eehov\u00e9 motory. Na\u0161e sada v\u00fdfukov\u00e9ho potrub\u00ed pro RAM 5.7 je vysoce kvalitn\u00ed v\u00fdrobek pro v\u00e1\u0161 RAM, kter\u00fd zaji\u0161\u0165uje optim\u00e1ln\u00ed v\u00fdkon a \u00fa\u010dinnost.<\/p>\n<p>&nbsp;<\/p>","protected":false},"excerpt":{"rendered":"<p>2003 - 2007<\/p>","protected":false},"featured_media":68354415,"comment_status":"open","ping_status":"closed","template":"","meta":{"_acf_changed":false},"product_brand":[20019],"product_cat":[10262,20033],"product_tag":[20034,506,507,20036,20035,10268,605,9618,9614,9606,9621,9610,9605,9619,9631,9626,9622,9613,9616,9601,9615,9627,9633,9624,9634,9636,9625,9617,9623,9637,9629,9607,9609,9611,9612,9620,9608,9632,9628,9635,9630,6579,9599,20099,20100,7201,9602,476,9603,9407,9604,550,393,86,216,9406],"class_list":{"0":"post-68354411","1":"product","2":"type-product","3":"status-publish","4":"has-post-thumbnail","6":"product_brand-bd-diesel","7":"product_cat-alle-produkte","8":"product_cat-59-cummins-abgasanlage","9":"product_tag-20034","10":"product_tag-506","11":"product_tag-507","12":"product_tag-3943871-3943875","13":"product_tag-20035","14":"product_tag-5-9","15":"product_tag-abgaskruemmer","16":"product_tag-abgaskruemmer-angebote","17":"product_tag-abgaskruemmer-anleitung","18":"product_tag-abgaskruemmer-austausch","19":"product_tag-abgaskruemmer-bewertungen","20":"product_tag-abgaskruemmer-bolzen","21":"product_tag-abgaskruemmer-dichtung","22":"product_tag-abgaskruemmer-erfahrungen","23":"product_tag-abgaskruemmer-ersatzteile","24":"product_tag-abgaskruemmer-garantie","25":"product_tag-abgaskruemmer-hersteller","26":"product_tag-abgaskruemmer-installation","27":"product_tag-abgaskruemmer-kaufen","28":"product_tag-abgaskruemmer-kit","29":"product_tag-abgaskruemmer-kosten","30":"product_tag-abgaskruemmer-lebensdauer","31":"product_tag-abgaskruemmer-lieferzeit","32":"product_tag-abgaskruemmer-material","33":"product_tag-abgaskruemmer-montage","34":"product_tag-abgaskruemmer-online-shop","35":"product_tag-abgaskruemmer-passgenauigkeit","36":"product_tag-abgaskruemmer-preisvergleich","37":"product_tag-abgaskruemmer-qualitaet","38":"product_tag-abgaskruemmer-rabatt","39":"product_tag-abgaskruemmer-reinigung","40":"product_tag-abgaskruemmer-reparatur","41":"product_tag-abgaskruemmer-riss","42":"product_tag-abgaskruemmer-schrauben","43":"product_tag-abgaskruemmer-set","44":"product_tag-abgaskruemmer-testberichte","45":"product_tag-abgaskruemmer-upgrade","46":"product_tag-abgaskruemmer-versand","47":"product_tag-abgaskruemmer-wartung","48":"product_tag-abgaskruemmer-werkstatt","49":"product_tag-abgaskruemmer-zubehoer","50":"product_tag-bd","51":"product_tag-bd-abgaskruemmer","52":"product_tag-bd-diesel","53":"product_tag-bd-diesel-performance","54":"product_tag-cummins","55":"product_tag-dodge-ram-tuning","56":"product_tag-dt","57":"product_tag-edelstahl-abgaskruemmer","58":"product_tag-gerissene-kruemmer-ram","59":"product_tag-hitzeschutzband","60":"product_tag-kruemmer","61":"product_tag-leistungssteigerung","62":"product_tag-ram","63":"product_tag-upgrade","64":"product_tag-upgrade-kruemmer","65":"product_shipping_class-paket-l","67":"first","68":"onbackorder","69":"taxable","70":"shipping-taxable","71":"purchasable","72":"product-type-simple"},"bundled_by":[],"bundle_stock_status":"onbackorder","bundle_stock_quantity":0,"bundle_virtual":false,"bundle_layout":"","bundle_add_to_cart_form_location":"","bundle_editable_in_cart":false,"bundle_sold_individually_context":"","bundle_item_grouping":"","bundle_min_size":"","bundle_max_size":"","bundle_price":[],"bundled_items":[],"bundle_sell_ids":[],"exclude_global_add_ons":[],"addons":[],"acf":[],"_links":{"self":[{"href":"https:\/\/kraftwerk-shop.cc\/cs\/wp-json\/wp\/v2\/product\/68354411","targetHints":{"allow":["GET"]}}],"collection":[{"href":"https:\/\/kraftwerk-shop.cc\/cs\/wp-json\/wp\/v2\/product"}],"about":[{"href":"https:\/\/kraftwerk-shop.cc\/cs\/wp-json\/wp\/v2\/types\/product"}],"replies":[{"embeddable":true,"href":"https:\/\/kraftwerk-shop.cc\/cs\/wp-json\/wp\/v2\/comments?post=68354411"}],"version-history":[{"count":0,"href":"https:\/\/kraftwerk-shop.cc\/cs\/wp-json\/wp\/v2\/product\/68354411\/revisions"}],"wp:featuredmedia":[{"embeddable":true,"href":"https:\/\/kraftwerk-shop.cc\/cs\/wp-json\/wp\/v2\/media\/68354415"}],"wp:attachment":[{"href":"https:\/\/kraftwerk-shop.cc\/cs\/wp-json\/wp\/v2\/media?parent=68354411"}],"wp:term":[{"taxonomy":"product_brand","embeddable":true,"href":"https:\/\/kraftwerk-shop.cc\/cs\/wp-json\/wp\/v2\/product_brand?post=68354411"},{"taxonomy":"product_cat","embeddable":true,"href":"https:\/\/kraftwerk-shop.cc\/cs\/wp-json\/wp\/v2\/product_cat?post=68354411"},{"taxonomy":"product_tag","embeddable":true,"href":"https:\/\/kraftwerk-shop.cc\/cs\/wp-json\/wp\/v2\/product_tag?post=68354411"}],"curies":[{"name":"wp","href":"https:\/\/api.w.org\/{rel}","templated":true}]}}