{"id":68354450,"date":"2025-12-20T23:01:05","date_gmt":"2025-12-20T22:01:05","guid":{"rendered":"https:\/\/kraftwerk-shop.cc\/?post_type=product&#038;p=68354450"},"modified":"2026-02-15T01:27:32","modified_gmt":"2026-02-15T00:27:32","slug":"afe-momentum-intake-50-72004-ram-67","status":"publish","type":"product","link":"https:\/\/kraftwerk-shop.cc\/cs\/produkt\/afe-momentum-intake-50-72004-ram-67\/","title":{"rendered":"S\u00e1n\u00ed studen\u00e9ho vzduchu aFe Momentum HD RAM 6.7"},"content":{"rendered":"<h1>aFe POWER 50-72004 Syst\u00e9m s\u00e1n\u00ed studen\u00e9ho vzduchu Momentum HD pro RAM 2500 a 3500 6.7 Cummins z let 2010 a\u017e 2012<\/h1>\n<p>&nbsp;<\/p>\n<p><strong>Unik\u00e1tn\u00ed bydlen\u00ed<\/strong><br \/>\nHladk\u00fd, jednod\u00edln\u00fd, uzav\u0159en\u00fd kryt s dodate\u010dn\u00fdm otvorem pro p\u0159\u00edvod vzduchu nahrazuje v\u00edced\u00edln\u00fd kryt a poskytuje nejchladn\u011bj\u0161\u00ed dostupn\u00fd p\u0159\u00edvod vzduchu. Uretanov\u00e1 z\u00e1tka je sou\u010d\u00e1st\u00ed dod\u00e1vky pro pou\u017eit\u00ed v chladn\u00e9m po\u010das\u00ed, kdy je t\u0159eba dodate\u010dn\u00fd otvor pro p\u0159\u00edvod vzduchu zablokovat. Velk\u00e9 pr\u016fhledn\u00e9 okno umo\u017e\u0148uje snadnou kontrolu filtru a dod\u00e1v\u00e1 mu agresivn\u00ed vzhled.<\/p>\n<p><strong>Sac\u00ed potrub\u00ed<\/strong><br \/>\nTento syst\u00e9m vyu\u017e\u00edv\u00e1 sac\u00ed potrub\u00ed navr\u017een\u00e9 v syst\u00e9mu CAD, kter\u00e9 bylo vyvinuto na zku\u0161ebn\u00ed stolici a vyrobeno rota\u010dn\u00edm procesem, aby bylo zaru\u010deno co nejv\u011bt\u0161\u00ed zv\u00fd\u0161en\u00ed v\u00fdkonu a dokonal\u00e9 p\u0159izp\u016fsoben\u00ed.<\/p>\n<p><strong>Velk\u00fd 10vrstv\u00fd v\u00fdkonn\u00fd vzduchov\u00fd filtr<\/strong><br \/>\nSac\u00ed syst\u00e9m Momentum GT byl navr\u017een na z\u00e1klad\u011b nejv\u011bt\u0161\u00edho mo\u017en\u00e9ho vzduchov\u00e9ho filtru, aby se maximalizovala filtrace a v\u00fdkon.<br \/>\nTento 9\u2033 vysok\u00fd 360stup\u0148ov\u00fd radi\u00e1ln\u00ed \u010disti\u010d vzduchu m\u00e1 4 3\/4\u2033 p\u0159\u00edrubu a p\u0159edolejovan\u00e9 m\u00e9dium Pro 10R s 10 vrstvami postupn\u011b jemn\u011bj\u0161\u00ed bavln\u011bn\u00e9 g\u00e1zy pro maxim\u00e1ln\u00ed v\u00fdkon.<br \/>\nObr\u00e1cen\u00e1 horn\u00ed \u010d\u00e1st a velk\u00e1 plocha zaji\u0161\u0165uj\u00ed v\u00fdrazn\u011b del\u0161\u00ed \u017eivotnost mezi intervaly \u00fadr\u017eby, zat\u00edmco zes\u00edlen\u00fd kov zaji\u0161\u0165uje maxim\u00e1ln\u00ed pevnost, tak\u017ee se filtr nezhrout\u00ed. Toto filtra\u010dn\u00ed m\u00e9dium je nejvhodn\u011bj\u0161\u00ed pro pou\u017eit\u00ed v ter\u00e9nu.<\/p>\n<p><strong>Vysoce kvalitn\u00ed instala\u010dn\u00ed materi\u00e1l<\/strong><br \/>\n\u0160nekov\u00e9 svorky z nerezov\u00e9 oceli a zes\u00edlen\u00e1 silikonov\u00e1 hadice zaji\u0161\u0165uj\u00ed stabilitu a trvanlivost a tak\u00e9 bezpe\u010dnou a snadnou instalaci. Sac\u00ed syst\u00e9my Momentum jsou navr\u017eeny s co nejmen\u0161\u00edm po\u010dtem jednotliv\u00fdch d\u00edl\u016f, aby byla zaji\u0161t\u011bna rychl\u00e1 a snadn\u00e1 instalace.<\/p>\n<p>&nbsp;<\/p>\n<p><strong>podrobnosti<\/strong><\/p>\n<p>- +18 PS, +58 NM maxim\u00e1ln\u00ed zv\u00fd\u0161en\u00ed v\u00fdkonu<br \/>\n- 27% v\u011bt\u0161\u00ed pr\u016ftok ne\u017e standardn\u00ed vzduchov\u00fd filtr<br \/>\n- Sac\u00ed potrub\u00ed vyvinut\u00e9 v syst\u00e9mu CAD<br \/>\n- Jednod\u00edln\u00e9 pouzdro uzav\u0159en\u00e9 v horn\u00ed \u010d\u00e1sti se zabudovan\u00fdm pr\u016fzorem<br \/>\n- P\u0159edem promazan\u00fd, omyvateln\u00fd a opakovan\u011b pou\u017eiteln\u00fd vzduchov\u00fd filtr Pro 10R pro maxim\u00e1ln\u00ed v\u00fdkon<br \/>\n- Jedine\u010dn\u00e1 konstrukce pouzdra filtru<br \/>\n- Dokonal\u00e1 p\u0159esnost ulo\u017een\u00ed<\/p>\n<p>&nbsp;<\/p>\n<p><strong>Vhodn\u00e9 pro:<\/strong><\/p>\n<table width=\"681\">\n<tbody>\n<tr>\n<td width=\"103\"><strong>Rok v\u00fdstavby<\/strong><\/td>\n<td width=\"83\"><strong>Zna\u010dka<\/strong><\/td>\n<td width=\"141\"><strong>Model<\/strong><\/td>\n<td width=\"73\"><strong>Varianta<\/strong><\/td>\n<td width=\"281\"><strong>Motor<\/strong><\/td>\n<\/tr>\n<tr>\n<td width=\"103\">2010-2012<\/td>\n<td width=\"83\">RAM<\/td>\n<td width=\"141\">2500<\/td>\n<td width=\"73\">Cummins<\/td>\n<td width=\"281\">Vzn\u011btov\u00fd motor L6-6,7 l<\/td>\n<\/tr>\n<tr>\n<td width=\"103\">2010-2012<\/td>\n<td width=\"83\">RAM<\/td>\n<td width=\"141\">3500<\/td>\n<td width=\"73\">Cummins<\/td>\n<td width=\"281\">Vzn\u011btov\u00fd motor L6-6,7 l<\/td>\n<\/tr>\n<\/tbody>\n<\/table>\n<p>&nbsp;<\/p>\n<p>&nbsp;<\/p>","protected":false},"excerpt":{"rendered":"<p>2010 - 2012<\/p>","protected":false},"featured_media":68354453,"comment_status":"open","ping_status":"closed","template":"","meta":{"_acf_changed":false},"product_brand":[16879],"product_cat":[10262,2926],"product_tag":[506,507,20041,16880,498,9569,2441,9582,2741,826,824,825,9572,49,9580,9581,8640,9598,9589,9593,9587,9596,9597,9590,9586,9591,9585,9594,9584,9595,9592,9588,126,20273,8638,393,9577,9573,57,9583,9579,822,9570,8662,9578,828,9574,86,9571,500,9575,9576],"class_list":{"0":"post-68354450","1":"product","2":"type-product","3":"status-publish","4":"has-post-thumbnail","6":"product_brand-afe-power","7":"product_cat-alle-produkte","8":"product_cat-67-cummins-ansaugung","9":"product_tag-506","10":"product_tag-507","11":"product_tag-50-72004","12":"product_tag-advanced-flow-engineering","13":"product_tag-afe","14":"product_tag-afe-cold-air-intake","15":"product_tag-afe-power","16":"product_tag-aftermarket-teile","17":"product_tag-ansaugsystem","18":"product_tag-ansaugung","19":"product_tag-cai","20":"product_tag-cold-air-intake","21":"product_tag-diesel-performance","22":"product_tag-dodge","23":"product_tag-drehmomentzuwachs","24":"product_tag-einbauanleitung","25":"product_tag-fahrzeugkompatibilitaet","26":"product_tag-filterangebote","27":"product_tag-filterbewertungen","28":"product_tag-filtereffizienz","29":"product_tag-filterersatz","30":"product_tag-filterersatzteile","31":"product_tag-filterhersteller","32":"product_tag-filterinstallation","33":"product_tag-filterlebensdauer","34":"product_tag-filtermaterialien","35":"product_tag-filteroel","36":"product_tag-filterpflege","37":"product_tag-filterreinigung","38":"product_tag-filterreinigungskit","39":"product_tag-filtertechnologie","40":"product_tag-filtervergleich","41":"product_tag-hemi","42":"product_tag-keintuev","43":"product_tag-kraftstoffeffizienz","44":"product_tag-leistungssteigerung","45":"product_tag-lkw-upgrade","46":"product_tag-lufteinlasssystem","47":"product_tag-luftfilter","48":"product_tag-luftfilterwartung","49":"product_tag-luftstrom-erhoehen","50":"product_tag-momentum","51":"product_tag-momentum-hd","52":"product_tag-motoroptimierung","53":"product_tag-motortuning","54":"product_tag-pickup","55":"product_tag-pro-10r-filter","56":"product_tag-ram","57":"product_tag-ram-6-7-cummins","58":"product_tag-sportluftfilter","59":"product_tag-waschbarer-luftfilter","60":"product_tag-wiederverwendbarer-filter","62":"first","63":"onbackorder","64":"taxable","65":"shipping-taxable","66":"purchasable","67":"product-type-simple"},"bundled_by":[],"bundle_stock_status":"onbackorder","bundle_stock_quantity":0,"bundle_virtual":false,"bundle_layout":"","bundle_add_to_cart_form_location":"","bundle_editable_in_cart":false,"bundle_sold_individually_context":"","bundle_item_grouping":"","bundle_min_size":"","bundle_max_size":"","bundle_price":[],"bundled_items":[],"bundle_sell_ids":[],"exclude_global_add_ons":[],"addons":[],"acf":[],"_links":{"self":[{"href":"https:\/\/kraftwerk-shop.cc\/cs\/wp-json\/wp\/v2\/product\/68354450","targetHints":{"allow":["GET"]}}],"collection":[{"href":"https:\/\/kraftwerk-shop.cc\/cs\/wp-json\/wp\/v2\/product"}],"about":[{"href":"https:\/\/kraftwerk-shop.cc\/cs\/wp-json\/wp\/v2\/types\/product"}],"replies":[{"embeddable":true,"href":"https:\/\/kraftwerk-shop.cc\/cs\/wp-json\/wp\/v2\/comments?post=68354450"}],"version-history":[{"count":0,"href":"https:\/\/kraftwerk-shop.cc\/cs\/wp-json\/wp\/v2\/product\/68354450\/revisions"}],"wp:featuredmedia":[{"embeddable":true,"href":"https:\/\/kraftwerk-shop.cc\/cs\/wp-json\/wp\/v2\/media\/68354453"}],"wp:attachment":[{"href":"https:\/\/kraftwerk-shop.cc\/cs\/wp-json\/wp\/v2\/media?parent=68354450"}],"wp:term":[{"taxonomy":"product_brand","embeddable":true,"href":"https:\/\/kraftwerk-shop.cc\/cs\/wp-json\/wp\/v2\/product_brand?post=68354450"},{"taxonomy":"product_cat","embeddable":true,"href":"https:\/\/kraftwerk-shop.cc\/cs\/wp-json\/wp\/v2\/product_cat?post=68354450"},{"taxonomy":"product_tag","embeddable":true,"href":"https:\/\/kraftwerk-shop.cc\/cs\/wp-json\/wp\/v2\/product_tag?post=68354450"}],"curies":[{"name":"wp","href":"https:\/\/api.w.org\/{rel}","templated":true}]}}