{"id":68354784,"date":"2025-12-26T01:11:29","date_gmt":"2025-12-26T00:11:29","guid":{"rendered":"https:\/\/kraftwerk-shop.cc\/?post_type=product&#038;p=68354784"},"modified":"2026-01-12T10:31:01","modified_gmt":"2026-01-12T09:31:01","slug":"tesneni-olejove-vany-mopar-53011380ad","status":"publish","type":"product","link":"https:\/\/kraftwerk-shop.cc\/cs\/produkt\/mopar-oelwannendichtung-53011380ad\/","title":{"rendered":"T\u011bsn\u011bn\u00ed olejov\u00e9 vany Mopar 6.2 a 6.4 (53011380AD)"},"content":{"rendered":"<h1>Origin\u00e1ln\u00ed t\u011bsn\u011bn\u00ed olejov\u00e9 vany Mopar (53011380AD) pro Jeep Wrangler 6.4 a RAM TRX 6.2<\/h1>\n<p>&nbsp;<\/p>\n<p><span lang=\"DE\"><strong>\u010c\u00edslo d\u00edlu Mopar:<\/strong>\u00a053011380AD<br \/>\n<strong>Nahrazeno: <\/strong><span class=\"list-value\">\u2014<\/span><\/span><\/p>\n<p>&nbsp;<\/p>\n<p><strong>Vhodn\u00e9 pro:<\/strong><\/p>\n<table style=\"height: 153px;\" width=\"996\">\n<tbody>\n<tr style=\"height: 24px;\">\n<td style=\"height: 24px; width: 134.233px;\"><strong>Rok v\u00fdstavby<\/strong><\/td>\n<td style=\"height: 24px; width: 161.95px;\"><strong>Zna\u010dka<\/strong><\/td>\n<td style=\"height: 24px; width: 139.917px;\"><strong>Model<\/strong><\/td>\n<td style=\"height: 24px; width: 279.3px;\"><strong>Verze<\/strong><\/td>\n<td style=\"height: 24px; width: 245.2px;\"><strong>Motor<\/strong><\/td>\n<\/tr>\n<tr style=\"height: 24px;\">\n<td style=\"height: 24px; width: 134.233px;\">2024<\/td>\n<td style=\"height: 24px; width: 161.95px;\">Ram<\/td>\n<td style=\"height: 24px; width: 139.917px;\">1500<\/td>\n<td style=\"height: 24px; width: 279.3px;\">TRX<\/td>\n<td style=\"height: 24px; width: 245.2px;\">6.2L<\/td>\n<\/tr>\n<tr style=\"height: 24px;\">\n<td style=\"height: 24px; width: 134.233px;\">2023<\/td>\n<td style=\"height: 24px; width: 161.95px;\">Ram<\/td>\n<td style=\"height: 24px; width: 139.917px;\">1500<\/td>\n<td style=\"height: 24px; width: 279.3px;\">TRX<\/td>\n<td style=\"height: 24px; width: 245.2px;\">6.2L<\/td>\n<\/tr>\n<tr style=\"height: 24px;\">\n<td style=\"height: 24px; width: 134.233px;\">2022<\/td>\n<td style=\"height: 24px; width: 161.95px;\">Ram<\/td>\n<td style=\"height: 24px; width: 139.917px;\">1500<\/td>\n<td style=\"height: 24px; width: 279.3px;\">TRX<\/td>\n<td style=\"height: 24px; width: 245.2px;\">6.2L<\/td>\n<\/tr>\n<tr style=\"height: 33px;\">\n<td style=\"height: 33px; width: 134.233px;\">2021<\/td>\n<td style=\"height: 33px; width: 161.95px;\">Jeep<\/td>\n<td style=\"height: 33px; width: 139.917px;\">Wrangler<\/td>\n<td style=\"height: 33px; width: 279.3px;\">Neomezen\u00fd Rubicon 392 (do 30\/08\/2021)<\/td>\n<td style=\"height: 33px; width: 245.2px;\">6.4L<\/td>\n<\/tr>\n<tr style=\"height: 24px;\">\n<td style=\"height: 24px; width: 134.233px;\">2021<\/td>\n<td style=\"height: 24px; width: 161.95px;\">Ram<\/td>\n<td style=\"height: 24px; width: 139.917px;\">1500<\/td>\n<td style=\"height: 24px; width: 279.3px;\">TRX<\/td>\n<td style=\"height: 24px; width: 245.2px;\">6.2L<\/td>\n<\/tr>\n<\/tbody>\n<\/table>\n<p>&nbsp;<\/p>\n<p>&nbsp;<\/p>\n<h4>Pro\u010d si vybrat origin\u00e1ln\u00ed n\u00e1hradn\u00ed d\u00edly Mopar?<\/h4>\n<p>Perfektn\u011b p\u0159izp\u016fsoben\u00e9 va\u0161emu modelu: Mopar dod\u00e1v\u00e1 origin\u00e1ln\u00ed d\u00edly, kter\u00e9 jsou p\u0159esn\u011b p\u0159izp\u016fsobeny technologii va\u0161eho vozidla. To zaru\u010duje nejen dokonalou mont\u00e1\u017e, ale tak\u00e9 plnou kompatibilitu se v\u0161emi funkcemi vozidla.<\/p>\n<p>Trvanliv\u00e1 kvalita pro ka\u017ed\u00e9 pou\u017eit\u00ed: Ka\u017ed\u00fd d\u00edl Mopar je p\u0159ed opu\u0161t\u011bn\u00edm v\u00fdrobn\u00edho z\u00e1vodu d\u016fkladn\u011b testov\u00e1n. Kombinace robustn\u00edch materi\u00e1l\u016f a precizn\u00ed v\u00fdroby zaji\u0161\u0165uje spolehliv\u00fd provoz va\u0161eho vozidla - den za dnem, kilometr za kilometrem.<\/p>","protected":false},"excerpt":{"rendered":"<p>Origin\u00e1ln\u00ed d\u00edl Mopar<\/p>","protected":false},"featured_media":68354943,"comment_status":"open","ping_status":"closed","template":"","meta":{"_acf_changed":false},"product_brand":[16270],"product_cat":[6512,6680],"product_tag":[217,20119,93,571,6545,50,31,8813,9424,16271,16273,16275,16272,16274,7221,19643,7720,86,2353,175],"class_list":{"0":"post-68354784","1":"product","2":"type-product","3":"status-publish","4":"has-post-thumbnail","6":"product_brand-mopar","7":"product_cat-wrangler-64-dichtungen-hardware","8":"product_cat-trx-dichtungen-hardware","9":"product_tag-217","10":"product_tag-53011380ad","11":"product_tag-6-4","12":"product_tag-dichtung","13":"product_tag-grand-wagoneer","14":"product_tag-jeep","15":"product_tag-mopar","16":"product_tag-mopar-autoteile","17":"product_tag-mopar-ersatzteile","18":"product_tag-mopar-ersatzteile-kaufen","19":"product_tag-mopar-performance-teile","20":"product_tag-mopar-teile-katalog","21":"product_tag-mopar-teile-online","22":"product_tag-mopar-tuningteile","23":"product_tag-mopar10","24":"product_tag-oelwanna","25":"product_tag-oelwannendichtung","26":"product_tag-ram","27":"product_tag-trx","28":"product_tag-wrangler","30":"first","31":"onbackorder","32":"taxable","33":"shipping-taxable","34":"purchasable","35":"product-type-simple"},"bundled_by":[],"bundle_stock_status":"onbackorder","bundle_stock_quantity":0,"bundle_virtual":false,"bundle_layout":"","bundle_add_to_cart_form_location":"","bundle_editable_in_cart":false,"bundle_sold_individually_context":"","bundle_item_grouping":"","bundle_min_size":"","bundle_max_size":"","bundle_price":[],"bundled_items":[],"bundle_sell_ids":[],"exclude_global_add_ons":[],"addons":[],"acf":[],"_links":{"self":[{"href":"https:\/\/kraftwerk-shop.cc\/cs\/wp-json\/wp\/v2\/product\/68354784","targetHints":{"allow":["GET"]}}],"collection":[{"href":"https:\/\/kraftwerk-shop.cc\/cs\/wp-json\/wp\/v2\/product"}],"about":[{"href":"https:\/\/kraftwerk-shop.cc\/cs\/wp-json\/wp\/v2\/types\/product"}],"replies":[{"embeddable":true,"href":"https:\/\/kraftwerk-shop.cc\/cs\/wp-json\/wp\/v2\/comments?post=68354784"}],"version-history":[{"count":0,"href":"https:\/\/kraftwerk-shop.cc\/cs\/wp-json\/wp\/v2\/product\/68354784\/revisions"}],"wp:featuredmedia":[{"embeddable":true,"href":"https:\/\/kraftwerk-shop.cc\/cs\/wp-json\/wp\/v2\/media\/68354943"}],"wp:attachment":[{"href":"https:\/\/kraftwerk-shop.cc\/cs\/wp-json\/wp\/v2\/media?parent=68354784"}],"wp:term":[{"taxonomy":"product_brand","embeddable":true,"href":"https:\/\/kraftwerk-shop.cc\/cs\/wp-json\/wp\/v2\/product_brand?post=68354784"},{"taxonomy":"product_cat","embeddable":true,"href":"https:\/\/kraftwerk-shop.cc\/cs\/wp-json\/wp\/v2\/product_cat?post=68354784"},{"taxonomy":"product_tag","embeddable":true,"href":"https:\/\/kraftwerk-shop.cc\/cs\/wp-json\/wp\/v2\/product_tag?post=68354784"}],"curies":[{"name":"wp","href":"https:\/\/api.w.org\/{rel}","templated":true}]}}