{"id":68355047,"date":"2026-01-03T13:13:35","date_gmt":"2026-01-03T12:13:35","guid":{"rendered":"https:\/\/kraftwerk-shop.cc\/?post_type=product&#038;p=68355047"},"modified":"2026-02-15T01:27:50","modified_gmt":"2026-02-15T00:27:50","slug":"koncove-svicky-mopar-svre10pmc5","status":"publish","type":"product","link":"https:\/\/kraftwerk-shop.cc\/cs\/produkt\/mopar-zuendkerzen-svre10pmc5\/","title":{"rendered":"Zapalovac\u00ed sv\u00ed\u010dky Mopar \/ Champion SVRE10PMC5 (10 kus\u016f)"},"content":{"rendered":"<h1>Origin\u00e1ln\u00ed zapalovac\u00ed sv\u00ed\u010dky Mopar \/ Champion SVRE10PMC5 pro Dodge Viper 8.4, 10 kus\u016f<\/h1>\n<p>&nbsp;<\/p>\n<p><strong>\u010c\u00edslo d\u00edlu Mopar:<\/strong>\u00a0SVRE10PMC5<br \/>\n<strong>Nahrazeno:<\/strong> 68304015AA, SPRE10PMC5<\/p>\n<p>&nbsp;<\/p>\n<p><strong>Vhodn\u00e9 pro:<\/strong><\/p>\n<table width=\"996\">\n<tbody>\n<tr>\n<td width=\"138\"><strong>Rok v\u00fdstavby<\/strong><\/td>\n<td width=\"168\"><strong>Zna\u010dka<\/strong><\/td>\n<td width=\"144\"><strong>Model<\/strong><\/td>\n<td width=\"290\"><strong>Verze<\/strong><\/td>\n<td width=\"256\"><strong>Motor<\/strong><\/td>\n<\/tr>\n<tr>\n<td width=\"138\">2017<\/td>\n<td width=\"168\">Dodge<\/td>\n<td width=\"144\">Viper<\/td>\n<td width=\"290\">ACR, GTC, GTS<\/td>\n<td width=\"256\">8.4L<\/td>\n<\/tr>\n<tr>\n<td width=\"138\">2016<\/td>\n<td width=\"168\">Dodge<\/td>\n<td width=\"144\">Viper<\/td>\n<td width=\"290\">ACR, GTC, GTS<\/td>\n<td width=\"256\">8.4L<\/td>\n<\/tr>\n<tr>\n<td width=\"138\">2015<\/td>\n<td width=\"168\">Dodge<\/td>\n<td width=\"144\">Viper<\/td>\n<td width=\"290\">Z\u00e1kladn\u00ed verze, GT, GTS<\/td>\n<td width=\"256\">8.4L<\/td>\n<\/tr>\n<tr>\n<td width=\"138\">2014<\/td>\n<td width=\"168\">SRT<\/td>\n<td width=\"144\">Viper<\/td>\n<td width=\"290\">Z\u00e1kladn\u00ed verze, GTS<\/td>\n<td width=\"256\">8.4L<\/td>\n<\/tr>\n<tr>\n<td width=\"138\">2013<\/td>\n<td width=\"168\">SRT<\/td>\n<td width=\"144\">Viper<\/td>\n<td width=\"290\">Z\u00e1kladn\u00ed verze, GTS<\/td>\n<td width=\"256\">8.4L<\/td>\n<\/tr>\n<tr>\n<td width=\"138\">2010<\/td>\n<td width=\"168\">Dodge<\/td>\n<td width=\"144\">Viper<\/td>\n<td width=\"290\">SRT-10, SRT-10 ACR<\/td>\n<td width=\"256\">8.4L<\/td>\n<\/tr>\n<tr>\n<td width=\"138\">2009<\/td>\n<td width=\"168\">Dodge<\/td>\n<td width=\"144\">Viper<\/td>\n<td width=\"290\">SRT-10, SRT-10 ACR<\/td>\n<td width=\"256\">8.4L<\/td>\n<\/tr>\n<tr>\n<td width=\"138\">2008<\/td>\n<td width=\"168\">Dodge<\/td>\n<td width=\"144\">Viper<\/td>\n<td width=\"290\">SRT-10, SRT-10 ACR<\/td>\n<td width=\"256\">8.4L<\/td>\n<\/tr>\n<\/tbody>\n<\/table>\n<p>&nbsp;<\/p>\n<p><strong>Rozsah dod\u00e1vky:<br \/>\n<\/strong><\/p>\n<ul>\n<li>10 zapalovac\u00edch sv\u00ed\u010dek (Champion, Mopar OEM d\u00edl)<\/li>\n<\/ul>\n<p>&nbsp;<\/p>\n<p>&nbsp;<\/p>\n<h4>Vsa\u010fte na origin\u00e1ln\u00ed d\u00edly Mopar<\/h4>\n<p><strong>P\u0159esn\u00e9 uchycen\u00ed a testovan\u00e1 kvalita v\u00fdrobce:<\/strong> Spole\u010dnost Mopar v\u00e1m dod\u00e1v\u00e1 origin\u00e1ln\u00ed d\u00edly, kter\u00e9 byly vyvinuty speci\u00e1ln\u011b pro va\u0161e vozidlo - ne upraven\u00e9, ale origin\u00e1ln\u00ed. Ka\u017ed\u00fd d\u00edl p\u0159esn\u011b odpov\u00edd\u00e1 tov\u00e1rn\u00edm norm\u00e1m, a proto zaru\u010duje bezprobl\u00e9movou mont\u00e1\u017e, plnou funk\u010dnost a maxim\u00e1ln\u00ed bezpe\u010dnost.<\/p>\n<p><strong>Dlouh\u00e1 \u017eivotnost, na kterou se m\u016f\u017eete spolehnout:<\/strong> Origin\u00e1ln\u00ed d\u00edly Mopar jsou vyr\u00e1b\u011bny z odoln\u00fdch materi\u00e1l\u016f a podl\u00e9haj\u00ed p\u0159\u00edsn\u00fdm test\u016fm kvality. V\u00fdsledek: maxim\u00e1ln\u00ed spolehlivost i p\u0159i n\u00e1ro\u010dn\u00e9m pou\u017e\u00edv\u00e1n\u00ed - pro dlouhodob\u00e9 zachov\u00e1n\u00ed hodnoty a st\u00e1l\u00fd v\u00fdkon vozidla.<\/p>","protected":false},"excerpt":{"rendered":"<p>Origin\u00e1ln\u00ed d\u00edl Mopar<\/p>","protected":false},"featured_media":68355050,"comment_status":"open","ping_status":"closed","template":"","meta":{"_acf_changed":false},"product_brand":[16270],"product_cat":[8053,8049],"product_tag":[20184,20183,49,31,8813,9424,16271,16273,16275,16272,16274,7221,34,20185,1097,1098,20182,559,1073],"class_list":{"0":"post-68355047","1":"product","2":"type-product","3":"status-publish","4":"has-post-thumbnail","6":"product_brand-mopar","7":"product_cat-viper-84-elektrik","8":"product_cat-viper-84-wartung","9":"product_tag-68304015aa","10":"product_tag-champion","11":"product_tag-dodge","12":"product_tag-mopar","13":"product_tag-mopar-autoteile","14":"product_tag-mopar-ersatzteile","15":"product_tag-mopar-ersatzteile-kaufen","16":"product_tag-mopar-performance-teile","17":"product_tag-mopar-teile-katalog","18":"product_tag-mopar-teile-online","19":"product_tag-mopar-tuningteile","20":"product_tag-mopar10","21":"product_tag-original","22":"product_tag-spre10pmc5","23":"product_tag-srt-10","24":"product_tag-srt10","25":"product_tag-svre10pmc5","26":"product_tag-viper","27":"product_tag-zuendkerzen","29":"first","30":"instock","31":"taxable","32":"shipping-taxable","33":"purchasable","34":"product-type-simple"},"bundled_by":[],"bundle_stock_status":"instock","bundle_stock_quantity":1,"bundle_virtual":false,"bundle_layout":"","bundle_add_to_cart_form_location":"","bundle_editable_in_cart":false,"bundle_sold_individually_context":"","bundle_item_grouping":"","bundle_min_size":"","bundle_max_size":"","bundle_price":[],"bundled_items":[],"bundle_sell_ids":[],"exclude_global_add_ons":[],"addons":[],"acf":[],"_links":{"self":[{"href":"https:\/\/kraftwerk-shop.cc\/cs\/wp-json\/wp\/v2\/product\/68355047","targetHints":{"allow":["GET"]}}],"collection":[{"href":"https:\/\/kraftwerk-shop.cc\/cs\/wp-json\/wp\/v2\/product"}],"about":[{"href":"https:\/\/kraftwerk-shop.cc\/cs\/wp-json\/wp\/v2\/types\/product"}],"replies":[{"embeddable":true,"href":"https:\/\/kraftwerk-shop.cc\/cs\/wp-json\/wp\/v2\/comments?post=68355047"}],"version-history":[{"count":0,"href":"https:\/\/kraftwerk-shop.cc\/cs\/wp-json\/wp\/v2\/product\/68355047\/revisions"}],"wp:featuredmedia":[{"embeddable":true,"href":"https:\/\/kraftwerk-shop.cc\/cs\/wp-json\/wp\/v2\/media\/68355050"}],"wp:attachment":[{"href":"https:\/\/kraftwerk-shop.cc\/cs\/wp-json\/wp\/v2\/media?parent=68355047"}],"wp:term":[{"taxonomy":"product_brand","embeddable":true,"href":"https:\/\/kraftwerk-shop.cc\/cs\/wp-json\/wp\/v2\/product_brand?post=68355047"},{"taxonomy":"product_cat","embeddable":true,"href":"https:\/\/kraftwerk-shop.cc\/cs\/wp-json\/wp\/v2\/product_cat?post=68355047"},{"taxonomy":"product_tag","embeddable":true,"href":"https:\/\/kraftwerk-shop.cc\/cs\/wp-json\/wp\/v2\/product_tag?post=68355047"}],"curies":[{"name":"wp","href":"https:\/\/api.w.org\/{rel}","templated":true}]}}