{"id":68355071,"date":"2026-01-03T19:24:26","date_gmt":"2026-01-03T18:24:26","guid":{"rendered":"https:\/\/kraftwerk-shop.cc\/?post_type=product&#038;p=68355071"},"modified":"2026-02-15T01:27:53","modified_gmt":"2026-02-15T00:27:53","slug":"termostat-dodge-viper-5037344aa","status":"publish","type":"product","link":"https:\/\/kraftwerk-shop.cc\/cs\/produkt\/thermostat-dodge-viper-5037344aa\/","title":{"rendered":"Termostat Dodge Viper"},"content":{"rendered":"<h1>83 stup\u0148ov\u00fd termostat pro Dodge Viper<\/h1>\n<p>&nbsp;<\/p>\n<p>Vhodn\u00e9 pro vozidla v ka\u017edodenn\u00edm provozu a pro m\u00edrn\u00e9 klimatick\u00e9 podm\u00ednky.<br \/>\nDoporu\u010deno pro silni\u010dn\u00ed vozidla s b\u011b\u017en\u00fdmi po\u017eadavky na chlazen\u00ed.<\/p>\n<p>&nbsp;<\/p>\n<p>&nbsp;<\/p>\n<p><strong>Srovn\u00e1vac\u00ed \u010d\u00edslo Mopar:<\/strong> 5037344AA<\/p>\n<p>&nbsp;<\/p>\n<p><strong>Vhodn\u00e9 pro:<\/strong><\/p>\n<table width=\"721\">\n<tbody>\n<tr>\n<td width=\"64\"><strong>Rok v\u00fdstavby<\/strong><\/td>\n<td width=\"83\"><strong>Zna\u010dka<\/strong><\/td>\n<td width=\"146\"><strong>Model<\/strong><\/td>\n<td width=\"293\"><strong>Verze<\/strong><\/td>\n<td width=\"135\"><strong>Motor<\/strong><\/td>\n<\/tr>\n<tr>\n<td width=\"64\">2017<\/td>\n<td width=\"83\">Dodge<\/td>\n<td width=\"146\">Viper<\/td>\n<td width=\"293\">ACR, GTS, SRT<\/td>\n<td width=\"135\">8.4L<\/td>\n<\/tr>\n<tr>\n<td width=\"64\">2016<\/td>\n<td width=\"83\">Dodge<\/td>\n<td width=\"146\">Viper<\/td>\n<td width=\"293\">ACR, GTC, GTS, SRT<\/td>\n<td width=\"135\">8.4L<\/td>\n<\/tr>\n<tr>\n<td width=\"64\">2015<\/td>\n<td width=\"83\">Dodge<\/td>\n<td width=\"146\">Viper<\/td>\n<td width=\"293\">GT, GTS<\/td>\n<td width=\"135\">8.4L<\/td>\n<\/tr>\n<tr>\n<td width=\"64\">2014<\/td>\n<td width=\"83\">SRT<\/td>\n<td width=\"146\">Viper<\/td>\n<td width=\"293\">Z\u00e1kladn\u00ed verze, GTS<\/td>\n<td width=\"135\">8.4L<\/td>\n<\/tr>\n<tr>\n<td width=\"64\">2013<\/td>\n<td width=\"83\">SRT<\/td>\n<td width=\"146\">Viper<\/td>\n<td width=\"293\">Z\u00e1kladn\u00ed verze, GTS<\/td>\n<td width=\"135\">8.4L<\/td>\n<\/tr>\n<tr>\n<td width=\"64\">2010<\/td>\n<td width=\"83\">Dodge<\/td>\n<td width=\"146\">Viper<\/td>\n<td width=\"293\">SRT-10, SRT-10 ACR<\/td>\n<td width=\"135\">8.4L<\/td>\n<\/tr>\n<tr>\n<td width=\"64\">2009<\/td>\n<td width=\"83\">Dodge<\/td>\n<td width=\"146\">Viper<\/td>\n<td width=\"293\">SRT-10, SRT-10 ACR<\/td>\n<td width=\"135\">8.4L<\/td>\n<\/tr>\n<tr>\n<td width=\"64\">2008<\/td>\n<td width=\"83\">Dodge<\/td>\n<td width=\"146\">Viper<\/td>\n<td width=\"293\">SRT-10<\/td>\n<td width=\"135\">8.4L<\/td>\n<\/tr>\n<tr>\n<td width=\"64\">2006<\/td>\n<td width=\"83\">Dodge<\/td>\n<td width=\"146\">Ram 1500<\/td>\n<td width=\"293\">SRT-10<\/td>\n<td width=\"135\">8.3L<\/td>\n<\/tr>\n<tr>\n<td width=\"64\">2005<\/td>\n<td width=\"83\">Dodge<\/td>\n<td width=\"146\">Ram 1500<\/td>\n<td width=\"293\">SRT-10<\/td>\n<td width=\"135\">8.3L<\/td>\n<\/tr>\n<tr>\n<td width=\"64\">2005<\/td>\n<td width=\"83\">Dodge<\/td>\n<td width=\"146\">Viper<\/td>\n<td width=\"293\">SRT-10<\/td>\n<td width=\"135\">8.3L<\/td>\n<\/tr>\n<tr>\n<td width=\"64\">2004<\/td>\n<td width=\"83\">Dodge<\/td>\n<td width=\"146\">Viper<\/td>\n<td width=\"293\">SRT-10<\/td>\n<td width=\"135\">8.3L<\/td>\n<\/tr>\n<tr>\n<td width=\"64\">2003<\/td>\n<td width=\"83\">Dodge<\/td>\n<td width=\"146\">Viper<\/td>\n<td width=\"293\">SRT-10<\/td>\n<td width=\"135\">8.3L<\/td>\n<\/tr>\n<\/tbody>\n<\/table>","protected":false},"excerpt":{"rendered":"<p>83stup\u0148ov\u00fd termostat pro Dodge Viper   Vhodn\u00fd pro vozidla v ka\u017edodenn\u00edm provozu a pro m\u00edrn\u00e9 klimatick\u00e9 podm\u00ednky. Doporu\u010deno pro silni\u010dn\u00ed vozidla.<\/p>","protected":false},"featured_media":68355077,"comment_status":"open","ping_status":"closed","template":"","meta":{"_acf_changed":false},"product_brand":[],"product_cat":[8066,8067],"product_tag":[18320,5180,5182,5181,49,1111,31,96,1097,267,559],"class_list":{"0":"post-68355071","1":"product","2":"type-product","3":"status-publish","4":"has-post-thumbnail","6":"product_cat-viper-83-kuehlung","7":"product_cat-viper-84-kuehlung","8":"product_tag-05037344aa","9":"product_tag-5037344aa","10":"product_tag-77-grad","11":"product_tag-acr","12":"product_tag-dodge","13":"product_tag-gts","14":"product_tag-mopar","15":"product_tag-srt","16":"product_tag-srt-10","17":"product_tag-thermostat","18":"product_tag-viper","20":"first","21":"instock","22":"taxable","23":"shipping-taxable","24":"purchasable","25":"product-type-simple"},"bundled_by":[],"bundle_stock_status":"instock","bundle_stock_quantity":1,"bundle_virtual":false,"bundle_layout":"","bundle_add_to_cart_form_location":"","bundle_editable_in_cart":false,"bundle_sold_individually_context":"","bundle_item_grouping":"","bundle_min_size":"","bundle_max_size":"","bundle_price":[],"bundled_items":[],"bundle_sell_ids":[],"exclude_global_add_ons":[],"addons":[],"acf":[],"_links":{"self":[{"href":"https:\/\/kraftwerk-shop.cc\/cs\/wp-json\/wp\/v2\/product\/68355071","targetHints":{"allow":["GET"]}}],"collection":[{"href":"https:\/\/kraftwerk-shop.cc\/cs\/wp-json\/wp\/v2\/product"}],"about":[{"href":"https:\/\/kraftwerk-shop.cc\/cs\/wp-json\/wp\/v2\/types\/product"}],"replies":[{"embeddable":true,"href":"https:\/\/kraftwerk-shop.cc\/cs\/wp-json\/wp\/v2\/comments?post=68355071"}],"version-history":[{"count":0,"href":"https:\/\/kraftwerk-shop.cc\/cs\/wp-json\/wp\/v2\/product\/68355071\/revisions"}],"wp:featuredmedia":[{"embeddable":true,"href":"https:\/\/kraftwerk-shop.cc\/cs\/wp-json\/wp\/v2\/media\/68355077"}],"wp:attachment":[{"href":"https:\/\/kraftwerk-shop.cc\/cs\/wp-json\/wp\/v2\/media?parent=68355071"}],"wp:term":[{"taxonomy":"product_brand","embeddable":true,"href":"https:\/\/kraftwerk-shop.cc\/cs\/wp-json\/wp\/v2\/product_brand?post=68355071"},{"taxonomy":"product_cat","embeddable":true,"href":"https:\/\/kraftwerk-shop.cc\/cs\/wp-json\/wp\/v2\/product_cat?post=68355071"},{"taxonomy":"product_tag","embeddable":true,"href":"https:\/\/kraftwerk-shop.cc\/cs\/wp-json\/wp\/v2\/product_tag?post=68355071"}],"curies":[{"name":"wp","href":"https:\/\/api.w.org\/{rel}","templated":true}]}}