{"id":68355442,"date":"2026-01-17T14:58:35","date_gmt":"2026-01-17T13:58:35","guid":{"rendered":"https:\/\/kraftwerk-shop.cc\/?post_type=product&#038;p=68355442"},"modified":"2026-02-15T01:28:01","modified_gmt":"2026-02-15T00:28:01","slug":"vodni-tryska-steracu-mopar-durango-05182203ab","status":"publish","type":"product","link":"https:\/\/kraftwerk-shop.cc\/cs\/produkt\/mopar-wischwasserduese-durango-05182203ab\/","title":{"rendered":"Vodn\u00ed tryska st\u011bra\u010d\u016f Mopar Durango (05182203AB)"},"content":{"rendered":"<h1>Origin\u00e1ln\u00ed tryska st\u011bra\u010d\u016f Mopar (05182203AB) pro Dodge Durango od 2011 do 2020<\/h1>\n<p>&nbsp;<\/p>\n<p><span lang=\"DE\"><strong>\u010c\u00edslo d\u00edlu Mopar:<\/strong>\u00a005182203AB<br \/>\n<strong>Nahrazeno: <\/strong>05182203AA<\/span><\/p>\n<p>&nbsp;<\/p>\n<p><strong>Vhodn\u00e9 pro:<\/strong><\/p>\n<table width=\"996\">\n<tbody>\n<tr>\n<td width=\"138\"><strong>Rok v\u00fdstavby<\/strong><\/td>\n<td width=\"168\"><strong>Zna\u010dka<\/strong><\/td>\n<td width=\"144\"><strong>Model<\/strong><\/td>\n<td width=\"290\"><strong>Verze<\/strong><\/td>\n<td width=\"256\"><strong>Motor<\/strong><\/td>\n<\/tr>\n<tr>\n<td width=\"138\">2020<\/td>\n<td width=\"168\">Dodge<\/td>\n<td width=\"144\">Durango<\/td>\n<td width=\"290\">Citadela, GT, GT Plus, Pursuit, R\/T, SRT, SXT, SXT Plus, Special Service<\/td>\n<td width=\"256\">3.6L, 5.7L, 6.4L<\/td>\n<\/tr>\n<tr>\n<td width=\"138\">2019<\/td>\n<td width=\"168\">Dodge<\/td>\n<td width=\"144\">Durango<\/td>\n<td width=\"290\">Citadela, GT, Pursuit, R\/T, SRT, SXT, SXT Plus, Special Service<\/td>\n<td width=\"256\">3.6L, 5.7L, 6.4L<\/td>\n<\/tr>\n<tr>\n<td width=\"138\">2018<\/td>\n<td width=\"168\">Dodge<\/td>\n<td width=\"144\">Durango<\/td>\n<td width=\"290\">Citadela, GT, Pursuit, R\/T, SRT, SXT, SXT Plus, Special Service<\/td>\n<td width=\"256\">3.6L, 5.7L, 6.4L<\/td>\n<\/tr>\n<tr>\n<td width=\"138\">2017<\/td>\n<td width=\"168\">Dodge<\/td>\n<td width=\"144\">Durango<\/td>\n<td width=\"290\">Citadela, GT, R\/T, SXT, Special Service<\/td>\n<td width=\"256\">3.6L V6 - Flex, 5.7L<\/td>\n<\/tr>\n<tr>\n<td width=\"138\">2016<\/td>\n<td width=\"168\">Dodge<\/td>\n<td width=\"144\">Durango<\/td>\n<td width=\"290\">Citadel, Limited, R\/T, SXT, Special Service<\/td>\n<td width=\"256\">3.6L V6 - Flex, 5.7L<\/td>\n<\/tr>\n<tr>\n<td width=\"138\">2015<\/td>\n<td width=\"168\">Dodge<\/td>\n<td width=\"144\">Durango<\/td>\n<td width=\"290\">Citadel, Limited, R\/T, Rallye, SXT, Special Service<\/td>\n<td width=\"256\">3.6L V6 - Flex, 5.7L<\/td>\n<\/tr>\n<tr>\n<td width=\"138\">2014<\/td>\n<td width=\"168\">Dodge<\/td>\n<td width=\"144\">Durango<\/td>\n<td width=\"290\">Citadel, Limited, R\/T, Rallye, SXT, Special Service<\/td>\n<td width=\"256\">3.6L V6 - Flex, 5.7L<\/td>\n<\/tr>\n<tr>\n<td width=\"138\">2013<\/td>\n<td width=\"168\">Dodge<\/td>\n<td width=\"144\">Durango<\/td>\n<td width=\"290\">Citadela, Crew, R\/T, SXT, Special Service<\/td>\n<td width=\"256\">3.6L V6 - Flex, 5.7L<\/td>\n<\/tr>\n<tr>\n<td width=\"138\">2012<\/td>\n<td width=\"168\">Dodge<\/td>\n<td width=\"144\">Durango<\/td>\n<td width=\"290\">Citadela, Crew, R\/T, SXT, Special Service<\/td>\n<td width=\"256\">3.6L V6 - Flex, 5.7L<\/td>\n<\/tr>\n<tr>\n<td width=\"138\">2011<\/td>\n<td width=\"168\">Dodge<\/td>\n<td width=\"144\">Durango<\/td>\n<td width=\"290\">Citadela, Crew, Express, Heat, R\/T<\/td>\n<td width=\"256\">3.6L V6 - Flex, 5.7L<\/td>\n<\/tr>\n<\/tbody>\n<\/table>\n<p>&nbsp;<\/p>\n<p>&nbsp;<\/p>\n<h4>Va\u0161e prvn\u00ed volba: origin\u00e1ln\u00ed d\u00edly Mopar<\/h4>\n<p><strong>Origin\u00e1ln\u00ed kvalita od v\u00fdrobce:<\/strong> Spole\u010dnost Mopar zn\u00e1 va\u0161e vozidlo do nejmen\u0161\u00edho detailu - v\u017edy\u0165 ka\u017ed\u00fd origin\u00e1ln\u00ed d\u00edl poch\u00e1z\u00ed p\u0159\u00edmo od v\u00fdrobce. Komponenty jsou p\u0159esn\u011b p\u0159izp\u016fsobeny va\u0161emu modelu a spl\u0148uj\u00ed v\u0161echny tov\u00e1rn\u00ed specifikace. To znamen\u00e1: p\u0159esn\u00e1 mont\u00e1\u017e, optim\u00e1ln\u00ed funkce a maxim\u00e1ln\u00ed bezpe\u010dnost.<\/p>\n<p><strong>Osv\u011bd\u010den\u00e1 odolnost a spolehlivost<\/strong>Origin\u00e1ln\u00ed d\u00edly Mopar jsou z\u00e1rukou ov\u011b\u0159en\u00e9 kvality a robustn\u00edch materi\u00e1l\u016f. Byly testov\u00e1ny a vyv\u00edjeny v re\u00e1ln\u00fdch podm\u00ednk\u00e1ch, aby dlouhodob\u011b poskytovaly vysok\u00fd v\u00fdkon - bez ohledu na to, jak n\u00e1ro\u010dn\u00e9 jsou provozn\u00ed podm\u00ednky.<\/p>\n<p>&nbsp;<\/p>","protected":false},"excerpt":{"rendered":"<p>Origin\u00e1ln\u00ed d\u00edl Mopar<\/p>\n<p>2011\u20132020<\/p>","protected":false},"featured_media":68355444,"comment_status":"open","ping_status":"closed","template":"","meta":{"_acf_changed":false},"product_brand":[16270],"product_cat":[7337,7342,7352,1779],"product_tag":[20266,20264,20267,20265,49,95,3226,3273,798,31,8813,9424,16271,16273,16275,16272,16274,7221,7578,8129,8128],"class_list":{"0":"post-68355442","1":"product","2":"type-product","3":"status-publish","4":"has-post-thumbnail","6":"product_brand-mopar","7":"product_cat-durango-36-elektrik-sonstiges","8":"product_cat-durango-57-elektrik-sonstiges","9":"product_cat-durango-64-elektrik-sonstiges","10":"product_cat-neue-produkte","11":"product_tag-05182203aa","12":"product_tag-05182203ab","13":"product_tag-5182203aa","14":"product_tag-5182203ab","15":"product_tag-dodge","16":"product_tag-durango","17":"product_tag-heckklappe","18":"product_tag-heckscheibe","19":"product_tag-hinten","20":"product_tag-mopar","21":"product_tag-mopar-autoteile","22":"product_tag-mopar-ersatzteile","23":"product_tag-mopar-ersatzteile-kaufen","24":"product_tag-mopar-performance-teile","25":"product_tag-mopar-teile-katalog","26":"product_tag-mopar-teile-online","27":"product_tag-mopar-tuningteile","28":"product_tag-mopar10","29":"product_tag-scheibenwasser","30":"product_tag-scheibenwasserduese","31":"product_tag-wischwasserduese","33":"first","34":"instock","35":"taxable","36":"shipping-taxable","37":"purchasable","38":"product-type-simple"},"bundled_by":[],"bundle_stock_status":"instock","bundle_stock_quantity":2,"bundle_virtual":false,"bundle_layout":"","bundle_add_to_cart_form_location":"","bundle_editable_in_cart":false,"bundle_sold_individually_context":"","bundle_item_grouping":"","bundle_min_size":"","bundle_max_size":"","bundle_price":[],"bundled_items":[],"bundle_sell_ids":[],"exclude_global_add_ons":[],"addons":[],"acf":[],"_links":{"self":[{"href":"https:\/\/kraftwerk-shop.cc\/cs\/wp-json\/wp\/v2\/product\/68355442","targetHints":{"allow":["GET"]}}],"collection":[{"href":"https:\/\/kraftwerk-shop.cc\/cs\/wp-json\/wp\/v2\/product"}],"about":[{"href":"https:\/\/kraftwerk-shop.cc\/cs\/wp-json\/wp\/v2\/types\/product"}],"replies":[{"embeddable":true,"href":"https:\/\/kraftwerk-shop.cc\/cs\/wp-json\/wp\/v2\/comments?post=68355442"}],"version-history":[{"count":0,"href":"https:\/\/kraftwerk-shop.cc\/cs\/wp-json\/wp\/v2\/product\/68355442\/revisions"}],"wp:featuredmedia":[{"embeddable":true,"href":"https:\/\/kraftwerk-shop.cc\/cs\/wp-json\/wp\/v2\/media\/68355444"}],"wp:attachment":[{"href":"https:\/\/kraftwerk-shop.cc\/cs\/wp-json\/wp\/v2\/media?parent=68355442"}],"wp:term":[{"taxonomy":"product_brand","embeddable":true,"href":"https:\/\/kraftwerk-shop.cc\/cs\/wp-json\/wp\/v2\/product_brand?post=68355442"},{"taxonomy":"product_cat","embeddable":true,"href":"https:\/\/kraftwerk-shop.cc\/cs\/wp-json\/wp\/v2\/product_cat?post=68355442"},{"taxonomy":"product_tag","embeddable":true,"href":"https:\/\/kraftwerk-shop.cc\/cs\/wp-json\/wp\/v2\/product_tag?post=68355442"}],"curies":[{"name":"wp","href":"https:\/\/api.w.org\/{rel}","templated":true}]}}