{"id":68356301,"date":"2026-01-29T10:31:40","date_gmt":"2026-01-29T09:31:40","guid":{"rendered":"https:\/\/kraftwerk-shop.cc\/?post_type=product&#038;p=68356301"},"modified":"2026-02-15T01:28:17","modified_gmt":"2026-02-15T00:28:17","slug":"mbrp-s50053cf-chevrolet-silverado-gmc","status":"publish","type":"product","link":"https:\/\/kraftwerk-shop.cc\/cs\/produkt\/mbrp-s50053cf-chevrolet-silverado-gmc\/","title":{"rendered":"MBRP Dual Cat-Back Street Profile Chevrolet Silverado 1500 6.2 \/ GMC Siera 1500"},"content":{"rendered":"<h1>V\u00fdfukov\u00fd syst\u00e9m MBRP cat-back pro Chevrolet Silverado 1500 6.2 \/ GMC Siera 1500 6.2<\/h1>\n<p>&nbsp;<\/p>\n<p>V\u00fdfukov\u00fd syst\u00e9m MBRP cat-back je vysoce kvalitn\u00ed n\u00e1hradn\u00ed d\u00edl pro model Chevrolet Silverado \/ GMC Siera 1500 s motorem 6,2 l V8. Je navr\u017een tak, aby vozidlu poskytl siln\u011bj\u0161\u00ed zvuk, lep\u0161\u00ed vzhled a lep\u0161\u00ed pr\u016ftok v\u00fdfukov\u00fdch plyn\u016f ve srovn\u00e1n\u00ed se s\u00e9riov\u00fdm syst\u00e9mem, ani\u017e by bylo nutn\u00e9 prov\u00e1d\u011bt slo\u017eit\u00e9 \u00fapravy vozidla.<\/p>\n<p><strong>Hlavn\u00ed funkce:<\/strong><\/p>\n<p><strong>Typ v\u00fdfuku:<\/strong> Syst\u00e9m Cat-back - nahrazuje cel\u00fd v\u00fdfukov\u00fd syst\u00e9m od zadn\u00ed hrany katalyz\u00e1toru a\u017e po v\u00fdstupn\u00ed hrdlo pro optim\u00e1ln\u00ed pr\u016ftok a zvuk.<\/p>\n<p><strong>Materi\u00e1l:<\/strong> Robustn\u00ed konstrukce z nerezov\u00e9 oceli T304.<\/p>\n<p><strong>Zvukov\u00fd profil:<\/strong> Pouli\u010dn\u00ed profil - hlub\u0161\u00ed a siln\u011bj\u0161\u00ed zvuk, kter\u00fd je v\u00fdrazn\u011b lep\u0161\u00ed ne\u017e u standardn\u00edho syst\u00e9mu, ani\u017e by byl p\u0159\u00edli\u0161 hlasit\u00fd.<\/p>\n<p><strong>Styl v\u00fdfuku:<\/strong> \u010cty\u0159n\u00e1sobn\u00fd zadn\u00ed v\u00fdstup - nerezov\u00e1 ocel 304 uvnit\u0159 a uhl\u00edkov\u00e1 vn\u011b<\/p>\n<p><strong>Jednoduch\u00e1 instalace:<\/strong> Perfektn\u011b se hod\u00ed do vozidla.<\/p>\n<p><strong>V\u00fdhody:<\/strong><br \/>\n\u2714 Lep\u0161\u00ed pr\u016ftok v\u00fdfukov\u00fdch plyn\u016f pro lep\u0161\u00ed z\u00e1\u017eitek z j\u00edzdy<br \/>\n\u2714 Hlub\u0161\u00ed, sportovn\u011bj\u0161\u00ed zvuk<br \/>\n\u2714 Odoln\u00e9 materi\u00e1ly<br \/>\n\u2714 Sportovn\u00ed vzhled<\/p>\n<p><em><strong>UPOZORN\u011aN\u00cd: nehod\u00ed se pro modely 2WD Crew Cab s lo\u017enou plochou 6,5\u2033 (dvoud\u00edln\u00fd kardanov\u00fd h\u0159\u00eddel).<\/strong><\/em><\/p>\n<p>V\u00fdfukov\u00fd syst\u00e9m MBRP S50053CF je vhodn\u00fd pro n\u00e1sleduj\u00edc\u00ed modely:<\/p>\n<table style=\"width: 566px; height: 358px;\" width=\"482\">\n<tbody>\n<tr style=\"height: 23px;\">\n<td style=\"width: 77.1875px; height: 23px;\"><strong>Zna\u010dka<\/strong><\/td>\n<td style=\"width: 271.862px; height: 23px;\"><strong>Model<\/strong><\/td>\n<td style=\"width: 76.7188px; height: 23px;\"><strong>Motor<\/strong><\/td>\n<td style=\"width: 115.638px; height: 23px;\"><strong>Rok v\u00fdstavby<\/strong><\/td>\n<\/tr>\n<tr style=\"height: 47px;\">\n<td style=\"width: 77.1875px; height: 47px;\">Chevrolet<\/td>\n<td style=\"width: 271.862px; height: 47px;\">Silverado 1500 (High Country)<\/td>\n<td style=\"width: 76.7188px; height: 47px;\">6.2<\/td>\n<td style=\"width: 115.638px; height: 47px;\">2019 - 2026<\/td>\n<\/tr>\n<tr style=\"height: 47px;\">\n<td style=\"width: 77.1875px; height: 47px;\">Chevrolet<\/td>\n<td style=\"width: 271.862px; height: 47px;\">Silverado 1500 (LTZ)<\/td>\n<td style=\"width: 76.7188px; height: 47px;\">6.2<\/td>\n<td style=\"width: 115.638px; height: 47px;\">2019 - 2026<\/td>\n<\/tr>\n<tr style=\"height: 47px;\">\n<td style=\"width: 77.1875px; height: 47px;\">Chevrolet<\/td>\n<td style=\"width: 271.862px; height: 47px;\">Silverado 1500 (LT Trail Boss)<\/td>\n<td style=\"width: 76.7188px; height: 47px;\">6.2<\/td>\n<td style=\"width: 115.638px; height: 47px;\">2020 - 2026<\/td>\n<\/tr>\n<tr style=\"height: 47px;\">\n<td style=\"width: 77.1875px; height: 30px;\">Chevrolet<\/td>\n<td style=\"width: 271.862px; height: 30px;\">Silverado 1500 (RST)<\/td>\n<td style=\"width: 76.7188px; height: 30px;\">6.2<\/td>\n<td style=\"width: 115.638px; height: 30px;\">2020 - 2026<\/td>\n<\/tr>\n<tr style=\"height: 71px;\">\n<td style=\"width: 77.1875px; height: 26px;\">Chevrolet<\/td>\n<td style=\"width: 271.862px; height: 26px;\">Silverado 1500 (Custom Trail Boss)<\/td>\n<td style=\"width: 76.7188px; height: 26px;\">6.2<\/td>\n<td style=\"width: 115.638px; height: 26px;\">2020 - 2022<\/td>\n<\/tr>\n<tr style=\"height: 71px;\">\n<td style=\"width: 77.1875px; height: 26px;\">Chevrolet<\/td>\n<td style=\"width: 271.862px; height: 26px;\">Silverado 1500 LTD (Custom Trail, LTZ, LT Trail Boss, RST, High Country)<span style=\"font-family: inherit; font-size: inherit;\">)<\/span><\/td>\n<td style=\"width: 76.7188px; height: 26px;\">6.2<\/td>\n<td style=\"width: 115.638px; height: 26px;\">2022<\/td>\n<\/tr>\n<tr style=\"height: 47px;\">\n<td style=\"width: 77.1875px; height: 40px;\">GMC<\/td>\n<td style=\"width: 271.862px; height: 40px;\">Siera 1500 (Denali)<\/td>\n<td style=\"width: 76.7188px; height: 40px;\">6.2<\/td>\n<td style=\"width: 115.638px; height: 40px;\">2019 - 2026<\/td>\n<\/tr>\n<tr style=\"height: 23px;\">\n<td style=\"width: 77.1875px; height: 28px;\">GMC<\/td>\n<td style=\"width: 271.862px; height: 28px;\">Siera 1500 (SLT)<\/td>\n<td style=\"width: 76.7188px; height: 28px;\">6.2<\/td>\n<td style=\"width: 115.638px; height: 28px;\">2019 - 2026<\/td>\n<\/tr>\n<tr style=\"height: 47px;\">\n<td style=\"width: 77.1875px; height: 47px;\">GMC<\/td>\n<td style=\"width: 271.862px; height: 47px;\">Siera 1500 (Denali Ultimate)<\/td>\n<td style=\"width: 76.7188px; height: 47px;\">6.2<\/td>\n<td style=\"width: 115.638px; height: 47px;\">2022 - 2026<\/td>\n<\/tr>\n<tr style=\"height: 23px;\">\n<td style=\"width: 77.1875px; height: 23px;\">GMC<\/td>\n<td style=\"width: 271.862px; height: 23px;\">Siera 1500 (AT4)<\/td>\n<td style=\"width: 76.7188px; height: 23px;\">6.2<\/td>\n<td style=\"width: 115.638px; height: 23px;\">2024 - 2026<\/td>\n<\/tr>\n<tr style=\"height: 71px;\">\n<td style=\"width: 77.1875px; height: 26px;\">GMC<\/td>\n<td style=\"width: 271.862px; height: 26px;\">Sierra 1500 Limited (Denali, SLT)<\/td>\n<td style=\"width: 76.7188px; height: 26px;\">6.2<\/td>\n<td style=\"width: 115.638px; height: 26px;\">2022<\/td>\n<\/tr>\n<\/tbody>\n<\/table>\n<p>&nbsp;<\/p>\n<p><iframe loading=\"lazy\" title=\"MBRP S50053CF Cat-Back Street Profile Chevrolet Silverado 1500 \/ GMC Siera 1500 6.2 V8\" src=\"https:\/\/www.youtube.com\/embed\/5uxoV7fAqjI\" width=\"1096\" height=\"617\" frameborder=\"0\" allowfullscreen=\"allowfullscreen\"><\/iframe><\/p>","protected":false},"excerpt":{"rendered":"<p>2019 - 2026<br \/>\nNerezov\u00e1 ocel T304, karbonov\u00e9 v\u00fdfukov\u00e9 potrub\u00ed<\/p>","protected":false},"featured_media":68356309,"comment_status":"open","ping_status":"closed","template":"","meta":{"_acf_changed":false},"product_brand":[17169],"product_cat":[3024,3687],"product_tag":[20394,773,20379,20346,20361,20362,20358,20359,20363,20360,20357,20371,20372,2934,20273,20367,20366,20370,20364,20368,20365,20369,20393,20392,20381,20382,20383,20384,20385,20386,20387,20388,20353,20354,20348,20376,20347,20350,20351,20378,20355,20375,20349,20352,20377,20356,20380,20373,20374],"class_list":{"0":"post-68356301","1":"product","2":"type-product","3":"status-publish","4":"has-post-thumbnail","6":"product_brand-mbrp","7":"product_cat-nicht-nach-eu","8":"product_cat-silverado-abgasanlage","9":"product_tag-50053cf","10":"product_tag-carbon","11":"product_tag-chevrolet-pickup-auspuff","12":"product_tag-chevrolet-silverado-1500","13":"product_tag-chevrolet-silverado-1500-6-2","14":"product_tag-chevrolet-silverado-1500-62","15":"product_tag-chevrolet-silverado-1500-abgasanlage","16":"product_tag-chevrolet-silverado-1500-cat-back","17":"product_tag-chevrolet-silverado-1500-rst","18":"product_tag-chevrolet-silverado-1500-v8","19":"product_tag-chevrolet-silverado-auspuff","20":"product_tag-dual-exit-auspuff-silverado-1500","21":"product_tag-edelstahl-auspuff-silverado-1500","22":"product_tag-harder","23":"product_tag-keintuev","24":"product_tag-mbrp-auspuff-silverado-1500","25":"product_tag-mbrp-cat-back-silverado","26":"product_tag-mbrp-performance-auspuff-silverado","27":"product_tag-mbrp-silverado-1500","28":"product_tag-mbrp-silverado-1500-6-2","29":"product_tag-mbrp-silverado-auspuff","30":"product_tag-mbrp-silverado-rst","31":"product_tag-s5005","32":"product_tag-s50053cf","33":"product_tag-silverado-1500-2019","34":"product_tag-silverado-1500-2020","35":"product_tag-silverado-1500-2021","36":"product_tag-silverado-1500-2022","37":"product_tag-silverado-1500-2023","38":"product_tag-silverado-1500-2024","39":"product_tag-silverado-1500-2025","40":"product_tag-silverado-1500-2026","41":"product_tag-silverado-1500-6-2-auspuff","42":"product_tag-silverado-1500-62-v8-auspuff","43":"product_tag-silverado-1500-abgasanlage","44":"product_tag-silverado-1500-aftermarket-auspuff","45":"product_tag-silverado-1500-auspuff","46":"product_tag-silverado-1500-cat-back","47":"product_tag-silverado-1500-performance-auspuff","48":"product_tag-silverado-1500-performance-tuning","49":"product_tag-silverado-1500-rst-auspuff","50":"product_tag-silverado-1500-sound-auspuff","51":"product_tag-silverado-1500-sportauspuff","52":"product_tag-silverado-1500-v8-auspuff","53":"product_tag-silverado-1500-v8-sound","54":"product_tag-silverado-rst-auspuff","55":"product_tag-silverado-truck-auspuff","56":"product_tag-sportauspuff-silverado-rst","57":"product_tag-tuning-auspuff-silverado-1500","58":"product_shipping_class-spedition-1","60":"first","61":"onbackorder","62":"taxable","63":"shipping-taxable","64":"purchasable","65":"product-type-simple"},"bundled_by":[],"bundle_stock_status":"onbackorder","bundle_stock_quantity":0,"bundle_virtual":false,"bundle_layout":"","bundle_add_to_cart_form_location":"","bundle_editable_in_cart":false,"bundle_sold_individually_context":"","bundle_item_grouping":"","bundle_min_size":"","bundle_max_size":"","bundle_price":[],"bundled_items":[],"bundle_sell_ids":[],"exclude_global_add_ons":[],"addons":[],"acf":[],"_links":{"self":[{"href":"https:\/\/kraftwerk-shop.cc\/cs\/wp-json\/wp\/v2\/product\/68356301","targetHints":{"allow":["GET"]}}],"collection":[{"href":"https:\/\/kraftwerk-shop.cc\/cs\/wp-json\/wp\/v2\/product"}],"about":[{"href":"https:\/\/kraftwerk-shop.cc\/cs\/wp-json\/wp\/v2\/types\/product"}],"replies":[{"embeddable":true,"href":"https:\/\/kraftwerk-shop.cc\/cs\/wp-json\/wp\/v2\/comments?post=68356301"}],"version-history":[{"count":0,"href":"https:\/\/kraftwerk-shop.cc\/cs\/wp-json\/wp\/v2\/product\/68356301\/revisions"}],"wp:featuredmedia":[{"embeddable":true,"href":"https:\/\/kraftwerk-shop.cc\/cs\/wp-json\/wp\/v2\/media\/68356309"}],"wp:attachment":[{"href":"https:\/\/kraftwerk-shop.cc\/cs\/wp-json\/wp\/v2\/media?parent=68356301"}],"wp:term":[{"taxonomy":"product_brand","embeddable":true,"href":"https:\/\/kraftwerk-shop.cc\/cs\/wp-json\/wp\/v2\/product_brand?post=68356301"},{"taxonomy":"product_cat","embeddable":true,"href":"https:\/\/kraftwerk-shop.cc\/cs\/wp-json\/wp\/v2\/product_cat?post=68356301"},{"taxonomy":"product_tag","embeddable":true,"href":"https:\/\/kraftwerk-shop.cc\/cs\/wp-json\/wp\/v2\/product_tag?post=68356301"}],"curies":[{"name":"wp","href":"https:\/\/api.w.org\/{rel}","templated":true}]}}