{"id":68356511,"date":"2026-02-01T13:12:27","date_gmt":"2026-02-01T12:12:27","guid":{"rendered":"https:\/\/kraftwerk-shop.cc\/?post_type=product&#038;p=68356511"},"modified":"2026-02-18T19:00:46","modified_gmt":"2026-02-18T18:00:46","slug":"brzdove-kotouce-paragon-performance-charger-61-64","status":"publish","type":"product","link":"https:\/\/kraftwerk-shop.cc\/cs\/produkt\/paragon-performance-bremsscheiben-charger-61-64\/","title":{"rendered":"Brzdov\u00e9 kotou\u010de Paragon Performance Charger 6.1 &amp; 6.4"},"content":{"rendered":"<h1>Dvoud\u00edln\u00e9 brzdov\u00e9 kotou\u010de Paragon Performance pro Dodge Charger 6.1 SRT-8 a 6.4 z let 2005 a\u017e 2023 (360 mm), dr\u00e1\u017ekovan\u00e9 proveden\u00ed pro p\u0159edn\u00ed n\u00e1pravu<\/h1>\n<p>&nbsp;<\/p>\n<p>Brzdov\u00e9 kotou\u010de Paragon Performance nab\u00edzej\u00ed \u00fa\u010dinn\u00e9 \u0159e\u0161en\u00ed probl\u00e9mu pok\u0159iven\u00fdch brzdov\u00fdch kotou\u010d\u016f na voze Dodge Charger 6.1 SRT-8 nebo 6.4. Pok\u0159iven\u00e9 brzdov\u00e9 kotou\u010de nejsou neobvykl\u00e9, zejm\u00e9na p\u0159i pou\u017eit\u00ed na z\u00e1vodn\u00ed dr\u00e1ze nebo p\u0159i n\u00e1ro\u010dn\u00e9m provozu na d\u00e1lnici, a to z d\u016fvodu vysok\u00e9 hmotnosti vozidla a nedostatku \u00fa\u010dinn\u00e9ho chlazen\u00ed brzd. Pou\u017eit\u00edm brzdov\u00fdch kotou\u010d\u016f Paragon Performance m\u016f\u017eete tento probl\u00e9m nejen odstranit, ale tak\u00e9 zlep\u0161it citlivost ped\u00e1lu a modulaci brzd. Brzdov\u00e9 kotou\u010de Paragon Performance jsou proto velmi doporu\u010denou mo\u017enost\u00ed modernizace pro v\u00e1\u0161 v\u016fz Dodge Charger.<\/p>\n<p>S dvoud\u00edln\u00fdmi brzdov\u00fdmi kotou\u010di pro Dodge Charger nab\u00edz\u00ed spole\u010dnost Paragon Performance vynikaj\u00edc\u00ed brzdnou a chladic\u00ed \u00fa\u010dinnost, kter\u00e1 je speci\u00e1ln\u011b optimalizov\u00e1na pro pou\u017eit\u00ed na z\u00e1vodn\u00ed dr\u00e1ze. D\u00edky sm\u011brov\u00fdm ventila\u010dn\u00edm \u017eebr\u016fm se vytv\u00e1\u0159\u00ed s\u00e1n\u00ed, kter\u00e9 zaji\u0161\u0165uje lep\u0161\u00ed odvod tepla a zvy\u0161uje odolnost proti prask\u00e1n\u00ed v extr\u00e9mn\u00edch podm\u00ednk\u00e1ch na trati. Tyto vysoce kvalitn\u00ed brzdov\u00e9 kotou\u010de jsou ide\u00e1ln\u00ed volbou pro n\u00e1ro\u010dn\u00e9 \u0159idi\u010de, kte\u0159\u00ed hledaj\u00ed maxim\u00e1ln\u00ed v\u00fdkon a bezpe\u010dnost na z\u00e1vodn\u00ed trati. Za\u017eijte bezkonkuren\u010dn\u00ed brzdn\u00fd v\u00fdkon a mimo\u0159\u00e1dnou odolnost s brzdov\u00fdmi kotou\u010di Paragon Performance pro Dodge Charger.<\/p>\n<p>Rotor je vyroben ze speci\u00e1ln\u00ed slitiny CM-250 s vysok\u00fdm obsahem uhl\u00edku, kter\u00e1 zaji\u0161\u0165uje optim\u00e1ln\u00ed z\u00e1b\u011br, tepeln\u00e9 vlastnosti, odolnost v\u016f\u010di vysok\u00fdm teplot\u00e1m a trvanlivost.<br \/>\nKrou\u017eky brzdov\u00e9ho kotou\u010de jsou tepeln\u011b zpracov\u00e1ny, aby se sn\u00ed\u017eilo nap\u011bt\u00ed v brzdov\u00e9m kotou\u010di a zabr\u00e1nilo se tak jeho deformaci a vibrac\u00edm.<br \/>\nPot\u00e9 jsou opracov\u00e1ny nejmodern\u011bj\u0161\u00ed povrchovou \u00fapravou CBN, kter\u00e1 zaji\u0161\u0165uje lep\u0161\u00ed z\u00e1b\u011bh s nov\u00fdmi brzdov\u00fdmi desti\u010dkami.<\/p>\n<p>Vibrace jsou sn\u00ed\u017eeny, proto\u017ee bo\u010dn\u00ed h\u00e1zen\u00ed brzdov\u00e9ho kotou\u010de je udr\u017eov\u00e1no v rozmez\u00ed 0,03 mm a vyv\u00e1\u017een\u00ed je v rozmez\u00ed 2 gram\u016f.<br \/>\nV\u0161echny brzdov\u00e9 kotou\u010de pro\u0161ly p\u0159\u00edsn\u00fdmi kontrolami kvality a testy, aby bylo zaji\u0161t\u011bno, \u017ee jsou vhodn\u00e9 pro dan\u00fd \u00fa\u010del.<br \/>\nDvoud\u00edln\u00e1 konstrukce umo\u017e\u0148uje tepeln\u00e9 roz\u0161\u00ed\u0159en\u00ed brzdov\u00e9ho kotou\u010de a z\u00e1rove\u0148 minimalizuje jeho deformaci a zaji\u0161\u0165uje, \u017ee je brzdov\u00fd kotou\u010d v\u016f\u010di brzdov\u00fdm desti\u010dk\u00e1m vyst\u0159ed\u011bn\u00fd.<br \/>\nBrzdov\u00fd kotou\u010d s dr\u00e1\u017ekami zlep\u0161uje stabilitu brzd t\u00edm, \u017ee udr\u017euje \u010distou sty\u010dnou plochu a odv\u00e1d\u00ed teplo a plyny vznikaj\u00edc\u00ed p\u0159i kontaktu brzdov\u00fdch desti\u010dek s brzdov\u00fdm kotou\u010dem.<br \/>\nDr\u00e1\u017ekovan\u00e9 brzdov\u00e9 kotou\u010de maj\u00ed rozhoduj\u00edc\u00ed v\u00fdhodu oproti hol\u00fdm brzdov\u00fdm kotou\u010d\u016fm za mokra nebo de\u0161t\u011b, proto\u017ee zabra\u0148uj\u00ed tvorb\u011b vodn\u00edho filmu mezi brzdov\u00fdm oblo\u017een\u00edm a brzdov\u00fdm kotou\u010dem.<br \/>\nDvoud\u00edln\u00e9 brzdov\u00e9 kotou\u010de Paragon Performance v\u00e1\u017e\u00ed m\u00e9n\u011b ne\u017e v\u011bt\u0161ina brzdov\u00fdch kotou\u010d\u016f O.E., p\u0159i\u010dem\u017e si zachov\u00e1vaj\u00ed tepelnou zat\u00ed\u017eitelnost a zlep\u0161uj\u00ed j\u00edzdn\u00ed vlastnosti d\u00edky \u00faspo\u0159e neodpru\u017een\u00fdch hmot.<\/p>\n<p>Hlin\u00edkov\u00e9 hrnce jsou vyrobeny CNC obr\u00e1b\u011bn\u00edm z lehk\u00e9ho leteck\u00e9ho hlin\u00edku 6061-T6 a n\u00e1sledn\u011b tvrd\u011b pota\u017eeny \/ tvrd\u011b eloxov\u00e1ny \u010dernou barvou, kter\u00e1 tvo\u0159\u00ed nevodivou ochrannou vrstvu. \u010cern\u00e9 tvrd\u011b eloxovan\u00e9 hrnce jsou nejprve tvrd\u011b eloxov\u00e1ny a pot\u00e9 obarveny na \u010derno. Z hlediska v\u00fdkonu\/trvanlivosti jsou rovnocenn\u00e9.<\/p>\n<p>\u010cern\u00fd tvrd\u00fd povlak\/tvrd\u00e9 eloxov\u00e1n\u00ed v souladu se specifikac\u00ed Mil-Spec (MIL-A-8625 typ III) nem\u011bn\u00ed barvu ani v extr\u00e9mn\u00edm horku. \u010cern\u00fd tvrd\u00fd povlak\/tvrd\u00fd eloxovan\u00fd povrch je tvrd\u0161\u00ed, siln\u011bj\u0161\u00ed, odoln\u011bj\u0161\u00ed proti opot\u0159eben\u00ed a po\u0161kr\u00e1b\u00e1n\u00ed.<\/p>\n<p>\u010cern\u00e1 povrchov\u00e1 \u00faprava s tvrd\u00fdm eloxem poskytuje silnou tvrdou vrstvu, kter\u00e1 zaji\u0161\u0165uje vy\u0161\u0161\u00ed odolnost proti korozi a dlouhou \u017eivotnost bez nutnosti \u00fadr\u017eby. \u010cern\u00fd tvrzen\u00fd\/tvrd\u00fd eloxovan\u00fd povrch l\u00e9pe odol\u00e1v\u00e1 p\u016fsoben\u00ed ultrafialov\u00e9ho (UV) z\u00e1\u0159en\u00ed, co\u017e je je\u0161t\u011b d\u016fle\u017eit\u011bj\u0161\u00ed, pokud je vozidlo \u010dasto zaparkov\u00e1no venku.<\/p>\n<p>&nbsp;<\/p>\n<p><strong>Vlastnosti:<\/strong><\/p>\n<ul>\n<li>P\u0159\u00edm\u00e1 mont\u00e1\u017e bez jak\u00fdchkoli \u00faprav a navr\u017eeno tak, aby fungovalo s OEM ABS a brzdov\u00fdm syst\u00e9mem v\u00fdrobce p\u0159i zachov\u00e1n\u00ed tov\u00e1rn\u00edho brzdn\u00e9ho sklonu. Kompatibiln\u00ed s brzdov\u00fdmi desti\u010dkami OEM nebo dopl\u0148kov\u00fdmi desti\u010dkami se stejnou hloubkou.<\/li>\n<li>Sm\u011brov\u00e9 ventila\u010dn\u00ed \u017eebrov\u00e1n\u00ed pro optim\u00e1ln\u00ed chladic\u00ed v\u00fdkon, pracuje a\u017e o 30 % chladn\u011bji ne\u017e brzdov\u00e9 kotou\u010de O.E. a zvy\u0161uje \u00fa\u010dinnost chlazen\u00ed a\u017e o 30%.<\/li>\n<li>Pln\u011b plovouc\u00ed dvoud\u00edln\u00e1 konstrukce<\/li>\n<li>Minimalizuje vadnut\u00ed brzd a vibrace p\u0159i del\u0161\u00edch j\u00edzd\u00e1ch.<\/li>\n<li>Syst\u00e9m upevn\u011bn\u00ed brzdov\u00e9ho kotou\u010de a v\u00ed\u010dka: H-Bobbin (10 \u0161roub\u016f)<\/li>\n<li>Skv\u011bl\u00e1 modernizace jednod\u00edln\u00fdch, nesm\u011brov\u00fdch, v\u00edcekotou\u010dov\u00fdch brzdov\u00fdch kotou\u010d\u016f OEM.<\/li>\n<\/ul>\n<p>&nbsp;<\/p>\n<p><strong>Rozsah dod\u00e1vky:<\/strong><\/p>\n<ul>\n<li>Jeden p\u00e1r (2 kusy) dvoud\u00edln\u00fdch brzdov\u00fdch kotou\u010d\u016f Paragon Performance 360 mm x 32 mm pro Dodge Charger 6.1 a 6.4 s tvrd\u011b\/\u010dern\u011b eloxovan\u00fdmi hlin\u00edkov\u00fdmi kotou\u010di 6061-T6, c\u00edvkami z nerezov\u00e9 oceli a sponami proti drn\u010den\u00ed (smontovan\u00e9 a p\u0159ipraven\u00e9 k instalaci)<\/li>\n<li>Podrobn\u00fd n\u00e1vod k instalaci (n\u011bmecky)<\/li>\n<\/ul>\n<p>&nbsp;<\/p>\n<p><strong>Srovn\u00e1vac\u00ed \u010d\u00edsla Mopar:<\/strong>\u00a05290537AD, 04755538AA<br \/>\n<strong>Star\u00e1 \u010d\u00edsla d\u00edl\u016f: <\/strong>5290537AA, 5290537AB, 5290537AC, 5290537AD, 04755538AA<\/p>\n<p>&nbsp;<\/p>\n<p>&nbsp;<\/p>\n<p><strong>Vhodn\u00e9 pro:<\/strong><\/p>\n<table width=\"745\">\n<tbody>\n<tr>\n<td width=\"83\"><strong>Zna\u010dka<\/strong><\/td>\n<td width=\"83\"><strong>Model<\/strong><\/td>\n<td width=\"143\"><strong>Motor<\/strong><\/td>\n<td width=\"436\"><strong>Varianta<\/strong><\/td>\n<\/tr>\n<tr>\n<td width=\"83\">Dodge<\/td>\n<td width=\"83\">Charger<\/td>\n<td width=\"143\">6.1 SRT-8<\/td>\n<td width=\"436\">V\u0161echny modelov\u00e9 roky s brzdov\u00fdmi kotou\u010di 360 mm<\/td>\n<\/tr>\n<tr>\n<td>Dodge<\/td>\n<td>Charger<\/td>\n<td>6.4<\/td>\n<td>V\u0161echny modelov\u00e9 roky s brzdov\u00fdmi kotou\u010di 360 mm<\/td>\n<\/tr>\n<\/tbody>\n<\/table>\n<p>&nbsp;<\/p>\n<p>Cena se vztahuje na 2 brzdov\u00e9 kotou\u010de (jeden p\u00e1r).<\/p>","protected":false},"excerpt":{"rendered":"<p>Brzdov\u00e9 kotou\u010de 360 mm, dvoud\u00edln\u00e9 (1 p\u00e1r)<\/p>","protected":false},"featured_media":68356517,"comment_status":"open","ping_status":"closed","template":"","meta":{"_acf_changed":false},"product_brand":[17982],"product_cat":[17757,17765],"product_tag":[6857,18189,18190,18191,18192,1132,52,217,17683,2338,2337,850,2069,92,93,940,795,796,53,49,3854,692,36,31,4627,4628,794,797,96,1056,164,842,841,673],"class_list":{"0":"post-68356511","1":"product","2":"type-product","3":"status-publish","4":"has-post-thumbnail","6":"product_brand-paragon-performance","7":"product_cat-charger-61-bremsscheiben-vorne","8":"product_cat-charger-64-bremsscheiben-vorne","9":"product_tag-04755538aa","10":"product_tag-05290537aa","11":"product_tag-05290537ab","12":"product_tag-05290537ac","13":"product_tag-05290537ad","14":"product_tag-1132","15":"product_tag-300c","16":"product_tag-217","17":"product_tag-4755538aa","18":"product_tag-5290537aa","19":"product_tag-5290537ab","20":"product_tag-5290537ac","21":"product_tag-5290537ad","22":"product_tag-6-1","23":"product_tag-6-4","24":"product_tag-aftermarket","25":"product_tag-bremse","26":"product_tag-bremsscheibe","27":"product_tag-charger","28":"product_tag-dodge","29":"product_tag-dodge-charger","30":"product_tag-ersatzteil","31":"product_tag-kraftwerk","32":"product_tag-mopar","33":"product_tag-paragon","34":"product_tag-paragon-performance","35":"product_tag-premium","36":"product_tag-sportbremsscheibe","37":"product_tag-srt","38":"product_tag-srt-8","39":"product_tag-srt8","40":"product_tag-vorderachse","41":"product_tag-vorne","42":"product_tag-zubehoer","44":"first","45":"onbackorder","46":"taxable","47":"shipping-taxable","48":"purchasable","49":"product-type-variable"},"bundled_by":[],"bundle_stock_status":"onbackorder","bundle_stock_quantity":0,"bundle_virtual":false,"bundle_layout":"","bundle_add_to_cart_form_location":"","bundle_editable_in_cart":false,"bundle_sold_individually_context":"","bundle_item_grouping":"","bundle_min_size":"","bundle_max_size":"","bundle_price":[],"bundled_items":[],"bundle_sell_ids":[],"exclude_global_add_ons":[],"addons":[],"acf":[],"_links":{"self":[{"href":"https:\/\/kraftwerk-shop.cc\/cs\/wp-json\/wp\/v2\/product\/68356511","targetHints":{"allow":["GET"]}}],"collection":[{"href":"https:\/\/kraftwerk-shop.cc\/cs\/wp-json\/wp\/v2\/product"}],"about":[{"href":"https:\/\/kraftwerk-shop.cc\/cs\/wp-json\/wp\/v2\/types\/product"}],"replies":[{"embeddable":true,"href":"https:\/\/kraftwerk-shop.cc\/cs\/wp-json\/wp\/v2\/comments?post=68356511"}],"version-history":[{"count":0,"href":"https:\/\/kraftwerk-shop.cc\/cs\/wp-json\/wp\/v2\/product\/68356511\/revisions"}],"wp:featuredmedia":[{"embeddable":true,"href":"https:\/\/kraftwerk-shop.cc\/cs\/wp-json\/wp\/v2\/media\/68356517"}],"wp:attachment":[{"href":"https:\/\/kraftwerk-shop.cc\/cs\/wp-json\/wp\/v2\/media?parent=68356511"}],"wp:term":[{"taxonomy":"product_brand","embeddable":true,"href":"https:\/\/kraftwerk-shop.cc\/cs\/wp-json\/wp\/v2\/product_brand?post=68356511"},{"taxonomy":"product_cat","embeddable":true,"href":"https:\/\/kraftwerk-shop.cc\/cs\/wp-json\/wp\/v2\/product_cat?post=68356511"},{"taxonomy":"product_tag","embeddable":true,"href":"https:\/\/kraftwerk-shop.cc\/cs\/wp-json\/wp\/v2\/product_tag?post=68356511"}],"curies":[{"name":"wp","href":"https:\/\/api.w.org\/{rel}","templated":true}]}}