{"id":68356978,"date":"2026-02-19T23:42:46","date_gmt":"2026-02-19T22:42:46","guid":{"rendered":"https:\/\/kraftwerk-shop.cc\/?post_type=product&#038;p=68356978"},"modified":"2026-02-20T00:01:36","modified_gmt":"2026-02-19T23:01:36","slug":"pedalmonster-dodge-charger","status":"publish","type":"product","link":"https:\/\/kraftwerk-shop.cc\/cs\/produkt\/pedalmonster-dodge-charger\/","title":{"rendered":"Ped\u00e1lov\u00fd ovlada\u010d ped\u00e1lu PedalMonster Charger"},"content":{"rendered":"<h1>PedalMonster je jedin\u00e1 ladic\u00ed jednotka ped\u00e1lu akceler\u00e1toru s p\u0159ipojen\u00edm OBD pro aktivn\u00ed regulaci to\u010div\u00e9ho momentu a odezvy plynu pro Dodge Charger (modelov\u00e9 roky 2007-2023).<\/h1>\n<p>&nbsp;<\/p>\n<p>PedalMonster zlep\u0161uje rozjezd z klidu a ta\u017enou s\u00edlu va\u0161eho Dodge Charger ve st\u0159edn\u00edm rozsahu. Usnad\u0148uje rozj\u00ed\u017ed\u011bn\u00ed, \u0159azen\u00ed do z\u00e1vitu a p\u0159edj\u00ed\u017ed\u011bn\u00ed.<\/p>\n<p>PedalMonster je vylad\u011bn tak, aby eliminoval zpo\u017ed\u011bn\u00ed reakce na plyn z v\u00fdroby a okam\u017eit\u011b u\u010dinil \u0159\u00edzen\u00ed va\u0161eho vozidla z\u00e1bavn\u011bj\u0161\u00edm. PedalMonster je navr\u017een a vyroben v Kalifornii a odstra\u0148uje nebezpe\u010dn\u00e9 nedostatky, kter\u00e9 se mohou vyskytnout u jin\u00fdch ped\u00e1lov\u00fdch sk\u0159\u00edn\u00ed.<\/p>\n<p>&nbsp;<\/p>\n<p><strong>Jak to funguje<\/strong><br \/>\nPedalMonster kombinuje vstupn\u00ed \u00fadaje \u0159idi\u010de s \u00fadaji ze senzor\u016f a \u0159\u00eddic\u00ed jednotky vozidla v re\u00e1ln\u00e9m \u010dase, aby urychlil dod\u00e1vku to\u010div\u00e9ho momentu.<\/p>\n<p><strong>Jak ji pou\u017e\u00edvat<\/strong><br \/>\nNejprve vyje\u010fte na d\u00e1lnici a zvolte jednu z 30 hlavn\u00edch k\u0159ivek odezvy na to\u010div\u00fd moment, abyste ur\u010dili po\u017eadovan\u00fd tahov\u00fd v\u00fdkon ve st\u0159edn\u00edm rozsahu. Pot\u00e9 se vra\u0165te do provozu s mo\u017enost\u00ed zastaven\u00ed a zkontrolujte rozjezd ze stoje. Prot\u00e1\u010dej\u00ed se pneumatiky? Sni\u017ete v\u00fdkon pomoc\u00ed jedn\u00e9 z 5 \u00farovn\u00ed startovac\u00edho stupn\u011b.<\/p>\n<p><strong>Je to bezpe\u010dn\u011bj\u0161\u00ed<\/strong><br \/>\nBanks Active Safety\u00ae sleduje, zda nedo\u0161lo k z\u00e1vad\u011b, a v p\u0159\u00edpad\u011b zji\u0161t\u011bn\u00ed probl\u00e9mu p\u0159ejde na standardn\u00ed dod\u00e1vku to\u010div\u00e9ho momentu. T\u00edm se p\u0159edch\u00e1z\u00ed k\u00f3d\u016fm z\u00e1vad, nouzov\u00e9mu re\u017eimu a nefunk\u010dn\u00edmu ped\u00e1lu plynu. Syst\u00e9m Reverse Safety nav\u00edc vrac\u00ed syst\u00e9m do tov\u00e1rn\u00edho nastaven\u00ed, \u010d\u00edm\u017e zabra\u0148uje necht\u011bn\u00e9mu zrychlen\u00ed p\u0159i couv\u00e1n\u00ed. Tyto funkce nikdo jin\u00fd nenab\u00edz\u00ed.<\/p>\n<p>&nbsp;<\/p>\n<p><strong>Pro\u010d je to lep\u0161\u00ed<\/strong><\/p>\n<ul>\n<li>Citliv\u011bj\u0161\u00ed a p\u0159edv\u00eddateln\u011bj\u0161\u00ed v\u00fdstup to\u010div\u00e9ho momentu<\/li>\n<li>Launch Trim optimalizuje to\u010div\u00fd moment p\u0159i n\u00edzk\u00fdch ot\u00e1\u010dk\u00e1ch motoru.<\/li>\n<li>Pou\u017e\u00edv\u00e1 \u00fadaje o hnac\u00edm \u00fastroj\u00ed v re\u00e1ln\u00e9m \u010dase<\/li>\n<li>Pou\u017e\u00edv\u00e1 spolehliv\u00fd nap\u00e1jec\u00ed zdroj 12 V s pojistkou.<\/li>\n<li>P\u0159i couv\u00e1n\u00ed vr\u00e1t\u00ed vozidlo do standardn\u00edho stavu.<\/li>\n<li>\u017d\u00e1dn\u00e9 kontrolky motoru nebo nefunk\u010dn\u00ed plynov\u00fd ped\u00e1l<\/li>\n<\/ul>\n<p>&nbsp;<\/p>\n<p><strong>Nejd\u016fle\u017eit\u011bj\u0161\u00ed funkce<\/strong><\/p>\n<ul>\n<li>30 Hlavn\u00ed k\u0159ivky to\u010div\u00e9ho momentu<\/li>\n<li>5 Startovn\u00ed k\u0159ivky<\/li>\n<li>OBD 2cestn\u00e1 komunikace s ECM<\/li>\n<li>Bezpe\u010dnostn\u00ed pojistka zp\u011btn\u00e9ho chodu<\/li>\n<li>Syst\u00e9m ActiveSafety\u00ae s ochranou proti selh\u00e1n\u00ed<\/li>\n<li>Nap\u00e1jen\u00ed p\u0159es bezpe\u010dn\u00e9 +12 V p\u0159es OBD<\/li>\n<li>Kontrola a zobrazen\u00ed po\u017eadovan\u00e9ho kroutic\u00edho momentu v re\u00e1ln\u00e9m \u010dase<\/li>\n<li>Plug-and-play<\/li>\n<li>Z\u00e1ruka je p\u0159\u00edv\u011btiv\u00e1. Nezanech\u00e1v\u00e1 stopy.<\/li>\n<li>Americk\u00fd patent 10 933 885 B1<\/li>\n<\/ul>\n<p>&nbsp;<\/p>\n<p>&nbsp;<\/p>\n<h2>K\u0159ivky odezvy na to\u010div\u00fd moment<\/h2>\n<p>PedalMonster zlep\u0161uje odezvu ve st\u0159edn\u00edm p\u00e1smu a tahovou s\u00edlu optimalizac\u00ed pr\u016fb\u011bhu to\u010div\u00e9ho momentu va\u0161eho vozidla pomoc\u00ed 30 voliteln\u00fdch hlavn\u00edch k\u0159ivek odezvy to\u010div\u00e9ho momentu: Ka\u017ed\u00e1 z nich m\u00e1 vlastn\u00ed p\u011btistup\u0148ovou \u00fapravu rozjezdu aktivn\u00ed pod 10 km\/h.<\/p>\n<p><img decoding=\"async\" class=\"alignnone wp-image-68355121\" src=\"https:\/\/kraftwerk-shop.cc\/wp-content\/uploads\/2026\/01\/PedalMonster-CurvesAnimation.gif\" alt=\"\" width=\"500\" height=\"500\" \/><\/p>\n<p>&nbsp;<\/p>\n<h2>Spu\u0161t\u011bn\u00ed Trim<\/h2>\n<p>Pokud jste zvolili agresivn\u00ed k\u0159ivku hlavn\u00edho to\u010div\u00e9ho momentu pro maxim\u00e1ln\u00ed tahovou s\u00edlu ve st\u0159edn\u00edm rozsahu, ale zd\u00e1 se v\u00e1m p\u0159\u00edli\u0161 agresivn\u00ed p\u0159i n\u00edzk\u00fdch rychlostech, m\u016f\u017eete si vybrat z 5 \u00farovn\u00ed Launch Trim, kter\u00e9 sni\u017euj\u00ed v\u00fdkon to\u010div\u00e9ho momentu pod 10 km\/h.<\/p>\n<p>&nbsp;<\/p>\n<p><img decoding=\"async\" class=\"alignnone wp-image-68355123\" src=\"https:\/\/kraftwerk-shop.cc\/wp-content\/uploads\/2026\/01\/PedalMonster-Launch-Trim.gif\" alt=\"\" width=\"500\" height=\"500\" \/><\/p>\n<p>&nbsp;<\/p>\n<h2>\u0158\u00eddic\u00ed rozhran\u00ed<\/h2>\n<p>Konfigurace, ovl\u00e1d\u00e1n\u00ed a sledov\u00e1n\u00ed PedalMonster pomoc\u00ed mobiln\u00ed aplikace Banks pro iDash. K\u0159ivky odezvy na to\u010div\u00fd moment lze m\u011bnit za j\u00edzdy bez zastaven\u00ed vozidla.<\/p>\n<p>&nbsp;<\/p>\n<p>&nbsp;<\/p>\n<p>&nbsp;<\/p>\n<p><img decoding=\"async\" class=\"alignnone wp-image-68355124\" src=\"https:\/\/kraftwerk-shop.cc\/wp-content\/uploads\/2026\/01\/PedalMonster-App-In-Hand.webp\" alt=\"\" width=\"500\" height=\"500\" srcset=\"https:\/\/kraftwerk-shop.cc\/wp-content\/uploads\/2026\/01\/PedalMonster-App-In-Hand.webp 1500w, https:\/\/kraftwerk-shop.cc\/wp-content\/uploads\/2026\/01\/PedalMonster-App-In-Hand-300x300.webp 300w, https:\/\/kraftwerk-shop.cc\/wp-content\/uploads\/2026\/01\/PedalMonster-App-In-Hand-900x900.webp 900w, https:\/\/kraftwerk-shop.cc\/wp-content\/uploads\/2026\/01\/PedalMonster-App-In-Hand-150x150.webp 150w, https:\/\/kraftwerk-shop.cc\/wp-content\/uploads\/2026\/01\/PedalMonster-App-In-Hand-768x768.webp 768w, https:\/\/kraftwerk-shop.cc\/wp-content\/uploads\/2026\/01\/PedalMonster-App-In-Hand-12x12.webp 12w, https:\/\/kraftwerk-shop.cc\/wp-content\/uploads\/2026\/01\/PedalMonster-App-In-Hand-500x500.webp 500w, https:\/\/kraftwerk-shop.cc\/wp-content\/uploads\/2026\/01\/PedalMonster-App-In-Hand-600x600.webp 600w, https:\/\/kraftwerk-shop.cc\/wp-content\/uploads\/2026\/01\/PedalMonster-App-In-Hand-160x160.webp 160w\" sizes=\"(max-width: 500px) 100vw, 500px\" \/><\/p>\n<p>&nbsp;<\/p>\n<p>&nbsp;<\/p>\n<p>D\u00edky integrovan\u00e9mu p\u0159ipojen\u00ed Bluetooth lze bezdr\u00e1tov\u011b p\u0159id\u00e1vat nov\u00e9 funkce a podporu dal\u0161\u00edch vozidel. Nen\u00ed nutn\u00fd \u017e\u00e1dn\u00fd po\u010d\u00edta\u010d.<\/p>\n<p>&nbsp;<\/p>\n<p><img decoding=\"async\" class=\"alignnone wp-image-68355125\" src=\"https:\/\/kraftwerk-shop.cc\/wp-content\/uploads\/2026\/01\/App-Control-Definitions.webp\" alt=\"\" width=\"500\" height=\"200\" srcset=\"https:\/\/kraftwerk-shop.cc\/wp-content\/uploads\/2026\/01\/App-Control-Definitions.webp 1500w, https:\/\/kraftwerk-shop.cc\/wp-content\/uploads\/2026\/01\/App-Control-Definitions-300x120.webp 300w, https:\/\/kraftwerk-shop.cc\/wp-content\/uploads\/2026\/01\/App-Control-Definitions-1000x400.webp 1000w, https:\/\/kraftwerk-shop.cc\/wp-content\/uploads\/2026\/01\/App-Control-Definitions-768x307.webp 768w, https:\/\/kraftwerk-shop.cc\/wp-content\/uploads\/2026\/01\/App-Control-Definitions-18x7.webp 18w, https:\/\/kraftwerk-shop.cc\/wp-content\/uploads\/2026\/01\/App-Control-Definitions-500x200.webp 500w, https:\/\/kraftwerk-shop.cc\/wp-content\/uploads\/2026\/01\/App-Control-Definitions-600x240.webp 600w, https:\/\/kraftwerk-shop.cc\/wp-content\/uploads\/2026\/01\/App-Control-Definitions-160x64.webp 160w\" sizes=\"(max-width: 500px) 100vw, 500px\" \/><\/p>\n<p>&nbsp;<\/p>\n<h2><\/h2>\n<h2>Dvoucestn\u00e1 komunikace OBD<\/h2>\n<p>P\u0159ipojen\u00ed za\u0159\u00edzen\u00ed PedalMonster k portu palubn\u00ed diagnostiky (OBD) va\u0161eho vozidla poskytuje obousm\u011brn\u00e1 data o hnac\u00edm \u00fastroj\u00ed v re\u00e1ln\u00e9m \u010dase a bezpe\u010dn\u00fd, stabiln\u00ed zdroj nap\u00e1jen\u00ed 12 V.<\/p>\n<p>&nbsp;<\/p>\n<p><img decoding=\"async\" class=\"alignnone wp-image-68355126\" src=\"https:\/\/kraftwerk-shop.cc\/wp-content\/uploads\/2026\/01\/Wire-Diagram-Animation.gif\" alt=\"\" width=\"500\" height=\"500\" \/><\/p>\n<p>&nbsp;<\/p>\n<h2>Zabezpe\u010den\u00ed<\/h2>\n<p>PedalMonster m\u00e1 dva bezpe\u010dnostn\u00ed syst\u00e9my: Banky <b>Aktivn\u00ed bezpe\u010dnost\u00ae<\/b> a <b>Zp\u011btn\u00fd chod Bezpe\u010dnost<\/b><\/p>\n<p>&nbsp;<\/p>\n<p><img decoding=\"async\" class=\"alignnone wp-image-68355127\" src=\"https:\/\/kraftwerk-shop.cc\/wp-content\/uploads\/2026\/01\/12V_Safe.gif\" alt=\"\" width=\"500\" height=\"265\" \/><\/p>\n<p>&nbsp;<\/p>\n<p>Na str\u00e1nk\u00e1ch <b>Aktivn\u00ed bezpe\u010dnost<\/b>\u00ae monitorovac\u00ed obvod v nepravd\u011bpodobn\u00e9m p\u0159\u00edpad\u011b probl\u00e9mu vr\u00e1t\u00ed vozidlo zp\u011bt na standardn\u00ed v\u00fdstupn\u00ed to\u010div\u00fd moment, \u010d\u00edm\u017e zabr\u00e1n\u00ed chybov\u00fdm k\u00f3d\u016fm, nouzov\u00e9mu re\u017eimu a zablokov\u00e1n\u00ed ped\u00e1lu.<\/p>\n<p><b>Zp\u011btn\u00fd chod Bezpe\u010dnost<\/b> vr\u00e1t\u00ed vozidlo na standardn\u00ed to\u010div\u00fd moment a zabr\u00e1n\u00ed necht\u011bn\u00e9mu couv\u00e1n\u00ed p\u0159es gar\u00e1\u017eov\u00e1 vrata. Oba bezpe\u010dnostn\u00ed syst\u00e9my jsou patentovan\u00e9.<\/p>\n<p>&nbsp;<\/p>\n<h2>Ostatn\u00ed poskytovatel\u00e9<\/h2>\n<p>PedalMonster se li\u0161\u00ed od ovlada\u010d\u016f odezvy plynu, jako jsou Pedal Commander, Sprint Booster a dal\u0161\u00ed, kter\u00e9 \u201czhruba\u201d manipuluj\u00ed s polohou ped\u00e1lu. PedalMonster vyu\u017e\u00edv\u00e1 ke kalibraci v\u00fdstupn\u00edho to\u010div\u00e9ho momentu \u00fadaje o hnac\u00edm \u00fastroj\u00ed v re\u00e1ln\u00e9m \u010dase. Konkurenti nemaj\u00ed takov\u00e9 propojen\u00ed ani bezpe\u010dnostn\u00ed funkce a ke v\u0161em vozidl\u016fm a situac\u00edm p\u0159istupuj\u00ed stejn\u011b.<\/p>\n<p>&nbsp;<\/p>\n<p><img decoding=\"async\" class=\"alignnone wp-image-68355128\" src=\"https:\/\/kraftwerk-shop.cc\/wp-content\/uploads\/2026\/01\/PedalMonster-Comparison-Chart-Simplified.webp\" alt=\"\" width=\"500\" height=\"781\" srcset=\"https:\/\/kraftwerk-shop.cc\/wp-content\/uploads\/2026\/01\/PedalMonster-Comparison-Chart-Simplified.webp 900w, https:\/\/kraftwerk-shop.cc\/wp-content\/uploads\/2026\/01\/PedalMonster-Comparison-Chart-Simplified-192x300.webp 192w, https:\/\/kraftwerk-shop.cc\/wp-content\/uploads\/2026\/01\/PedalMonster-Comparison-Chart-Simplified-577x900.webp 577w, https:\/\/kraftwerk-shop.cc\/wp-content\/uploads\/2026\/01\/PedalMonster-Comparison-Chart-Simplified-768x1199.webp 768w, https:\/\/kraftwerk-shop.cc\/wp-content\/uploads\/2026\/01\/PedalMonster-Comparison-Chart-Simplified-8x12.webp 8w, https:\/\/kraftwerk-shop.cc\/wp-content\/uploads\/2026\/01\/PedalMonster-Comparison-Chart-Simplified-500x781.webp 500w, https:\/\/kraftwerk-shop.cc\/wp-content\/uploads\/2026\/01\/PedalMonster-Comparison-Chart-Simplified-600x937.webp 600w, https:\/\/kraftwerk-shop.cc\/wp-content\/uploads\/2026\/01\/PedalMonster-Comparison-Chart-Simplified-160x250.webp 160w\" sizes=\"(max-width: 500px) 100vw, 500px\" \/><\/p>\n<p>&nbsp;<\/p>","protected":false},"excerpt":{"rendered":"<p>PedalMonster ist die einzige \u00fcber OBD angebundene Gaspedal-Tuning-Box zur aktiven Drehmoment- und Gasannahme-Regelung f\u00fcr Dodge Charger (Modelljahre 2007\u20132023) &nbsp; PedalMonster<\/p>","protected":false},"featured_media":68356984,"comment_status":"open","ping_status":"closed","template":"","meta":{"_acf_changed":false},"product_brand":[20698],"product_cat":[1600,7307,1608,7311,1616,7315,5162,7319,1624,7325,1632,7329,1640,7333],"product_tag":[88,169,91,92,101,93,20711,54,53,49,20710,20707,20705,20703,20702,20708,20701,100,126,7221,20704,20709,20700,96,20706],"class_list":{"0":"post-68356978","1":"product","2":"type-product","3":"status-publish","4":"has-post-thumbnail","6":"product_brand-banks-power","7":"product_cat-charger-35-programmiergeraete","8":"product_cat-charger-35-elektrik-sonstiges","9":"product_cat-charger-36-programmiergeraete","10":"product_cat-charger-36-elektrik-sonstiges","11":"product_cat-charger-57-programmiergeraete","12":"product_cat-charger-57-elektrik-sonstiges","13":"product_cat-charger-57-2011-2023-programmiergeraete","14":"product_cat-charger-57-2011-2023-elektrik-sonstiges","15":"product_cat-charger-61-programmiergeraete","16":"product_cat-charger-61-elektrik-sonstiges","17":"product_cat-charger-hellcat-programmiergeraete","18":"product_cat-charger-hellcat-elektrik-sonstiges","19":"product_cat-charger-64-programmiergeraete","20":"product_cat-64-elektrik-sonstiges","21":"product_tag-3-5","22":"product_tag-3-6","23":"product_tag-5-7","24":"product_tag-6-1","25":"product_tag-6-2","26":"product_tag-6-4","27":"product_tag-banks","28":"product_tag-challenger","29":"product_tag-charger","30":"product_tag-dodge","31":"product_tag-elektronisches-gaspedal-tuning","32":"product_tag-gasannahme-verbessern","33":"product_tag-gaspedal-beschleuniger","34":"product_tag-gaspedal-controller","35":"product_tag-gaspedal-tuning","36":"product_tag-gaspedal-verzoegerung-entfernen","37":"product_tag-gaspedalbox","38":"product_tag-hellcat","39":"product_tag-hemi","40":"product_tag-mopar10","41":"product_tag-pedalbox-auto","42":"product_tag-pedalbox-obd","43":"product_tag-pedalmonster","44":"product_tag-srt","45":"product_tag-throttle-controller","47":"first","48":"instock","49":"taxable","50":"shipping-taxable","51":"purchasable","52":"product-type-simple"},"bundled_by":[],"bundle_stock_status":"instock","bundle_stock_quantity":1,"bundle_virtual":false,"bundle_layout":"","bundle_add_to_cart_form_location":"","bundle_editable_in_cart":false,"bundle_sold_individually_context":"","bundle_item_grouping":"","bundle_min_size":"","bundle_max_size":"","bundle_price":[],"bundled_items":[],"bundle_sell_ids":[],"exclude_global_add_ons":[],"addons":[],"acf":[],"_links":{"self":[{"href":"https:\/\/kraftwerk-shop.cc\/cs\/wp-json\/wp\/v2\/product\/68356978","targetHints":{"allow":["GET"]}}],"collection":[{"href":"https:\/\/kraftwerk-shop.cc\/cs\/wp-json\/wp\/v2\/product"}],"about":[{"href":"https:\/\/kraftwerk-shop.cc\/cs\/wp-json\/wp\/v2\/types\/product"}],"replies":[{"embeddable":true,"href":"https:\/\/kraftwerk-shop.cc\/cs\/wp-json\/wp\/v2\/comments?post=68356978"}],"version-history":[{"count":0,"href":"https:\/\/kraftwerk-shop.cc\/cs\/wp-json\/wp\/v2\/product\/68356978\/revisions"}],"wp:featuredmedia":[{"embeddable":true,"href":"https:\/\/kraftwerk-shop.cc\/cs\/wp-json\/wp\/v2\/media\/68356984"}],"wp:attachment":[{"href":"https:\/\/kraftwerk-shop.cc\/cs\/wp-json\/wp\/v2\/media?parent=68356978"}],"wp:term":[{"taxonomy":"product_brand","embeddable":true,"href":"https:\/\/kraftwerk-shop.cc\/cs\/wp-json\/wp\/v2\/product_brand?post=68356978"},{"taxonomy":"product_cat","embeddable":true,"href":"https:\/\/kraftwerk-shop.cc\/cs\/wp-json\/wp\/v2\/product_cat?post=68356978"},{"taxonomy":"product_tag","embeddable":true,"href":"https:\/\/kraftwerk-shop.cc\/cs\/wp-json\/wp\/v2\/product_tag?post=68356978"}],"curies":[{"name":"wp","href":"https:\/\/api.w.org\/{rel}","templated":true}]}}