{"id":68357032,"date":"2026-02-21T22:11:57","date_gmt":"2026-02-21T21:11:57","guid":{"rendered":"https:\/\/kraftwerk-shop.cc\/?post_type=product&#038;p=68357032"},"modified":"2026-02-21T22:33:32","modified_gmt":"2026-02-21T21:33:32","slug":"powerstop-z26-brzdove-desticky-challenger-61-64","status":"publish","type":"product","link":"https:\/\/kraftwerk-shop.cc\/cs\/produkt\/powerstop-z26-bremsbelaege-challenger-61-64\/","title":{"rendered":"PowerStop Z26 Extreme Street brzdov\u00e9 desti\u010dky Challenger 6.1 &amp; 6.4"},"content":{"rendered":"<h1>PowerStop Z26 Brzdov\u00e9 desti\u010dky pro Dodge Challenger 6.1 SRT8 a 6.4 (p\u0159edn\u00ed n\u00e1prava)<\/h1>\n<p>&nbsp;<\/p>\n<p>Extreme Street Performance Carbon - Keramick\u00e9 brzdov\u00e9 desti\u010dky pro modely SRT a 6.4<\/p>\n<ul>\n<li>V\u00fdrazn\u011b sn\u00ed\u017een\u00e1 tvorba brzdov\u00e9ho prachu<\/li>\n<li>Vhodn\u00e9 pro obzvl\u00e1\u0161t\u011b sportovn\u00ed styl j\u00edzdy<\/li>\n<li>V\u010detn\u011b mont\u00e1\u017en\u00ed pasty a sady nerezov\u00e9ho kov\u00e1n\u00ed<\/li>\n<\/ul>\n<p>&nbsp;<\/p>\n<p><strong>Srovn\u00e1vac\u00ed \u010d\u00edsla Mopar:<\/strong> 5174311AA, 5174311AB, 5174311AC, 05174311AA, 05174311AB, 05174311AC, 68144213AA, 68144213AB, 68144213AC<\/p>\n<p>&nbsp;<\/p>\n<p><strong>Vhodn\u00e9 pro:<\/strong><\/p>\n<table style=\"height: 48px;\" width=\"0\">\n<tbody>\n<tr style=\"height: 24px;\">\n<td style=\"height: 24px; width: 64px;\">Dodge<\/td>\n<td style=\"height: 24px; width: 100px;\">Challenger<\/td>\n<td style=\"height: 24px; width: 163px;\">6.1, 6.4<\/td>\n<td style=\"height: 24px; width: 305px;\">V\u0161echny modelov\u00e9 roky s brzdov\u00fdmi kotou\u010di 360 mm<\/td>\n<\/tr>\n<\/tbody>\n<\/table>\n<p>&nbsp;<\/p>\n<p>V\u0161echna vozidla SRT do modelov\u00e9ho roku 2014.<br \/>\nOd modelov\u00e9ho roku 2015 pouze 4p\u00edstkov\u00e9 brzdy Brembo s 360mm brzdov\u00fdm kotou\u010dem.<\/p>\n<p>Cena se vztahuje na 1 sadu pro kompletn\u00ed p\u0159edn\u00ed n\u00e1pravu.<\/p>\n<p>&nbsp;<\/p>","protected":false},"excerpt":{"rendered":"<p>Vhodn\u00e9 pro brzdov\u00e9 kotou\u010de o pr\u016fm\u011bru 360 mm<\/p>","protected":false},"featured_media":68274531,"comment_status":"open","ping_status":"closed","template":"","meta":{"_acf_changed":false},"product_brand":[],"product_cat":[17695,17687],"product_tag":[836,837,960,52,834,835,833,17993,17994,17995,832,838,590,10803,795,839,840,54,49,3853,3854,692,36,953,954,2445,96,842,841,1190,1194,673],"class_list":{"0":"post-68357032","1":"product","2":"type-product","3":"status-publish","4":"has-post-thumbnail","6":"product_cat-challenger-61-bremsbelaege-vorne","7":"product_cat-challenger-64-bremsbelaege-vorne","8":"product_tag-05174311aa","9":"product_tag-05174311ab","10":"product_tag-05174311ac","11":"product_tag-300c","12":"product_tag-5174311aa","13":"product_tag-5174311ab","14":"product_tag-5174311ac","15":"product_tag-68144213aa","16":"product_tag-68144213ab","17":"product_tag-68144213ac","18":"product_tag-brembo","19":"product_tag-bremsbelag","20":"product_tag-bremsbelaege","21":"product_tag-bremsbelaege-fuer-dodge-challenger-6-4","22":"product_tag-bremse","23":"product_tag-bremsklotz","24":"product_tag-bremskloetze","25":"product_tag-challenger","26":"product_tag-dodge","27":"product_tag-dodge-challenger","28":"product_tag-dodge-charger","29":"product_tag-ersatzteil","30":"product_tag-kraftwerk","31":"product_tag-power-stop","32":"product_tag-powerstop","33":"product_tag-powerstop-pads","34":"product_tag-srt","35":"product_tag-vorderachse","36":"product_tag-vorne","37":"product_tag-z26","38":"product_tag-z26-1298","39":"product_tag-zubehoer","41":"first","42":"instock","43":"taxable","44":"shipping-taxable","45":"purchasable","46":"product-type-simple"},"bundled_by":[],"bundle_stock_status":"instock","bundle_stock_quantity":2,"bundle_virtual":false,"bundle_layout":"","bundle_add_to_cart_form_location":"","bundle_editable_in_cart":false,"bundle_sold_individually_context":"","bundle_item_grouping":"","bundle_min_size":"","bundle_max_size":"","bundle_price":[],"bundled_items":[],"bundle_sell_ids":[],"exclude_global_add_ons":[],"addons":[],"acf":[],"_links":{"self":[{"href":"https:\/\/kraftwerk-shop.cc\/cs\/wp-json\/wp\/v2\/product\/68357032","targetHints":{"allow":["GET"]}}],"collection":[{"href":"https:\/\/kraftwerk-shop.cc\/cs\/wp-json\/wp\/v2\/product"}],"about":[{"href":"https:\/\/kraftwerk-shop.cc\/cs\/wp-json\/wp\/v2\/types\/product"}],"replies":[{"embeddable":true,"href":"https:\/\/kraftwerk-shop.cc\/cs\/wp-json\/wp\/v2\/comments?post=68357032"}],"version-history":[{"count":0,"href":"https:\/\/kraftwerk-shop.cc\/cs\/wp-json\/wp\/v2\/product\/68357032\/revisions"}],"wp:featuredmedia":[{"embeddable":true,"href":"https:\/\/kraftwerk-shop.cc\/cs\/wp-json\/wp\/v2\/media\/68274531"}],"wp:attachment":[{"href":"https:\/\/kraftwerk-shop.cc\/cs\/wp-json\/wp\/v2\/media?parent=68357032"}],"wp:term":[{"taxonomy":"product_brand","embeddable":true,"href":"https:\/\/kraftwerk-shop.cc\/cs\/wp-json\/wp\/v2\/product_brand?post=68357032"},{"taxonomy":"product_cat","embeddable":true,"href":"https:\/\/kraftwerk-shop.cc\/cs\/wp-json\/wp\/v2\/product_cat?post=68357032"},{"taxonomy":"product_tag","embeddable":true,"href":"https:\/\/kraftwerk-shop.cc\/cs\/wp-json\/wp\/v2\/product_tag?post=68357032"}],"curies":[{"name":"wp","href":"https:\/\/api.w.org\/{rel}","templated":true}]}}