{"id":68357085,"date":"2026-02-22T00:37:09","date_gmt":"2026-02-21T23:37:09","guid":{"rendered":"https:\/\/kraftwerk-shop.cc\/?post_type=product&#038;p=68357085"},"modified":"2026-02-22T00:54:00","modified_gmt":"2026-02-21T23:54:00","slug":"brzdove-desticky-powerstop-track-day-charger-62-64","status":"publish","type":"product","link":"https:\/\/kraftwerk-shop.cc\/cs\/produkt\/powerstop-track-day-bremsbelaege-charger-62-64\/","title":{"rendered":"PowerStop Brzdov\u00e9 desti\u010dky Track Day Charger 6.2 &amp; 6.4"},"content":{"rendered":"<h1>PowerStop Brzdov\u00e9 desti\u010dky Track Day pro Dodge Charger 6.2 Hellcat a 6.4 SRT (p\u0159edn\u00ed n\u00e1prava)<\/h1>\n<p>&nbsp;<\/p>\n<p>Brzdov\u00e9 desti\u010dky Track Day maj\u00ed vysok\u00fd koeficient t\u0159en\u00ed ji\u017e za studena a je\u0161t\u011b vy\u0161\u0161\u00ed koeficient t\u0159en\u00ed za tepla - kdy\u017e na tom opravdu z\u00e1le\u017e\u00ed.<\/p>\n<p>C\u00edlem spole\u010dnosti PowerStop je poskytnout ka\u017ed\u00e9mu \u0159idi\u010di vozidla Dodge Charger Hellcat nebo SRT snadn\u00fd a cenov\u011b dostupn\u00fd zp\u016fsob, jak zlep\u0161it brzdy - bez ohledu na to, kde a jak sv\u00e9 vozidlo pou\u017e\u00edv\u00e1.<br \/>\nPokud se sv\u00fdm silni\u010dn\u00edm vozem jezd\u00edte na z\u00e1vodn\u00ed dr\u00e1hu na okruhov\u00e9 dny nebo v\u00fdkonn\u00e9 z\u00e1vody, jist\u011b v\u00edte, jak d\u016fle\u017eit\u00e9 jsou kvalitn\u00ed brzdov\u00e9 desti\u010dky. Brzdov\u00e9 desti\u010dky PowerStop Track Day jsou ide\u00e1ln\u00ed pro za\u010d\u00e1tek z\u00e1vod\u011bn\u00ed na okruhu.<br \/>\nV\u00fdzkumn\u00fd a v\u00fdvojov\u00fd t\u00fdm spole\u010dnosti PowerStop str\u00e1vil nespo\u010det hodin hled\u00e1n\u00edm spr\u00e1vn\u00e9 sm\u011bsi brzdov\u00fdch desti\u010dek pro jednotliv\u00e9 platformy vozidel, tak\u017ee nemus\u00edte tr\u00e1vit nespo\u010det dn\u00ed na trati a sna\u017eit se to zjistit sami.<br \/>\nTyto brzdov\u00e9 desti\u010dky ur\u010den\u00e9 pro konkr\u00e9tn\u00ed platformu maj\u00ed vynikaj\u00edc\u00ed koeficient t\u0159en\u00ed a jsou odoln\u00e9 proti vyblednut\u00ed p\u0159i z\u00e1t\u011b\u017ei b\u011bhem z\u00e1vodn\u00edho dne.<\/p>\n<p>&nbsp;<\/p>\n<p><strong>Srovn\u00e1vac\u00ed \u010d\u00edsla Mopar:<\/strong> 68248384AA, 68248384AB, 68248384AC, 68248384AD, 68144427AA, 68144427AB, 68303052AA, 68507583AB, 68525329AA, 68525329AB<\/p>\n<p>&nbsp;<\/p>\n<p><strong>Vhodn\u00e9 pro:<\/strong><\/p>\n<table width=\"905\">\n<tbody>\n<tr>\n<td width=\"209\">Dodge<\/td>\n<td width=\"165\">Charger<\/td>\n<td width=\"206\">6.4<\/td>\n<td width=\"325\">2015 - 2020 s brzdov\u00fdmi kotou\u010di 390 mm<\/td>\n<\/tr>\n<tr>\n<td width=\"209\">Dodge<\/td>\n<td width=\"165\">Charger<\/td>\n<td width=\"206\">6.4<\/td>\n<td width=\"325\">2021 - 2023 s brzdov\u00fdmi kotou\u010di 400 mm<\/td>\n<\/tr>\n<tr>\n<td width=\"209\">Dodge<\/td>\n<td width=\"165\">Charger Hellcat<\/td>\n<td width=\"206\">6.2<\/td>\n<td width=\"325\">2015 - 2020 s brzdov\u00fdmi kotou\u010di 390 mm<\/td>\n<\/tr>\n<tr>\n<td width=\"209\">Dodge<\/td>\n<td width=\"165\">Charger Hellcat<\/td>\n<td width=\"206\">6.2<\/td>\n<td width=\"325\">2021 - 2023 s brzdov\u00fdmi kotou\u010di 400 mm<\/td>\n<\/tr>\n<\/tbody>\n<\/table>\n<p><strong>\u00a0<\/strong><\/p>\n<p>Cena se vztahuje na 1 sadu pro kompletn\u00ed p\u0159edn\u00ed n\u00e1pravu.<\/p>\n<p>&nbsp;<\/p>","protected":false},"excerpt":{"rendered":"<p>Vhodn\u00e9 pro brzdov\u00e9 kotou\u010de 390 a 400 mm<\/p>","protected":false},"featured_media":68279185,"comment_status":"open","ping_status":"closed","template":"","meta":{"_acf_changed":false},"product_brand":[],"product_cat":[17759,17763],"product_tag":[52,2194,929,930,945,943,944,6821,931,4547,4556,4557,832,838,590,795,839,840,53,49,3854,692,100,36,953,954,2445,4558,96,4559,842,841,673],"class_list":{"0":"post-68357085","1":"product","2":"type-product","3":"status-publish","4":"has-post-thumbnail","6":"product_cat-charger-hellcat-bremsbelaege-vorne","7":"product_cat-charger-64-bremsbelaege-vorne","8":"product_tag-300c","9":"product_tag-390-mm","10":"product_tag-68144427aa","11":"product_tag-68144427ab","12":"product_tag-68248384aa","13":"product_tag-68248384ab","14":"product_tag-68248384ac","15":"product_tag-68248384ad","16":"product_tag-68303052aa","17":"product_tag-68507583ab","18":"product_tag-68525329aa","19":"product_tag-68525329ab","20":"product_tag-brembo","21":"product_tag-bremsbelag","22":"product_tag-bremsbelaege","23":"product_tag-bremse","24":"product_tag-bremsklotz","25":"product_tag-bremskloetze","26":"product_tag-charger","27":"product_tag-dodge","28":"product_tag-dodge-charger","29":"product_tag-ersatzteil","30":"product_tag-hellcat","31":"product_tag-kraftwerk","32":"product_tag-power-stop","33":"product_tag-powerstop","34":"product_tag-powerstop-pads","35":"product_tag-pst-1405","36":"product_tag-srt","37":"product_tag-track-day","38":"product_tag-vorderachse","39":"product_tag-vorne","40":"product_tag-zubehoer","42":"first","43":"instock","44":"taxable","45":"shipping-taxable","46":"purchasable","47":"product-type-simple"},"bundled_by":[],"bundle_stock_status":"instock","bundle_stock_quantity":1,"bundle_virtual":false,"bundle_layout":"","bundle_add_to_cart_form_location":"","bundle_editable_in_cart":false,"bundle_sold_individually_context":"","bundle_item_grouping":"","bundle_min_size":"","bundle_max_size":"","bundle_price":[],"bundled_items":[],"bundle_sell_ids":[],"exclude_global_add_ons":[],"addons":[],"acf":[],"_links":{"self":[{"href":"https:\/\/kraftwerk-shop.cc\/cs\/wp-json\/wp\/v2\/product\/68357085","targetHints":{"allow":["GET"]}}],"collection":[{"href":"https:\/\/kraftwerk-shop.cc\/cs\/wp-json\/wp\/v2\/product"}],"about":[{"href":"https:\/\/kraftwerk-shop.cc\/cs\/wp-json\/wp\/v2\/types\/product"}],"replies":[{"embeddable":true,"href":"https:\/\/kraftwerk-shop.cc\/cs\/wp-json\/wp\/v2\/comments?post=68357085"}],"version-history":[{"count":0,"href":"https:\/\/kraftwerk-shop.cc\/cs\/wp-json\/wp\/v2\/product\/68357085\/revisions"}],"wp:featuredmedia":[{"embeddable":true,"href":"https:\/\/kraftwerk-shop.cc\/cs\/wp-json\/wp\/v2\/media\/68279185"}],"wp:attachment":[{"href":"https:\/\/kraftwerk-shop.cc\/cs\/wp-json\/wp\/v2\/media?parent=68357085"}],"wp:term":[{"taxonomy":"product_brand","embeddable":true,"href":"https:\/\/kraftwerk-shop.cc\/cs\/wp-json\/wp\/v2\/product_brand?post=68357085"},{"taxonomy":"product_cat","embeddable":true,"href":"https:\/\/kraftwerk-shop.cc\/cs\/wp-json\/wp\/v2\/product_cat?post=68357085"},{"taxonomy":"product_tag","embeddable":true,"href":"https:\/\/kraftwerk-shop.cc\/cs\/wp-json\/wp\/v2\/product_tag?post=68357085"}],"curies":[{"name":"wp","href":"https:\/\/api.w.org\/{rel}","templated":true}]}}