{"id":68357137,"date":"2026-02-22T13:46:23","date_gmt":"2026-02-22T12:46:23","guid":{"rendered":"https:\/\/kraftwerk-shop.cc\/?post_type=product&#038;p=68357137"},"modified":"2026-02-22T15:19:33","modified_gmt":"2026-02-22T14:19:33","slug":"powerstop-z23-brzdove-desticky-nabijecka-62-64","status":"publish","type":"product","link":"https:\/\/kraftwerk-shop.cc\/cs\/produkt\/powerstop-z23-bremsbelaege-charger-62-64\/","title":{"rendered":"PowerStop Z23 Evolution Sport brzdov\u00e9 desti\u010dky Charger 6.2 &amp; 6.4"},"content":{"rendered":"<h1>PowerStop Z23 Evolution Sport brzdov\u00e9 desti\u010dky pro Dodge Charger 6.2 Hellcat a 6.4 SRT (p\u0159edn\u00ed n\u00e1prava)<\/h1>\n<p>&nbsp;<\/p>\n<p>Evolution Sport Carbon - Keramick\u00e9 brzdov\u00e9 desti\u010dky pro modely SRT a Hellcat<\/p>\n<ul>\n<li>V\u00fdrazn\u011b sn\u00ed\u017een\u00e1 tvorba brzdov\u00e9ho prachu<\/li>\n<li>Vhodn\u00e9 pro ka\u017edodenn\u00ed pou\u017eit\u00ed<\/li>\n<li>V\u010detn\u011b mont\u00e1\u017en\u00ed pasty a sady nerezov\u00e9ho kov\u00e1n\u00ed<\/li>\n<\/ul>\n<p>&nbsp;<\/p>\n<p><strong>Srovn\u00e1vac\u00ed \u010d\u00edsla Mopar:<\/strong> 68248384AA, 68248384AB, 68248384AC, 68248384AD, 68525329AA, 68525329AB, 68144427AA, 68144427AB, 68303052AA<\/p>\n<p>&nbsp;<\/p>\n<p><strong>Vhodn\u00e9 pro:<\/strong><\/p>\n<table width=\"905\">\n<tbody>\n<tr>\n<td width=\"209\">Dodge<\/td>\n<td width=\"165\">Charger<\/td>\n<td width=\"206\">6.4<\/td>\n<td width=\"325\">2015 - 2020 s brzdov\u00fdmi kotou\u010di 390 mm<\/td>\n<\/tr>\n<tr>\n<td width=\"209\">Dodge<\/td>\n<td width=\"165\">Charger<\/td>\n<td width=\"206\">6.4<\/td>\n<td width=\"325\">2021 - 2023 s brzdov\u00fdmi kotou\u010di 400 mm<\/td>\n<\/tr>\n<tr>\n<td width=\"209\">Dodge<\/td>\n<td width=\"165\">Charger Hellcat<\/td>\n<td width=\"206\">6.2<\/td>\n<td width=\"325\">2015 - 2020 s brzdov\u00fdmi kotou\u010di 390 mm<\/td>\n<\/tr>\n<tr>\n<td width=\"209\">Dodge<\/td>\n<td width=\"165\">Charger Hellcat<\/td>\n<td width=\"206\">6.2<\/td>\n<td width=\"325\">2021 - 2023 s brzdov\u00fdmi kotou\u010di 400 mm<\/td>\n<\/tr>\n<\/tbody>\n<\/table>\n<p>&nbsp;<\/p>\n<p>Cena se vztahuje na 1 sadu pro kompletn\u00ed p\u0159edn\u00ed n\u00e1pravu.<\/p>\n<p>&nbsp;<\/p>","protected":false},"excerpt":{"rendered":"<p>Vhodn\u00e9 pro brzdov\u00e9 kotou\u010de 390 a 400 mm<\/p>","protected":false},"featured_media":68274519,"comment_status":"open","ping_status":"closed","template":"","meta":{"_acf_changed":false},"product_brand":[],"product_cat":[17759,17763],"product_tag":[929,930,945,943,944,6821,931,4556,4557,832,838,590,795,839,840,53,49,3854,692,100,36,953,954,2445,96,842,841,955,1175,673],"class_list":{"0":"post-68357137","1":"product","2":"type-product","3":"status-publish","4":"has-post-thumbnail","6":"product_cat-charger-hellcat-bremsbelaege-vorne","7":"product_cat-charger-64-bremsbelaege-vorne","8":"product_tag-68144427aa","9":"product_tag-68144427ab","10":"product_tag-68248384aa","11":"product_tag-68248384ab","12":"product_tag-68248384ac","13":"product_tag-68248384ad","14":"product_tag-68303052aa","15":"product_tag-68525329aa","16":"product_tag-68525329ab","17":"product_tag-brembo","18":"product_tag-bremsbelag","19":"product_tag-bremsbelaege","20":"product_tag-bremse","21":"product_tag-bremsklotz","22":"product_tag-bremskloetze","23":"product_tag-charger","24":"product_tag-dodge","25":"product_tag-dodge-charger","26":"product_tag-ersatzteil","27":"product_tag-hellcat","28":"product_tag-kraftwerk","29":"product_tag-power-stop","30":"product_tag-powerstop","31":"product_tag-powerstop-pads","32":"product_tag-srt","33":"product_tag-vorderachse","34":"product_tag-vorne","35":"product_tag-z23","36":"product_tag-z23-1405","37":"product_tag-zubehoer","39":"first","40":"instock","41":"taxable","42":"shipping-taxable","43":"purchasable","44":"product-type-simple"},"bundled_by":[],"bundle_stock_status":"instock","bundle_stock_quantity":2,"bundle_virtual":false,"bundle_layout":"","bundle_add_to_cart_form_location":"","bundle_editable_in_cart":false,"bundle_sold_individually_context":"","bundle_item_grouping":"","bundle_min_size":"","bundle_max_size":"","bundle_price":[],"bundled_items":[],"bundle_sell_ids":[],"exclude_global_add_ons":[],"addons":[],"acf":[],"_links":{"self":[{"href":"https:\/\/kraftwerk-shop.cc\/cs\/wp-json\/wp\/v2\/product\/68357137","targetHints":{"allow":["GET"]}}],"collection":[{"href":"https:\/\/kraftwerk-shop.cc\/cs\/wp-json\/wp\/v2\/product"}],"about":[{"href":"https:\/\/kraftwerk-shop.cc\/cs\/wp-json\/wp\/v2\/types\/product"}],"replies":[{"embeddable":true,"href":"https:\/\/kraftwerk-shop.cc\/cs\/wp-json\/wp\/v2\/comments?post=68357137"}],"version-history":[{"count":0,"href":"https:\/\/kraftwerk-shop.cc\/cs\/wp-json\/wp\/v2\/product\/68357137\/revisions"}],"wp:featuredmedia":[{"embeddable":true,"href":"https:\/\/kraftwerk-shop.cc\/cs\/wp-json\/wp\/v2\/media\/68274519"}],"wp:attachment":[{"href":"https:\/\/kraftwerk-shop.cc\/cs\/wp-json\/wp\/v2\/media?parent=68357137"}],"wp:term":[{"taxonomy":"product_brand","embeddable":true,"href":"https:\/\/kraftwerk-shop.cc\/cs\/wp-json\/wp\/v2\/product_brand?post=68357137"},{"taxonomy":"product_cat","embeddable":true,"href":"https:\/\/kraftwerk-shop.cc\/cs\/wp-json\/wp\/v2\/product_cat?post=68357137"},{"taxonomy":"product_tag","embeddable":true,"href":"https:\/\/kraftwerk-shop.cc\/cs\/wp-json\/wp\/v2\/product_tag?post=68357137"}],"curies":[{"name":"wp","href":"https:\/\/api.w.org\/{rel}","templated":true}]}}