{"id":68357171,"date":"2026-02-23T11:38:36","date_gmt":"2026-02-23T10:38:36","guid":{"rendered":"https:\/\/kraftwerk-shop.cc\/?post_type=product&#038;p=68357171"},"modified":"2026-03-01T20:55:19","modified_gmt":"2026-03-01T19:55:19","slug":"afe-50-70117r-vzduchovy-filtr-ford-mustang-gt","status":"publish","type":"product","link":"https:\/\/kraftwerk-shop.cc\/cs\/produkt\/afe-50-70117r-luftfilter-ford-mustang-gt\/","title":{"rendered":"aFe Momentum GT Cold Air sportovn\u00ed vzduchov\u00fd filtr Ford Mustang GT 5.0 S650"},"content":{"rendered":"<h1>aFe 50-70117R Syst\u00e9m s\u00e1n\u00ed studen\u00e9ho vzduchu Momentum GT s filtrem Pro 5R<\/h1>\n<p>&nbsp;<\/p>\n<p>Syst\u00e9m s\u00e1n\u00ed studen\u00e9ho vzduchu aFe POWER Momentum GT p\u0159edstavuje ide\u00e1ln\u00ed optimalizaci v\u00fdkonu pro v\u00e1\u0161 5,0L V8 Ford Mustang GT. Tento syst\u00e9m je navr\u017een tak, aby v\u00fdrazn\u011b p\u0159ekonal tov\u00e1rn\u00ed syst\u00e9m s\u00e1n\u00ed, a poskytuje znateln\u011b lep\u0161\u00ed odezvu na plyn, vy\u0161\u0161\u00ed v\u00fdkon a bohat\u0161\u00ed zvuk s\u00e1n\u00ed - na silnici i na okruhu.<br \/>\nObr\u00e1cen\u00e1 horn\u00ed \u010d\u00e1st filtru zaji\u0161\u0165uje velmi velkou filtra\u010dn\u00ed plochu, a t\u00edm i del\u0161\u00ed intervaly \u010di\u0161t\u011bn\u00ed.<\/p>\n<p><strong><br \/>\nV\u00fdkonn\u00fd p\u0159\u00edvod vzduchu a \u00fa\u010dinnost<\/strong><\/p>\n<p>St\u0159edem syst\u00e9mu je velk\u00fd 360stup\u0148ov\u00fd vzduchov\u00fd filtr s radi\u00e1ln\u00edm pr\u016ftokem z osv\u011bd\u010den\u00e9 \u0159ady m\u00e9di\u00ed Pro 5R, kter\u00fd se skl\u00e1d\u00e1 z p\u011bti jemn\u011b odstup\u0148ovan\u00fdch bavln\u011bn\u00fdch vrstev. Tato filtra\u010dn\u00ed m\u00e9dia zaji\u0161\u0165uj\u00ed mimo\u0159\u00e1dn\u011b vysok\u00fd pr\u016ftok vzduchu, co\u017e vede ke zlep\u0161en\u00ed v\u00fdkonu motoru - ide\u00e1ln\u00ed pro pou\u017eit\u00ed na silnici nebo na z\u00e1vodn\u00edm okruhu.<\/p>\n<p><strong><br \/>\nInovativn\u00ed design pro snadnou instalaci<\/strong><\/p>\n<p>Syst\u00e9m je vybaven unik\u00e1tn\u00edm jednod\u00edln\u00fdm ut\u011bsn\u011bn\u00fdm krytem z tepeln\u011b odoln\u00e9ho plastu XLPE, kter\u00fd je navr\u017een tak, aby minimalizoval absorpci tepla a z\u00e1rove\u0148 umo\u017e\u0148oval maxim\u00e1ln\u00ed pr\u016ftok.<\/p>\n<p>D\u00edky patentovan\u00e9mu rozhran\u00ed mezi filtrem a krytem se sni\u017euje po\u010det sou\u010d\u00e1st\u00ed, co\u017e zjednodu\u0161uje instalaci a z\u00e1rove\u0148 zaji\u0161\u0165uje stabiln\u00ed p\u0159\u00edvod vzduchu.<\/p>\n<p>Velk\u00e9 pr\u016fhledov\u00e9 ok\u00e9nko v krytu umo\u017e\u0148uje rychlou kontrolu filtru, ani\u017e by bylo nutn\u00e9 syst\u00e9m rozeb\u00edrat.<\/p>\n<p><strong><br \/>\nOptimalizace v\u00fdkonu a odoln\u00e9 komponenty<\/strong><\/p>\n<p>Dynamicky vylad\u011bn\u00e9 veden\u00ed sac\u00edho potrub\u00ed je optimalizov\u00e1no pro pr\u016ftok a zaji\u0161\u0165uje maxim\u00e1ln\u00ed v\u00fdkon d\u00edky p\u0159esn\u00e9 integraci do s\u00e9riov\u00fdch mont\u00e1\u017en\u00edch bod\u016f.<\/p>\n<p>Syst\u00e9m dopl\u0148uj\u00ed dal\u0161\u00ed vysoce kvalitn\u00ed komponenty, jako jsou robustn\u00ed svorky z nerezov\u00e9 oceli a pru\u017en\u00e9 silikonov\u00e9 spojky, kter\u00e9 zaji\u0161\u0165uj\u00ed bezpe\u010dn\u00e9 spojen\u00ed s dlouhou \u017eivotnost\u00ed.<\/p>\n<p>&nbsp;<\/p>\n<p><strong>Vhodn\u00e9 pro:<\/strong><\/p>\n<table style=\"height: 74px;\" border=\"0\" width=\"769\" cellspacing=\"0\" cellpadding=\"0\">\n<colgroup>\n<col \/>\n<col \/>\n<col \/>\n<col \/>\n<col \/> <\/colgroup>\n<tbody>\n<tr>\n<td style=\"height: 20px; width: 222.474px;\" height=\"20\"><strong>Zna\u010dka\u00a0<\/strong><\/td>\n<td style=\"width: 225.495px;\"><strong>Model<\/strong><\/td>\n<td style=\"width: 150.326px;\"><strong>Motor<\/strong><\/td>\n<td style=\"width: 162.37px;\"><strong>Rok v\u00fdstavby<\/strong><\/td>\n<\/tr>\n<tr>\n<td style=\"height: 40px; width: 222.474px;\" height=\"40\">Ford<\/td>\n<td style=\"width: 225.495px;\">S650 Mustang GT<\/td>\n<td style=\"width: 150.326px;\">5.0 V8<\/td>\n<td style=\"width: 162.37px;\">2024 <span style=\"font-family: inherit; font-size: inherit;\">- 2026<\/span><\/td>\n<\/tr>\n<tr>\n<td style=\"height: 40px; width: 222.474px;\" height=\"40\">Ford<\/td>\n<td style=\"width: 225.495px;\">S650 Mustang GT Dark Horse<\/td>\n<td style=\"width: 150.326px;\">5.0 V8<\/td>\n<td style=\"width: 162.37px;\">2024 <span style=\"font-family: inherit; font-size: inherit;\">- 2026<\/span><\/td>\n<\/tr>\n<\/tbody>\n<\/table>","protected":false},"excerpt":{"rendered":"<p>2024\u20132026<\/p>","protected":false},"featured_media":68357175,"comment_status":"open","ping_status":"closed","template":"","meta":{"_acf_changed":false},"product_brand":[16879],"product_cat":[4043,1779],"product_tag":[6297,10814,19142,20714,20715,20719,20720,20716,2441,20721,20786,20787,20728,20725,20722,20803,20799,20802,20800,20801,20773,20776,20779,20782,20774,20777,20780,20783,20775,20778,20781,20784,20730,14207,20729,20768,20767,20764,20766,20765,20763,20758,20761,20760,20736,20737,20762,20757,20771,20769,20770,20772,20759,20734,20735,2934,20723,20273,20724,20717,20718,20793,20751,20750,20748,20749,20752,20796,20794,20731,20754,20753,20756,20755,20792,20795,20747,20745,20746,20807,20743,20744,20742,20739,20741,20740,20805,20738,20806,20804,20732,20733,20798,20797,20726,9882,20785,20791,20727,20788,20789,20790],"class_list":{"0":"post-68357171","1":"product","2":"type-product","3":"status-publish","4":"has-post-thumbnail","6":"product_brand-afe-power","7":"product_cat-mustang-50-gt-ansaugung","8":"product_cat-neue-produkte","9":"product_tag-6297","10":"product_tag-10814","11":"product_tag-19142","12":"product_tag-50-70117r","13":"product_tag-5070117r","14":"product_tag-afe-cold-air-intake-mustang","15":"product_tag-afe-intake-mustang-gt","16":"product_tag-afe-momentum-gt","17":"product_tag-afe-power","18":"product_tag-afe-power-mustang","19":"product_tag-afe-pro-5r","20":"product_tag-afe-pro-5r-mustang","21":"product_tag-ansauganlage-mustang-gt","22":"product_tag-ansaugsystem-ford-mustang","23":"product_tag-cold-air-intake-ford-mustang","24":"product_tag-cold-air-intake-mustang-deutschland","25":"product_tag-cold-air-intake-mustang-einbauen","26":"product_tag-cold-air-intake-mustang-erfahrungen","27":"product_tag-cold-air-intake-mustang-kaufen","28":"product_tag-cold-air-intake-mustang-test","29":"product_tag-ford-mustang-2024-cold-air-intake","30":"product_tag-ford-mustang-2024-kaltluftansaugung","31":"product_tag-ford-mustang-2024-luftfilter","32":"product_tag-ford-mustang-2024-tuning","33":"product_tag-ford-mustang-2025-cold-air-intake","34":"product_tag-ford-mustang-2025-kaltluftansaugung","35":"product_tag-ford-mustang-2025-luftfilter","36":"product_tag-ford-mustang-2025-tuning","37":"product_tag-ford-mustang-2026-cold-air-intake","38":"product_tag-ford-mustang-2026-kaltluftansaugung","39":"product_tag-ford-mustang-2026-luftfilter","40":"product_tag-ford-mustang-2026-tuning","41":"product_tag-ford-mustang-5-0-v8","42":"product_tag-ford-mustang-gt","43":"product_tag-ford-mustang-gt-5-0","44":"product_tag-ford-mustang-gt-5-0-ansaugsystem","45":"product_tag-ford-mustang-gt-5-0-cold-air-intake","46":"product_tag-ford-mustang-gt-5-0-intake","47":"product_tag-ford-mustang-gt-5-0-kaltluftansaugung","48":"product_tag-ford-mustang-gt-5-0-luftfilter","49":"product_tag-ford-mustang-gt-5-0-tuning","50":"product_tag-ford-mustang-gt-leistungssteigerung","51":"product_tag-ford-mustang-gt-motortuning","52":"product_tag-ford-mustang-gt-performance","53":"product_tag-ford-mustang-gt-s550","54":"product_tag-ford-mustang-gt-s650","55":"product_tag-ford-mustang-gt-sportluftfilter","56":"product_tag-ford-mustang-gt-tuning","57":"product_tag-ford-mustang-gt-v8-cold-air-intake","58":"product_tag-ford-mustang-gt-v8-intake","59":"product_tag-ford-mustang-gt-v8-luftfilter","60":"product_tag-ford-mustang-gt-v8-tuning","61":"product_tag-ford-mustang-gt-zubehoer","62":"product_tag-ford-mustang-s550","63":"product_tag-ford-mustang-s650","64":"product_tag-harder","65":"product_tag-kaltluftansaugung-ford-mustang","66":"product_tag-keintuev","67":"product_tag-luftfilter-ford-mustang","68":"product_tag-momentum-gt-cold-air-intake","69":"product_tag-momentum-gt-pro-5r","70":"product_tag-mustang-18-ps-intake","71":"product_tag-mustang-5-0-ansaugsystem","72":"product_tag-mustang-5-0-intake","73":"product_tag-mustang-5-0-kaltluftansaugung","74":"product_tag-mustang-5-0-luftfilter","75":"product_tag-mustang-5-0-tuning","76":"product_tag-mustang-ansaugbox-ersetzen","77":"product_tag-mustang-ansauggeraeusch-verbessern","78":"product_tag-mustang-coyote-5-0","79":"product_tag-mustang-coyote-cold-air-intake","80":"product_tag-mustang-coyote-intake","81":"product_tag-mustang-coyote-kaltluftansaugung","82":"product_tag-mustang-coyote-luftfilter","83":"product_tag-mustang-drehmoment-steigerung-intake","84":"product_tag-mustang-gasannahme-verbessern","85":"product_tag-mustang-gt-5-0-cold-air-intake","86":"product_tag-mustang-gt-ansaugsystem","87":"product_tag-mustang-gt-ansaugung","88":"product_tag-mustang-gt-ansaugung-kaufen","89":"product_tag-mustang-gt-cold-air-intake","90":"product_tag-mustang-gt-intake","91":"product_tag-mustang-gt-kaltluftansaugung","92":"product_tag-mustang-gt-leistungssteigerung","93":"product_tag-mustang-gt-luftfilter","94":"product_tag-mustang-gt-motortuning","95":"product_tag-mustang-gt-performance-teile","96":"product_tag-mustang-gt-tuning","97":"product_tag-mustang-gt-tuningteile-deutschland","98":"product_tag-mustang-gt-zubehoer-kaufen","99":"product_tag-mustang-s550","100":"product_tag-mustang-s650","101":"product_tag-mustang-serienluftfilter-ersetzen","102":"product_tag-mustang-sportluftfilter-einbauen","103":"product_tag-performance-intake-mustang","104":"product_tag-pro-5r-filter","105":"product_tag-pro-5r-luftfilter","106":"product_tag-sichtfenster-luftfilterbox-mustang","107":"product_tag-sportluftfilter-mustang","108":"product_tag-waschbarer-luftfilter-mustang","109":"product_tag-wiederverwendbarer-luftfilter-mustang","110":"product_tag-xlpe-ansauggehaeuse-mustang","112":"first","113":"onbackorder","114":"taxable","115":"shipping-taxable","116":"purchasable","117":"product-type-simple"},"bundled_by":[],"bundle_stock_status":"onbackorder","bundle_stock_quantity":0,"bundle_virtual":false,"bundle_layout":"","bundle_add_to_cart_form_location":"","bundle_editable_in_cart":false,"bundle_sold_individually_context":"","bundle_item_grouping":"","bundle_min_size":"","bundle_max_size":"","bundle_price":[],"bundled_items":[],"bundle_sell_ids":[],"exclude_global_add_ons":[],"addons":[],"acf":[],"_links":{"self":[{"href":"https:\/\/kraftwerk-shop.cc\/cs\/wp-json\/wp\/v2\/product\/68357171","targetHints":{"allow":["GET"]}}],"collection":[{"href":"https:\/\/kraftwerk-shop.cc\/cs\/wp-json\/wp\/v2\/product"}],"about":[{"href":"https:\/\/kraftwerk-shop.cc\/cs\/wp-json\/wp\/v2\/types\/product"}],"replies":[{"embeddable":true,"href":"https:\/\/kraftwerk-shop.cc\/cs\/wp-json\/wp\/v2\/comments?post=68357171"}],"version-history":[{"count":0,"href":"https:\/\/kraftwerk-shop.cc\/cs\/wp-json\/wp\/v2\/product\/68357171\/revisions"}],"wp:featuredmedia":[{"embeddable":true,"href":"https:\/\/kraftwerk-shop.cc\/cs\/wp-json\/wp\/v2\/media\/68357175"}],"wp:attachment":[{"href":"https:\/\/kraftwerk-shop.cc\/cs\/wp-json\/wp\/v2\/media?parent=68357171"}],"wp:term":[{"taxonomy":"product_brand","embeddable":true,"href":"https:\/\/kraftwerk-shop.cc\/cs\/wp-json\/wp\/v2\/product_brand?post=68357171"},{"taxonomy":"product_cat","embeddable":true,"href":"https:\/\/kraftwerk-shop.cc\/cs\/wp-json\/wp\/v2\/product_cat?post=68357171"},{"taxonomy":"product_tag","embeddable":true,"href":"https:\/\/kraftwerk-shop.cc\/cs\/wp-json\/wp\/v2\/product_tag?post=68357171"}],"curies":[{"name":"wp","href":"https:\/\/api.w.org\/{rel}","templated":true}]}}