{"id":68357306,"date":"2026-02-28T12:56:04","date_gmt":"2026-02-28T11:56:04","guid":{"rendered":"https:\/\/kraftwerk-shop.cc\/?post_type=product&#038;p=68357306"},"modified":"2026-03-01T21:00:50","modified_gmt":"2026-03-01T20:00:50","slug":"skrtici-klapka-mopar-68428448ab","status":"publish","type":"product","link":"https:\/\/kraftwerk-shop.cc\/cs\/produkt\/mopar-drosselklappe-68428448ab\/","title":{"rendered":"\u0160krtic\u00ed klapka Mopar (68428448AB)"},"content":{"rendered":"<h1>Origin\u00e1ln\u00ed \u0161krtic\u00ed klapka Mopar (68428448AB) pro Dodge Hornet, Jeep Compass, Grand Cherokee a Wrangler 2.0 Turbo<\/h1>\n<p>&nbsp;<\/p>\n<p><span lang=\"DE\"><strong>\u010c\u00edslo d\u00edlu Mopar:<\/strong>\u00a068428448AB<br \/>\n<strong>Nahrazeno: <\/strong>68428448AA<\/span><\/p>\n<p>&nbsp;<\/p>\n<p><strong>Vhodn\u00e9 pro:<\/strong><\/p>\n<table width=\"996\">\n<tbody>\n<tr>\n<td width=\"138\"><strong>Rok v\u00fdstavby<\/strong><\/td>\n<td width=\"168\"><strong>Zna\u010dka<\/strong><\/td>\n<td width=\"144\"><strong>Model<\/strong><\/td>\n<td width=\"290\"><strong>Verze<\/strong><\/td>\n<td width=\"256\"><strong>Motor<\/strong><\/td>\n<\/tr>\n<tr>\n<td width=\"138\">2025<\/td>\n<td width=\"168\">Dodge<\/td>\n<td width=\"144\">Hornet<\/td>\n<td width=\"290\">GT, GT Plus<\/td>\n<td width=\"256\">2.0L<\/td>\n<\/tr>\n<tr>\n<td width=\"138\">2025<\/td>\n<td width=\"168\">Jeep<\/td>\n<td width=\"144\">Kompas<\/td>\n<td width=\"290\">Latitude, Limited, Sport, Trailhawk<\/td>\n<td width=\"256\">2.0L<\/td>\n<\/tr>\n<tr>\n<td width=\"138\">2025<\/td>\n<td width=\"168\">Jeep<\/td>\n<td width=\"144\">Wrangler<\/td>\n<td width=\"290\">Rubicon, Rubicon X, Sport, Sport S, Unlimited High Altitude 4xe, Unlimited Rubicon, Unlimited Rubicon 4xe, Unlimited Rubicon X, Unlimited Rubicon X 4xe, Unlimited Sahara, Unlimited Sahara 4xe, Unlimited Sport, Unlimited Sport S, Unlimited Sport S 4xe, Unlimited Willys, Unlimited Willys 4xe, Willys<\/td>\n<td width=\"256\">2.0L<\/td>\n<\/tr>\n<tr>\n<td width=\"138\">2024<\/td>\n<td width=\"168\">Dodge<\/td>\n<td width=\"144\">Hornet<\/td>\n<td width=\"290\">GT, GT Plus<\/td>\n<td width=\"256\">2.0L<\/td>\n<\/tr>\n<tr>\n<td width=\"138\">2024<\/td>\n<td width=\"168\">Jeep<\/td>\n<td width=\"144\">Kompas<\/td>\n<td width=\"290\">Latitude, Latitude Lux, Limited, Sport, Trailhawk<\/td>\n<td width=\"256\">2.0L<\/td>\n<\/tr>\n<tr>\n<td width=\"138\">2024<\/td>\n<td width=\"168\">Jeep<\/td>\n<td width=\"144\">Grand Cherokee<\/td>\n<td width=\"290\">4xe, Overland 4xe, Summit 4xe, Summit Reserve 4xe, Trailhawk 4xe<\/td>\n<td width=\"256\">2.0L<\/td>\n<\/tr>\n<tr>\n<td width=\"138\">2024<\/td>\n<td width=\"168\">Jeep<\/td>\n<td width=\"144\">Wrangler<\/td>\n<td width=\"290\">Rubicon, Rubicon X, Sport, Sport S, Unlimited High Altitude 4xe, Unlimited Rubicon, Unlimited Rubicon 4xe, Unlimited Rubicon X, Unlimited Rubicon X 4xe, Unlimited Sahara, Unlimited Sahara 4xe, Unlimited Sport, Unlimited Sport S, Unlimited Sport S 4xe, Unlimited Willys, Unlimited Willys 4xe, Unlimited Willys Sport, Willys, Willys Sport<\/td>\n<td width=\"256\">2.0L<\/td>\n<\/tr>\n<tr>\n<td width=\"138\">2023<\/td>\n<td width=\"168\">Dodge<\/td>\n<td width=\"144\">Hornet<\/td>\n<td width=\"290\">GT, GT Plus<\/td>\n<td width=\"256\">2.0L<\/td>\n<\/tr>\n<tr>\n<td width=\"138\">2023<\/td>\n<td width=\"168\">Jeep<\/td>\n<td width=\"144\">Cherokee<\/td>\n<td width=\"290\">Trailhawk<\/td>\n<td width=\"256\">2.0L<\/td>\n<\/tr>\n<tr>\n<td width=\"138\">2023<\/td>\n<td width=\"168\">Jeep<\/td>\n<td width=\"144\">Kompas<\/td>\n<td width=\"290\">Altitude, High Altitude, Latitude, Latitude Lux, Limited, Red, Sport, Trailhawk<\/td>\n<td width=\"256\">2.0L<\/td>\n<\/tr>\n<tr>\n<td width=\"138\">2023<\/td>\n<td width=\"168\">Jeep<\/td>\n<td width=\"144\">Grand Cherokee<\/td>\n<td width=\"290\">30th Anniversary 4xe, 4xe, Overland 4xe, Summit 4xe, Summit Reserve 4xe, Trailhawk 4xe<\/td>\n<td width=\"256\">2.0L<\/td>\n<\/tr>\n<tr>\n<td width=\"138\">2023<\/td>\n<td width=\"168\">Jeep<\/td>\n<td width=\"144\">Wrangler<\/td>\n<td width=\"290\">Freedom, Rubicon, Sport, Sport S, Unlimited Freedom, Unlimited High Altitude, Unlimited High Altitude 4xe, Unlimited Rubicon, Unlimited Rubicon 4xe, Unlimited Sahara, Unlimited Sahara 4xe, Unlimited Sahara Altitude, Unlimited Sport, Unlimited Sport Altitude, Unlimited Sport S, Unlimited Willys, Unlimited Willys 4xe, Unlimited Willys Sport, Willys, Willys Sport<\/td>\n<td width=\"256\">2.0L<\/td>\n<\/tr>\n<tr>\n<td width=\"138\">2022<\/td>\n<td width=\"168\">Jeep<\/td>\n<td width=\"144\">Cherokee<\/td>\n<td width=\"290\">Latitude Lux, Limited<\/td>\n<td width=\"256\">2.0L<\/td>\n<\/tr>\n<tr>\n<td width=\"138\">2022<\/td>\n<td width=\"168\">Jeep<\/td>\n<td width=\"144\">Grand Cherokee<\/td>\n<td width=\"290\">4xe, Overland 4xe, Summit 4xe, Summit Reserve 4xe, Trailhawk 4xe<\/td>\n<td width=\"256\">2.0L<\/td>\n<\/tr>\n<tr>\n<td width=\"138\">2022<\/td>\n<td width=\"168\">Jeep<\/td>\n<td width=\"144\">Wrangler<\/td>\n<td width=\"290\">Rubicon, Sport, Sport S, Unlimited High Altitude, Unlimited High Altitude 4xe, Unlimited Rubicon, Unlimited Rubicon 4xe, Unlimited Sahara 4xe, Unlimited Sahara Altitude, Unlimited Sport, Unlimited Sport Altitude, Unlimited Sport S, Unlimited Willys, Unlimited Willys Sport, Willys, Willys Sport<\/td>\n<td width=\"256\">2.0L<\/td>\n<\/tr>\n<tr>\n<td width=\"138\">2021<\/td>\n<td width=\"168\">Jeep<\/td>\n<td width=\"144\">Cherokee<\/td>\n<td width=\"290\">80. v\u00fdro\u010d\u00ed, High Altitude, Latitude Lux, Limited<\/td>\n<td width=\"256\">2.0L<\/td>\n<\/tr>\n<tr>\n<td width=\"138\">2021<\/td>\n<td width=\"168\">Jeep<\/td>\n<td width=\"144\">Wrangler<\/td>\n<td width=\"290\">80. v\u00fdro\u010d\u00ed, Freedom, Islander, Rubicon, Sport, Sport S, Unlimited 80. v\u00fdro\u010d\u00ed, Unlimited Freedom, Unlimited High Altitude, Unlimited High Altitude 4xe, Unlimited Islander, Unlimited Rubicon, Unlimited Rubicon 4xe, Unlimited Sahara, Unlimited Sahara 4xe, Unlimited Sahara Altitude, Unlimited Sport, Unlimited Sport Altitude, Unlimited Sport S, Unlimited Willys, Unlimited Willys Sport, Willys, Willys Sport<\/td>\n<td width=\"256\">2.0L<\/td>\n<\/tr>\n<tr>\n<td width=\"138\">2020<\/td>\n<td width=\"168\">Jeep<\/td>\n<td width=\"144\">Cherokee<\/td>\n<td width=\"290\">Altitude, High Altitude, Latitude Plus, Limited, Overland, Trailhawk, Trailhawk Elite<\/td>\n<td width=\"256\">2.0L<\/td>\n<\/tr>\n<tr>\n<td width=\"138\">2020<\/td>\n<td width=\"168\">Jeep<\/td>\n<td width=\"144\">Wrangler<\/td>\n<td width=\"290\">Rubicon, Sport, Sport S, Unlimited Rubicon, Unlimited Sahara, Unlimited Sport, Unlimited Sport S<\/td>\n<td width=\"256\">2.0L<\/td>\n<\/tr>\n<tr>\n<td width=\"138\">2019<\/td>\n<td width=\"168\">Jeep<\/td>\n<td width=\"144\">Cherokee<\/td>\n<td width=\"290\">Altitude, High Altitude, Latitude Plus, Limited, Overland, Trailhawk, Trailhawk Elite<\/td>\n<td width=\"256\">2.0L<\/td>\n<\/tr>\n<tr>\n<td width=\"138\">2019<\/td>\n<td width=\"168\">Jeep<\/td>\n<td width=\"144\">Wrangler<\/td>\n<td width=\"290\">Rubicon, Sport, Sport S, Unlimited Rubicon, Unlimited Sahara, Unlimited Sport, Unlimited Sport S<\/td>\n<td width=\"256\">2.0L<\/td>\n<\/tr>\n<tr>\n<td width=\"138\">2018<\/td>\n<td width=\"168\">Jeep<\/td>\n<td width=\"144\">Wrangler<\/td>\n<td width=\"290\">Rubicon, Sport, Sport S, Unlimited Rubicon, Unlimited Sahara, Unlimited Sport, Unlimited Sport S<\/td>\n<td width=\"256\">2.0L<\/td>\n<\/tr>\n<\/tbody>\n<\/table>\n<p>&nbsp;<\/p>\n<p>&nbsp;<\/p>\n<p>&nbsp;<\/p>\n<h4>Pro\u010d m\u016f\u017eete hr\u00e1t na jistotu s origin\u00e1ln\u00edmi d\u00edly Mopar<\/h4>\n<p>Perfektn\u011b p\u0159izp\u016fsoben\u00e9 va\u0161emu modelu: Mopar dod\u00e1v\u00e1 origin\u00e1ln\u00ed d\u00edly, kter\u00e9 jsou p\u0159esn\u011b p\u0159izp\u016fsobeny technologii va\u0161eho vozidla. To zaru\u010duje nejen dokonalou mont\u00e1\u017e, ale tak\u00e9 plnou kompatibilitu se v\u0161emi funkcemi vozidla.<\/p>\n<p>Trvanliv\u00e1 kvalita pro ka\u017ed\u00e9 pou\u017eit\u00ed: Ka\u017ed\u00fd d\u00edl Mopar je p\u0159ed opu\u0161t\u011bn\u00edm v\u00fdrobn\u00edho z\u00e1vodu d\u016fkladn\u011b testov\u00e1n. Kombinace robustn\u00edch materi\u00e1l\u016f a precizn\u00ed v\u00fdroby zaji\u0161\u0165uje spolehliv\u00fd provoz va\u0161eho vozidla - den za dnem, kilometr za kilometrem.<\/p>","protected":false},"excerpt":{"rendered":"<p>Origin\u00e1ln\u00ed d\u00edl Mopar<\/p>","protected":false},"featured_media":68357309,"comment_status":"open","ping_status":"closed","template":"","meta":{"_acf_changed":false},"product_brand":[16270],"product_cat":[2939],"product_tag":[21008,21001,677,49,158,56,7941,50,31,8813,9424,16271,16273,16275,16272,16274,7221,175],"class_list":{"0":"post-68357306","1":"product","2":"type-product","3":"status-publish","4":"has-post-thumbnail","6":"product_brand-mopar","7":"product_cat-wrangler-20-turbo-ansaugung","8":"product_tag-68428448aa","9":"product_tag-68428448ab","10":"product_tag-compass","11":"product_tag-dodge","12":"product_tag-drosselklappe","13":"product_tag-grand-cherokee","14":"product_tag-hornet","15":"product_tag-jeep","16":"product_tag-mopar","17":"product_tag-mopar-autoteile","18":"product_tag-mopar-ersatzteile","19":"product_tag-mopar-ersatzteile-kaufen","20":"product_tag-mopar-performance-teile","21":"product_tag-mopar-teile-katalog","22":"product_tag-mopar-teile-online","23":"product_tag-mopar-tuningteile","24":"product_tag-mopar10","25":"product_tag-wrangler","26":"product_shipping_class-deutschlandohne","28":"first","29":"instock","30":"taxable","31":"shipping-taxable","32":"purchasable","33":"product-type-simple"},"bundled_by":[],"bundle_stock_status":"instock","bundle_stock_quantity":1,"bundle_virtual":false,"bundle_layout":"","bundle_add_to_cart_form_location":"","bundle_editable_in_cart":false,"bundle_sold_individually_context":"","bundle_item_grouping":"","bundle_min_size":"","bundle_max_size":"","bundle_price":[],"bundled_items":[],"bundle_sell_ids":[],"exclude_global_add_ons":[],"addons":[],"acf":[],"_links":{"self":[{"href":"https:\/\/kraftwerk-shop.cc\/cs\/wp-json\/wp\/v2\/product\/68357306","targetHints":{"allow":["GET"]}}],"collection":[{"href":"https:\/\/kraftwerk-shop.cc\/cs\/wp-json\/wp\/v2\/product"}],"about":[{"href":"https:\/\/kraftwerk-shop.cc\/cs\/wp-json\/wp\/v2\/types\/product"}],"replies":[{"embeddable":true,"href":"https:\/\/kraftwerk-shop.cc\/cs\/wp-json\/wp\/v2\/comments?post=68357306"}],"version-history":[{"count":0,"href":"https:\/\/kraftwerk-shop.cc\/cs\/wp-json\/wp\/v2\/product\/68357306\/revisions"}],"wp:featuredmedia":[{"embeddable":true,"href":"https:\/\/kraftwerk-shop.cc\/cs\/wp-json\/wp\/v2\/media\/68357309"}],"wp:attachment":[{"href":"https:\/\/kraftwerk-shop.cc\/cs\/wp-json\/wp\/v2\/media?parent=68357306"}],"wp:term":[{"taxonomy":"product_brand","embeddable":true,"href":"https:\/\/kraftwerk-shop.cc\/cs\/wp-json\/wp\/v2\/product_brand?post=68357306"},{"taxonomy":"product_cat","embeddable":true,"href":"https:\/\/kraftwerk-shop.cc\/cs\/wp-json\/wp\/v2\/product_cat?post=68357306"},{"taxonomy":"product_tag","embeddable":true,"href":"https:\/\/kraftwerk-shop.cc\/cs\/wp-json\/wp\/v2\/product_tag?post=68357306"}],"curies":[{"name":"wp","href":"https:\/\/api.w.org\/{rel}","templated":true}]}}