{"id":68357315,"date":"2026-02-28T13:45:14","date_gmt":"2026-02-28T12:45:14","guid":{"rendered":"https:\/\/kraftwerk-shop.cc\/?post_type=product&#038;p=68357315"},"modified":"2026-03-17T11:20:56","modified_gmt":"2026-03-17T10:20:56","slug":"sada-hydraulickych-filtru-chrysler-dodge-jeep-nag1","status":"publish","type":"product","link":"https:\/\/kraftwerk-shop.cc\/cs\/produkt\/hydraulikfiltersatz-chrysler-dodge-jeep-nag1\/","title":{"rendered":"Sada hydraulick\u00fdch filtr\u016f Chrysler, Dodge, Jeep s p\u0159evodovkou NAG1"},"content":{"rendered":"<h1>Sada hydraulick\u00fdch filtr\u016f pro Chrysler 300C, Dodge Challenger, Charger, Magnum, Jeep Commander a Grand Cherokee s p\u011btistup\u0148ovou p\u0159evodovkou NAG1<\/h1>\n<p>&nbsp;<\/p>\n<p>Sada hydraulick\u00fdch filtr\u016f VAICO pro automatick\u00e9 p\u0159evodovky NAG1 je sada pro \u00fadr\u017ebu p\u011btistup\u0148ov\u00fdch automatick\u00fdch p\u0159evodovek (typy: W5A 580, W5A 900, W5A 380, W5A 330, 722.6).<\/p>\n<div class=\"relative inline-flex items-center\"><\/div>\n<div><\/div>\n<p><strong>Obsah sady:<\/strong><\/p>\n<ul>\n<li>T\u011bsn\u011bn\u00ed olejov\u00e9 vany automatick\u00e9 p\u0159evodovky<\/li>\n<li>Hydraulick\u00fd filtr<\/li>\n<li>Z\u00e1suvn\u00e9 pouzdro pro \u0159\u00eddic\u00ed jednotku automatick\u00e9 p\u0159evodovky<\/li>\n<\/ul>\n<p>&nbsp;<\/p>\n<p>&nbsp;<\/p>\n<p><strong>Vhodn\u00e9 pro:<\/strong><\/p>\n<table width=\"1004\">\n<tbody>\n<tr>\n<td width=\"82\"><strong>Rok v\u00fdstavby<\/strong><\/td>\n<td width=\"82\"><strong>Zna\u010dka<\/strong><\/td>\n<td width=\"124\"><strong>Model<\/strong><\/td>\n<td width=\"512\"><strong>Verze<\/strong><\/td>\n<td width=\"204\"><strong>Motor<\/strong><\/td>\n<\/tr>\n<tr>\n<td width=\"82\">2020<\/td>\n<td width=\"82\">Dodge<\/td>\n<td width=\"124\">Charger<\/td>\n<td width=\"512\">GT, Pursuit, SXT<\/td>\n<td width=\"204\">3.6L V6 - Flex, 3.6L, 5.7L<\/td>\n<\/tr>\n<tr>\n<td width=\"82\">2019<\/td>\n<td width=\"82\">Dodge<\/td>\n<td width=\"124\">Charger<\/td>\n<td width=\"512\">GT, Pursuit, R\/T, SXT<\/td>\n<td width=\"204\">3.6L V6 - Flex, 3.6L, 5.7L<\/td>\n<\/tr>\n<tr>\n<td width=\"82\">2018<\/td>\n<td width=\"82\">Dodge<\/td>\n<td width=\"124\">Charger<\/td>\n<td width=\"512\">Daytona, Pursuit, R\/T, SXT, SXT Plus, SXT Plus Leather<\/td>\n<td width=\"204\">3.6L V6 - Flex, 3.6L, 5.7L<\/td>\n<\/tr>\n<tr>\n<td width=\"82\">2018<\/td>\n<td width=\"82\">Jeep<\/td>\n<td width=\"124\">Wrangler JK<\/td>\n<td width=\"512\">Rubicon, Sahara, Sport, Sport S, Unlimited Rubicon, Unlimited Sahara, Unlimited Sport, Unlimited Sport S<\/td>\n<td width=\"204\">3.6L<\/td>\n<\/tr>\n<tr>\n<td width=\"82\">2017<\/td>\n<td width=\"82\">Dodge<\/td>\n<td width=\"124\">Charger<\/td>\n<td width=\"512\">Daytona, Pursuit, R\/T, SE, SXT<\/td>\n<td width=\"204\">3.6L V6 - Flex, 5.7L<\/td>\n<\/tr>\n<tr>\n<td width=\"82\">2017<\/td>\n<td width=\"82\">Jeep<\/td>\n<td width=\"124\">Wrangler<\/td>\n<td width=\"512\">Rubicon, Sahara, Sport, Unlimited Rubicon, Unlimited Sahara, Unlimited Sport<\/td>\n<td width=\"204\">3.6L<\/td>\n<\/tr>\n<tr>\n<td width=\"82\">2016<\/td>\n<td width=\"82\">Dodge<\/td>\n<td width=\"124\">Charger<\/td>\n<td width=\"512\">Pursuit, R\/T, R\/T Road &amp; Track, SE, SXT<\/td>\n<td width=\"204\">3.6L V6 - Flex, 5.7L<\/td>\n<\/tr>\n<tr>\n<td width=\"82\">2016<\/td>\n<td width=\"82\">Jeep<\/td>\n<td width=\"124\">Wrangler<\/td>\n<td width=\"512\">75. v\u00fdro\u010d\u00ed, Rubicon, Sahara, Sport, Sport S, Unlimited 75th Anniversary, Unlimited Rubicon, Unlimited Sahara, Unlimited Sport, Unlimited Sport S<\/td>\n<td width=\"204\">3.6L<\/td>\n<\/tr>\n<tr>\n<td width=\"82\">2015<\/td>\n<td width=\"82\">Dodge<\/td>\n<td width=\"124\">Charger<\/td>\n<td width=\"512\">Pursuit, R\/T, R\/T Road &amp; Track, SE, SXT<\/td>\n<td width=\"204\">3.6L V6 - Flex, 5.7L<\/td>\n<\/tr>\n<tr>\n<td width=\"82\">2015<\/td>\n<td width=\"82\">Jeep<\/td>\n<td width=\"124\">Wrangler<\/td>\n<td width=\"512\">Rubicon, Sahara, Sport, Unlimited Rubicon, Unlimited Sahara, Unlimited Sport<\/td>\n<td width=\"204\">3.6L<\/td>\n<\/tr>\n<tr>\n<td width=\"82\">2014<\/td>\n<td width=\"82\">Chrysler<\/td>\n<td width=\"124\">300<\/td>\n<td width=\"512\">C, C Luxury, S, SRT8<\/td>\n<td width=\"204\">5,7 L, 6,4 L<\/td>\n<\/tr>\n<tr>\n<td width=\"82\">2014<\/td>\n<td width=\"82\">Dodge<\/td>\n<td width=\"124\">Challenger<\/td>\n<td width=\"512\">R\/T, Rallye Redline, SXT<\/td>\n<td width=\"204\">3,6 L, 5,7 L<\/td>\n<\/tr>\n<tr>\n<td width=\"82\">2014<\/td>\n<td width=\"82\">Dodge<\/td>\n<td width=\"124\">Charger<\/td>\n<td width=\"512\">Pursuit, R\/T, SE, SRT8, SXT<\/td>\n<td width=\"204\">3.6L V6 - Flex, 3.6L, 5.7L, 6.4L<\/td>\n<\/tr>\n<tr>\n<td width=\"82\">2014<\/td>\n<td width=\"82\">Jeep<\/td>\n<td width=\"124\">Wrangler<\/td>\n<td width=\"512\">Rubicon, Sahara, Sport, Unlimited Rubicon, Unlimited Sahara, Unlimited Sport<\/td>\n<td width=\"204\">3.6L<\/td>\n<\/tr>\n<tr>\n<td width=\"82\">2013<\/td>\n<td width=\"82\">Chrysler<\/td>\n<td width=\"124\">300<\/td>\n<td width=\"512\">Z\u00e1kladn\u00ed verze, C, C Luxury, S, SRT8, SRT8 Core<\/td>\n<td width=\"204\">3.6L V6 - Flex, 3.6L, 5.7L, 6.4L<\/td>\n<\/tr>\n<tr>\n<td width=\"82\">2013<\/td>\n<td width=\"82\">Dodge<\/td>\n<td width=\"124\">Challenger<\/td>\n<td width=\"512\">R\/T, SRT8, SXT<\/td>\n<td width=\"204\">3.6L, 5.7L, 6.4L<\/td>\n<\/tr>\n<tr>\n<td width=\"82\">2013<\/td>\n<td width=\"82\">Dodge<\/td>\n<td width=\"124\">Charger<\/td>\n<td width=\"512\">Pursuit, R\/T, SE, SRT8, SXT<\/td>\n<td width=\"204\">3.6L V6 - Flex, 3.6L, 5.7L, 6.4L<\/td>\n<\/tr>\n<tr>\n<td width=\"82\">2013<\/td>\n<td width=\"82\">Dodge<\/td>\n<td width=\"124\">Durango<\/td>\n<td width=\"512\">Citadela, Crew, SXT, Speci\u00e1ln\u00ed slu\u017eba<\/td>\n<td width=\"204\">3.6L V6 - Flex<\/td>\n<\/tr>\n<tr>\n<td width=\"82\">2013<\/td>\n<td width=\"82\">Jeep<\/td>\n<td width=\"124\">Grand Cherokee<\/td>\n<td width=\"512\">Laredo, Limited, Overland, SRT8<\/td>\n<td width=\"204\">3.6L V6 - Flex, 6.4L<\/td>\n<\/tr>\n<tr>\n<td width=\"82\">2013<\/td>\n<td width=\"82\">Jeep<\/td>\n<td width=\"124\">Wrangler<\/td>\n<td width=\"512\">Rubicon, Sahara, Sport, Unlimited Rubicon, Unlimited Sahara, Unlimited Sport<\/td>\n<td width=\"204\">3.6L<\/td>\n<\/tr>\n<tr>\n<td width=\"82\">2012<\/td>\n<td width=\"82\">Chrysler<\/td>\n<td width=\"124\">300<\/td>\n<td width=\"512\">Base, C, C Luxury, Limited, S, SRT8<\/td>\n<td width=\"204\">3.6L V6 - Flex, 3.6L, 5.7L, 6.4L<\/td>\n<\/tr>\n<tr>\n<td width=\"82\">2012<\/td>\n<td width=\"82\">Dodge<\/td>\n<td width=\"124\">Challenger<\/td>\n<td width=\"512\">R\/T, R\/T Classic, SRT8, SXT, SXT Plus<\/td>\n<td width=\"204\">3.6L, 5.7L, 6.4L<\/td>\n<\/tr>\n<tr>\n<td width=\"82\">2012<\/td>\n<td width=\"82\">Dodge<\/td>\n<td width=\"124\">Charger<\/td>\n<td width=\"512\">Pursuit, R\/T, SE, SRT8, SXT, SXT Plus<\/td>\n<td width=\"204\">3.6L V6 - Flex, 3.6L, 5.7L, 6.4L<\/td>\n<\/tr>\n<tr>\n<td width=\"82\">2012<\/td>\n<td width=\"82\">Dodge<\/td>\n<td width=\"124\">Durango<\/td>\n<td width=\"512\">Citadela, Crew, SXT, Speci\u00e1ln\u00ed slu\u017eba<\/td>\n<td width=\"204\">3.6L V6 - Flex<\/td>\n<\/tr>\n<tr>\n<td width=\"82\">2012<\/td>\n<td width=\"82\">Jeep<\/td>\n<td width=\"124\">Grand Cherokee<\/td>\n<td width=\"512\">Laredo, Limited, Overland, Overland Summit, SRT8<\/td>\n<td width=\"204\">3.6L V6 - Flex, 6.4L<\/td>\n<\/tr>\n<tr>\n<td width=\"82\">2012<\/td>\n<td width=\"82\">Jeep<\/td>\n<td width=\"124\">Wrangler<\/td>\n<td width=\"512\">Rubicon, Sahara, Sport, Unlimited Rubicon, Unlimited Sahara, Unlimited Sport<\/td>\n<td width=\"204\">3.6L<\/td>\n<\/tr>\n<tr>\n<td width=\"82\">2011<\/td>\n<td width=\"82\">Chrysler<\/td>\n<td width=\"124\">300<\/td>\n<td width=\"512\">Z\u00e1kladn\u00ed, C, Limited<\/td>\n<td width=\"204\">3.6L V6 - Flex, 3.6L, 5.7L<\/td>\n<\/tr>\n<tr>\n<td width=\"82\">2011<\/td>\n<td width=\"82\">Dodge<\/td>\n<td width=\"124\">Challenger<\/td>\n<td width=\"512\">R\/T, SE, SRT8<\/td>\n<td width=\"204\">3.6L V6 - Flex, 5.7L, 6.4L<\/td>\n<\/tr>\n<tr>\n<td width=\"82\">2011<\/td>\n<td width=\"82\">Dodge<\/td>\n<td width=\"124\">Charger<\/td>\n<td width=\"512\">Pursuit, R\/T, SE<\/td>\n<td width=\"204\">3.6L V6 - Flex, 3.6L, 5.7L<\/td>\n<\/tr>\n<tr>\n<td width=\"82\">2011<\/td>\n<td width=\"82\">Dodge<\/td>\n<td width=\"124\">Durango<\/td>\n<td width=\"512\">Citadel, Crew, Express, Heat<\/td>\n<td width=\"204\">3.6L V6 - Flex<\/td>\n<\/tr>\n<tr>\n<td width=\"82\">2011<\/td>\n<td width=\"82\">Dodge<\/td>\n<td width=\"124\">Nitro<\/td>\n<td width=\"512\">Detonator, Heat, SXT, Shock<\/td>\n<td width=\"204\">4.0L<\/td>\n<\/tr>\n<tr>\n<td width=\"82\">2011<\/td>\n<td width=\"82\">Jeep<\/td>\n<td width=\"124\">Grand Cherokee<\/td>\n<td width=\"512\">Laredo, Limited, Overland<\/td>\n<td width=\"204\">3.6L V6 - Flex<\/td>\n<\/tr>\n<tr>\n<td width=\"82\">2010<\/td>\n<td width=\"82\">Chrysler<\/td>\n<td width=\"124\">300<\/td>\n<td width=\"512\">C, C SRT8, Limited, S, Touring<\/td>\n<td width=\"204\">3.0 Diesel, 3.5L, 5.7L, 6.1L<\/td>\n<\/tr>\n<tr>\n<td width=\"82\">2010<\/td>\n<td width=\"82\">Dodge<\/td>\n<td width=\"124\">Challenger<\/td>\n<td width=\"512\">R\/T, SE, SRT8<\/td>\n<td width=\"204\">3,5 L, 5,7 L, 6,1 L<\/td>\n<\/tr>\n<tr>\n<td width=\"82\">2010<\/td>\n<td width=\"82\">Dodge<\/td>\n<td width=\"124\">Charger<\/td>\n<td width=\"512\">Pursuit, R\/T, SE, SRT8, SXT<\/td>\n<td width=\"204\">3,5 L, 5,7 L, 6,1 L<\/td>\n<\/tr>\n<tr>\n<td width=\"82\">2010<\/td>\n<td width=\"82\">Dodge<\/td>\n<td width=\"124\">Nitro<\/td>\n<td width=\"512\">Deton\u00e1tor, Heat, SE, SXT, Shock<\/td>\n<td width=\"204\">3,7 L, 4,0 L<\/td>\n<\/tr>\n<tr>\n<td width=\"82\">2010<\/td>\n<td width=\"82\">Jeep<\/td>\n<td width=\"124\">Commander<\/td>\n<td width=\"512\">Limited, Sport<\/td>\n<td width=\"204\">3,7 L, 5,7 L<\/td>\n<\/tr>\n<tr>\n<td width=\"82\">2010<\/td>\n<td width=\"82\">Jeep<\/td>\n<td width=\"124\">Grand Cherokee<\/td>\n<td width=\"512\">Laredo, Limited, SRT8<\/td>\n<td width=\"204\">3,7 L, 6,1 L<\/td>\n<\/tr>\n<tr>\n<td width=\"82\">2009<\/td>\n<td width=\"82\">Chrysler<\/td>\n<td width=\"124\">300<\/td>\n<td width=\"512\">C, C SRT8, Limited, Signature Series, Touring<\/td>\n<td width=\"204\">3.0 Diesel, 3.5L, 5.7L, 6.1L<\/td>\n<\/tr>\n<tr>\n<td width=\"82\">2009<\/td>\n<td width=\"82\">Dodge<\/td>\n<td width=\"124\">Challenger<\/td>\n<td width=\"512\">R\/T, SE, SRT8<\/td>\n<td width=\"204\">3,5 L, 5,7 L, 6,1 L<\/td>\n<\/tr>\n<tr>\n<td width=\"82\">2009<\/td>\n<td width=\"82\">Dodge<\/td>\n<td width=\"124\">Charger<\/td>\n<td width=\"512\">Pursuit, R\/T, SE, SRT8, SXT<\/td>\n<td width=\"204\">3,5 L, 5,7 L, 6,1 L<\/td>\n<\/tr>\n<tr>\n<td width=\"82\">2009<\/td>\n<td width=\"82\">Dodge<\/td>\n<td width=\"124\">Nitro<\/td>\n<td width=\"512\">R\/T, SE, SLT<\/td>\n<td width=\"204\">3,7 L, 4,0 L<\/td>\n<\/tr>\n<tr>\n<td width=\"82\">2009<\/td>\n<td width=\"82\">Jeep<\/td>\n<td width=\"124\">Commander<\/td>\n<td width=\"512\">Limited, Overland, Sport<\/td>\n<td width=\"204\">3.7L, 4.7L V8 - Flex, 4.7L, 5.7L<\/td>\n<\/tr>\n<tr>\n<td width=\"82\">2009<\/td>\n<td width=\"82\">Jeep<\/td>\n<td width=\"124\">Grand Cherokee<\/td>\n<td width=\"512\">Laredo, Limited, Overland, SRT8<\/td>\n<td width=\"204\">3.0L V6 - Diesel, 3.7L, 6.1L<\/td>\n<\/tr>\n<tr>\n<td width=\"82\">2008<\/td>\n<td width=\"82\">Chrysler<\/td>\n<td width=\"124\">300<\/td>\n<td width=\"512\">C, C SRT8, Limited, Touring<\/td>\n<td width=\"204\">3.0 Diesel, 3.5L, 5.7L, 6.1L<\/td>\n<\/tr>\n<tr>\n<td width=\"82\">2008<\/td>\n<td width=\"82\">Chrysler<\/td>\n<td width=\"124\">Crossfire<\/td>\n<td width=\"512\">Limited<\/td>\n<td width=\"204\">3.2L<\/td>\n<\/tr>\n<tr>\n<td width=\"82\">2008<\/td>\n<td width=\"82\">Dodge<\/td>\n<td width=\"124\">Challenger<\/td>\n<td width=\"512\">SRT8<\/td>\n<td width=\"204\">6.1L<\/td>\n<\/tr>\n<tr>\n<td width=\"82\">2008<\/td>\n<td width=\"82\">Dodge<\/td>\n<td width=\"124\">Charger<\/td>\n<td width=\"512\">Pursuit, R\/T, SE, SRT8, SXT<\/td>\n<td width=\"204\">3,5 L, 5,7 L, 6,1 L<\/td>\n<\/tr>\n<tr>\n<td width=\"82\">2008<\/td>\n<td width=\"82\">Dodge<\/td>\n<td width=\"124\">Magnum<\/td>\n<td width=\"512\">R\/T, SE, SRT8, SXT<\/td>\n<td width=\"204\">3,5 L, 5,7 L, 6,1 L<\/td>\n<\/tr>\n<tr>\n<td width=\"82\">2008<\/td>\n<td width=\"82\">Dodge<\/td>\n<td width=\"124\">Nitro<\/td>\n<td width=\"512\">R\/T, SLT<\/td>\n<td width=\"204\">3,7 L, 4,0 L<\/td>\n<\/tr>\n<tr>\n<td width=\"82\">2008<\/td>\n<td width=\"82\">Jeep<\/td>\n<td width=\"124\">Commander<\/td>\n<td width=\"512\">Limited, Overland, Sport<\/td>\n<td width=\"204\">3.7L, 4.7L V8 - Flex, 4.7L, 5.7L<\/td>\n<\/tr>\n<tr>\n<td width=\"82\">2008<\/td>\n<td width=\"82\">Jeep<\/td>\n<td width=\"124\">Grand Cherokee<\/td>\n<td width=\"512\">Laredo, Limited, Overland, SRT8<\/td>\n<td width=\"204\">3.0L V6 - Diesel, 3.7L, 6.1L<\/td>\n<\/tr>\n<tr>\n<td width=\"82\">2007<\/td>\n<td width=\"82\">Chrysler<\/td>\n<td width=\"124\">300<\/td>\n<td width=\"512\">C, C SRT8, Limited, Touring<\/td>\n<td width=\"204\">3.0 Diesel, 3.5L, 5.7L, 6.1L<\/td>\n<\/tr>\n<tr>\n<td width=\"82\">2007<\/td>\n<td width=\"82\">Chrysler<\/td>\n<td width=\"124\">Crossfire<\/td>\n<td width=\"512\">Limited<\/td>\n<td width=\"204\">3.2L<\/td>\n<\/tr>\n<tr>\n<td width=\"82\">2007<\/td>\n<td width=\"82\">Dodge<\/td>\n<td width=\"124\">Charger<\/td>\n<td width=\"512\">Pursuit, R\/T, SE, SRT8, SXT<\/td>\n<td width=\"204\">3,5 L, 5,7 L, 6,1 L<\/td>\n<\/tr>\n<tr>\n<td width=\"82\">2007<\/td>\n<td width=\"82\">Dodge<\/td>\n<td width=\"124\">Magnum<\/td>\n<td width=\"512\">R\/T, SE, SRT8, SXT<\/td>\n<td width=\"204\">3,5 L, 5,7 L, 6,1 L<\/td>\n<\/tr>\n<tr>\n<td width=\"82\">2007<\/td>\n<td width=\"82\">Dodge<\/td>\n<td width=\"124\">Nitro<\/td>\n<td width=\"512\">R\/T, SLT, SXT<\/td>\n<td width=\"204\">3,7 L, 4,0 L<\/td>\n<\/tr>\n<tr>\n<td width=\"82\">2007<\/td>\n<td width=\"82\">Jeep<\/td>\n<td width=\"124\">Commander<\/td>\n<td width=\"512\">Base, Limited, Overland, Sport<\/td>\n<td width=\"204\">3.7L, 4.7L V8 - Flex, 4.7L, 5.7L<\/td>\n<\/tr>\n<tr>\n<td width=\"82\">2007<\/td>\n<td width=\"82\">Jeep<\/td>\n<td width=\"124\">Grand Cherokee<\/td>\n<td width=\"512\">Laredo, Limited, Overland, SRT8<\/td>\n<td width=\"204\">3.0L V6 - Diesel, 3.7L, 6.1L<\/td>\n<\/tr>\n<tr>\n<td width=\"82\">2006<\/td>\n<td width=\"82\">Chrysler<\/td>\n<td width=\"124\">300<\/td>\n<td width=\"512\">C, Touring<\/td>\n<td width=\"204\">3.0 Diesel, 3.5L, 5.7L<\/td>\n<\/tr>\n<tr>\n<td width=\"82\">2006<\/td>\n<td width=\"82\">Chrysler<\/td>\n<td width=\"124\">Crossfire<\/td>\n<td width=\"512\">Limited, SRT-6<\/td>\n<td width=\"204\">3.2L<\/td>\n<\/tr>\n<tr>\n<td width=\"82\">2006<\/td>\n<td width=\"82\">Dodge<\/td>\n<td width=\"124\">Charger<\/td>\n<td width=\"512\">R\/T, SE, SRT8<\/td>\n<td width=\"204\">3,5 L, 5,7 L, 6,1 L<\/td>\n<\/tr>\n<tr>\n<td width=\"82\">2006<\/td>\n<td width=\"82\">Dodge<\/td>\n<td width=\"124\">Magnum<\/td>\n<td width=\"512\">R\/T, SRT8, SXT<\/td>\n<td width=\"204\">3,5 L, 5,7 L, 6,1 L<\/td>\n<\/tr>\n<tr>\n<td width=\"82\">2006<\/td>\n<td width=\"82\">Jeep<\/td>\n<td width=\"124\">Commander<\/td>\n<td width=\"512\">Z\u00e1kladna, Limited<\/td>\n<td width=\"204\">3.7L, 4.7L, 5.7L<\/td>\n<\/tr>\n<tr>\n<td width=\"82\">2006<\/td>\n<td width=\"82\">Jeep<\/td>\n<td width=\"124\">Grand Cherokee<\/td>\n<td width=\"512\">Laredo, SRT8<\/td>\n<td width=\"204\">3,7 L, 6,1 L<\/td>\n<\/tr>\n<tr>\n<td width=\"82\">2005<\/td>\n<td width=\"82\">Chrysler<\/td>\n<td width=\"124\">300<\/td>\n<td width=\"512\">C, Touring<\/td>\n<td width=\"204\">3.0 Diesel, 3.5L, 5.7L<\/td>\n<\/tr>\n<tr>\n<td width=\"82\">2005<\/td>\n<td width=\"82\">Chrysler<\/td>\n<td width=\"124\">Crossfire<\/td>\n<td width=\"512\">Z\u00e1kladn\u00ed verze, Limited, SRT-6<\/td>\n<td width=\"204\">3.2L<\/td>\n<\/tr>\n<tr>\n<td width=\"82\">2005<\/td>\n<td width=\"82\">Dodge<\/td>\n<td width=\"124\">Magnum<\/td>\n<td width=\"512\">R\/T, SXT<\/td>\n<td width=\"204\">3,5 L, 5,7 L<\/td>\n<\/tr>\n<tr>\n<td width=\"82\">2005<\/td>\n<td width=\"82\">Jeep<\/td>\n<td width=\"124\">Grand Cherokee<\/td>\n<td width=\"512\">Laredo, Limited<\/td>\n<td width=\"204\">3.7L, 4.7L, 5.7L<\/td>\n<\/tr>\n<\/tbody>\n<\/table>\n<p><strong><br \/>\nPozor:<\/strong> POUZE pro p\u011btistup\u0148ovou p\u0159evodovku NAG1!<\/p>\n<p>&nbsp;<\/p>\n<p><strong>VAICO<\/strong> je mezin\u00e1rodn\u011b uzn\u00e1van\u00e1 zna\u010dka n\u011bmeck\u00e9 spole\u010dnosti <strong>VIEROL AG<\/strong>kter\u00e1 se specializuje na vysoce kvalitn\u00ed n\u00e1hradn\u00ed d\u00edly pro vozidla. Zna\u010dka VAICO je zn\u00e1m\u00e1 zejm\u00e9na sv\u00fdmi odborn\u00fdmi znalostmi v oblasti motor\u016f a p\u0159evodovek a sv\u00fdmi inovativn\u00edmi produkty, kter\u00e9 jsou vyr\u00e1b\u011bny v souladu s nejvy\u0161\u0161\u00edmi standardy kvality.<\/p>","protected":false},"excerpt":{"rendered":"<p>Hydraulikfiltersatz f\u00fcr Chrysler 300C, Dodge Challenger, Charger, Magnum, Jeep Commander und Grand Cherokee mit 5-Gang NAG1 Getriebe &nbsp; Der VAICO<\/p>","protected":false},"featured_media":68357322,"comment_status":"open","ping_status":"closed","template":"","meta":{"_acf_changed":false},"product_brand":[19064],"product_cat":[10262,1549,1557,1565,1573,4978,1581,1589,2572,1670,1678,1686,1702,1597,1605,1613,5157,1621,1637,1710,1718,1726,1734,1742,1758,1774,19724,19712],"product_tag":[52,10190,10192,10188,54,53,48,536,10219,571,49,3853,3854,10220,115,10191,10193,2354,240,10216,10222,10212,10209,10197,10207,10208,10204,10195,10194,10215,10203,10205,10202,10206,10214,10201,10199,10211,10213,10210,10196,10200,10198,10217,56,21003,50,10221,4425,55,143,10218,239,21002,10223,10189],"class_list":{"0":"post-68357315","1":"product","2":"type-product","3":"status-publish","4":"has-post-thumbnail","6":"product_brand-vaico","7":"product_cat-alle-produkte","8":"product_cat-300c-30-diesel-getriebe","9":"product_cat-300c-35-getriebe","10":"product_cat-300c-36-getriebe","11":"product_cat-300c-57-2005-2010-getriebe","12":"product_cat-300c-57-2011-2023-getriebe","13":"product_cat-300c-61-getriebe","14":"product_cat-300c-64-getriebe","15":"product_cat-challenger-35-getriebe","16":"product_cat-challenger-36-getriebe","17":"product_cat-challenger-57-getriebe","18":"product_cat-challenger-61-getriebe","19":"product_cat-challenger-64-getriebe","20":"product_cat-charger-35-getriebe","21":"product_cat-charger-36-getriebe","22":"product_cat-charger-57-getriebe","23":"product_cat-charger-57-2011-2023-getriebe","24":"product_cat-charger-61-getriebe","25":"product_cat-charger-64-getriebe","26":"product_cat-magnum-35-getriebe","27":"product_cat-magnum-57-getriebe","28":"product_cat-magnum-61-getriebe","29":"product_cat-grand-cherokee-30-diesel-getriebe","30":"product_cat-grand-cherokee-36-getriebe","31":"product_cat-grand-cherokee-61-getriebe","32":"product_cat-grand-cherokee-64-getriebe","33":"product_cat-wrangler-36-jk-getriebe","34":"product_cat-wrangler-36-jk-wartung","35":"product_tag-300c","36":"product_tag-722-6-getriebe","37":"product_tag-atf4-oel","38":"product_tag-automatikgetriebe-oelwechsel","39":"product_tag-challenger","40":"product_tag-charger","41":"product_tag-chrysler","42":"product_tag-chrysler-300c","43":"product_tag-chrysler-getriebeoel","44":"product_tag-dichtung","45":"product_tag-dodge","46":"product_tag-dodge-challenger","47":"product_tag-dodge-charger","48":"product_tag-dodge-getriebeoel","49":"product_tag-getriebe","50":"product_tag-getriebeoel-filter","51":"product_tag-getriebeoel-nachfuellset","52":"product_tag-getriebeoelfilter","53":"product_tag-getriebeoelwanne","54":"product_tag-getriebeoelwechsel","55":"product_tag-getriebeoelwechsel-angebot","56":"product_tag-getriebeoelwechsel-bestseller","57":"product_tag-getriebeoelwechsel-bewertungen","58":"product_tag-getriebeoelwechsel-diy","59":"product_tag-getriebeoelwechsel-empfehlung","60":"product_tag-getriebeoelwechsel-erfahrungen","61":"product_tag-getriebeoelwechsel-ersatzteile","62":"product_tag-getriebeoelwechsel-intervall","63":"product_tag-getriebeoelwechsel-kosten","64":"product_tag-getriebeoelwechsel-lieferzeit","65":"product_tag-getriebeoelwechsel-online-kaufen","66":"product_tag-getriebeoelwechsel-originalteile","67":"product_tag-getriebeoelwechsel-preis","68":"product_tag-getriebeoelwechsel-qualitaet","69":"product_tag-getriebeoelwechsel-rabatt","70":"product_tag-getriebeoelwechsel-service","71":"product_tag-getriebeoelwechsel-set","72":"product_tag-getriebeoelwechsel-test","73":"product_tag-getriebeoelwechsel-top-produkt","74":"product_tag-getriebeoelwechsel-vergleich","75":"product_tag-getriebeoelwechsel-werkstatt","76":"product_tag-getriebeoelwechsel-werkzeug","77":"product_tag-getriebeoelwechsel-zubehoer","78":"product_tag-getriebeoelwechselkit","79":"product_tag-grand-cherokee","80":"product_tag-hydraulikfiltersatz","81":"product_tag-jeep","82":"product_tag-jeep-getriebeoel","83":"product_tag-jeep-grand-cherokee","84":"product_tag-magnum","85":"product_tag-nag1","86":"product_tag-nag1-getriebe","87":"product_tag-oelwanne","88":"product_tag-v30-7313","89":"product_tag-vaico","90":"product_tag-w5a580-oelwechsel","92":"first","93":"instock","94":"taxable","95":"shipping-taxable","96":"purchasable","97":"product-type-simple"},"bundled_by":[],"bundle_stock_status":"instock","bundle_stock_quantity":2,"bundle_virtual":false,"bundle_layout":"","bundle_add_to_cart_form_location":"","bundle_editable_in_cart":false,"bundle_sold_individually_context":"","bundle_item_grouping":"","bundle_min_size":"","bundle_max_size":"","bundle_price":[],"bundled_items":[],"bundle_sell_ids":[],"exclude_global_add_ons":[],"addons":[],"acf":[],"_links":{"self":[{"href":"https:\/\/kraftwerk-shop.cc\/cs\/wp-json\/wp\/v2\/product\/68357315","targetHints":{"allow":["GET"]}}],"collection":[{"href":"https:\/\/kraftwerk-shop.cc\/cs\/wp-json\/wp\/v2\/product"}],"about":[{"href":"https:\/\/kraftwerk-shop.cc\/cs\/wp-json\/wp\/v2\/types\/product"}],"replies":[{"embeddable":true,"href":"https:\/\/kraftwerk-shop.cc\/cs\/wp-json\/wp\/v2\/comments?post=68357315"}],"version-history":[{"count":0,"href":"https:\/\/kraftwerk-shop.cc\/cs\/wp-json\/wp\/v2\/product\/68357315\/revisions"}],"wp:featuredmedia":[{"embeddable":true,"href":"https:\/\/kraftwerk-shop.cc\/cs\/wp-json\/wp\/v2\/media\/68357322"}],"wp:attachment":[{"href":"https:\/\/kraftwerk-shop.cc\/cs\/wp-json\/wp\/v2\/media?parent=68357315"}],"wp:term":[{"taxonomy":"product_brand","embeddable":true,"href":"https:\/\/kraftwerk-shop.cc\/cs\/wp-json\/wp\/v2\/product_brand?post=68357315"},{"taxonomy":"product_cat","embeddable":true,"href":"https:\/\/kraftwerk-shop.cc\/cs\/wp-json\/wp\/v2\/product_cat?post=68357315"},{"taxonomy":"product_tag","embeddable":true,"href":"https:\/\/kraftwerk-shop.cc\/cs\/wp-json\/wp\/v2\/product_tag?post=68357315"}],"curies":[{"name":"wp","href":"https:\/\/api.w.org\/{rel}","templated":true}]}}