{"id":68357462,"date":"2026-03-04T00:43:25","date_gmt":"2026-03-03T23:43:25","guid":{"rendered":"https:\/\/kraftwerk-shop.cc\/?post_type=product&#038;p=68357462"},"modified":"2026-04-09T11:09:34","modified_gmt":"2026-04-09T09:09:34","slug":"vzduchovy-filtr-dodge-durango","status":"publish","type":"product","link":"https:\/\/kraftwerk-shop.cc\/cs\/produkt\/luftfilter-dodge-durango\/","title":{"rendered":"Vzduchov\u00fd filtr Dodge Durango"},"content":{"rendered":"<h1>Vzduchov\u00fd filtr pro Dodge Durango 3.6, 5.7 a 6.4<\/h1>\n<p>&nbsp;<\/p>\n<p><strong>Srovn\u00e1vac\u00ed \u010d\u00edsla Mopar:<\/strong> 04861756AA, 4861756AA<\/p>\n<p>&nbsp;<\/p>\n<p>Zna\u010dkov\u00fd vzduchov\u00fd filtr pro Dodge 1TP61Vyroben ze speci\u00e1ln\u011b sm\u00ed\u0161en\u00fdch filtra\u010dn\u00edch m\u00e9di\u00ed, kter\u00e1 zaji\u0161\u0165uj\u00ed optim\u00e1ln\u00ed schopnost zachycovat ne\u010distoty, \u00fa\u010dinnost filtru a maxim\u00e1ln\u00ed ochranu motoru p\u0159ed \u0161kodliv\u00fdmi l\u00e1tkami ve vzduchu.<br \/>\nP\u0159il\u00e9havost, funk\u010dnost a v\u00fdkon odpov\u00eddaj\u00ed nebo p\u0159evy\u0161uj\u00ed p\u016fvodn\u00ed vybaven\u00ed.<\/p>\n<p>\u010cist\u00fd vzduch m\u00e1 z\u00e1sadn\u00ed v\u00fdznam pro v\u00fdkon a \u017eivotnost motoru Dodge Durango. Spr\u00e1vn\u00e1 filtrace vzduchu je d\u016fle\u017eit\u00e1, proto\u017ee mal\u00e9 mno\u017estv\u00ed ne\u010distot m\u016f\u017ee zp\u016fsobit obrovsk\u00e9 \u0161kody. \u00da\u010delem vzduchov\u00e9ho filtru je zajistit dlouhou \u017eivotnost syst\u00e9mu t\u00edm, \u017ee udr\u017euje \u0161kodliv\u00e9 ne\u010distoty mimo dosah citliv\u00fdch sou\u010d\u00e1st\u00ed motoru.<\/p>\n<p>&nbsp;<\/p>\n<p><strong>Vlastnosti:<\/strong><\/p>\n<ul>\n<li>spl\u0148uje v\u0161echny specifikace origin\u00e1ln\u00edho vybaven\u00ed, pokud jde o kvalitu a mont\u00e1\u017e.<\/li>\n<li>V\u00edcevrstv\u00e1 konstrukce pro zachycen\u00ed maxim\u00e1ln\u00edho po\u010dtu \u010d\u00e1stic<\/li>\n<li>Rovnom\u011brn\u011b slo\u017een\u00fd pap\u00edr zabra\u0148uje slepen\u00ed filtra\u010dn\u00edho pap\u00edru a prodlu\u017euje \u017eivotnost filtru.<\/li>\n<li>Pru\u017en\u00fd polyuretanov\u00fd r\u00e1m umo\u017e\u0148uje snadnou instalaci<\/li>\n<li>Polyuretanov\u00e9 t\u011bsn\u011bn\u00ed m\u00e1 vysokou odolnost proti roztr\u017een\u00ed a odol\u00e1v\u00e1 extr\u00e9mn\u00edm teplot\u00e1m a mraz\u016fm.<\/li>\n<li>Kovov\u00e1 v\u00fdztuha s velk\u00fdm koso\u010dtvercov\u00fdm vzorem byla vyvinuta pro zlep\u0161en\u00ed proud\u011bn\u00ed vzduchu.<\/li>\n<li>Vysok\u00fd pr\u016ftok vzduchu zvy\u0161uje v\u00fdkon a spot\u0159ebu paliva<\/li>\n<li>Maxim\u00e1ln\u00ed \u00fa\u010dinnost sni\u017euje opot\u0159eben\u00ed motoru<\/li>\n<li>Vysok\u00e1 schopnost absorbovat \u010d\u00e1stice zaji\u0161\u0165uje dlouhou \u017eivotnost v extr\u00e9mn\u00edch podm\u00ednk\u00e1ch, jako je teplo, chlad nebo chemick\u00e1 kontaminace.<\/li>\n<li>Zabra\u0148uje p\u0159ed\u010dasn\u00e9mu opot\u0159eben\u00ed ventil\u016f, pojezdov\u00fdch ploch v\u00e1lc\u016f, p\u00edstn\u00edch krou\u017ek\u016f, lo\u017eisek a dal\u0161\u00edch sou\u010d\u00e1st\u00ed motoru.<\/li>\n<li>Snadn\u00e1 instalace d\u00edky p\u0159esn\u00e9mu ulo\u017een\u00ed v kvalit\u011b OEM<\/li>\n<\/ul>\n<p>&nbsp;<\/p>\n<p><strong>Rozsah dod\u00e1vky:<\/strong><\/p>\n<ul>\n<li>1 vzduchov\u00fd filtr pro Dodge Durango<\/li>\n<\/ul>\n<p>&nbsp;<\/p>","protected":false},"excerpt":{"rendered":"<p>Luftfilter f\u00fcr Dodge Durango 3.6, 5.7 und 6.4 &nbsp; Mopar Vergleichsnummern: 04861756AA, 4861756AA &nbsp; Markenluftfilter f\u00fcr Dodge Durangoaus speziell gemischten<\/p>","protected":false},"featured_media":68357675,"comment_status":"open","ping_status":"closed","template":"","meta":{"_acf_changed":false},"product_brand":[19064],"product_cat":[1647,1655,2710,1663],"product_tag":[4490,18168,169,18169,91,4492,101,93,49,4432,95,692,648,19616,100,126,57,8517,31,7221,34,96,21014,21015,37],"class_list":{"0":"post-68357462","1":"product","2":"type-product","3":"status-publish","4":"has-post-thumbnail","6":"product_brand-vaico","7":"product_cat-durango-36-wartung","8":"product_cat-durango-57-wartung","9":"product_cat-durango-hellcat-wartung","10":"product_cat-durango-64-wartung","11":"product_tag-04861756aa","12":"product_tag-053010798ad","13":"product_tag-3-6","14":"product_tag-4861756aa","15":"product_tag-5-7","16":"product_tag-53010798ad","17":"product_tag-6-2","18":"product_tag-6-4","19":"product_tag-dodge","20":"product_tag-dodge-durango","21":"product_tag-durango","22":"product_tag-ersatzteil","23":"product_tag-filter","24":"product_tag-filterelement","25":"product_tag-hellcat","26":"product_tag-hemi","27":"product_tag-luftfilter","28":"product_tag-luftfilterelement","29":"product_tag-mopar","30":"product_tag-mopar10","31":"product_tag-original","32":"product_tag-srt","33":"product_tag-v33-0031","34":"product_tag-vaico-vierol","35":"product_tag-wartung","37":"first","38":"instock","39":"taxable","40":"shipping-taxable","41":"purchasable","42":"product-type-variable"},"bundled_by":[],"bundle_stock_status":"instock","bundle_stock_quantity":27,"bundle_virtual":false,"bundle_layout":"","bundle_add_to_cart_form_location":"","bundle_editable_in_cart":false,"bundle_sold_individually_context":"","bundle_item_grouping":"","bundle_min_size":"","bundle_max_size":"","bundle_price":[],"bundled_items":[],"bundle_sell_ids":[],"exclude_global_add_ons":[],"addons":[],"acf":[],"_links":{"self":[{"href":"https:\/\/kraftwerk-shop.cc\/cs\/wp-json\/wp\/v2\/product\/68357462","targetHints":{"allow":["GET"]}}],"collection":[{"href":"https:\/\/kraftwerk-shop.cc\/cs\/wp-json\/wp\/v2\/product"}],"about":[{"href":"https:\/\/kraftwerk-shop.cc\/cs\/wp-json\/wp\/v2\/types\/product"}],"replies":[{"embeddable":true,"href":"https:\/\/kraftwerk-shop.cc\/cs\/wp-json\/wp\/v2\/comments?post=68357462"}],"version-history":[{"count":0,"href":"https:\/\/kraftwerk-shop.cc\/cs\/wp-json\/wp\/v2\/product\/68357462\/revisions"}],"wp:featuredmedia":[{"embeddable":true,"href":"https:\/\/kraftwerk-shop.cc\/cs\/wp-json\/wp\/v2\/media\/68357675"}],"wp:attachment":[{"href":"https:\/\/kraftwerk-shop.cc\/cs\/wp-json\/wp\/v2\/media?parent=68357462"}],"wp:term":[{"taxonomy":"product_brand","embeddable":true,"href":"https:\/\/kraftwerk-shop.cc\/cs\/wp-json\/wp\/v2\/product_brand?post=68357462"},{"taxonomy":"product_cat","embeddable":true,"href":"https:\/\/kraftwerk-shop.cc\/cs\/wp-json\/wp\/v2\/product_cat?post=68357462"},{"taxonomy":"product_tag","embeddable":true,"href":"https:\/\/kraftwerk-shop.cc\/cs\/wp-json\/wp\/v2\/product_tag?post=68357462"}],"curies":[{"name":"wp","href":"https:\/\/api.w.org\/{rel}","templated":true}]}}