{"id":68357959,"date":"2026-03-14T17:28:06","date_gmt":"2026-03-14T16:28:06","guid":{"rendered":"https:\/\/kraftwerk-shop.cc\/?post_type=product&#038;p=68357959"},"modified":"2026-04-02T14:59:40","modified_gmt":"2026-04-02T12:59:40","slug":"koncove-svicky-mopar-sp225755ab","status":"publish","type":"product","link":"https:\/\/kraftwerk-shop.cc\/cs\/produkt\/mopar-zuendkerzen-sp225755ab\/","title":{"rendered":"Zapalovac\u00ed sv\u00ed\u010dky Mopar (SP225755AB), 6 kus\u016f"},"content":{"rendered":"<h1>Origin\u00e1ln\u00ed zapalovac\u00ed sv\u00ed\u010dky Mopar SP225755AB pro motory Chrysler, Dodge, Jeep a RAM s motorem 3.6 V6 Pentastar<\/h1>\n<p>&nbsp;<\/p>\n<p><strong>\u010c\u00edslo d\u00edlu Mopar:<\/strong>\u00a0SP225755AB<br \/>\n<strong>Nahrazeno:<\/strong> 68225755AA, 68225755AB, SP225755AA<\/p>\n<p>&nbsp;<\/p>\n<p><strong>Vhodn\u00e9 pro:<\/strong><\/p>\n<table width=\"996\">\n<tbody>\n<tr>\n<td width=\"138\"><strong>Rok v\u00fdstavby<\/strong><\/td>\n<td width=\"168\"><strong>Zna\u010dka<\/strong><\/td>\n<td width=\"144\"><strong>Model<\/strong><\/td>\n<td width=\"290\"><strong>Verze<\/strong><\/td>\n<td width=\"256\"><strong>Motor<\/strong><\/td>\n<\/tr>\n<tr>\n<td width=\"138\">2026<\/td>\n<td width=\"168\">Chrysler<\/td>\n<td width=\"144\">Pacifica<\/td>\n<td width=\"290\">Hybrid Pinnacle, Hybrid Select, Hybrid Select Premium, Limited, Pinnacle, Select<\/td>\n<td width=\"256\">3.6L<\/td>\n<\/tr>\n<tr>\n<td width=\"138\">2026<\/td>\n<td width=\"168\">Chrysler<\/td>\n<td width=\"144\">Voyager<\/td>\n<td width=\"290\">LX<\/td>\n<td width=\"256\">3.6L<\/td>\n<\/tr>\n<tr>\n<td width=\"138\">2026<\/td>\n<td width=\"168\">Dodge<\/td>\n<td width=\"144\">Durango<\/td>\n<td width=\"290\">GT, GT Plus, Pursuit<\/td>\n<td width=\"256\">3.6L<\/td>\n<\/tr>\n<tr>\n<td width=\"138\">2026<\/td>\n<td width=\"168\">Jeep<\/td>\n<td width=\"144\">Gladi\u00e1tor<\/td>\n<td width=\"290\">Mojave, Mojave X, Rubicon, Rubicon X, Sport, Sport S, Texas Trail, Willys<\/td>\n<td width=\"256\">3.6L<\/td>\n<\/tr>\n<tr>\n<td width=\"138\">2026<\/td>\n<td width=\"168\">Jeep<\/td>\n<td width=\"144\">Grand Cherokee<\/td>\n<td width=\"290\">Nadmo\u0159sk\u00e1 v\u00fd\u0161ka, Laredo<\/td>\n<td width=\"256\">3.6L<\/td>\n<\/tr>\n<tr>\n<td width=\"138\">2026<\/td>\n<td width=\"168\">Jeep<\/td>\n<td width=\"144\">Grand Cherokee L<\/td>\n<td width=\"290\">Nadmo\u0159sk\u00e1 v\u00fd\u0161ka, Laredo<\/td>\n<td width=\"256\">3.6L<\/td>\n<\/tr>\n<tr>\n<td width=\"138\">2026<\/td>\n<td width=\"168\">Jeep<\/td>\n<td width=\"144\">Wrangler<\/td>\n<td width=\"290\">Rubicon, Rubicon X, Sahara, Sport, Sport S, Willys<\/td>\n<td width=\"256\">3.6L<\/td>\n<\/tr>\n<tr>\n<td width=\"138\">2026<\/td>\n<td width=\"168\">Ram<\/td>\n<td width=\"144\">1500<\/td>\n<td width=\"290\">Big Horn, Express, Lone Star, Tradesman, Warlock<\/td>\n<td width=\"256\">3.6L<\/td>\n<\/tr>\n<tr>\n<td width=\"138\">2026<\/td>\n<td width=\"168\">Ram<\/td>\n<td width=\"144\">ProMaster 1500<\/td>\n<td width=\"290\">SLT+, Obchodn\u00edk<\/td>\n<td width=\"256\">3.6L<\/td>\n<\/tr>\n<tr>\n<td width=\"138\">2026<\/td>\n<td width=\"168\">Ram<\/td>\n<td width=\"144\">ProMaster 2500<\/td>\n<td width=\"290\">SLT+, Obchodn\u00edk<\/td>\n<td width=\"256\">3.6L<\/td>\n<\/tr>\n<tr>\n<td width=\"138\">2026<\/td>\n<td width=\"168\">Ram<\/td>\n<td width=\"144\">ProMaster 3500<\/td>\n<td width=\"290\">SLT+, Obchodn\u00edk<\/td>\n<td width=\"256\">3.6L<\/td>\n<\/tr>\n<tr>\n<td width=\"138\">2025<\/td>\n<td width=\"168\">Chrysler<\/td>\n<td width=\"144\">Pacifica<\/td>\n<td width=\"290\">Hybrid Pinnacle, Hybrid S Appearance, Hybrid Select, Limited, Pinnacle, Select<\/td>\n<td width=\"256\">3.6L<\/td>\n<\/tr>\n<tr>\n<td width=\"138\">2025<\/td>\n<td width=\"168\">Dodge<\/td>\n<td width=\"144\">Durango<\/td>\n<td width=\"290\">GT, GT Plus<\/td>\n<td width=\"256\">3.6L<\/td>\n<\/tr>\n<tr>\n<td width=\"138\">2025<\/td>\n<td width=\"168\">Jeep<\/td>\n<td width=\"144\">Gladi\u00e1tor<\/td>\n<td width=\"290\">High Tide, Mojave, Mojave X, NightHawk, Rubicon, Rubicon X, Sport, Sport S, Texas Trail, Willys<\/td>\n<td width=\"256\">3.6L<\/td>\n<\/tr>\n<tr>\n<td width=\"138\">2025<\/td>\n<td width=\"168\">Jeep<\/td>\n<td width=\"144\">Wrangler<\/td>\n<td width=\"290\">Rubicon, Rubicon X, Sahara, Sport, Sport S, Willys<\/td>\n<td width=\"256\">3.6L<\/td>\n<\/tr>\n<tr>\n<td width=\"138\">2025<\/td>\n<td width=\"168\">Ram<\/td>\n<td width=\"144\">1500<\/td>\n<td width=\"290\">Big Horn, Lone Star, Tradesman, Tradesman HFE<\/td>\n<td width=\"256\">3.6L<\/td>\n<\/tr>\n<tr>\n<td width=\"138\">2025<\/td>\n<td width=\"168\">Ram<\/td>\n<td width=\"144\">ProMaster 1500<\/td>\n<td width=\"290\">SLT+, Obchodn\u00edk<\/td>\n<td width=\"256\">3.6L<\/td>\n<\/tr>\n<tr>\n<td width=\"138\">2025<\/td>\n<td width=\"168\">Ram<\/td>\n<td width=\"144\">ProMaster 2500<\/td>\n<td width=\"290\">SLT+, Obchodn\u00edk<\/td>\n<td width=\"256\">3.6L<\/td>\n<\/tr>\n<tr>\n<td width=\"138\">2025<\/td>\n<td width=\"168\">Ram<\/td>\n<td width=\"144\">ProMaster 3500<\/td>\n<td width=\"290\">SLT+, Obchodn\u00edk<\/td>\n<td width=\"256\">3.6L<\/td>\n<\/tr>\n<tr>\n<td width=\"138\">2024<\/td>\n<td width=\"168\">Chrysler<\/td>\n<td width=\"144\">Pacifica<\/td>\n<td width=\"290\">Hybrid Pinnacle, Hybrid Premium S Appearance, Hybrid Road Tripper, Hybrid S Appearance, Hybrid Select, Limited, Pinnacle, Touring, Touring L<\/td>\n<td width=\"256\">3.6L<\/td>\n<\/tr>\n<tr>\n<td width=\"138\">2024<\/td>\n<td width=\"168\">Chrysler<\/td>\n<td width=\"144\">Voyager<\/td>\n<td width=\"290\">LX<\/td>\n<td width=\"256\">3.6L<\/td>\n<\/tr>\n<tr>\n<td width=\"138\">2024<\/td>\n<td width=\"168\">Dodge<\/td>\n<td width=\"144\">Durango<\/td>\n<td width=\"290\">Citadela, GT, GT Plus, GT Premium, Pursuit, SXT, SXT Plus<\/td>\n<td width=\"256\">3.6L<\/td>\n<\/tr>\n<tr>\n<td width=\"138\">2024<\/td>\n<td width=\"168\">Jeep<\/td>\n<td width=\"144\">Gladi\u00e1tor<\/td>\n<td width=\"290\">Mojave, Mojave X, Rubicon, Rubicon X, Sport, Sport S, Willys<\/td>\n<td width=\"256\">3.6L<\/td>\n<\/tr>\n<tr>\n<td width=\"138\">2024<\/td>\n<td width=\"168\">Jeep<\/td>\n<td width=\"144\">Grand Cherokee<\/td>\n<td width=\"290\">Altitude, Altitude X, Laredo, Laredo A, Laredo X, Limited, Overland, Summit, Summit Reserve<\/td>\n<td width=\"256\">3.6L<\/td>\n<\/tr>\n<tr>\n<td width=\"138\">2024<\/td>\n<td width=\"168\">Jeep<\/td>\n<td width=\"144\">Grand Cherokee L<\/td>\n<td width=\"290\">Altitude, Altitude X, Laredo, Laredo X, Limited, Overland, Summit, Summit Reserve<\/td>\n<td width=\"256\">3.6L<\/td>\n<\/tr>\n<tr>\n<td width=\"138\">2024<\/td>\n<td width=\"168\">Jeep<\/td>\n<td width=\"144\">Wrangler<\/td>\n<td width=\"290\">Rubicon, Rubicon X, Sahara, Sport, Sport S, Willys<\/td>\n<td width=\"256\">3.6L<\/td>\n<\/tr>\n<tr>\n<td width=\"138\">2024<\/td>\n<td width=\"168\">Ram<\/td>\n<td width=\"144\">1500<\/td>\n<td width=\"290\">Big Horn, Laramie, Limited Longhorn, Lone Star, Rebel, Tradesman<\/td>\n<td width=\"256\">3.6L<\/td>\n<\/tr>\n<tr>\n<td width=\"138\">2024<\/td>\n<td width=\"168\">Ram<\/td>\n<td width=\"144\">ProMaster 1500<\/td>\n<td width=\"290\">SLT+, Obchodn\u00edk<\/td>\n<td width=\"256\">3.6L<\/td>\n<\/tr>\n<tr>\n<td width=\"138\">2024<\/td>\n<td width=\"168\">Ram<\/td>\n<td width=\"144\">ProMaster 2500<\/td>\n<td width=\"290\">SLT+, Obchodn\u00edk<\/td>\n<td width=\"256\">3.6L<\/td>\n<\/tr>\n<tr>\n<td width=\"138\">2024<\/td>\n<td width=\"168\">Ram<\/td>\n<td width=\"144\">ProMaster 3500<\/td>\n<td width=\"290\">SLT+, Obchodn\u00edk<\/td>\n<td width=\"256\">3.6L<\/td>\n<\/tr>\n<tr>\n<td width=\"138\">2023<\/td>\n<td width=\"168\">Chrysler<\/td>\n<td width=\"144\">Pacifica<\/td>\n<td width=\"290\">Hybrid Limited, Hybrid Pinnacle, Hybrid Touring L, Limited, Pinnacle, Touring, Touring L<\/td>\n<td width=\"256\">3.6L<\/td>\n<\/tr>\n<tr>\n<td width=\"138\">2023<\/td>\n<td width=\"168\">Dodge<\/td>\n<td width=\"144\">Durango<\/td>\n<td width=\"290\">Citadela, GT, GT Plus, GT Premium, SXT, SXT Plus<\/td>\n<td width=\"256\">3.6L<\/td>\n<\/tr>\n<tr>\n<td width=\"138\">2023<\/td>\n<td width=\"168\">Jeep<\/td>\n<td width=\"144\">Gladi\u00e1tor<\/td>\n<td width=\"290\">Freedom, High Altitude, Mojave, Overland, Rubicon, Sport, Sport S, Texas Trail, Willys, Willys Sport<\/td>\n<td width=\"256\">3.6L<\/td>\n<\/tr>\n<tr>\n<td width=\"138\">2023<\/td>\n<td width=\"168\">Jeep<\/td>\n<td width=\"144\">Grand Cherokee<\/td>\n<td width=\"290\">Altitude, Laredo, Limited, Overland, Summit, Summit Reserve<\/td>\n<td width=\"256\">3.6L<\/td>\n<\/tr>\n<tr>\n<td width=\"138\">2023<\/td>\n<td width=\"168\">Jeep<\/td>\n<td width=\"144\">Grand Cherokee L<\/td>\n<td width=\"290\">Altitude, Laredo, Limited, Overland, Summit, Summit Reserve<\/td>\n<td width=\"256\">3.6L<\/td>\n<\/tr>\n<tr>\n<td width=\"138\">2023<\/td>\n<td width=\"168\">Jeep<\/td>\n<td width=\"144\">Wrangler<\/td>\n<td width=\"290\">Freedom, High Altitude, Rubicon, Sahara, Sahara Altitude, Sport, Sport Altitude, Sport S, Willys, Willys Sport<\/td>\n<td width=\"256\">3.6L<\/td>\n<\/tr>\n<tr>\n<td width=\"138\">2023<\/td>\n<td width=\"168\">Ram<\/td>\n<td width=\"144\">1500<\/td>\n<td width=\"290\">Big Horn, Laramie, Limited Longhorn, Lone Star, Rebel, Tradesman<\/td>\n<td width=\"256\">3.6L<\/td>\n<\/tr>\n<tr>\n<td width=\"138\">2023<\/td>\n<td width=\"168\">Ram<\/td>\n<td width=\"144\">ProMaster 1500<\/td>\n<td width=\"290\">Base<\/td>\n<td width=\"256\">3.6L<\/td>\n<\/tr>\n<tr>\n<td width=\"138\">2023<\/td>\n<td width=\"168\">Ram<\/td>\n<td width=\"144\">ProMaster 2500<\/td>\n<td width=\"290\">Base<\/td>\n<td width=\"256\">3.6L<\/td>\n<\/tr>\n<tr>\n<td width=\"138\">2023<\/td>\n<td width=\"168\">Ram<\/td>\n<td width=\"144\">ProMaster 3500<\/td>\n<td width=\"290\">Base<\/td>\n<td width=\"256\">3.6L<\/td>\n<\/tr>\n<tr>\n<td width=\"138\">2022<\/td>\n<td width=\"168\">Chrysler<\/td>\n<td width=\"144\">Pacifica<\/td>\n<td width=\"290\">Hybrid Limited, Hybrid Pinnacle, Hybrid Touring L, Limited, Pinnacle, Touring, Touring L<\/td>\n<td width=\"256\">3.6L<\/td>\n<\/tr>\n<tr>\n<td width=\"138\">2022<\/td>\n<td width=\"168\">Chrysler<\/td>\n<td width=\"144\">Voyager<\/td>\n<td width=\"290\">LX<\/td>\n<td width=\"256\">3.6L<\/td>\n<\/tr>\n<tr>\n<td width=\"138\">2022<\/td>\n<td width=\"168\">Dodge<\/td>\n<td width=\"144\">Durango<\/td>\n<td width=\"290\">Citadela, GT, GT Plus, SXT<\/td>\n<td width=\"256\">3.6L<\/td>\n<\/tr>\n<tr>\n<td width=\"138\">2022<\/td>\n<td width=\"168\">Jeep<\/td>\n<td width=\"144\">Gladi\u00e1tor<\/td>\n<td width=\"290\">Altitude, High Altitude, Mojave, Overland, Rubicon, Sport, Sport S, Texas Trail, Willys, Willys Sport<\/td>\n<td width=\"256\">3.6L<\/td>\n<\/tr>\n<tr>\n<td width=\"138\">2022<\/td>\n<td width=\"168\">Jeep<\/td>\n<td width=\"144\">Grand Cherokee<\/td>\n<td width=\"290\">Altitude, Laredo, Limited, Overland, Summit, Summit Reserve, Trailhawk<\/td>\n<td width=\"256\">3.6L<\/td>\n<\/tr>\n<tr>\n<td width=\"138\">2022<\/td>\n<td width=\"168\">Jeep<\/td>\n<td width=\"144\">Grand Cherokee L<\/td>\n<td width=\"290\">Altitude, Laredo, Limited, Overland, Summit<\/td>\n<td width=\"256\">3.6L<\/td>\n<\/tr>\n<tr>\n<td width=\"138\">2022<\/td>\n<td width=\"168\">Jeep<\/td>\n<td width=\"144\">Grand Cherokee WK<\/td>\n<td width=\"290\">Laredo E, Laredo X, Limited<\/td>\n<td width=\"256\">3.6L<\/td>\n<\/tr>\n<tr>\n<td width=\"138\">2022<\/td>\n<td width=\"168\">Jeep<\/td>\n<td width=\"144\">Wrangler<\/td>\n<td width=\"290\">Rubicon, Sport, Sport S, Unlimited High Altitude, Unlimited Rubicon, Unlimited Sahara, Unlimited Sahara Altitude, Unlimited Sport, Unlimited Sport Altitude, Unlimited Sport S, Unlimited Willys, Unlimited Willys Sport, Willys, Willys Sport<\/td>\n<td width=\"256\">3.6L<\/td>\n<\/tr>\n<tr>\n<td width=\"138\">2022<\/td>\n<td width=\"168\">Ram<\/td>\n<td width=\"144\">1500<\/td>\n<td width=\"290\">Big Horn, Laramie, Limited Longhorn, Lone Star, Rebel, Tradesman<\/td>\n<td width=\"256\">3.6L<\/td>\n<\/tr>\n<tr>\n<td width=\"138\">2022<\/td>\n<td width=\"168\">Ram<\/td>\n<td width=\"144\">ProMaster 1500<\/td>\n<td width=\"290\">Base<\/td>\n<td width=\"256\">3.6L<\/td>\n<\/tr>\n<tr>\n<td width=\"138\">2022<\/td>\n<td width=\"168\">Ram<\/td>\n<td width=\"144\">ProMaster 2500<\/td>\n<td width=\"290\">Base<\/td>\n<td width=\"256\">3.6L<\/td>\n<\/tr>\n<tr>\n<td width=\"138\">2022<\/td>\n<td width=\"168\">Ram<\/td>\n<td width=\"144\">ProMaster 3500<\/td>\n<td width=\"290\">Base<\/td>\n<td width=\"256\">3.6L<\/td>\n<\/tr>\n<tr>\n<td width=\"138\">2021<\/td>\n<td width=\"168\">Chrysler<\/td>\n<td width=\"144\">Pacifica<\/td>\n<td width=\"290\">Hybrid Limited, Hybrid Pinnacle, Hybrid Touring, Hybrid Touring L, Limited, Pinnacle, Touring, Touring L<\/td>\n<td width=\"256\">3.6L<\/td>\n<\/tr>\n<tr>\n<td width=\"138\">2021<\/td>\n<td width=\"168\">Chrysler<\/td>\n<td width=\"144\">Voyager<\/td>\n<td width=\"290\">L, LX, LXi<\/td>\n<td width=\"256\">3.6L<\/td>\n<\/tr>\n<tr>\n<td width=\"138\">2021<\/td>\n<td width=\"168\">Dodge<\/td>\n<td width=\"144\">Durango<\/td>\n<td width=\"290\">Citadela, GT, GT Plus, Pursuit, SXT, SXT Plus<\/td>\n<td width=\"256\">3.6L<\/td>\n<\/tr>\n<tr>\n<td width=\"138\">2021<\/td>\n<td width=\"168\">Jeep<\/td>\n<td width=\"144\">Gladi\u00e1tor<\/td>\n<td width=\"290\">80. v\u00fdro\u010d\u00ed, High Altitude, Mojave, Overland, Rubicon, Sport, Sport S, Texas Trail, Willys, Willys Sport<\/td>\n<td width=\"256\">3.6L<\/td>\n<\/tr>\n<tr>\n<td width=\"138\">2021<\/td>\n<td width=\"168\">Jeep<\/td>\n<td width=\"144\">Grand Cherokee<\/td>\n<td width=\"290\">80. v\u00fdro\u010d\u00ed, High Altitude, Laredo E, Laredo X, Limited, Limited X, Overland, Summit, Trailhawk<\/td>\n<td width=\"256\">3.6L<\/td>\n<\/tr>\n<tr>\n<td width=\"138\">2021<\/td>\n<td width=\"168\">Jeep<\/td>\n<td width=\"144\">Grand Cherokee L<\/td>\n<td width=\"290\">Altitude, Laredo, Limited, Overland, Summit, Summit Reserve<\/td>\n<td width=\"256\">3.6L<\/td>\n<\/tr>\n<tr>\n<td width=\"138\">2021<\/td>\n<td width=\"168\">Jeep<\/td>\n<td width=\"144\">Wrangler<\/td>\n<td width=\"290\">80. v\u00fdro\u010d\u00ed, Freedom, Islander, Rubicon, Sport, Sport S, Unlimited 80th Anniversary, Unlimited Freedom, Unlimited High Altitude, Unlimited Islander, Unlimited Rubicon, Unlimited Sahara, Unlimited Sahara Altitude, Unlimited Sport, Unlimited Sport Altitude, Unlimited Sport S, Unlimited Willys, Unlimited Willys Sport, Willys, Willys Sport<\/td>\n<td width=\"256\">3.6L<\/td>\n<\/tr>\n<tr>\n<td width=\"138\">2021<\/td>\n<td width=\"168\">Ram<\/td>\n<td width=\"144\">1500<\/td>\n<td width=\"290\">Big Horn, HFE, Laramie, Limited Longhorn, Lone Star, Rebel, Tradesman<\/td>\n<td width=\"256\">3.6L<\/td>\n<\/tr>\n<tr>\n<td width=\"138\">2020<\/td>\n<td width=\"168\">Chrysler<\/td>\n<td width=\"144\">Pacifica<\/td>\n<td width=\"290\">Hybrid Limited, Hybrid Touring, Hybrid Touring L, Limited, Touring, Touring L, Touring L Plus<\/td>\n<td width=\"256\">3.6L<\/td>\n<\/tr>\n<tr>\n<td width=\"138\">2020<\/td>\n<td width=\"168\">Chrysler<\/td>\n<td width=\"144\">Voyager<\/td>\n<td width=\"290\">L, LX, LXi<\/td>\n<td width=\"256\">3.6L<\/td>\n<\/tr>\n<tr>\n<td width=\"138\">2020<\/td>\n<td width=\"168\">Dodge<\/td>\n<td width=\"144\">Durango<\/td>\n<td width=\"290\">Citadela, GT, GT Plus, Pursuit, SXT, SXT Plus, Special Service<\/td>\n<td width=\"256\">3.6L<\/td>\n<\/tr>\n<tr>\n<td width=\"138\">2020<\/td>\n<td width=\"168\">Jeep<\/td>\n<td width=\"144\">Gladi\u00e1tor<\/td>\n<td width=\"290\">Altitude, Launch Edition, Mojave, Overland, Rubicon, Sport, Sport S<\/td>\n<td width=\"256\">3.6L<\/td>\n<\/tr>\n<tr>\n<td width=\"138\">2020<\/td>\n<td width=\"168\">Jeep<\/td>\n<td width=\"144\">Grand Cherokee<\/td>\n<td width=\"290\">Altitude, High Altitude, Laredo, Limited, Limited X, Overland, Summit, Trailhawk, Upland<\/td>\n<td width=\"256\">3.6L<\/td>\n<\/tr>\n<tr>\n<td width=\"138\">2020<\/td>\n<td width=\"168\">Jeep<\/td>\n<td width=\"144\">Wrangler<\/td>\n<td width=\"290\">Rubicon, Sport, Sport S, Unlimited Rubicon, Unlimited Sahara, Unlimited Sport, Unlimited Sport S<\/td>\n<td width=\"256\">3.6L<\/td>\n<\/tr>\n<tr>\n<td width=\"138\">2020<\/td>\n<td width=\"168\">Ram<\/td>\n<td width=\"144\">1500<\/td>\n<td width=\"290\">Big Horn, Laramie, Laramie Longhorn, Limited, Lone Star, Rebel, Tradesman<\/td>\n<td width=\"256\">3.6L<\/td>\n<\/tr>\n<tr>\n<td width=\"138\">2019<\/td>\n<td width=\"168\">Chrysler<\/td>\n<td width=\"144\">Pacifica<\/td>\n<td width=\"290\">Hybrid Limited, Hybrid Touring L, Hybrid Touring Plus, L, LX, Limited, Touring, Touring L, Touring L Plus, Touring Plus<\/td>\n<td width=\"256\">3.6L<\/td>\n<\/tr>\n<tr>\n<td width=\"138\">2019<\/td>\n<td width=\"168\">Dodge<\/td>\n<td width=\"144\">Durango<\/td>\n<td width=\"290\">Citadela, GT, Pursuit, SXT, SXT Plus, Special Service<\/td>\n<td width=\"256\">3.6L<\/td>\n<\/tr>\n<tr>\n<td width=\"138\">2019<\/td>\n<td width=\"168\">Jeep<\/td>\n<td width=\"144\">Grand Cherokee<\/td>\n<td width=\"290\">Altitude, High Altitude, Laredo, Limited, Limited X, Overland, Summit, Trailhawk, Upland<\/td>\n<td width=\"256\">3.6L<\/td>\n<\/tr>\n<tr>\n<td width=\"138\">2019<\/td>\n<td width=\"168\">Jeep<\/td>\n<td width=\"144\">Wrangler<\/td>\n<td width=\"290\">Rubicon, Sport, Sport S, Unlimited Moab, Unlimited Rubicon, Unlimited Sahara, Unlimited Sport, Unlimited Sport S<\/td>\n<td width=\"256\">3.6L<\/td>\n<\/tr>\n<tr>\n<td width=\"138\">2019<\/td>\n<td width=\"168\">Ram<\/td>\n<td width=\"144\">1500<\/td>\n<td width=\"290\">Big Horn, Laramie, Laramie Longhorn, Limited, Lone Star, Rebel, Tradesman<\/td>\n<td width=\"256\">3.6L<\/td>\n<\/tr>\n<tr>\n<td width=\"138\">2018<\/td>\n<td width=\"168\">Chrysler<\/td>\n<td width=\"144\">Pacifica<\/td>\n<td width=\"290\">Hybrid Limited, Hybrid Touring L, Hybrid Touring Plus, L, LX, Limited, Touring, Touring L, Touring L Plus, Touring Plus<\/td>\n<td width=\"256\">3.6L<\/td>\n<\/tr>\n<tr>\n<td width=\"138\">2018<\/td>\n<td width=\"168\">Dodge<\/td>\n<td width=\"144\">Durango<\/td>\n<td width=\"290\">Citadela, GT, SXT, SXT Plus, Special Service<\/td>\n<td width=\"256\">3.6L<\/td>\n<\/tr>\n<tr>\n<td width=\"138\">2018<\/td>\n<td width=\"168\">Jeep<\/td>\n<td width=\"144\">Grand Cherokee<\/td>\n<td width=\"290\">Altitude, High Altitude, Laredo, Limited, Overland, Summit, Trailhawk<\/td>\n<td width=\"256\">3.6L<\/td>\n<\/tr>\n<tr>\n<td width=\"138\">2018<\/td>\n<td width=\"168\">Jeep<\/td>\n<td width=\"144\">Wrangler<\/td>\n<td width=\"290\">Rubicon, Sport, Sport S, Unlimited Moab, Unlimited Rubicon, Unlimited Sahara, Unlimited Sport, Unlimited Sport S<\/td>\n<td width=\"256\">3.6L<\/td>\n<\/tr>\n<tr>\n<td width=\"138\">2017<\/td>\n<td width=\"168\">Chrysler<\/td>\n<td width=\"144\">Pacifica<\/td>\n<td width=\"290\">Hybrid Platinum, Hybrid Premium, LX, Limited, Touring, Touring L, Touring L Plus<\/td>\n<td width=\"256\">3.6L<\/td>\n<\/tr>\n<tr>\n<td width=\"138\">2017<\/td>\n<td width=\"168\">Dodge<\/td>\n<td width=\"144\">Durango<\/td>\n<td width=\"290\">Citadel, GT, SXT, Special Service<\/td>\n<td width=\"256\">3.6L<\/td>\n<\/tr>\n<tr>\n<td width=\"138\">2017<\/td>\n<td width=\"168\">Jeep<\/td>\n<td width=\"144\">Grand Cherokee<\/td>\n<td width=\"290\">Laredo, Limited, Overland, Summit, Trailhawk<\/td>\n<td width=\"256\">3.6L<\/td>\n<\/tr>\n<tr>\n<td width=\"138\">2016<\/td>\n<td width=\"168\">Dodge<\/td>\n<td width=\"144\">Durango<\/td>\n<td width=\"290\">Citadel, Limited, SXT, Special Service<\/td>\n<td width=\"256\">3.6L<\/td>\n<\/tr>\n<tr>\n<td width=\"138\">2016<\/td>\n<td width=\"168\">Jeep<\/td>\n<td width=\"144\">Grand Cherokee<\/td>\n<td width=\"290\">75. v\u00fdro\u010d\u00ed, Laredo, Limited, Overland, Summit<\/td>\n<td width=\"256\">3.6L<\/td>\n<\/tr>\n<\/tbody>\n<\/table>\n<p>&nbsp;<\/p>\n<p><strong>Rozsah dod\u00e1vky:<br \/>\n<\/strong><\/p>\n<ul>\n<li>6 zapalovac\u00edch sv\u00ed\u010dek<\/li>\n<\/ul>\n<p>&nbsp;<\/p>","protected":false},"excerpt":{"rendered":"<p>Origin\u00e1ln\u00ed d\u00edl Mopar<\/p>","protected":false},"featured_media":68357956,"comment_status":"open","ping_status":"closed","template":"","meta":{"_acf_changed":false},"product_brand":[16270],"product_cat":[19668,7338,19825,7378,7387,7423,19683],"product_tag":[475,4420,169,52,21027,21026,4417,167,54,53,48,49,3853,3854,95,2217,56,4419,50,4425,678,31,8813,9424,16271,16273,16275,16272,16274,7221,34,127,170,86,6414,6415,6416,21028,21025,4421,198,175,1073],"class_list":{"0":"post-68357959","1":"product","2":"type-product","3":"status-publish","4":"has-post-thumbnail","6":"product_brand-mopar","7":"product_cat-pacifica-zuendung","8":"product_cat-durango-36-zuendung","9":"product_cat-journey-wartung","10":"product_cat-gladiator-36-zuendung","11":"product_cat-grand-cherokee-36-zuendung","12":"product_cat-wrangler-36-zuendung","13":"product_cat-1500-36-dt-zuendung","14":"product_tag-475","15":"product_tag-4420","16":"product_tag-3-6","17":"product_tag-300c","18":"product_tag-68225755aa","19":"product_tag-68225755ab","20":"product_tag-4417","21":"product_tag-avenger","22":"product_tag-challenger","23":"product_tag-charger","24":"product_tag-chrysler","25":"product_tag-dodge","26":"product_tag-dodge-challenger","27":"product_tag-dodge-charger","28":"product_tag-durango","29":"product_tag-gladiator","30":"product_tag-grand-cherokee","31":"product_tag-iridium","32":"product_tag-jeep","33":"product_tag-jeep-grand-cherokee","34":"product_tag-journey","35":"product_tag-mopar","36":"product_tag-mopar-autoteile","37":"product_tag-mopar-ersatzteile","38":"product_tag-mopar-ersatzteile-kaufen","39":"product_tag-mopar-performance-teile","40":"product_tag-mopar-teile-katalog","41":"product_tag-mopar-teile-online","42":"product_tag-mopar-tuningteile","43":"product_tag-mopar10","44":"product_tag-original","45":"product_tag-pacifica","46":"product_tag-pentastar","47":"product_tag-ram","48":"product_tag-sp149125ad","49":"product_tag-sp149125ae","50":"product_tag-sp149125af","51":"product_tag-sp225755aa","52":"product_tag-sp225755ab","53":"product_tag-town-country","54":"product_tag-v6","55":"product_tag-wrangler","56":"product_tag-zuendkerzen","58":"first","59":"instock","60":"taxable","61":"shipping-taxable","62":"purchasable","63":"product-type-simple"},"bundled_by":[],"bundle_stock_status":"instock","bundle_stock_quantity":4,"bundle_virtual":false,"bundle_layout":"","bundle_add_to_cart_form_location":"","bundle_editable_in_cart":false,"bundle_sold_individually_context":"","bundle_item_grouping":"","bundle_min_size":"","bundle_max_size":"","bundle_price":[],"bundled_items":[],"bundle_sell_ids":[],"exclude_global_add_ons":[],"addons":[],"acf":[],"_links":{"self":[{"href":"https:\/\/kraftwerk-shop.cc\/cs\/wp-json\/wp\/v2\/product\/68357959","targetHints":{"allow":["GET"]}}],"collection":[{"href":"https:\/\/kraftwerk-shop.cc\/cs\/wp-json\/wp\/v2\/product"}],"about":[{"href":"https:\/\/kraftwerk-shop.cc\/cs\/wp-json\/wp\/v2\/types\/product"}],"replies":[{"embeddable":true,"href":"https:\/\/kraftwerk-shop.cc\/cs\/wp-json\/wp\/v2\/comments?post=68357959"}],"version-history":[{"count":0,"href":"https:\/\/kraftwerk-shop.cc\/cs\/wp-json\/wp\/v2\/product\/68357959\/revisions"}],"wp:featuredmedia":[{"embeddable":true,"href":"https:\/\/kraftwerk-shop.cc\/cs\/wp-json\/wp\/v2\/media\/68357956"}],"wp:attachment":[{"href":"https:\/\/kraftwerk-shop.cc\/cs\/wp-json\/wp\/v2\/media?parent=68357959"}],"wp:term":[{"taxonomy":"product_brand","embeddable":true,"href":"https:\/\/kraftwerk-shop.cc\/cs\/wp-json\/wp\/v2\/product_brand?post=68357959"},{"taxonomy":"product_cat","embeddable":true,"href":"https:\/\/kraftwerk-shop.cc\/cs\/wp-json\/wp\/v2\/product_cat?post=68357959"},{"taxonomy":"product_tag","embeddable":true,"href":"https:\/\/kraftwerk-shop.cc\/cs\/wp-json\/wp\/v2\/product_tag?post=68357959"}],"curies":[{"name":"wp","href":"https:\/\/api.w.org\/{rel}","templated":true}]}}